{"id":9839,"date":"2023-09-04T09:13:07","date_gmt":"2023-09-04T07:13:07","guid":{"rendered":"https:\/\/labarraca1912.es\/?post_type=product&#038;p=9839"},"modified":"2026-04-21T23:46:49","modified_gmt":"2026-04-21T21:46:49","slug":"piramite-20-menta-con-hierbabuena","status":"publish","type":"product","link":"https:\/\/labarraca1912.es\/fr\/tienda\/infusiones\/piramite-20-menta-con-hierbabuena\/","title":{"rendered":"PiramiT\u00e9 20 Menthe Poivr\u00e9e \/ Menthe Verte"},"content":{"rendered":"<p>PIRAMIT\u00c9 20 &#8211; MENTA CON HIERBABUENA: Sabor y aroma natural en una exclusiva colecci\u00f3n de infusiones, envasadas en bolsitas piramidales para que disfrutes sorbo a sorbo del aut\u00e9ntico sabor de las infusiones de La Barraca. Una gama de infusiones como nunca la hab\u00edas visto.<\/p>\n<p><strong>Menthe Poivr\u00e9e \/ Menthe Verte:<\/strong> Menthe \u00e0 la Menthe Poivr\u00e9e est une infusion au go\u00fbt caract\u00e9ristique, avec une touche fra\u00eeche, avec un ar\u00f4me de menthe incomparable. Il peut \u00eatre utilis\u00e9 sous forme de th\u00e9, avec de l'eau chaude ou du lait, mais aussi dans des boissons froides ou associ\u00e9 \u00e0 des fruits.<\/p>\n<p>&nbsp;<\/p>","protected":false},"excerpt":{"rendered":"<blockquote>\n<h2><strong>PiramiT\u00e9 20<\/strong> Menthe Poivr\u00e9e \/ Menthe Verte<\/h2>\n<\/blockquote>\n<p>Saveur et ar\u00f4me naturels dans une collection exclusive d'infusions, conditionn\u00e9es dans des sachets pyramidaux pour que vous puissiez profiter gorg\u00e9e par gorg\u00e9e de la saveur authentique des infusions La Barraca. Une gamme d'infusions comme vous n'en avez jamais vue auparavant. Menthe \u00e0 la Menthe Poivr\u00e9e est une infusion au go\u00fbt caract\u00e9ristique, avec une touche fra\u00eeche, avec un ar\u00f4me de menthe incomparable. Il peut \u00eatre utilis\u00e9 sous forme de th\u00e9, avec de l'eau chaude ou du lait, mais aussi dans des boissons froides ou associ\u00e9 \u00e0 des fruits.<\/p>\n<p><em><strong>Ingr\u00e9dients:<\/strong><\/em> Menthe poivr\u00e9e (80%) et menthe poivr\u00e9e (20%).<\/p>","protected":false},"featured_media":7316,"comment_status":"open","ping_status":"closed","template":"","meta":{"_et_pb_use_builder":"","_et_pb_old_content":"","_et_gb_content_width":""},"product_brand":[],"product_cat":[20],"product_tag":[42,277,52,65,53],"class_list":{"0":"post-9839","1":"product","2":"type-product","3":"status-publish","4":"has-post-thumbnail","6":"product_cat-infusiones","7":"product_tag-edulcorante","8":"product_tag-hierbabuena","9":"product_tag-infusiones","10":"product_tag-menta","11":"product_tag-te","13":"first","14":"instock","15":"taxable","16":"shipping-taxable","17":"purchasable","18":"product-type-simple"},"yoast_head":"<!-- This site is optimized with the Yoast SEO plugin v27.5 - https:\/\/yoast.com\/product\/yoast-seo-wordpress\/ -->\n<title>Comprar PiramiT\u00e9 Menta con Hierbabuena | La Barraca<\/title>\n<meta name=\"description\" content=\"Infusi\u00f3n PiramiT\u00e9 Menta con Hierbabuena en bolsitas piramidales. Sabor fresco y aroma intenso, perfecta para preparar t\u00e9 caliente o bebidas fr\u00edas con frutas.\" \/>\n<meta name=\"robots\" content=\"index, follow, max-snippet:-1, max-image-preview:large, max-video-preview:-1\" \/>\n<link rel=\"canonical\" href=\"https:\/\/labarraca1912.es\/fr\/tienda\/infusiones\/piramite-20-menta-con-hierbabuena\/\" \/>\n<meta property=\"og:locale\" content=\"fr_FR\" \/>\n<meta property=\"og:type\" content=\"article\" \/>\n<meta property=\"og:title\" content=\"Comprar PiramiT\u00e9 Menta con Hierbabuena | La Barraca\" \/>\n<meta property=\"og:description\" content=\"Infusi\u00f3n PiramiT\u00e9 Menta con Hierbabuena en bolsitas piramidales. Sabor fresco y aroma intenso, perfecta para preparar t\u00e9 caliente o bebidas fr\u00edas con frutas.\" \/>\n<meta property=\"og:url\" content=\"https:\/\/labarraca1912.es\/fr\/tienda\/infusiones\/piramite-20-menta-con-hierbabuena\/\" \/>\n<meta property=\"og:site_name\" content=\"La Barraca\" \/>\n<meta property=\"article:modified_time\" content=\"2026-04-21T21:46:49+00:00\" \/>\n<meta property=\"og:image\" content=\"https:\/\/labarraca1912.es\/wp-content\/uploads\/2021\/11\/PiramiTe-20-Menta-con-Hierbabuena-scaled.jpg\" \/>\n\t<meta property=\"og:image:width\" content=\"1920\" \/>\n\t<meta property=\"og:image:height\" content=\"2560\" \/>\n\t<meta property=\"og:image:type\" content=\"image\/jpeg\" \/>\n<meta name=\"twitter:card\" content=\"summary_large_image\" \/>\n<meta name=\"twitter:label1\" content=\"Dur\u00e9e de lecture estim\u00e9e\" \/>\n\t<meta name=\"twitter:data1\" content=\"1 minute\" \/>\n<script type=\"application\/ld+json\" class=\"yoast-schema-graph\">{\"@context\":\"https:\\\/\\\/schema.org\",\"@graph\":[{\"@type\":\"WebPage\",\"@id\":\"https:\\\/\\\/labarraca1912.es\\\/tienda\\\/infusiones\\\/piramite-20-menta-con-hierbabuena\\\/\",\"url\":\"https:\\\/\\\/labarraca1912.es\\\/tienda\\\/infusiones\\\/piramite-20-menta-con-hierbabuena\\\/\",\"name\":\"Comprar PiramiT\u00e9 Menta con Hierbabuena | La Barraca\",\"isPartOf\":{\"@id\":\"https:\\\/\\\/labarraca1912.es\\\/#website\"},\"primaryImageOfPage\":{\"@id\":\"https:\\\/\\\/labarraca1912.es\\\/tienda\\\/infusiones\\\/piramite-20-menta-con-hierbabuena\\\/#primaryimage\"},\"image\":{\"@id\":\"https:\\\/\\\/labarraca1912.es\\\/tienda\\\/infusiones\\\/piramite-20-menta-con-hierbabuena\\\/#primaryimage\"},\"thumbnailUrl\":\"https:\\\/\\\/labarraca1912.es\\\/wp-content\\\/uploads\\\/2021\\\/11\\\/PiramiTe-20-Menta-con-Hierbabuena-scaled.jpg\",\"datePublished\":\"2023-09-04T07:13:07+00:00\",\"dateModified\":\"2026-04-21T21:46:49+00:00\",\"description\":\"Infusi\u00f3n PiramiT\u00e9 Menta con Hierbabuena en bolsitas piramidales. Sabor fresco y aroma intenso, perfecta para preparar t\u00e9 caliente o bebidas fr\u00edas con frutas.\",\"breadcrumb\":{\"@id\":\"https:\\\/\\\/labarraca1912.es\\\/tienda\\\/infusiones\\\/piramite-20-menta-con-hierbabuena\\\/#breadcrumb\"},\"inLanguage\":\"fr-FR\",\"potentialAction\":[{\"@type\":\"ReadAction\",\"target\":[\"https:\\\/\\\/labarraca1912.es\\\/tienda\\\/infusiones\\\/piramite-20-menta-con-hierbabuena\\\/\"]}]},{\"@type\":\"ImageObject\",\"inLanguage\":\"fr-FR\",\"@id\":\"https:\\\/\\\/labarraca1912.es\\\/tienda\\\/infusiones\\\/piramite-20-menta-con-hierbabuena\\\/#primaryimage\",\"url\":\"https:\\\/\\\/labarraca1912.es\\\/wp-content\\\/uploads\\\/2021\\\/11\\\/PiramiTe-20-Menta-con-Hierbabuena-scaled.jpg\",\"contentUrl\":\"https:\\\/\\\/labarraca1912.es\\\/wp-content\\\/uploads\\\/2021\\\/11\\\/PiramiTe-20-Menta-con-Hierbabuena-scaled.jpg\",\"width\":1920,\"height\":2560},{\"@type\":\"BreadcrumbList\",\"@id\":\"https:\\\/\\\/labarraca1912.es\\\/tienda\\\/infusiones\\\/piramite-20-menta-con-hierbabuena\\\/#breadcrumb\",\"itemListElement\":[{\"@type\":\"ListItem\",\"position\":1,\"name\":\"La Barraca\",\"item\":\"https:\\\/\\\/labarraca1912.es\\\/\"},{\"@type\":\"ListItem\",\"position\":2,\"name\":\"Tienda\",\"item\":\"https:\\\/\\\/labarraca1912.es\\\/tienda\\\/\"},{\"@type\":\"ListItem\",\"position\":3,\"name\":\"PiramiT\u00e9 20 Menta con Hierbabuena\"}]},{\"@type\":\"WebSite\",\"@id\":\"https:\\\/\\\/labarraca1912.es\\\/#website\",\"url\":\"https:\\\/\\\/labarraca1912.es\\\/\",\"name\":\"La Barraca\",\"description\":\"La Casa del Sabor\",\"publisher\":{\"@id\":\"https:\\\/\\\/labarraca1912.es\\\/#organization\"},\"potentialAction\":[{\"@type\":\"SearchAction\",\"target\":{\"@type\":\"EntryPoint\",\"urlTemplate\":\"https:\\\/\\\/labarraca1912.es\\\/?s={search_term_string}\"},\"query-input\":{\"@type\":\"PropertyValueSpecification\",\"valueRequired\":true,\"valueName\":\"search_term_string\"}}],\"inLanguage\":\"fr-FR\"},{\"@type\":\"Organization\",\"@id\":\"https:\\\/\\\/labarraca1912.es\\\/#organization\",\"name\":\"La Barraca 1912 Alimentacion\",\"url\":\"https:\\\/\\\/labarraca1912.es\\\/\",\"logo\":{\"@type\":\"ImageObject\",\"inLanguage\":\"fr-FR\",\"@id\":\"https:\\\/\\\/labarraca1912.es\\\/#\\\/schema\\\/logo\\\/image\\\/\",\"url\":\"https:\\\/\\\/labarraca1912.es\\\/wp-content\\\/uploads\\\/2019\\\/06\\\/logo-labarraca.png\",\"contentUrl\":\"https:\\\/\\\/labarraca1912.es\\\/wp-content\\\/uploads\\\/2019\\\/06\\\/logo-labarraca.png\",\"width\":2917,\"height\":1809,\"caption\":\"La Barraca 1912 Alimentacion\"},\"image\":{\"@id\":\"https:\\\/\\\/labarraca1912.es\\\/#\\\/schema\\\/logo\\\/image\\\/\"}}]}<\/script>\n<!-- \/ Yoast SEO plugin. -->","yoast_head_json":{"title":"Comprar PiramiT\u00e9 Menta con Hierbabuena | La Barraca","description":"Infusi\u00f3n PiramiT\u00e9 Menta con Hierbabuena en bolsitas piramidales. Sabor fresco y aroma intenso, perfecta para preparar t\u00e9 caliente o bebidas fr\u00edas con frutas.","robots":{"index":"index","follow":"follow","max-snippet":"max-snippet:-1","max-image-preview":"max-image-preview:large","max-video-preview":"max-video-preview:-1"},"canonical":"https:\/\/labarraca1912.es\/fr\/tienda\/infusiones\/piramite-20-menta-con-hierbabuena\/","og_locale":"fr_FR","og_type":"article","og_title":"Comprar PiramiT\u00e9 Menta con Hierbabuena | La Barraca","og_description":"Infusi\u00f3n PiramiT\u00e9 Menta con Hierbabuena en bolsitas piramidales. Sabor fresco y aroma intenso, perfecta para preparar t\u00e9 caliente o bebidas fr\u00edas con frutas.","og_url":"https:\/\/labarraca1912.es\/fr\/tienda\/infusiones\/piramite-20-menta-con-hierbabuena\/","og_site_name":"La Barraca","article_modified_time":"2026-04-21T21:46:49+00:00","og_image":[{"width":1920,"height":2560,"url":"https:\/\/labarraca1912.es\/wp-content\/uploads\/2021\/11\/PiramiTe-20-Menta-con-Hierbabuena-scaled.jpg","type":"image\/jpeg"}],"twitter_card":"summary_large_image","twitter_misc":{"Dur\u00e9e de lecture estim\u00e9e":"1 minute"},"schema":{"@context":"https:\/\/schema.org","@graph":[{"@type":"WebPage","@id":"https:\/\/labarraca1912.es\/tienda\/infusiones\/piramite-20-menta-con-hierbabuena\/","url":"https:\/\/labarraca1912.es\/tienda\/infusiones\/piramite-20-menta-con-hierbabuena\/","name":"Comprar PiramiT\u00e9 Menta con Hierbabuena | La Barraca","isPartOf":{"@id":"https:\/\/labarraca1912.es\/#website"},"primaryImageOfPage":{"@id":"https:\/\/labarraca1912.es\/tienda\/infusiones\/piramite-20-menta-con-hierbabuena\/#primaryimage"},"image":{"@id":"https:\/\/labarraca1912.es\/tienda\/infusiones\/piramite-20-menta-con-hierbabuena\/#primaryimage"},"thumbnailUrl":"https:\/\/labarraca1912.es\/wp-content\/uploads\/2021\/11\/PiramiTe-20-Menta-con-Hierbabuena-scaled.jpg","datePublished":"2023-09-04T07:13:07+00:00","dateModified":"2026-04-21T21:46:49+00:00","description":"Infusi\u00f3n PiramiT\u00e9 Menta con Hierbabuena en bolsitas piramidales. Sabor fresco y aroma intenso, perfecta para preparar t\u00e9 caliente o bebidas fr\u00edas con frutas.","breadcrumb":{"@id":"https:\/\/labarraca1912.es\/tienda\/infusiones\/piramite-20-menta-con-hierbabuena\/#breadcrumb"},"inLanguage":"fr-FR","potentialAction":[{"@type":"ReadAction","target":["https:\/\/labarraca1912.es\/tienda\/infusiones\/piramite-20-menta-con-hierbabuena\/"]}]},{"@type":"ImageObject","inLanguage":"fr-FR","@id":"https:\/\/labarraca1912.es\/tienda\/infusiones\/piramite-20-menta-con-hierbabuena\/#primaryimage","url":"https:\/\/labarraca1912.es\/wp-content\/uploads\/2021\/11\/PiramiTe-20-Menta-con-Hierbabuena-scaled.jpg","contentUrl":"https:\/\/labarraca1912.es\/wp-content\/uploads\/2021\/11\/PiramiTe-20-Menta-con-Hierbabuena-scaled.jpg","width":1920,"height":2560},{"@type":"BreadcrumbList","@id":"https:\/\/labarraca1912.es\/tienda\/infusiones\/piramite-20-menta-con-hierbabuena\/#breadcrumb","itemListElement":[{"@type":"ListItem","position":1,"name":"La Barraca","item":"https:\/\/labarraca1912.es\/"},{"@type":"ListItem","position":2,"name":"Tienda","item":"https:\/\/labarraca1912.es\/tienda\/"},{"@type":"ListItem","position":3,"name":"PiramiT\u00e9 20 Menta con Hierbabuena"}]},{"@type":"WebSite","@id":"https:\/\/labarraca1912.es\/#website","url":"https:\/\/labarraca1912.es\/","name":"La Barraca","description":"La Casa del Sabor","publisher":{"@id":"https:\/\/labarraca1912.es\/#organization"},"potentialAction":[{"@type":"SearchAction","target":{"@type":"EntryPoint","urlTemplate":"https:\/\/labarraca1912.es\/?s={search_term_string}"},"query-input":{"@type":"PropertyValueSpecification","valueRequired":true,"valueName":"search_term_string"}}],"inLanguage":"fr-FR"},{"@type":"Organization","@id":"https:\/\/labarraca1912.es\/#organization","name":"La Barraca 1912 Alimentacion","url":"https:\/\/labarraca1912.es\/","logo":{"@type":"ImageObject","inLanguage":"fr-FR","@id":"https:\/\/labarraca1912.es\/#\/schema\/logo\/image\/","url":"https:\/\/labarraca1912.es\/wp-content\/uploads\/2019\/06\/logo-labarraca.png","contentUrl":"https:\/\/labarraca1912.es\/wp-content\/uploads\/2019\/06\/logo-labarraca.png","width":2917,"height":1809,"caption":"La Barraca 1912 Alimentacion"},"image":{"@id":"https:\/\/labarraca1912.es\/#\/schema\/logo\/image\/"}}]}},"_links":{"self":[{"href":"https:\/\/labarraca1912.es\/fr\/wp-json\/wp\/v2\/product\/9839","targetHints":{"allow":["GET"]}}],"collection":[{"href":"https:\/\/labarraca1912.es\/fr\/wp-json\/wp\/v2\/product"}],"about":[{"href":"https:\/\/labarraca1912.es\/fr\/wp-json\/wp\/v2\/types\/product"}],"replies":[{"embeddable":true,"href":"https:\/\/labarraca1912.es\/fr\/wp-json\/wp\/v2\/comments?post=9839"}],"wp:featuredmedia":[{"embeddable":true,"href":"https:\/\/labarraca1912.es\/fr\/wp-json\/wp\/v2\/media\/7316"}],"wp:attachment":[{"href":"https:\/\/labarraca1912.es\/fr\/wp-json\/wp\/v2\/media?parent=9839"}],"wp:term":[{"taxonomy":"product_brand","embeddable":true,"href":"https:\/\/labarraca1912.es\/fr\/wp-json\/wp\/v2\/product_brand?post=9839"},{"taxonomy":"product_cat","embeddable":true,"href":"https:\/\/labarraca1912.es\/fr\/wp-json\/wp\/v2\/product_cat?post=9839"},{"taxonomy":"product_tag","embeddable":true,"href":"https:\/\/labarraca1912.es\/fr\/wp-json\/wp\/v2\/product_tag?post=9839"}],"curies":[{"name":"wp","href":"https:\/\/api.w.org\/{rel}","templated":true}]}}