{"id":10203,"date":"2023-12-11T09:06:14","date_gmt":"2023-12-11T08:06:14","guid":{"rendered":"https:\/\/labarraca1912.es\/?post_type=product&#038;p=10203"},"modified":"2026-03-22T09:52:25","modified_gmt":"2026-03-22T08:52:25","slug":"set-2-molinillos-c","status":"publish","type":"product","link":"https:\/\/labarraca1912.es\/pt\/tienda\/molinillos\/set-2-molinillos-c\/","title":{"rendered":"Set 2 Moinhos XL Sal Marinho e Sal Rosa dos Himalaias"},"content":{"rendered":"<p>SET 2 MOINHOS XL: Set composto por 2 Moinhos XL, este \u00e9 um pack de oferta que inclui 2 tipos de Moinhos XL de sabores diferentes, desta forma as especiarias t\u00eam um aroma e sabor mais fresco pois s\u00e3o mo\u00eddas na hora antes de as adicionar ao seu prato<\/p>\n<p><strong>Sal Rosa dos Himalaias:<\/strong>\u00a0Sal mineral rosa, formado por cristais e geralmente extra\u00eddo das montanhas do Paquist\u00e3o. \u00c9 um sal rico em m\u00faltiplos minerais.\u00c9 utilizado em qualquer prato que se pretenda dar um toque salgado.<\/p>\n<p><strong>Sal Marinho:<\/strong> Sal marinho-gema, que quando mo\u00eddo salga os pratos em que \u00e9 incorporado. \u00c9 utilizado em qualquer prato que se pretenda dar um toque salgado.\u00c9 utilizado em qualquer prato que se pretenda dar um toque salgado.<\/p>","protected":false},"excerpt":{"rendered":"<blockquote>\n<h2><strong>SET 2 Moinhos XL<\/strong> Sal Marinho &amp; Sal Rosa dos Himalaias<\/h2>\n<\/blockquote>\n<p>Set composto por 2 Moinhos XL, este \u00e9 um pack de oferta que inclui 2 tipos de Moinhos XL de sabores diferentes, desta forma as especiarias t\u00eam um aroma e sabor mais fresco pois s\u00e3o mo\u00eddas na hora antes de as adicionar ao seu prato<\/p>\n<p><strong><em>SET COMPOSTO POR:<\/em><\/strong><\/p>\n<ul>\n<li><strong>Sal Rosa dos Himalaias 390g <\/strong>\n<ul>\n<li><em><strong>Ingredientes:<\/strong><\/em> Sal rosa dos himalaias (sal gema).<\/li>\n<\/ul>\n<\/li>\n<li><strong>Sal Marinho 350g<\/strong>\n<ul>\n<li><em><strong>Ingredientes:<\/strong><\/em> Sal marinha.<\/li>\n<\/ul>\n<\/li>\n<\/ul>","protected":false},"featured_media":10200,"comment_status":"open","ping_status":"closed","template":"","meta":{"_et_pb_use_builder":"","_et_pb_old_content":"","_et_gb_content_width":""},"product_brand":[],"product_cat":[215,164],"product_tag":[158,66,50,69,79],"class_list":{"0":"post-10203","1":"product","2":"type-product","3":"status-publish","4":"has-post-thumbnail","6":"product_cat-packs-regalo","7":"product_cat-molinillos","8":"product_tag-himalaya","9":"product_tag-molinillos","10":"product_tag-pimienta","11":"product_tag-pimientas","12":"product_tag-sal","14":"first","15":"instock","16":"taxable","17":"shipping-taxable","18":"purchasable","19":"product-type-simple"},"yoast_head":"<!-- This site is optimized with the Yoast SEO plugin v27.4 - https:\/\/yoast.com\/product\/yoast-seo-wordpress\/ -->\n<title>Comprar Molinillos XL Sal Marina &amp; Sal Rosa del Himalaya<\/title>\n<meta name=\"description\" content=\"Potencia tus recetas al comprar el Set 2 Molinillos XL con sal marina y sal rosa del Himalaya, ideal para sazonar con un toque mineral y natural reci\u00e9n molido.\" \/>\n<meta name=\"robots\" content=\"index, follow, max-snippet:-1, max-image-preview:large, max-video-preview:-1\" \/>\n<link rel=\"canonical\" href=\"https:\/\/labarraca1912.es\/pt\/tienda\/molinillos\/set-2-molinillos-c\/\" \/>\n<meta property=\"og:locale\" content=\"pt_PT\" \/>\n<meta property=\"og:type\" content=\"article\" \/>\n<meta property=\"og:title\" content=\"Comprar Molinillos XL Sal Marina &amp; Sal Rosa del Himalaya\" \/>\n<meta property=\"og:description\" content=\"Potencia tus recetas al comprar el Set 2 Molinillos XL con sal marina y sal rosa del Himalaya, ideal para sazonar con un toque mineral y natural reci\u00e9n molido.\" \/>\n<meta property=\"og:url\" content=\"https:\/\/labarraca1912.es\/pt\/tienda\/molinillos\/set-2-molinillos-c\/\" \/>\n<meta property=\"og:site_name\" content=\"La Barraca\" \/>\n<meta property=\"article:modified_time\" content=\"2026-03-22T08:52:25+00:00\" \/>\n<meta property=\"og:image\" content=\"https:\/\/labarraca1912.es\/wp-content\/uploads\/set2molinillosrsales.jpg\" \/>\n\t<meta property=\"og:image:width\" content=\"800\" \/>\n\t<meta property=\"og:image:height\" content=\"800\" \/>\n\t<meta property=\"og:image:type\" content=\"image\/jpeg\" \/>\n<meta name=\"twitter:card\" content=\"summary_large_image\" \/>\n<meta name=\"twitter:label1\" content=\"Tempo estimado de leitura\" \/>\n\t<meta name=\"twitter:data1\" content=\"1 minuto\" \/>\n<script type=\"application\/ld+json\" class=\"yoast-schema-graph\">{\"@context\":\"https:\\\/\\\/schema.org\",\"@graph\":[{\"@type\":\"WebPage\",\"@id\":\"https:\\\/\\\/labarraca1912.es\\\/tienda\\\/molinillos\\\/set-2-molinillos-c\\\/\",\"url\":\"https:\\\/\\\/labarraca1912.es\\\/tienda\\\/molinillos\\\/set-2-molinillos-c\\\/\",\"name\":\"Comprar Molinillos XL Sal Marina & Sal Rosa del Himalaya\",\"isPartOf\":{\"@id\":\"https:\\\/\\\/labarraca1912.es\\\/#website\"},\"primaryImageOfPage\":{\"@id\":\"https:\\\/\\\/labarraca1912.es\\\/tienda\\\/molinillos\\\/set-2-molinillos-c\\\/#primaryimage\"},\"image\":{\"@id\":\"https:\\\/\\\/labarraca1912.es\\\/tienda\\\/molinillos\\\/set-2-molinillos-c\\\/#primaryimage\"},\"thumbnailUrl\":\"https:\\\/\\\/labarraca1912.es\\\/wp-content\\\/uploads\\\/set2molinillosrsales.jpg\",\"datePublished\":\"2023-12-11T08:06:14+00:00\",\"dateModified\":\"2026-03-22T08:52:25+00:00\",\"description\":\"Potencia tus recetas al comprar el Set 2 Molinillos XL con sal marina y sal rosa del Himalaya, ideal para sazonar con un toque mineral y natural reci\u00e9n molido.\",\"breadcrumb\":{\"@id\":\"https:\\\/\\\/labarraca1912.es\\\/tienda\\\/molinillos\\\/set-2-molinillos-c\\\/#breadcrumb\"},\"inLanguage\":\"pt-PT\",\"potentialAction\":[{\"@type\":\"ReadAction\",\"target\":[\"https:\\\/\\\/labarraca1912.es\\\/tienda\\\/molinillos\\\/set-2-molinillos-c\\\/\"]}]},{\"@type\":\"ImageObject\",\"inLanguage\":\"pt-PT\",\"@id\":\"https:\\\/\\\/labarraca1912.es\\\/tienda\\\/molinillos\\\/set-2-molinillos-c\\\/#primaryimage\",\"url\":\"https:\\\/\\\/labarraca1912.es\\\/wp-content\\\/uploads\\\/set2molinillosrsales.jpg\",\"contentUrl\":\"https:\\\/\\\/labarraca1912.es\\\/wp-content\\\/uploads\\\/set2molinillosrsales.jpg\",\"width\":800,\"height\":800},{\"@type\":\"BreadcrumbList\",\"@id\":\"https:\\\/\\\/labarraca1912.es\\\/tienda\\\/molinillos\\\/set-2-molinillos-c\\\/#breadcrumb\",\"itemListElement\":[{\"@type\":\"ListItem\",\"position\":1,\"name\":\"La Barraca\",\"item\":\"https:\\\/\\\/labarraca1912.es\\\/\"},{\"@type\":\"ListItem\",\"position\":2,\"name\":\"Tienda\",\"item\":\"https:\\\/\\\/labarraca1912.es\\\/tienda\\\/\"},{\"@type\":\"ListItem\",\"position\":3,\"name\":\"Set 2 Molinillos XL Sal Marina &#038; Sal Rosa del Himalaya\"}]},{\"@type\":\"WebSite\",\"@id\":\"https:\\\/\\\/labarraca1912.es\\\/#website\",\"url\":\"https:\\\/\\\/labarraca1912.es\\\/\",\"name\":\"La Barraca\",\"description\":\"La Casa del Sabor\",\"publisher\":{\"@id\":\"https:\\\/\\\/labarraca1912.es\\\/#organization\"},\"potentialAction\":[{\"@type\":\"SearchAction\",\"target\":{\"@type\":\"EntryPoint\",\"urlTemplate\":\"https:\\\/\\\/labarraca1912.es\\\/?s={search_term_string}\"},\"query-input\":{\"@type\":\"PropertyValueSpecification\",\"valueRequired\":true,\"valueName\":\"search_term_string\"}}],\"inLanguage\":\"pt-PT\"},{\"@type\":\"Organization\",\"@id\":\"https:\\\/\\\/labarraca1912.es\\\/#organization\",\"name\":\"La Barraca 1912 Alimentacion\",\"url\":\"https:\\\/\\\/labarraca1912.es\\\/\",\"logo\":{\"@type\":\"ImageObject\",\"inLanguage\":\"pt-PT\",\"@id\":\"https:\\\/\\\/labarraca1912.es\\\/#\\\/schema\\\/logo\\\/image\\\/\",\"url\":\"https:\\\/\\\/labarraca1912.es\\\/wp-content\\\/uploads\\\/2019\\\/06\\\/logo-labarraca.png\",\"contentUrl\":\"https:\\\/\\\/labarraca1912.es\\\/wp-content\\\/uploads\\\/2019\\\/06\\\/logo-labarraca.png\",\"width\":2917,\"height\":1809,\"caption\":\"La Barraca 1912 Alimentacion\"},\"image\":{\"@id\":\"https:\\\/\\\/labarraca1912.es\\\/#\\\/schema\\\/logo\\\/image\\\/\"}}]}<\/script>\n<!-- \/ Yoast SEO plugin. -->","yoast_head_json":{"title":"Comprar Molinillos XL Sal Marina & Sal Rosa del Himalaya","description":"Potencia tus recetas al comprar el Set 2 Molinillos XL con sal marina y sal rosa del Himalaya, ideal para sazonar con un toque mineral y natural reci\u00e9n molido.","robots":{"index":"index","follow":"follow","max-snippet":"max-snippet:-1","max-image-preview":"max-image-preview:large","max-video-preview":"max-video-preview:-1"},"canonical":"https:\/\/labarraca1912.es\/pt\/tienda\/molinillos\/set-2-molinillos-c\/","og_locale":"pt_PT","og_type":"article","og_title":"Comprar Molinillos XL Sal Marina & Sal Rosa del Himalaya","og_description":"Potencia tus recetas al comprar el Set 2 Molinillos XL con sal marina y sal rosa del Himalaya, ideal para sazonar con un toque mineral y natural reci\u00e9n molido.","og_url":"https:\/\/labarraca1912.es\/pt\/tienda\/molinillos\/set-2-molinillos-c\/","og_site_name":"La Barraca","article_modified_time":"2026-03-22T08:52:25+00:00","og_image":[{"width":800,"height":800,"url":"https:\/\/labarraca1912.es\/wp-content\/uploads\/set2molinillosrsales.jpg","type":"image\/jpeg"}],"twitter_card":"summary_large_image","twitter_misc":{"Tempo estimado de leitura":"1 minuto"},"schema":{"@context":"https:\/\/schema.org","@graph":[{"@type":"WebPage","@id":"https:\/\/labarraca1912.es\/tienda\/molinillos\/set-2-molinillos-c\/","url":"https:\/\/labarraca1912.es\/tienda\/molinillos\/set-2-molinillos-c\/","name":"Comprar Molinillos XL Sal Marina & Sal Rosa del Himalaya","isPartOf":{"@id":"https:\/\/labarraca1912.es\/#website"},"primaryImageOfPage":{"@id":"https:\/\/labarraca1912.es\/tienda\/molinillos\/set-2-molinillos-c\/#primaryimage"},"image":{"@id":"https:\/\/labarraca1912.es\/tienda\/molinillos\/set-2-molinillos-c\/#primaryimage"},"thumbnailUrl":"https:\/\/labarraca1912.es\/wp-content\/uploads\/set2molinillosrsales.jpg","datePublished":"2023-12-11T08:06:14+00:00","dateModified":"2026-03-22T08:52:25+00:00","description":"Potencia tus recetas al comprar el Set 2 Molinillos XL con sal marina y sal rosa del Himalaya, ideal para sazonar con un toque mineral y natural reci\u00e9n molido.","breadcrumb":{"@id":"https:\/\/labarraca1912.es\/tienda\/molinillos\/set-2-molinillos-c\/#breadcrumb"},"inLanguage":"pt-PT","potentialAction":[{"@type":"ReadAction","target":["https:\/\/labarraca1912.es\/tienda\/molinillos\/set-2-molinillos-c\/"]}]},{"@type":"ImageObject","inLanguage":"pt-PT","@id":"https:\/\/labarraca1912.es\/tienda\/molinillos\/set-2-molinillos-c\/#primaryimage","url":"https:\/\/labarraca1912.es\/wp-content\/uploads\/set2molinillosrsales.jpg","contentUrl":"https:\/\/labarraca1912.es\/wp-content\/uploads\/set2molinillosrsales.jpg","width":800,"height":800},{"@type":"BreadcrumbList","@id":"https:\/\/labarraca1912.es\/tienda\/molinillos\/set-2-molinillos-c\/#breadcrumb","itemListElement":[{"@type":"ListItem","position":1,"name":"La Barraca","item":"https:\/\/labarraca1912.es\/"},{"@type":"ListItem","position":2,"name":"Tienda","item":"https:\/\/labarraca1912.es\/tienda\/"},{"@type":"ListItem","position":3,"name":"Set 2 Molinillos XL Sal Marina &#038; Sal Rosa del Himalaya"}]},{"@type":"WebSite","@id":"https:\/\/labarraca1912.es\/#website","url":"https:\/\/labarraca1912.es\/","name":"La Barraca","description":"La Casa del Sabor","publisher":{"@id":"https:\/\/labarraca1912.es\/#organization"},"potentialAction":[{"@type":"SearchAction","target":{"@type":"EntryPoint","urlTemplate":"https:\/\/labarraca1912.es\/?s={search_term_string}"},"query-input":{"@type":"PropertyValueSpecification","valueRequired":true,"valueName":"search_term_string"}}],"inLanguage":"pt-PT"},{"@type":"Organization","@id":"https:\/\/labarraca1912.es\/#organization","name":"La Barraca 1912 Alimentacion","url":"https:\/\/labarraca1912.es\/","logo":{"@type":"ImageObject","inLanguage":"pt-PT","@id":"https:\/\/labarraca1912.es\/#\/schema\/logo\/image\/","url":"https:\/\/labarraca1912.es\/wp-content\/uploads\/2019\/06\/logo-labarraca.png","contentUrl":"https:\/\/labarraca1912.es\/wp-content\/uploads\/2019\/06\/logo-labarraca.png","width":2917,"height":1809,"caption":"La Barraca 1912 Alimentacion"},"image":{"@id":"https:\/\/labarraca1912.es\/#\/schema\/logo\/image\/"}}]}},"_links":{"self":[{"href":"https:\/\/labarraca1912.es\/pt\/wp-json\/wp\/v2\/product\/10203","targetHints":{"allow":["GET"]}}],"collection":[{"href":"https:\/\/labarraca1912.es\/pt\/wp-json\/wp\/v2\/product"}],"about":[{"href":"https:\/\/labarraca1912.es\/pt\/wp-json\/wp\/v2\/types\/product"}],"replies":[{"embeddable":true,"href":"https:\/\/labarraca1912.es\/pt\/wp-json\/wp\/v2\/comments?post=10203"}],"wp:featuredmedia":[{"embeddable":true,"href":"https:\/\/labarraca1912.es\/pt\/wp-json\/wp\/v2\/media\/10200"}],"wp:attachment":[{"href":"https:\/\/labarraca1912.es\/pt\/wp-json\/wp\/v2\/media?parent=10203"}],"wp:term":[{"taxonomy":"product_brand","embeddable":true,"href":"https:\/\/labarraca1912.es\/pt\/wp-json\/wp\/v2\/product_brand?post=10203"},{"taxonomy":"product_cat","embeddable":true,"href":"https:\/\/labarraca1912.es\/pt\/wp-json\/wp\/v2\/product_cat?post=10203"},{"taxonomy":"product_tag","embeddable":true,"href":"https:\/\/labarraca1912.es\/pt\/wp-json\/wp\/v2\/product_tag?post=10203"}],"curies":[{"name":"wp","href":"https:\/\/api.w.org\/{rel}","templated":true}]}}