{"id":108,"date":"2019-06-27T14:07:05","date_gmt":"2019-06-27T12:07:05","guid":{"rendered":"https:\/\/labarraca1912.es\/?post_type=product&#038;p=108"},"modified":"2026-03-09T11:11:03","modified_gmt":"2026-03-09T10:11:03","slug":"lata-75g-pimenton-picante-oro","status":"publish","type":"product","link":"https:\/\/labarraca1912.es\/pt\/tienda\/pimenton\/lata-75g-pimenton-picante-oro\/","title":{"rendered":"Piment\u00e3o Picante Ouro Lata 75g"},"content":{"rendered":"<p>PIMENT\u00d3N PICANTE ORO &#8211; LATA 75G: Mezcla del producto obtenido del secado de los frutos maduros del pimiento (CapsicumAnumm) y de la guindilla (Capsicum). Polvo de color rojo, de aroma y sabor caracter\u00edstico, o sea, picante. Procedente de Pimientos desprovistos de rabo y pepitas, molidos.<\/p>\n<p><strong>Piment\u00e3o Picante Ouro:<\/strong> Ideal para temperar sopas, salteados para guisados, peixe e arroz. \u00c9 um ingrediente fundamental em pratos t\u00edpicos espanh\u00f3is, como a batata \u00e0 riojana, o polvo \u00e0 galega, as patatas bravas ou o chouri\u00e7o.<\/p>","protected":false},"excerpt":{"rendered":"<blockquote>\n<h2><strong>Piment\u00e3o Picante Ouro<\/strong>\u00a0Lata 75g<\/h2>\n<\/blockquote>\n<p><img decoding=\"async\" class=\"alignnone wp-image-10937\" src=\"https:\/\/labarraca1912.es\/wp-content\/uploads\/glutenfree.jpg\" alt=\"\" width=\"203\" height=\"35\" \/><\/p>\n<p>Mistura do produto obtido a partir da secagem dos frutos maduros do pimento (CapsicumAnumm) e da malagueta (Capsicum). P\u00f3 vermelho, com aroma e sabor caracter\u00edsticos, ou seja, picante. De pimentos sem caule e sem sementes, mo\u00eddos. Ideal para temperar sopas, salteados para guisados, peixe e arroz. \u00c9 um ingrediente fundamental em pratos t\u00edpicos espanh\u00f3is, como a batata \u00e0 riojana, o polvo \u00e0 galega, as patatas bravas ou o chouri\u00e7o.<\/p>\n<p>O formato Lata 75g \u00e9 um formato tradicional e f\u00e1cil de utilizar na cozinha.<\/p>\n<p><em><strong>Ingredientes:<\/strong><\/em> Piment\u00f3n picante \u00abcalidad oro\u00bb.<\/p>","protected":false},"featured_media":6495,"comment_status":"open","ping_status":"closed","template":"","meta":{"_et_pb_use_builder":"","_et_pb_old_content":"","_et_gb_content_width":""},"product_brand":[],"product_cat":[23],"product_tag":[39,35,38,36,40,37],"class_list":{"0":"post-108","1":"product","2":"type-product","3":"status-publish","4":"has-post-thumbnail","6":"product_cat-pimenton","7":"product_tag-arroz","8":"product_tag-azafran","9":"product_tag-colorante","10":"product_tag-paella","11":"product_tag-pimenton","12":"product_tag-saffron","14":"first","15":"instock","16":"taxable","17":"shipping-taxable","18":"purchasable","19":"product-type-simple"},"yoast_head":"<!-- This site is optimized with the Yoast SEO plugin v27.4 - https:\/\/yoast.com\/product\/yoast-seo-wordpress\/ -->\n<title>Comprar piment\u00f3n picante Oro lata 75g | La Barraca<\/title>\n<meta name=\"description\" content=\"Piment\u00f3n picante Oro en lata de 75g, con sabor intenso y aroma \u00fanico. Perfecto para dar picante a tus platos tradicionales. Calidad y sabor en La Barraca.\" \/>\n<meta name=\"robots\" content=\"index, follow, max-snippet:-1, max-image-preview:large, max-video-preview:-1\" \/>\n<link rel=\"canonical\" href=\"https:\/\/labarraca1912.es\/pt\/tienda\/pimenton\/lata-75g-pimenton-picante-oro\/\" \/>\n<meta property=\"og:locale\" content=\"pt_PT\" \/>\n<meta property=\"og:type\" content=\"article\" \/>\n<meta property=\"og:title\" content=\"Comprar piment\u00f3n picante Oro lata 75g | La Barraca\" \/>\n<meta property=\"og:description\" content=\"Piment\u00f3n picante Oro en lata de 75g, con sabor intenso y aroma \u00fanico. Perfecto para dar picante a tus platos tradicionales. Calidad y sabor en La Barraca.\" \/>\n<meta property=\"og:url\" content=\"https:\/\/labarraca1912.es\/pt\/tienda\/pimenton\/lata-75g-pimenton-picante-oro\/\" \/>\n<meta property=\"og:site_name\" content=\"La Barraca\" \/>\n<meta property=\"article:modified_time\" content=\"2026-03-09T10:11:03+00:00\" \/>\n<meta property=\"og:image\" content=\"https:\/\/labarraca1912.es\/wp-content\/uploads\/2021\/02\/latapimentonpicanteoro.jpg\" \/>\n\t<meta property=\"og:image:width\" content=\"800\" \/>\n\t<meta property=\"og:image:height\" content=\"800\" \/>\n\t<meta property=\"og:image:type\" content=\"image\/jpeg\" \/>\n<meta name=\"twitter:card\" content=\"summary_large_image\" \/>\n<meta name=\"twitter:label1\" content=\"Tempo estimado de leitura\" \/>\n\t<meta name=\"twitter:data1\" content=\"1 minuto\" \/>\n<script type=\"application\/ld+json\" class=\"yoast-schema-graph\">{\"@context\":\"https:\\\/\\\/schema.org\",\"@graph\":[{\"@type\":\"WebPage\",\"@id\":\"https:\\\/\\\/labarraca1912.es\\\/tienda\\\/pimenton\\\/lata-75g-pimenton-picante-oro\\\/\",\"url\":\"https:\\\/\\\/labarraca1912.es\\\/tienda\\\/pimenton\\\/lata-75g-pimenton-picante-oro\\\/\",\"name\":\"Comprar piment\u00f3n picante Oro lata 75g | La Barraca\",\"isPartOf\":{\"@id\":\"https:\\\/\\\/labarraca1912.es\\\/#website\"},\"primaryImageOfPage\":{\"@id\":\"https:\\\/\\\/labarraca1912.es\\\/tienda\\\/pimenton\\\/lata-75g-pimenton-picante-oro\\\/#primaryimage\"},\"image\":{\"@id\":\"https:\\\/\\\/labarraca1912.es\\\/tienda\\\/pimenton\\\/lata-75g-pimenton-picante-oro\\\/#primaryimage\"},\"thumbnailUrl\":\"https:\\\/\\\/labarraca1912.es\\\/wp-content\\\/uploads\\\/2021\\\/02\\\/latapimentonpicanteoro.jpg\",\"datePublished\":\"2019-06-27T12:07:05+00:00\",\"dateModified\":\"2026-03-09T10:11:03+00:00\",\"description\":\"Piment\u00f3n picante Oro en lata de 75g, con sabor intenso y aroma \u00fanico. Perfecto para dar picante a tus platos tradicionales. Calidad y sabor en La Barraca.\",\"breadcrumb\":{\"@id\":\"https:\\\/\\\/labarraca1912.es\\\/tienda\\\/pimenton\\\/lata-75g-pimenton-picante-oro\\\/#breadcrumb\"},\"inLanguage\":\"pt-PT\",\"potentialAction\":[{\"@type\":\"ReadAction\",\"target\":[\"https:\\\/\\\/labarraca1912.es\\\/tienda\\\/pimenton\\\/lata-75g-pimenton-picante-oro\\\/\"]}]},{\"@type\":\"ImageObject\",\"inLanguage\":\"pt-PT\",\"@id\":\"https:\\\/\\\/labarraca1912.es\\\/tienda\\\/pimenton\\\/lata-75g-pimenton-picante-oro\\\/#primaryimage\",\"url\":\"https:\\\/\\\/labarraca1912.es\\\/wp-content\\\/uploads\\\/2021\\\/02\\\/latapimentonpicanteoro.jpg\",\"contentUrl\":\"https:\\\/\\\/labarraca1912.es\\\/wp-content\\\/uploads\\\/2021\\\/02\\\/latapimentonpicanteoro.jpg\",\"width\":800,\"height\":800},{\"@type\":\"BreadcrumbList\",\"@id\":\"https:\\\/\\\/labarraca1912.es\\\/tienda\\\/pimenton\\\/lata-75g-pimenton-picante-oro\\\/#breadcrumb\",\"itemListElement\":[{\"@type\":\"ListItem\",\"position\":1,\"name\":\"La Barraca\",\"item\":\"https:\\\/\\\/labarraca1912.es\\\/\"},{\"@type\":\"ListItem\",\"position\":2,\"name\":\"Tienda\",\"item\":\"https:\\\/\\\/labarraca1912.es\\\/tienda\\\/\"},{\"@type\":\"ListItem\",\"position\":3,\"name\":\"Piment\u00f3n Picante Oro Lata 75g\"}]},{\"@type\":\"WebSite\",\"@id\":\"https:\\\/\\\/labarraca1912.es\\\/#website\",\"url\":\"https:\\\/\\\/labarraca1912.es\\\/\",\"name\":\"La Barraca\",\"description\":\"La Casa del Sabor\",\"publisher\":{\"@id\":\"https:\\\/\\\/labarraca1912.es\\\/#organization\"},\"potentialAction\":[{\"@type\":\"SearchAction\",\"target\":{\"@type\":\"EntryPoint\",\"urlTemplate\":\"https:\\\/\\\/labarraca1912.es\\\/?s={search_term_string}\"},\"query-input\":{\"@type\":\"PropertyValueSpecification\",\"valueRequired\":true,\"valueName\":\"search_term_string\"}}],\"inLanguage\":\"pt-PT\"},{\"@type\":\"Organization\",\"@id\":\"https:\\\/\\\/labarraca1912.es\\\/#organization\",\"name\":\"La Barraca 1912 Alimentacion\",\"url\":\"https:\\\/\\\/labarraca1912.es\\\/\",\"logo\":{\"@type\":\"ImageObject\",\"inLanguage\":\"pt-PT\",\"@id\":\"https:\\\/\\\/labarraca1912.es\\\/#\\\/schema\\\/logo\\\/image\\\/\",\"url\":\"https:\\\/\\\/labarraca1912.es\\\/wp-content\\\/uploads\\\/2019\\\/06\\\/logo-labarraca.png\",\"contentUrl\":\"https:\\\/\\\/labarraca1912.es\\\/wp-content\\\/uploads\\\/2019\\\/06\\\/logo-labarraca.png\",\"width\":2917,\"height\":1809,\"caption\":\"La Barraca 1912 Alimentacion\"},\"image\":{\"@id\":\"https:\\\/\\\/labarraca1912.es\\\/#\\\/schema\\\/logo\\\/image\\\/\"}}]}<\/script>\n<!-- \/ Yoast SEO plugin. -->","yoast_head_json":{"title":"Comprar piment\u00f3n picante Oro lata 75g | La Barraca","description":"Piment\u00f3n picante Oro en lata de 75g, con sabor intenso y aroma \u00fanico. Perfecto para dar picante a tus platos tradicionales. Calidad y sabor en La Barraca.","robots":{"index":"index","follow":"follow","max-snippet":"max-snippet:-1","max-image-preview":"max-image-preview:large","max-video-preview":"max-video-preview:-1"},"canonical":"https:\/\/labarraca1912.es\/pt\/tienda\/pimenton\/lata-75g-pimenton-picante-oro\/","og_locale":"pt_PT","og_type":"article","og_title":"Comprar piment\u00f3n picante Oro lata 75g | La Barraca","og_description":"Piment\u00f3n picante Oro en lata de 75g, con sabor intenso y aroma \u00fanico. Perfecto para dar picante a tus platos tradicionales. Calidad y sabor en La Barraca.","og_url":"https:\/\/labarraca1912.es\/pt\/tienda\/pimenton\/lata-75g-pimenton-picante-oro\/","og_site_name":"La Barraca","article_modified_time":"2026-03-09T10:11:03+00:00","og_image":[{"width":800,"height":800,"url":"https:\/\/labarraca1912.es\/wp-content\/uploads\/2021\/02\/latapimentonpicanteoro.jpg","type":"image\/jpeg"}],"twitter_card":"summary_large_image","twitter_misc":{"Tempo estimado de leitura":"1 minuto"},"schema":{"@context":"https:\/\/schema.org","@graph":[{"@type":"WebPage","@id":"https:\/\/labarraca1912.es\/tienda\/pimenton\/lata-75g-pimenton-picante-oro\/","url":"https:\/\/labarraca1912.es\/tienda\/pimenton\/lata-75g-pimenton-picante-oro\/","name":"Comprar piment\u00f3n picante Oro lata 75g | La Barraca","isPartOf":{"@id":"https:\/\/labarraca1912.es\/#website"},"primaryImageOfPage":{"@id":"https:\/\/labarraca1912.es\/tienda\/pimenton\/lata-75g-pimenton-picante-oro\/#primaryimage"},"image":{"@id":"https:\/\/labarraca1912.es\/tienda\/pimenton\/lata-75g-pimenton-picante-oro\/#primaryimage"},"thumbnailUrl":"https:\/\/labarraca1912.es\/wp-content\/uploads\/2021\/02\/latapimentonpicanteoro.jpg","datePublished":"2019-06-27T12:07:05+00:00","dateModified":"2026-03-09T10:11:03+00:00","description":"Piment\u00f3n picante Oro en lata de 75g, con sabor intenso y aroma \u00fanico. Perfecto para dar picante a tus platos tradicionales. Calidad y sabor en La Barraca.","breadcrumb":{"@id":"https:\/\/labarraca1912.es\/tienda\/pimenton\/lata-75g-pimenton-picante-oro\/#breadcrumb"},"inLanguage":"pt-PT","potentialAction":[{"@type":"ReadAction","target":["https:\/\/labarraca1912.es\/tienda\/pimenton\/lata-75g-pimenton-picante-oro\/"]}]},{"@type":"ImageObject","inLanguage":"pt-PT","@id":"https:\/\/labarraca1912.es\/tienda\/pimenton\/lata-75g-pimenton-picante-oro\/#primaryimage","url":"https:\/\/labarraca1912.es\/wp-content\/uploads\/2021\/02\/latapimentonpicanteoro.jpg","contentUrl":"https:\/\/labarraca1912.es\/wp-content\/uploads\/2021\/02\/latapimentonpicanteoro.jpg","width":800,"height":800},{"@type":"BreadcrumbList","@id":"https:\/\/labarraca1912.es\/tienda\/pimenton\/lata-75g-pimenton-picante-oro\/#breadcrumb","itemListElement":[{"@type":"ListItem","position":1,"name":"La Barraca","item":"https:\/\/labarraca1912.es\/"},{"@type":"ListItem","position":2,"name":"Tienda","item":"https:\/\/labarraca1912.es\/tienda\/"},{"@type":"ListItem","position":3,"name":"Piment\u00f3n Picante Oro Lata 75g"}]},{"@type":"WebSite","@id":"https:\/\/labarraca1912.es\/#website","url":"https:\/\/labarraca1912.es\/","name":"La Barraca","description":"La Casa del Sabor","publisher":{"@id":"https:\/\/labarraca1912.es\/#organization"},"potentialAction":[{"@type":"SearchAction","target":{"@type":"EntryPoint","urlTemplate":"https:\/\/labarraca1912.es\/?s={search_term_string}"},"query-input":{"@type":"PropertyValueSpecification","valueRequired":true,"valueName":"search_term_string"}}],"inLanguage":"pt-PT"},{"@type":"Organization","@id":"https:\/\/labarraca1912.es\/#organization","name":"La Barraca 1912 Alimentacion","url":"https:\/\/labarraca1912.es\/","logo":{"@type":"ImageObject","inLanguage":"pt-PT","@id":"https:\/\/labarraca1912.es\/#\/schema\/logo\/image\/","url":"https:\/\/labarraca1912.es\/wp-content\/uploads\/2019\/06\/logo-labarraca.png","contentUrl":"https:\/\/labarraca1912.es\/wp-content\/uploads\/2019\/06\/logo-labarraca.png","width":2917,"height":1809,"caption":"La Barraca 1912 Alimentacion"},"image":{"@id":"https:\/\/labarraca1912.es\/#\/schema\/logo\/image\/"}}]}},"_links":{"self":[{"href":"https:\/\/labarraca1912.es\/pt\/wp-json\/wp\/v2\/product\/108","targetHints":{"allow":["GET"]}}],"collection":[{"href":"https:\/\/labarraca1912.es\/pt\/wp-json\/wp\/v2\/product"}],"about":[{"href":"https:\/\/labarraca1912.es\/pt\/wp-json\/wp\/v2\/types\/product"}],"replies":[{"embeddable":true,"href":"https:\/\/labarraca1912.es\/pt\/wp-json\/wp\/v2\/comments?post=108"}],"wp:featuredmedia":[{"embeddable":true,"href":"https:\/\/labarraca1912.es\/pt\/wp-json\/wp\/v2\/media\/6495"}],"wp:attachment":[{"href":"https:\/\/labarraca1912.es\/pt\/wp-json\/wp\/v2\/media?parent=108"}],"wp:term":[{"taxonomy":"product_brand","embeddable":true,"href":"https:\/\/labarraca1912.es\/pt\/wp-json\/wp\/v2\/product_brand?post=108"},{"taxonomy":"product_cat","embeddable":true,"href":"https:\/\/labarraca1912.es\/pt\/wp-json\/wp\/v2\/product_cat?post=108"},{"taxonomy":"product_tag","embeddable":true,"href":"https:\/\/labarraca1912.es\/pt\/wp-json\/wp\/v2\/product_tag?post=108"}],"curies":[{"name":"wp","href":"https:\/\/api.w.org\/{rel}","templated":true}]}}