{"id":10814,"date":"2024-05-15T12:08:39","date_gmt":"2024-05-15T10:08:39","guid":{"rendered":"https:\/\/labarraca1912.es\/?post_type=product&#038;p=10814"},"modified":"2026-03-09T08:56:46","modified_gmt":"2026-03-09T07:56:46","slug":"sazonador-tandoori","status":"publish","type":"product","link":"https:\/\/labarraca1912.es\/pt\/tienda\/bbq-spices-of-the-world\/sazonador-tandoori\/","title":{"rendered":"Tempero Tandoori 180g"},"content":{"rendered":"<p><strong>Tempero Tandoori:<\/strong> Mistura de ervas, especiarias e temperos ao estilo asi\u00e1tico\/indiano para ser utilizada em carnes de frango.<\/p>\n<p><em><strong>INSTRU\u00c7\u00d5ES DE UTILIZA\u00c7\u00c3O:<\/strong> Misture o tempero com o azeite e mexa at\u00e9 misturar tudo. Depois de fundido, aplique sobre a carne at\u00e9 que fique toda coberta pela mistura. Deixe marinar durante 30 minutos para que a carne absorva todo o sabor. Passados \u200b\u200bos 30 minutos, coloque a carne na grelha ou frigideira e deixe cozinhar at\u00e9 ficar macia.<\/em><\/p>","protected":false},"excerpt":{"rendered":"<p><img decoding=\"async\" class=\"alignnone size-full wp-image-10799\" src=\"https:\/\/labarraca1912.es\/wp-content\/uploads\/BBQSPICESOFTHEWORLD.jpg\" alt=\"\" width=\"1742\" height=\"182\" srcset=\"https:\/\/labarraca1912.es\/wp-content\/uploads\/BBQSPICESOFTHEWORLD.jpg 1742w, https:\/\/labarraca1912.es\/wp-content\/uploads\/BBQSPICESOFTHEWORLD-1280x134.jpg 1280w, https:\/\/labarraca1912.es\/wp-content\/uploads\/BBQSPICESOFTHEWORLD-980x102.jpg 980w, https:\/\/labarraca1912.es\/wp-content\/uploads\/BBQSPICESOFTHEWORLD-480x50.jpg 480w\" sizes=\"(min-width: 0px) and (max-width: 480px) 480px, (min-width: 481px) and (max-width: 980px) 980px, (min-width: 981px) and (max-width: 1280px) 1280px, (min-width: 1281px) 1742px, 100vw\" \/><\/p>\n<h3><span style=\"color: #b89c00;\"><em><strong>Temperos especiais de todo o mundo, que o far\u00e3o viajar sem sair de casa.<\/strong><\/em><\/span><\/h3>\n<p>La Barraca Alimentaci\u00f3n apresenta a sua nova fam\u00edlia <span style=\"color: #b89c00;\"><strong>BBQ SPICES OF THE WORLD<\/strong><\/span>, uma gama de temperos especiais de todo o mundo com as melhores combina\u00e7\u00f5es de ervas, especiarias e temperos que o far\u00e3o desfrutar de uma experi\u00eancia \u00fanica.<\/p>\n<p><strong>TEMPERO TANDOORI:<\/strong> Mistura de ervas, especiarias e temperos ao estilo asi\u00e1tico\/indiano para ser utilizada em carnes de frango.<\/p>\n<p><img decoding=\"async\" class=\"alignnone wp-image-10809\" src=\"https:\/\/labarraca1912.es\/wp-content\/uploads\/estiloasiatico.jpg\" alt=\"\" width=\"721\" height=\"105\" srcset=\"https:\/\/labarraca1912.es\/wp-content\/uploads\/estiloasiatico.jpg 721w, https:\/\/labarraca1912.es\/wp-content\/uploads\/estiloasiatico-480x70.jpg 480w\" sizes=\"(min-width: 0px) and (max-width: 480px) 480px, (min-width: 481px) 721px, 100vw\" \/><\/p>\n<p><em><strong>INSTRU\u00c7\u00d5ES DE UTILIZA\u00c7\u00c3O:<\/strong> Misture o tempero com o azeite e mexa at\u00e9 misturar tudo. Depois de fundido, aplique sobre a carne at\u00e9 que fique toda coberta pela mistura. Deixe marinar durante 30 minutos para que a carne absorva todo o sabor. Passados \u200b\u200bos 30 minutos, coloque a carne na grelha ou frigideira e deixe cozinhar at\u00e9 ficar macia. <strong>Adicione 20g\/kg \u00e0 carne, dependendo do grau de salinidade que se pretende obter.<\/strong><\/em><\/p>\n<p><em><strong>Ingredientes: <\/strong><\/em>Especiarias (colorau, cominhos, coentros, pimenta, alho, funcho, <strong>MOSTARDA<\/strong>, alcaravia), Sal, Tomate, A\u00e7\u00facar, <strong>LEITE EM P\u00d3<\/strong>, Aromas, Emulsionante (E-415) e Antioxidante (E-330).<\/p>\n<p>Pode conter vest\u00edgios de <strong>GL\u00daTEN, AIPO, S\u00c9SAMO, SULFITOS, AMENDOINS e SOJA.<\/strong><\/p>\n<p><strong><em>Informa\u00e7\u00e3o nutricional. Valores m\u00e9dios por 100g de produto:<\/em><\/strong><\/p>\n<p>Valor Energ\u00e9tico: 648 kJ\/155 kcal. Gorduras: 5g. Das quais saturadas: &lt;0,2g. Carboidratos: 20,5g. Dos quais a\u00e7\u00facares: 11g. Prote\u00ednas: 7g. Sal: 18g.<\/p>","protected":false},"featured_media":10806,"comment_status":"open","ping_status":"closed","template":"","meta":{"_et_pb_use_builder":"","_et_pb_old_content":"","_et_gb_content_width":""},"product_brand":[],"product_cat":[281],"product_tag":[285,47,284,119,283],"class_list":{"0":"post-10814","1":"product","2":"type-product","3":"status-publish","4":"has-post-thumbnail","6":"product_cat-bbq-spices-of-the-world","7":"product_tag-asiatico","8":"product_tag-especias","9":"product_tag-hindu","10":"product_tag-sazonador","11":"product_tag-tandoori","13":"first","14":"instock","15":"taxable","16":"shipping-taxable","17":"purchasable","18":"product-type-simple"},"yoast_head":"<!-- This site is optimized with the Yoast SEO plugin v27.5 - https:\/\/yoast.com\/product\/yoast-seo-wordpress\/ -->\n<title>Sazonador Tandoori 180g - La Barraca<\/title>\n<meta name=\"robots\" content=\"index, follow, max-snippet:-1, max-image-preview:large, max-video-preview:-1\" \/>\n<link rel=\"canonical\" href=\"https:\/\/labarraca1912.es\/pt\/tienda\/bbq-spices-of-the-world\/sazonador-tandoori\/\" \/>\n<meta property=\"og:locale\" content=\"pt_PT\" \/>\n<meta property=\"og:type\" content=\"article\" \/>\n<meta property=\"og:title\" content=\"Sazonador Tandoori 180g - La Barraca\" \/>\n<meta property=\"og:description\" content=\"Sazonadores especiales del mundo, que te har\u00e1n viajar sin moverte de casa. La Barraca Alimentaci\u00f3n te presenta su nueva familia BBQ SPICES OF THE WORLD, una gama de sazonadores especiales del mundo con las mejores combinaciones de hierbas, especias y condimentos que te har\u00e1n disfrutar de una experiencia \u00fanica.  SAZONADOR TANDOORI: Mezcla de hierbas, especias y condimentos de estilo asi\u00e1tico \/ hind\u00fa para ser utilizados en carnes de pollo.    MODO DE EMPLEO: Mezclar el sazonador con aceite de oliva, y remover hasta fusionar todo. Una vez fusionado aplicar sobre la carne hasta que qued\u00e9 toda cubierta por la mezcla. Dejar macerar durante 30 minutos para que la carne absorba todo el sabor. Pasados los 30 minutos, poner la carne sobre la parrilla o sart\u00e9n y cocinar hasta que est\u00e9 lista. A\u00f1adir a la carne 20 g\/kg, dependiendo del grado de salado que se desee obtener.  Ingredientes: Especias (piment\u00f3n, cominos, cilantro, pimienta, ajo, hinojo, MOSTAZA, alcaravea), Sal, Tomate, Az\u00facar, LECHE EN POLVO, Aromas, Emulgente (E-415) y Antioxidante (E-330).  Puede contener trazas de GLUTEN, APIO, S\u00c9SAMO, SULFITOS, CACAHUETES y SOJA.  Informaci\u00f3n Nutricional. An\u00e1lisis medio por 100g de producto:  Valor Energ\u00e9tico: 648 kJ\/155 kcal. Grasas: 5g. De las cuales saturadas: &lt;0,2g. Hidratos de Carbono: 20,5g. De los cuales az\u00facares: 11g. Prote\u00ednas: 7g. Sal: 18g.\" \/>\n<meta property=\"og:url\" content=\"https:\/\/labarraca1912.es\/pt\/tienda\/bbq-spices-of-the-world\/sazonador-tandoori\/\" \/>\n<meta property=\"og:site_name\" content=\"La Barraca\" \/>\n<meta property=\"article:modified_time\" content=\"2026-03-09T07:56:46+00:00\" \/>\n<meta property=\"og:image\" content=\"https:\/\/labarraca1912.es\/wp-content\/uploads\/sazonadortandoori.jpg\" \/>\n\t<meta property=\"og:image:width\" content=\"800\" \/>\n\t<meta property=\"og:image:height\" content=\"800\" \/>\n\t<meta property=\"og:image:type\" content=\"image\/jpeg\" \/>\n<meta name=\"twitter:card\" content=\"summary_large_image\" \/>\n<meta name=\"twitter:label1\" content=\"Tempo estimado de leitura\" \/>\n\t<meta name=\"twitter:data1\" content=\"1 minuto\" \/>\n<script type=\"application\/ld+json\" class=\"yoast-schema-graph\">{\"@context\":\"https:\\\/\\\/schema.org\",\"@graph\":[{\"@type\":\"WebPage\",\"@id\":\"https:\\\/\\\/labarraca1912.es\\\/tienda\\\/bbq-spices-of-the-world\\\/sazonador-tandoori\\\/\",\"url\":\"https:\\\/\\\/labarraca1912.es\\\/tienda\\\/bbq-spices-of-the-world\\\/sazonador-tandoori\\\/\",\"name\":\"Sazonador Tandoori 180g - La Barraca\",\"isPartOf\":{\"@id\":\"https:\\\/\\\/labarraca1912.es\\\/#website\"},\"primaryImageOfPage\":{\"@id\":\"https:\\\/\\\/labarraca1912.es\\\/tienda\\\/bbq-spices-of-the-world\\\/sazonador-tandoori\\\/#primaryimage\"},\"image\":{\"@id\":\"https:\\\/\\\/labarraca1912.es\\\/tienda\\\/bbq-spices-of-the-world\\\/sazonador-tandoori\\\/#primaryimage\"},\"thumbnailUrl\":\"https:\\\/\\\/labarraca1912.es\\\/wp-content\\\/uploads\\\/sazonadortandoori.jpg\",\"datePublished\":\"2024-05-15T10:08:39+00:00\",\"dateModified\":\"2026-03-09T07:56:46+00:00\",\"breadcrumb\":{\"@id\":\"https:\\\/\\\/labarraca1912.es\\\/tienda\\\/bbq-spices-of-the-world\\\/sazonador-tandoori\\\/#breadcrumb\"},\"inLanguage\":\"pt-PT\",\"potentialAction\":[{\"@type\":\"ReadAction\",\"target\":[\"https:\\\/\\\/labarraca1912.es\\\/tienda\\\/bbq-spices-of-the-world\\\/sazonador-tandoori\\\/\"]}]},{\"@type\":\"ImageObject\",\"inLanguage\":\"pt-PT\",\"@id\":\"https:\\\/\\\/labarraca1912.es\\\/tienda\\\/bbq-spices-of-the-world\\\/sazonador-tandoori\\\/#primaryimage\",\"url\":\"https:\\\/\\\/labarraca1912.es\\\/wp-content\\\/uploads\\\/sazonadortandoori.jpg\",\"contentUrl\":\"https:\\\/\\\/labarraca1912.es\\\/wp-content\\\/uploads\\\/sazonadortandoori.jpg\",\"width\":800,\"height\":800,\"caption\":\"Saz. Tandoori\"},{\"@type\":\"BreadcrumbList\",\"@id\":\"https:\\\/\\\/labarraca1912.es\\\/tienda\\\/bbq-spices-of-the-world\\\/sazonador-tandoori\\\/#breadcrumb\",\"itemListElement\":[{\"@type\":\"ListItem\",\"position\":1,\"name\":\"La Barraca\",\"item\":\"https:\\\/\\\/labarraca1912.es\\\/\"},{\"@type\":\"ListItem\",\"position\":2,\"name\":\"Tienda\",\"item\":\"https:\\\/\\\/labarraca1912.es\\\/tienda\\\/\"},{\"@type\":\"ListItem\",\"position\":3,\"name\":\"Sazonador Tandoori 180g\"}]},{\"@type\":\"WebSite\",\"@id\":\"https:\\\/\\\/labarraca1912.es\\\/#website\",\"url\":\"https:\\\/\\\/labarraca1912.es\\\/\",\"name\":\"La Barraca\",\"description\":\"La Casa del Sabor\",\"publisher\":{\"@id\":\"https:\\\/\\\/labarraca1912.es\\\/#organization\"},\"potentialAction\":[{\"@type\":\"SearchAction\",\"target\":{\"@type\":\"EntryPoint\",\"urlTemplate\":\"https:\\\/\\\/labarraca1912.es\\\/?s={search_term_string}\"},\"query-input\":{\"@type\":\"PropertyValueSpecification\",\"valueRequired\":true,\"valueName\":\"search_term_string\"}}],\"inLanguage\":\"pt-PT\"},{\"@type\":\"Organization\",\"@id\":\"https:\\\/\\\/labarraca1912.es\\\/#organization\",\"name\":\"La Barraca 1912 Alimentacion\",\"url\":\"https:\\\/\\\/labarraca1912.es\\\/\",\"logo\":{\"@type\":\"ImageObject\",\"inLanguage\":\"pt-PT\",\"@id\":\"https:\\\/\\\/labarraca1912.es\\\/#\\\/schema\\\/logo\\\/image\\\/\",\"url\":\"https:\\\/\\\/labarraca1912.es\\\/wp-content\\\/uploads\\\/2019\\\/06\\\/logo-labarraca.png\",\"contentUrl\":\"https:\\\/\\\/labarraca1912.es\\\/wp-content\\\/uploads\\\/2019\\\/06\\\/logo-labarraca.png\",\"width\":2917,\"height\":1809,\"caption\":\"La Barraca 1912 Alimentacion\"},\"image\":{\"@id\":\"https:\\\/\\\/labarraca1912.es\\\/#\\\/schema\\\/logo\\\/image\\\/\"}}]}<\/script>\n<!-- \/ Yoast SEO plugin. -->","yoast_head_json":{"title":"Sazonador Tandoori 180g - La Barraca","robots":{"index":"index","follow":"follow","max-snippet":"max-snippet:-1","max-image-preview":"max-image-preview:large","max-video-preview":"max-video-preview:-1"},"canonical":"https:\/\/labarraca1912.es\/pt\/tienda\/bbq-spices-of-the-world\/sazonador-tandoori\/","og_locale":"pt_PT","og_type":"article","og_title":"Sazonador Tandoori 180g - La Barraca","og_description":"Sazonadores especiales del mundo, que te har\u00e1n viajar sin moverte de casa. La Barraca Alimentaci\u00f3n te presenta su nueva familia BBQ SPICES OF THE WORLD, una gama de sazonadores especiales del mundo con las mejores combinaciones de hierbas, especias y condimentos que te har\u00e1n disfrutar de una experiencia \u00fanica.  SAZONADOR TANDOORI: Mezcla de hierbas, especias y condimentos de estilo asi\u00e1tico \/ hind\u00fa para ser utilizados en carnes de pollo.    MODO DE EMPLEO: Mezclar el sazonador con aceite de oliva, y remover hasta fusionar todo. Una vez fusionado aplicar sobre la carne hasta que qued\u00e9 toda cubierta por la mezcla. Dejar macerar durante 30 minutos para que la carne absorba todo el sabor. Pasados los 30 minutos, poner la carne sobre la parrilla o sart\u00e9n y cocinar hasta que est\u00e9 lista. A\u00f1adir a la carne 20 g\/kg, dependiendo del grado de salado que se desee obtener.  Ingredientes: Especias (piment\u00f3n, cominos, cilantro, pimienta, ajo, hinojo, MOSTAZA, alcaravea), Sal, Tomate, Az\u00facar, LECHE EN POLVO, Aromas, Emulgente (E-415) y Antioxidante (E-330).  Puede contener trazas de GLUTEN, APIO, S\u00c9SAMO, SULFITOS, CACAHUETES y SOJA.  Informaci\u00f3n Nutricional. An\u00e1lisis medio por 100g de producto:  Valor Energ\u00e9tico: 648 kJ\/155 kcal. Grasas: 5g. De las cuales saturadas: &lt;0,2g. Hidratos de Carbono: 20,5g. De los cuales az\u00facares: 11g. Prote\u00ednas: 7g. Sal: 18g.","og_url":"https:\/\/labarraca1912.es\/pt\/tienda\/bbq-spices-of-the-world\/sazonador-tandoori\/","og_site_name":"La Barraca","article_modified_time":"2026-03-09T07:56:46+00:00","og_image":[{"width":800,"height":800,"url":"https:\/\/labarraca1912.es\/wp-content\/uploads\/sazonadortandoori.jpg","type":"image\/jpeg"}],"twitter_card":"summary_large_image","twitter_misc":{"Tempo estimado de leitura":"1 minuto"},"schema":{"@context":"https:\/\/schema.org","@graph":[{"@type":"WebPage","@id":"https:\/\/labarraca1912.es\/tienda\/bbq-spices-of-the-world\/sazonador-tandoori\/","url":"https:\/\/labarraca1912.es\/tienda\/bbq-spices-of-the-world\/sazonador-tandoori\/","name":"Sazonador Tandoori 180g - La Barraca","isPartOf":{"@id":"https:\/\/labarraca1912.es\/#website"},"primaryImageOfPage":{"@id":"https:\/\/labarraca1912.es\/tienda\/bbq-spices-of-the-world\/sazonador-tandoori\/#primaryimage"},"image":{"@id":"https:\/\/labarraca1912.es\/tienda\/bbq-spices-of-the-world\/sazonador-tandoori\/#primaryimage"},"thumbnailUrl":"https:\/\/labarraca1912.es\/wp-content\/uploads\/sazonadortandoori.jpg","datePublished":"2024-05-15T10:08:39+00:00","dateModified":"2026-03-09T07:56:46+00:00","breadcrumb":{"@id":"https:\/\/labarraca1912.es\/tienda\/bbq-spices-of-the-world\/sazonador-tandoori\/#breadcrumb"},"inLanguage":"pt-PT","potentialAction":[{"@type":"ReadAction","target":["https:\/\/labarraca1912.es\/tienda\/bbq-spices-of-the-world\/sazonador-tandoori\/"]}]},{"@type":"ImageObject","inLanguage":"pt-PT","@id":"https:\/\/labarraca1912.es\/tienda\/bbq-spices-of-the-world\/sazonador-tandoori\/#primaryimage","url":"https:\/\/labarraca1912.es\/wp-content\/uploads\/sazonadortandoori.jpg","contentUrl":"https:\/\/labarraca1912.es\/wp-content\/uploads\/sazonadortandoori.jpg","width":800,"height":800,"caption":"Saz. Tandoori"},{"@type":"BreadcrumbList","@id":"https:\/\/labarraca1912.es\/tienda\/bbq-spices-of-the-world\/sazonador-tandoori\/#breadcrumb","itemListElement":[{"@type":"ListItem","position":1,"name":"La Barraca","item":"https:\/\/labarraca1912.es\/"},{"@type":"ListItem","position":2,"name":"Tienda","item":"https:\/\/labarraca1912.es\/tienda\/"},{"@type":"ListItem","position":3,"name":"Sazonador Tandoori 180g"}]},{"@type":"WebSite","@id":"https:\/\/labarraca1912.es\/#website","url":"https:\/\/labarraca1912.es\/","name":"La Barraca","description":"La Casa del Sabor","publisher":{"@id":"https:\/\/labarraca1912.es\/#organization"},"potentialAction":[{"@type":"SearchAction","target":{"@type":"EntryPoint","urlTemplate":"https:\/\/labarraca1912.es\/?s={search_term_string}"},"query-input":{"@type":"PropertyValueSpecification","valueRequired":true,"valueName":"search_term_string"}}],"inLanguage":"pt-PT"},{"@type":"Organization","@id":"https:\/\/labarraca1912.es\/#organization","name":"La Barraca 1912 Alimentacion","url":"https:\/\/labarraca1912.es\/","logo":{"@type":"ImageObject","inLanguage":"pt-PT","@id":"https:\/\/labarraca1912.es\/#\/schema\/logo\/image\/","url":"https:\/\/labarraca1912.es\/wp-content\/uploads\/2019\/06\/logo-labarraca.png","contentUrl":"https:\/\/labarraca1912.es\/wp-content\/uploads\/2019\/06\/logo-labarraca.png","width":2917,"height":1809,"caption":"La Barraca 1912 Alimentacion"},"image":{"@id":"https:\/\/labarraca1912.es\/#\/schema\/logo\/image\/"}}]}},"_links":{"self":[{"href":"https:\/\/labarraca1912.es\/pt\/wp-json\/wp\/v2\/product\/10814","targetHints":{"allow":["GET"]}}],"collection":[{"href":"https:\/\/labarraca1912.es\/pt\/wp-json\/wp\/v2\/product"}],"about":[{"href":"https:\/\/labarraca1912.es\/pt\/wp-json\/wp\/v2\/types\/product"}],"replies":[{"embeddable":true,"href":"https:\/\/labarraca1912.es\/pt\/wp-json\/wp\/v2\/comments?post=10814"}],"wp:featuredmedia":[{"embeddable":true,"href":"https:\/\/labarraca1912.es\/pt\/wp-json\/wp\/v2\/media\/10806"}],"wp:attachment":[{"href":"https:\/\/labarraca1912.es\/pt\/wp-json\/wp\/v2\/media?parent=10814"}],"wp:term":[{"taxonomy":"product_brand","embeddable":true,"href":"https:\/\/labarraca1912.es\/pt\/wp-json\/wp\/v2\/product_brand?post=10814"},{"taxonomy":"product_cat","embeddable":true,"href":"https:\/\/labarraca1912.es\/pt\/wp-json\/wp\/v2\/product_cat?post=10814"},{"taxonomy":"product_tag","embeddable":true,"href":"https:\/\/labarraca1912.es\/pt\/wp-json\/wp\/v2\/product_tag?post=10814"}],"curies":[{"name":"wp","href":"https:\/\/api.w.org\/{rel}","templated":true}]}}