{"id":10819,"date":"2024-05-15T12:40:19","date_gmt":"2024-05-15T10:40:19","guid":{"rendered":"https:\/\/labarraca1912.es\/?post_type=product&#038;p=10819"},"modified":"2026-04-10T07:56:03","modified_gmt":"2026-04-10T05:56:03","slug":"sazonador-italia","status":"publish","type":"product","link":"https:\/\/labarraca1912.es\/pt\/tienda\/bbq-spices-of-the-world\/sazonador-italia\/","title":{"rendered":"Tempero It\u00e1lia 115g"},"content":{"rendered":"<p><strong>Tempero It\u00e1lia para Massas:<\/strong> Mistura de ervas, especiarias e temperos ao estilo italiano para utilizar em todo o tipo de massas, esparguete ou lasanha.<\/p>\n<p><em><strong>INSTRU\u00c7\u00d5ES DE UTILIZA\u00c7\u00c3O:<\/strong> Espolvorear el sazonador encima de la pasta en el momento de cocinar y remover hasta que el sazonador qued\u00e9 repartido por toda la pasta y cocinar hasta que est\u00e9 lista.<\/em><\/p>","protected":false},"excerpt":{"rendered":"<p><img decoding=\"async\" class=\"alignnone wp-image-10937\" src=\"https:\/\/labarraca1912.es\/wp-content\/uploads\/glutenfree.jpg\" alt=\"\" width=\"203\" height=\"35\" \/><\/p>\n<p><img decoding=\"async\" class=\"alignnone size-full wp-image-10799\" src=\"https:\/\/labarraca1912.es\/wp-content\/uploads\/BBQSPICESOFTHEWORLD.jpg\" alt=\"\" width=\"1742\" height=\"182\" srcset=\"https:\/\/labarraca1912.es\/wp-content\/uploads\/BBQSPICESOFTHEWORLD.jpg 1742w, https:\/\/labarraca1912.es\/wp-content\/uploads\/BBQSPICESOFTHEWORLD-1280x134.jpg 1280w, https:\/\/labarraca1912.es\/wp-content\/uploads\/BBQSPICESOFTHEWORLD-980x102.jpg 980w, https:\/\/labarraca1912.es\/wp-content\/uploads\/BBQSPICESOFTHEWORLD-480x50.jpg 480w\" sizes=\"(min-width: 0px) and (max-width: 480px) 480px, (min-width: 481px) and (max-width: 980px) 980px, (min-width: 981px) and (max-width: 1280px) 1280px, (min-width: 1281px) 1742px, 100vw\" \/><\/p>\n<h3><span style=\"color: #b89c00;\"><em><strong>Temperos especiais de todo o mundo, que o far\u00e3o viajar sem sair de casa.<\/strong><\/em><\/span><\/h3>\n<p>La Barraca Alimentaci\u00f3n apresenta a sua nova fam\u00edlia <span style=\"color: #b89c00;\"><strong>BBQ SPICES OF THE WORLD<\/strong><\/span>, uma gama de temperos especiais de todo o mundo com as melhores combina\u00e7\u00f5es de ervas, especiarias e temperos que o far\u00e3o desfrutar de uma experi\u00eancia \u00fanica.<\/p>\n<p><strong>TEMPERO IT\u00c1LIA para MASSAS:<\/strong> Mistura de ervas, especiarias e temperos ao estilo italiano para utilizar em todo o tipo de massas, esparguete ou lasanha.<\/p>\n<p><img decoding=\"async\" class=\"alignnone wp-image-10810\" src=\"https:\/\/labarraca1912.es\/wp-content\/uploads\/estiloitaliano.jpg\" alt=\"\" width=\"823\" height=\"120\" srcset=\"https:\/\/labarraca1912.es\/wp-content\/uploads\/estiloitaliano.jpg 823w, https:\/\/labarraca1912.es\/wp-content\/uploads\/estiloitaliano-480x70.jpg 480w\" sizes=\"(min-width: 0px) and (max-width: 480px) 480px, (min-width: 481px) 823px, 100vw\" \/><\/p>\n<p><em><strong>INSTRU\u00c7\u00d5ES DE UTILIZA\u00c7\u00c3O:<\/strong> Espolvorear el sazonador encima de la pasta en el momento de cocinar y remover hasta que el sazonador qued\u00e9 repartido por toda la pasta y cocinar hasta que est\u00e9 lista.<\/em><\/p>\n<p><em><strong>Ingredientes:<\/strong><\/em> Especiarias (Manjeric\u00e3o, or\u00e9g\u00e3os, pimenta, piment\u00e3o, alho, cebola) sal e tomate.<\/p>\n<p>Pode conter vest\u00edgios de <strong>AIPO, AMENDOINS<\/strong> e <strong>SULFITOS<\/strong>.<\/p>","protected":false},"featured_media":10803,"comment_status":"open","ping_status":"closed","template":"","meta":{"_et_pb_use_builder":"","_et_pb_old_content":"","_et_gb_content_width":""},"product_brand":[],"product_cat":[281],"product_tag":[293,47,292,294,75,93,119],"class_list":{"0":"post-10819","1":"product","2":"type-product","3":"status-publish","4":"has-post-thumbnail","6":"product_cat-bbq-spices-of-the-world","7":"product_tag-espagueti","8":"product_tag-especias","9":"product_tag-italia","10":"product_tag-lasana","11":"product_tag-pasta","12":"product_tag-pollo","13":"product_tag-sazonador","15":"first","16":"instock","17":"taxable","18":"shipping-taxable","19":"purchasable","20":"product-type-simple"},"yoast_head":"<!-- This site is optimized with the Yoast SEO plugin v27.4 - https:\/\/yoast.com\/product\/yoast-seo-wordpress\/ -->\n<title>Sazonador Italia 115g - La Barraca<\/title>\n<meta name=\"description\" content=\"Descubre el sabor aut\u00e9ntico de Italia con nuestro Sazonador Italia. Perfecto para espaguetis y lasa\u00f1as, \u00a1hazlo tu aliado en la cocina!\" \/>\n<meta name=\"robots\" content=\"index, follow, max-snippet:-1, max-image-preview:large, max-video-preview:-1\" \/>\n<link rel=\"canonical\" href=\"https:\/\/labarraca1912.es\/pt\/tienda\/bbq-spices-of-the-world\/sazonador-italia\/\" \/>\n<meta property=\"og:locale\" content=\"pt_PT\" \/>\n<meta property=\"og:type\" content=\"article\" \/>\n<meta property=\"og:title\" content=\"Sazonador Italia 115g - La Barraca\" \/>\n<meta property=\"og:description\" content=\"Descubre el sabor aut\u00e9ntico de Italia con nuestro Sazonador Italia. Perfecto para espaguetis y lasa\u00f1as, \u00a1hazlo tu aliado en la cocina!\" \/>\n<meta property=\"og:url\" content=\"https:\/\/labarraca1912.es\/pt\/tienda\/bbq-spices-of-the-world\/sazonador-italia\/\" \/>\n<meta property=\"og:site_name\" content=\"La Barraca\" \/>\n<meta property=\"article:modified_time\" content=\"2026-04-10T05:56:03+00:00\" \/>\n<meta property=\"og:image\" content=\"https:\/\/labarraca1912.es\/wp-content\/uploads\/sazonadoritalia.jpg\" \/>\n\t<meta property=\"og:image:width\" content=\"800\" \/>\n\t<meta property=\"og:image:height\" content=\"800\" \/>\n\t<meta property=\"og:image:type\" content=\"image\/jpeg\" \/>\n<meta name=\"twitter:card\" content=\"summary_large_image\" \/>\n<meta name=\"twitter:label1\" content=\"Tempo estimado de leitura\" \/>\n\t<meta name=\"twitter:data1\" content=\"1 minuto\" \/>\n<script type=\"application\/ld+json\" class=\"yoast-schema-graph\">{\"@context\":\"https:\\\/\\\/schema.org\",\"@graph\":[{\"@type\":\"WebPage\",\"@id\":\"https:\\\/\\\/labarraca1912.es\\\/tienda\\\/bbq-spices-of-the-world\\\/sazonador-italia\\\/\",\"url\":\"https:\\\/\\\/labarraca1912.es\\\/tienda\\\/bbq-spices-of-the-world\\\/sazonador-italia\\\/\",\"name\":\"Sazonador Italia 115g - La Barraca\",\"isPartOf\":{\"@id\":\"https:\\\/\\\/labarraca1912.es\\\/#website\"},\"primaryImageOfPage\":{\"@id\":\"https:\\\/\\\/labarraca1912.es\\\/tienda\\\/bbq-spices-of-the-world\\\/sazonador-italia\\\/#primaryimage\"},\"image\":{\"@id\":\"https:\\\/\\\/labarraca1912.es\\\/tienda\\\/bbq-spices-of-the-world\\\/sazonador-italia\\\/#primaryimage\"},\"thumbnailUrl\":\"https:\\\/\\\/labarraca1912.es\\\/wp-content\\\/uploads\\\/sazonadoritalia.jpg\",\"datePublished\":\"2024-05-15T10:40:19+00:00\",\"dateModified\":\"2026-04-10T05:56:03+00:00\",\"description\":\"Descubre el sabor aut\u00e9ntico de Italia con nuestro Sazonador Italia. Perfecto para espaguetis y lasa\u00f1as, \u00a1hazlo tu aliado en la cocina!\",\"breadcrumb\":{\"@id\":\"https:\\\/\\\/labarraca1912.es\\\/tienda\\\/bbq-spices-of-the-world\\\/sazonador-italia\\\/#breadcrumb\"},\"inLanguage\":\"pt-PT\",\"potentialAction\":[{\"@type\":\"ReadAction\",\"target\":[\"https:\\\/\\\/labarraca1912.es\\\/tienda\\\/bbq-spices-of-the-world\\\/sazonador-italia\\\/\"]}]},{\"@type\":\"ImageObject\",\"inLanguage\":\"pt-PT\",\"@id\":\"https:\\\/\\\/labarraca1912.es\\\/tienda\\\/bbq-spices-of-the-world\\\/sazonador-italia\\\/#primaryimage\",\"url\":\"https:\\\/\\\/labarraca1912.es\\\/wp-content\\\/uploads\\\/sazonadoritalia.jpg\",\"contentUrl\":\"https:\\\/\\\/labarraca1912.es\\\/wp-content\\\/uploads\\\/sazonadoritalia.jpg\",\"width\":800,\"height\":800,\"caption\":\"Saz. Italia\"},{\"@type\":\"BreadcrumbList\",\"@id\":\"https:\\\/\\\/labarraca1912.es\\\/tienda\\\/bbq-spices-of-the-world\\\/sazonador-italia\\\/#breadcrumb\",\"itemListElement\":[{\"@type\":\"ListItem\",\"position\":1,\"name\":\"La Barraca\",\"item\":\"https:\\\/\\\/labarraca1912.es\\\/\"},{\"@type\":\"ListItem\",\"position\":2,\"name\":\"Tienda\",\"item\":\"https:\\\/\\\/labarraca1912.es\\\/tienda\\\/\"},{\"@type\":\"ListItem\",\"position\":3,\"name\":\"Sazonador Italia 115g\"}]},{\"@type\":\"WebSite\",\"@id\":\"https:\\\/\\\/labarraca1912.es\\\/#website\",\"url\":\"https:\\\/\\\/labarraca1912.es\\\/\",\"name\":\"La Barraca\",\"description\":\"La Casa del Sabor\",\"publisher\":{\"@id\":\"https:\\\/\\\/labarraca1912.es\\\/#organization\"},\"potentialAction\":[{\"@type\":\"SearchAction\",\"target\":{\"@type\":\"EntryPoint\",\"urlTemplate\":\"https:\\\/\\\/labarraca1912.es\\\/?s={search_term_string}\"},\"query-input\":{\"@type\":\"PropertyValueSpecification\",\"valueRequired\":true,\"valueName\":\"search_term_string\"}}],\"inLanguage\":\"pt-PT\"},{\"@type\":\"Organization\",\"@id\":\"https:\\\/\\\/labarraca1912.es\\\/#organization\",\"name\":\"La Barraca 1912 Alimentacion\",\"url\":\"https:\\\/\\\/labarraca1912.es\\\/\",\"logo\":{\"@type\":\"ImageObject\",\"inLanguage\":\"pt-PT\",\"@id\":\"https:\\\/\\\/labarraca1912.es\\\/#\\\/schema\\\/logo\\\/image\\\/\",\"url\":\"https:\\\/\\\/labarraca1912.es\\\/wp-content\\\/uploads\\\/2019\\\/06\\\/logo-labarraca.png\",\"contentUrl\":\"https:\\\/\\\/labarraca1912.es\\\/wp-content\\\/uploads\\\/2019\\\/06\\\/logo-labarraca.png\",\"width\":2917,\"height\":1809,\"caption\":\"La Barraca 1912 Alimentacion\"},\"image\":{\"@id\":\"https:\\\/\\\/labarraca1912.es\\\/#\\\/schema\\\/logo\\\/image\\\/\"}}]}<\/script>\n<!-- \/ Yoast SEO plugin. -->","yoast_head_json":{"title":"Sazonador Italia 115g - La Barraca","description":"Descubre el sabor aut\u00e9ntico de Italia con nuestro Sazonador Italia. Perfecto para espaguetis y lasa\u00f1as, \u00a1hazlo tu aliado en la cocina!","robots":{"index":"index","follow":"follow","max-snippet":"max-snippet:-1","max-image-preview":"max-image-preview:large","max-video-preview":"max-video-preview:-1"},"canonical":"https:\/\/labarraca1912.es\/pt\/tienda\/bbq-spices-of-the-world\/sazonador-italia\/","og_locale":"pt_PT","og_type":"article","og_title":"Sazonador Italia 115g - La Barraca","og_description":"Descubre el sabor aut\u00e9ntico de Italia con nuestro Sazonador Italia. Perfecto para espaguetis y lasa\u00f1as, \u00a1hazlo tu aliado en la cocina!","og_url":"https:\/\/labarraca1912.es\/pt\/tienda\/bbq-spices-of-the-world\/sazonador-italia\/","og_site_name":"La Barraca","article_modified_time":"2026-04-10T05:56:03+00:00","og_image":[{"width":800,"height":800,"url":"https:\/\/labarraca1912.es\/wp-content\/uploads\/sazonadoritalia.jpg","type":"image\/jpeg"}],"twitter_card":"summary_large_image","twitter_misc":{"Tempo estimado de leitura":"1 minuto"},"schema":{"@context":"https:\/\/schema.org","@graph":[{"@type":"WebPage","@id":"https:\/\/labarraca1912.es\/tienda\/bbq-spices-of-the-world\/sazonador-italia\/","url":"https:\/\/labarraca1912.es\/tienda\/bbq-spices-of-the-world\/sazonador-italia\/","name":"Sazonador Italia 115g - La Barraca","isPartOf":{"@id":"https:\/\/labarraca1912.es\/#website"},"primaryImageOfPage":{"@id":"https:\/\/labarraca1912.es\/tienda\/bbq-spices-of-the-world\/sazonador-italia\/#primaryimage"},"image":{"@id":"https:\/\/labarraca1912.es\/tienda\/bbq-spices-of-the-world\/sazonador-italia\/#primaryimage"},"thumbnailUrl":"https:\/\/labarraca1912.es\/wp-content\/uploads\/sazonadoritalia.jpg","datePublished":"2024-05-15T10:40:19+00:00","dateModified":"2026-04-10T05:56:03+00:00","description":"Descubre el sabor aut\u00e9ntico de Italia con nuestro Sazonador Italia. Perfecto para espaguetis y lasa\u00f1as, \u00a1hazlo tu aliado en la cocina!","breadcrumb":{"@id":"https:\/\/labarraca1912.es\/tienda\/bbq-spices-of-the-world\/sazonador-italia\/#breadcrumb"},"inLanguage":"pt-PT","potentialAction":[{"@type":"ReadAction","target":["https:\/\/labarraca1912.es\/tienda\/bbq-spices-of-the-world\/sazonador-italia\/"]}]},{"@type":"ImageObject","inLanguage":"pt-PT","@id":"https:\/\/labarraca1912.es\/tienda\/bbq-spices-of-the-world\/sazonador-italia\/#primaryimage","url":"https:\/\/labarraca1912.es\/wp-content\/uploads\/sazonadoritalia.jpg","contentUrl":"https:\/\/labarraca1912.es\/wp-content\/uploads\/sazonadoritalia.jpg","width":800,"height":800,"caption":"Saz. Italia"},{"@type":"BreadcrumbList","@id":"https:\/\/labarraca1912.es\/tienda\/bbq-spices-of-the-world\/sazonador-italia\/#breadcrumb","itemListElement":[{"@type":"ListItem","position":1,"name":"La Barraca","item":"https:\/\/labarraca1912.es\/"},{"@type":"ListItem","position":2,"name":"Tienda","item":"https:\/\/labarraca1912.es\/tienda\/"},{"@type":"ListItem","position":3,"name":"Sazonador Italia 115g"}]},{"@type":"WebSite","@id":"https:\/\/labarraca1912.es\/#website","url":"https:\/\/labarraca1912.es\/","name":"La Barraca","description":"La Casa del Sabor","publisher":{"@id":"https:\/\/labarraca1912.es\/#organization"},"potentialAction":[{"@type":"SearchAction","target":{"@type":"EntryPoint","urlTemplate":"https:\/\/labarraca1912.es\/?s={search_term_string}"},"query-input":{"@type":"PropertyValueSpecification","valueRequired":true,"valueName":"search_term_string"}}],"inLanguage":"pt-PT"},{"@type":"Organization","@id":"https:\/\/labarraca1912.es\/#organization","name":"La Barraca 1912 Alimentacion","url":"https:\/\/labarraca1912.es\/","logo":{"@type":"ImageObject","inLanguage":"pt-PT","@id":"https:\/\/labarraca1912.es\/#\/schema\/logo\/image\/","url":"https:\/\/labarraca1912.es\/wp-content\/uploads\/2019\/06\/logo-labarraca.png","contentUrl":"https:\/\/labarraca1912.es\/wp-content\/uploads\/2019\/06\/logo-labarraca.png","width":2917,"height":1809,"caption":"La Barraca 1912 Alimentacion"},"image":{"@id":"https:\/\/labarraca1912.es\/#\/schema\/logo\/image\/"}}]}},"_links":{"self":[{"href":"https:\/\/labarraca1912.es\/pt\/wp-json\/wp\/v2\/product\/10819","targetHints":{"allow":["GET"]}}],"collection":[{"href":"https:\/\/labarraca1912.es\/pt\/wp-json\/wp\/v2\/product"}],"about":[{"href":"https:\/\/labarraca1912.es\/pt\/wp-json\/wp\/v2\/types\/product"}],"replies":[{"embeddable":true,"href":"https:\/\/labarraca1912.es\/pt\/wp-json\/wp\/v2\/comments?post=10819"}],"wp:featuredmedia":[{"embeddable":true,"href":"https:\/\/labarraca1912.es\/pt\/wp-json\/wp\/v2\/media\/10803"}],"wp:attachment":[{"href":"https:\/\/labarraca1912.es\/pt\/wp-json\/wp\/v2\/media?parent=10819"}],"wp:term":[{"taxonomy":"product_brand","embeddable":true,"href":"https:\/\/labarraca1912.es\/pt\/wp-json\/wp\/v2\/product_brand?post=10819"},{"taxonomy":"product_cat","embeddable":true,"href":"https:\/\/labarraca1912.es\/pt\/wp-json\/wp\/v2\/product_cat?post=10819"},{"taxonomy":"product_tag","embeddable":true,"href":"https:\/\/labarraca1912.es\/pt\/wp-json\/wp\/v2\/product_tag?post=10819"}],"curies":[{"name":"wp","href":"https:\/\/api.w.org\/{rel}","templated":true}]}}