{"id":11388,"date":"2024-10-18T13:12:10","date_gmt":"2024-10-18T11:12:10","guid":{"rendered":"https:\/\/labarraca1912.es\/?post_type=product&#038;p=11388"},"modified":"2026-04-14T21:29:19","modified_gmt":"2026-04-14T19:29:19","slug":"finas-hierbas","status":"publish","type":"product","link":"https:\/\/labarraca1912.es\/pt\/tienda\/especias-y-condimentos\/finas-hierbas\/","title":{"rendered":"Ervas Finas"},"content":{"rendered":"<p>ERVAS FINAS: As ervas finas s\u00e3o um cl\u00e1ssico da cozinha francesa. \u00c9 composto por uma mistura de ervas arom\u00e1ticas cortadas muito finamente.<\/p>\n<p><strong>Ervas Finas: <\/strong>\u00c9 uma mistura de ervas com qualidades arom\u00e1ticas. S\u00e3o utilizados em omeletes e crepes, em molhos, em pratos de carne, peixes salteados, para marinar queijos ou fazer vinagretes.<\/p>","protected":false},"excerpt":{"rendered":"<blockquote>\n<h2><strong>Ervas Finas<\/strong><\/h2>\n<\/blockquote>\n<p>As ervas finas s\u00e3o um cl\u00e1ssico da cozinha francesa. \u00c9 composto por uma mistura de ervas arom\u00e1ticas cortadas muito finamente. \u00c9 uma mistura de ervas com qualidades arom\u00e1ticas. S\u00e3o utilizados em omeletes e crepes, em molhos, em pratos de carne, peixes salteados, para marinar queijos ou fazer vinagretes.<\/p>\n<p><em><strong>Ingredientes:<\/strong><\/em> Salsa, estrag\u00e3o e endro.<\/p>\n<p><em><strong>Pode conter vest\u00edgios de AIPO, GL\u00daTEN e MOSTARDA.<\/strong><\/em><\/p>","protected":false},"featured_media":13168,"comment_status":"open","ping_status":"closed","template":"","meta":{"_et_pb_use_builder":"","_et_pb_old_content":"","_et_gb_content_width":""},"product_brand":[],"product_cat":[19],"product_tag":[67,280,296,68,279,112],"class_list":{"0":"post-11388","1":"product","2":"type-product","3":"status-publish","4":"has-post-thumbnail","6":"product_cat-especias-y-condimentos","7":"product_tag-carne","8":"product_tag-ensaladas","9":"product_tag-finas-hierbas","10":"product_tag-pescado","11":"product_tag-quesos","12":"product_tag-romero","14":"first","15":"instock","16":"taxable","17":"shipping-taxable","18":"purchasable","19":"product-type-variable"},"yoast_head":"<!-- This site is optimized with the Yoast SEO plugin v27.4 - https:\/\/yoast.com\/product\/yoast-seo-wordpress\/ -->\n<title>Comprar Finas Hierbas | La Barraca<\/title>\n<meta name=\"description\" content=\"Comprar finas hierbas, mezcla arom\u00e1tica perfecta para tortillas, crepes, salsas, carnes, pescados, quesos y vinagretas. Ideal para realzar todo tipo de platos.\" \/>\n<meta name=\"robots\" content=\"index, follow, max-snippet:-1, max-image-preview:large, max-video-preview:-1\" \/>\n<link rel=\"canonical\" href=\"https:\/\/labarraca1912.es\/pt\/tienda\/especias-y-condimentos\/finas-hierbas\/\" \/>\n<meta property=\"og:locale\" content=\"pt_PT\" \/>\n<meta property=\"og:type\" content=\"article\" \/>\n<meta property=\"og:title\" content=\"Comprar Finas Hierbas | La Barraca\" \/>\n<meta property=\"og:description\" content=\"Comprar finas hierbas, mezcla arom\u00e1tica perfecta para tortillas, crepes, salsas, carnes, pescados, quesos y vinagretas. Ideal para realzar todo tipo de platos.\" \/>\n<meta property=\"og:url\" content=\"https:\/\/labarraca1912.es\/pt\/tienda\/especias-y-condimentos\/finas-hierbas\/\" \/>\n<meta property=\"og:site_name\" content=\"La Barraca\" \/>\n<meta property=\"article:modified_time\" content=\"2026-04-14T19:29:19+00:00\" \/>\n<meta property=\"og:image\" content=\"https:\/\/labarraca1912.es\/wp-content\/uploads\/finashierbashotelero2025.jpg\" \/>\n\t<meta property=\"og:image:width\" content=\"800\" \/>\n\t<meta property=\"og:image:height\" content=\"800\" \/>\n\t<meta property=\"og:image:type\" content=\"image\/jpeg\" \/>\n<meta name=\"twitter:card\" content=\"summary_large_image\" \/>\n<meta name=\"twitter:label1\" content=\"Tempo estimado de leitura\" \/>\n\t<meta name=\"twitter:data1\" content=\"1 minuto\" \/>\n<script type=\"application\/ld+json\" class=\"yoast-schema-graph\">{\"@context\":\"https:\\\/\\\/schema.org\",\"@graph\":[{\"@type\":\"WebPage\",\"@id\":\"https:\\\/\\\/labarraca1912.es\\\/tienda\\\/especias-y-condimentos\\\/finas-hierbas\\\/\",\"url\":\"https:\\\/\\\/labarraca1912.es\\\/tienda\\\/especias-y-condimentos\\\/finas-hierbas\\\/\",\"name\":\"Comprar Finas Hierbas | La Barraca\",\"isPartOf\":{\"@id\":\"https:\\\/\\\/labarraca1912.es\\\/#website\"},\"primaryImageOfPage\":{\"@id\":\"https:\\\/\\\/labarraca1912.es\\\/tienda\\\/especias-y-condimentos\\\/finas-hierbas\\\/#primaryimage\"},\"image\":{\"@id\":\"https:\\\/\\\/labarraca1912.es\\\/tienda\\\/especias-y-condimentos\\\/finas-hierbas\\\/#primaryimage\"},\"thumbnailUrl\":\"https:\\\/\\\/labarraca1912.es\\\/wp-content\\\/uploads\\\/finashierbashotelero2025.jpg\",\"datePublished\":\"2024-10-18T11:12:10+00:00\",\"dateModified\":\"2026-04-14T19:29:19+00:00\",\"description\":\"Comprar finas hierbas, mezcla arom\u00e1tica perfecta para tortillas, crepes, salsas, carnes, pescados, quesos y vinagretas. Ideal para realzar todo tipo de platos.\",\"breadcrumb\":{\"@id\":\"https:\\\/\\\/labarraca1912.es\\\/tienda\\\/especias-y-condimentos\\\/finas-hierbas\\\/#breadcrumb\"},\"inLanguage\":\"pt-PT\",\"potentialAction\":[{\"@type\":\"ReadAction\",\"target\":[\"https:\\\/\\\/labarraca1912.es\\\/tienda\\\/especias-y-condimentos\\\/finas-hierbas\\\/\"]}]},{\"@type\":\"ImageObject\",\"inLanguage\":\"pt-PT\",\"@id\":\"https:\\\/\\\/labarraca1912.es\\\/tienda\\\/especias-y-condimentos\\\/finas-hierbas\\\/#primaryimage\",\"url\":\"https:\\\/\\\/labarraca1912.es\\\/wp-content\\\/uploads\\\/finashierbashotelero2025.jpg\",\"contentUrl\":\"https:\\\/\\\/labarraca1912.es\\\/wp-content\\\/uploads\\\/finashierbashotelero2025.jpg\",\"width\":800,\"height\":800},{\"@type\":\"BreadcrumbList\",\"@id\":\"https:\\\/\\\/labarraca1912.es\\\/tienda\\\/especias-y-condimentos\\\/finas-hierbas\\\/#breadcrumb\",\"itemListElement\":[{\"@type\":\"ListItem\",\"position\":1,\"name\":\"La Barraca\",\"item\":\"https:\\\/\\\/labarraca1912.es\\\/\"},{\"@type\":\"ListItem\",\"position\":2,\"name\":\"Tienda\",\"item\":\"https:\\\/\\\/labarraca1912.es\\\/tienda\\\/\"},{\"@type\":\"ListItem\",\"position\":3,\"name\":\"Finas Hierbas\"}]},{\"@type\":\"WebSite\",\"@id\":\"https:\\\/\\\/labarraca1912.es\\\/#website\",\"url\":\"https:\\\/\\\/labarraca1912.es\\\/\",\"name\":\"La Barraca\",\"description\":\"La Casa del Sabor\",\"publisher\":{\"@id\":\"https:\\\/\\\/labarraca1912.es\\\/#organization\"},\"potentialAction\":[{\"@type\":\"SearchAction\",\"target\":{\"@type\":\"EntryPoint\",\"urlTemplate\":\"https:\\\/\\\/labarraca1912.es\\\/?s={search_term_string}\"},\"query-input\":{\"@type\":\"PropertyValueSpecification\",\"valueRequired\":true,\"valueName\":\"search_term_string\"}}],\"inLanguage\":\"pt-PT\"},{\"@type\":\"Organization\",\"@id\":\"https:\\\/\\\/labarraca1912.es\\\/#organization\",\"name\":\"La Barraca 1912 Alimentacion\",\"url\":\"https:\\\/\\\/labarraca1912.es\\\/\",\"logo\":{\"@type\":\"ImageObject\",\"inLanguage\":\"pt-PT\",\"@id\":\"https:\\\/\\\/labarraca1912.es\\\/#\\\/schema\\\/logo\\\/image\\\/\",\"url\":\"https:\\\/\\\/labarraca1912.es\\\/wp-content\\\/uploads\\\/2019\\\/06\\\/logo-labarraca.png\",\"contentUrl\":\"https:\\\/\\\/labarraca1912.es\\\/wp-content\\\/uploads\\\/2019\\\/06\\\/logo-labarraca.png\",\"width\":2917,\"height\":1809,\"caption\":\"La Barraca 1912 Alimentacion\"},\"image\":{\"@id\":\"https:\\\/\\\/labarraca1912.es\\\/#\\\/schema\\\/logo\\\/image\\\/\"}}]}<\/script>\n<!-- \/ Yoast SEO plugin. -->","yoast_head_json":{"title":"Comprar Finas Hierbas | La Barraca","description":"Comprar finas hierbas, mezcla arom\u00e1tica perfecta para tortillas, crepes, salsas, carnes, pescados, quesos y vinagretas. Ideal para realzar todo tipo de platos.","robots":{"index":"index","follow":"follow","max-snippet":"max-snippet:-1","max-image-preview":"max-image-preview:large","max-video-preview":"max-video-preview:-1"},"canonical":"https:\/\/labarraca1912.es\/pt\/tienda\/especias-y-condimentos\/finas-hierbas\/","og_locale":"pt_PT","og_type":"article","og_title":"Comprar Finas Hierbas | La Barraca","og_description":"Comprar finas hierbas, mezcla arom\u00e1tica perfecta para tortillas, crepes, salsas, carnes, pescados, quesos y vinagretas. Ideal para realzar todo tipo de platos.","og_url":"https:\/\/labarraca1912.es\/pt\/tienda\/especias-y-condimentos\/finas-hierbas\/","og_site_name":"La Barraca","article_modified_time":"2026-04-14T19:29:19+00:00","og_image":[{"width":800,"height":800,"url":"https:\/\/labarraca1912.es\/wp-content\/uploads\/finashierbashotelero2025.jpg","type":"image\/jpeg"}],"twitter_card":"summary_large_image","twitter_misc":{"Tempo estimado de leitura":"1 minuto"},"schema":{"@context":"https:\/\/schema.org","@graph":[{"@type":"WebPage","@id":"https:\/\/labarraca1912.es\/tienda\/especias-y-condimentos\/finas-hierbas\/","url":"https:\/\/labarraca1912.es\/tienda\/especias-y-condimentos\/finas-hierbas\/","name":"Comprar Finas Hierbas | La Barraca","isPartOf":{"@id":"https:\/\/labarraca1912.es\/#website"},"primaryImageOfPage":{"@id":"https:\/\/labarraca1912.es\/tienda\/especias-y-condimentos\/finas-hierbas\/#primaryimage"},"image":{"@id":"https:\/\/labarraca1912.es\/tienda\/especias-y-condimentos\/finas-hierbas\/#primaryimage"},"thumbnailUrl":"https:\/\/labarraca1912.es\/wp-content\/uploads\/finashierbashotelero2025.jpg","datePublished":"2024-10-18T11:12:10+00:00","dateModified":"2026-04-14T19:29:19+00:00","description":"Comprar finas hierbas, mezcla arom\u00e1tica perfecta para tortillas, crepes, salsas, carnes, pescados, quesos y vinagretas. Ideal para realzar todo tipo de platos.","breadcrumb":{"@id":"https:\/\/labarraca1912.es\/tienda\/especias-y-condimentos\/finas-hierbas\/#breadcrumb"},"inLanguage":"pt-PT","potentialAction":[{"@type":"ReadAction","target":["https:\/\/labarraca1912.es\/tienda\/especias-y-condimentos\/finas-hierbas\/"]}]},{"@type":"ImageObject","inLanguage":"pt-PT","@id":"https:\/\/labarraca1912.es\/tienda\/especias-y-condimentos\/finas-hierbas\/#primaryimage","url":"https:\/\/labarraca1912.es\/wp-content\/uploads\/finashierbashotelero2025.jpg","contentUrl":"https:\/\/labarraca1912.es\/wp-content\/uploads\/finashierbashotelero2025.jpg","width":800,"height":800},{"@type":"BreadcrumbList","@id":"https:\/\/labarraca1912.es\/tienda\/especias-y-condimentos\/finas-hierbas\/#breadcrumb","itemListElement":[{"@type":"ListItem","position":1,"name":"La Barraca","item":"https:\/\/labarraca1912.es\/"},{"@type":"ListItem","position":2,"name":"Tienda","item":"https:\/\/labarraca1912.es\/tienda\/"},{"@type":"ListItem","position":3,"name":"Finas Hierbas"}]},{"@type":"WebSite","@id":"https:\/\/labarraca1912.es\/#website","url":"https:\/\/labarraca1912.es\/","name":"La Barraca","description":"La Casa del Sabor","publisher":{"@id":"https:\/\/labarraca1912.es\/#organization"},"potentialAction":[{"@type":"SearchAction","target":{"@type":"EntryPoint","urlTemplate":"https:\/\/labarraca1912.es\/?s={search_term_string}"},"query-input":{"@type":"PropertyValueSpecification","valueRequired":true,"valueName":"search_term_string"}}],"inLanguage":"pt-PT"},{"@type":"Organization","@id":"https:\/\/labarraca1912.es\/#organization","name":"La Barraca 1912 Alimentacion","url":"https:\/\/labarraca1912.es\/","logo":{"@type":"ImageObject","inLanguage":"pt-PT","@id":"https:\/\/labarraca1912.es\/#\/schema\/logo\/image\/","url":"https:\/\/labarraca1912.es\/wp-content\/uploads\/2019\/06\/logo-labarraca.png","contentUrl":"https:\/\/labarraca1912.es\/wp-content\/uploads\/2019\/06\/logo-labarraca.png","width":2917,"height":1809,"caption":"La Barraca 1912 Alimentacion"},"image":{"@id":"https:\/\/labarraca1912.es\/#\/schema\/logo\/image\/"}}]}},"_links":{"self":[{"href":"https:\/\/labarraca1912.es\/pt\/wp-json\/wp\/v2\/product\/11388","targetHints":{"allow":["GET"]}}],"collection":[{"href":"https:\/\/labarraca1912.es\/pt\/wp-json\/wp\/v2\/product"}],"about":[{"href":"https:\/\/labarraca1912.es\/pt\/wp-json\/wp\/v2\/types\/product"}],"replies":[{"embeddable":true,"href":"https:\/\/labarraca1912.es\/pt\/wp-json\/wp\/v2\/comments?post=11388"}],"wp:featuredmedia":[{"embeddable":true,"href":"https:\/\/labarraca1912.es\/pt\/wp-json\/wp\/v2\/media\/13168"}],"wp:attachment":[{"href":"https:\/\/labarraca1912.es\/pt\/wp-json\/wp\/v2\/media?parent=11388"}],"wp:term":[{"taxonomy":"product_brand","embeddable":true,"href":"https:\/\/labarraca1912.es\/pt\/wp-json\/wp\/v2\/product_brand?post=11388"},{"taxonomy":"product_cat","embeddable":true,"href":"https:\/\/labarraca1912.es\/pt\/wp-json\/wp\/v2\/product_cat?post=11388"},{"taxonomy":"product_tag","embeddable":true,"href":"https:\/\/labarraca1912.es\/pt\/wp-json\/wp\/v2\/product_tag?post=11388"}],"curies":[{"name":"wp","href":"https:\/\/api.w.org\/{rel}","templated":true}]}}