{"id":11547,"date":"2024-11-22T12:54:21","date_gmt":"2024-11-22T11:54:21","guid":{"rendered":"https:\/\/labarraca1912.es\/?post_type=product&#038;p=11547"},"modified":"2026-03-09T08:49:32","modified_gmt":"2026-03-09T07:49:32","slug":"piramite-20-hibisco-frutos-rojos","status":"publish","type":"product","link":"https:\/\/labarraca1912.es\/pt\/tienda\/infusiones\/piramite-20-hibisco-frutos-rojos\/","title":{"rendered":"PiramiT\u00e9 20 Hibisco com Frutos Vermelhos"},"content":{"rendered":"<p>PIRAMIT\u00c9 20 &#8211; HIBISCO CON FRUTOS ROJOS: Sabor y aroma natural en una exclusiva colecci\u00f3n de infusiones, envasadas en bolsitas piramidales para que disfrutes sorbo a sorbo del aut\u00e9ntico sabor de las infusiones de La Barraca. Una gama de infusiones como nunca la hab\u00edas visto.<\/p>\n<p><strong>Hibisco com Frutos Vermelhos:<\/strong> Esta infus\u00e3o \u00e9 criada a partir de Hibisco e de uma combina\u00e7\u00e3o de Frutos Vermelhos. \u00c9 uma infus\u00e3o de sabor \u00fanico, de cor avermelhada e sabor intenso. Pode ser utilizado como ch\u00e1, com \u00e1gua quente ou leite, mas tamb\u00e9m em bebidas frias ou combinado com fruta.<\/p>\n<p>&nbsp;<\/p>","protected":false},"excerpt":{"rendered":"<blockquote>\n<h2><strong>PiramiT\u00e9 20 <\/strong>Hibisco com Frutos Vermelhos<\/h2>\n<\/blockquote>\n<p>Sabor e aroma naturais numa cole\u00e7\u00e3o exclusiva de infus\u00f5es, acondicionadas em sacos piramidais para que possa saborear gole a gole do aut\u00eantico sabor das infus\u00f5es La Barraca. Uma variedade de infus\u00f5es como nunca viu antes. Esta infus\u00e3o \u00e9 criada a partir de Hibisco e de uma combina\u00e7\u00e3o de Frutos Vermelhos. \u00c9 uma infus\u00e3o de sabor \u00fanico, de cor avermelhada e sabor intenso. Pode ser utilizado como ch\u00e1, com \u00e1gua quente ou leite, mas tamb\u00e9m em bebidas frias ou combinado com fruta.<\/p>\n<p><em><strong>Ingredientes: <\/strong>Hibisco (50%), ma\u00e7\u00e3 seca, rosa mosqueta, aroma de frutos silvestres, mirtilos (4%), morango (1%), framboesa (0,5%) e p\u00e9talas de rosa.<\/em><\/p>","protected":false},"featured_media":7315,"comment_status":"open","ping_status":"closed","template":"","meta":{"_et_pb_use_builder":"","_et_pb_old_content":"","_et_gb_content_width":""},"product_brand":[],"product_cat":[20],"product_tag":[298,297,45,53],"class_list":{"0":"post-11547","1":"product","2":"type-product","3":"status-publish","4":"has-post-thumbnail","6":"product_cat-infusiones","7":"product_tag-frutos-rojos","8":"product_tag-hibisco","9":"product_tag-infusion","10":"product_tag-te","12":"first","13":"instock","14":"taxable","15":"shipping-taxable","16":"purchasable","17":"product-type-simple"},"yoast_head":"<!-- This site is optimized with the Yoast SEO plugin v27.4 - https:\/\/yoast.com\/product\/yoast-seo-wordpress\/ -->\n<title>PiramiT\u00e9 20 Hibisco con Frutos Rojos - La Barraca<\/title>\n<meta name=\"description\" content=\"Infusi\u00f3n de Hibisco con Frutos Rojo, de color rojizo y sabor intenso, utilizada como t\u00e9, con agua o leche caliente, bebidas fr\u00edas o con frutas.\" \/>\n<meta name=\"robots\" content=\"index, follow, max-snippet:-1, max-image-preview:large, max-video-preview:-1\" \/>\n<link rel=\"canonical\" href=\"https:\/\/labarraca1912.es\/pt\/tienda\/infusiones\/piramite-20-hibisco-frutos-rojos\/\" \/>\n<meta property=\"og:locale\" content=\"pt_PT\" \/>\n<meta property=\"og:type\" content=\"article\" \/>\n<meta property=\"og:title\" content=\"PiramiT\u00e9 20 Hibisco con Frutos Rojos - La Barraca\" \/>\n<meta property=\"og:description\" content=\"Infusi\u00f3n de Hibisco con Frutos Rojo, de color rojizo y sabor intenso, utilizada como t\u00e9, con agua o leche caliente, bebidas fr\u00edas o con frutas.\" \/>\n<meta property=\"og:url\" content=\"https:\/\/labarraca1912.es\/pt\/tienda\/infusiones\/piramite-20-hibisco-frutos-rojos\/\" \/>\n<meta property=\"og:site_name\" content=\"La Barraca\" \/>\n<meta property=\"article:modified_time\" content=\"2026-03-09T07:49:32+00:00\" \/>\n<meta property=\"og:image\" content=\"https:\/\/labarraca1912.es\/wp-content\/uploads\/2021\/11\/PiramiTe-20-Hibisco-con-Frutos-Rojos-scaled.jpg\" \/>\n\t<meta property=\"og:image:width\" content=\"1920\" \/>\n\t<meta property=\"og:image:height\" content=\"2560\" \/>\n\t<meta property=\"og:image:type\" content=\"image\/jpeg\" \/>\n<meta name=\"twitter:card\" content=\"summary_large_image\" \/>\n<meta name=\"twitter:label1\" content=\"Tempo estimado de leitura\" \/>\n\t<meta name=\"twitter:data1\" content=\"1 minuto\" \/>\n<script type=\"application\/ld+json\" class=\"yoast-schema-graph\">{\"@context\":\"https:\\\/\\\/schema.org\",\"@graph\":[{\"@type\":\"WebPage\",\"@id\":\"https:\\\/\\\/labarraca1912.es\\\/tienda\\\/infusiones\\\/piramite-20-hibisco-frutos-rojos\\\/\",\"url\":\"https:\\\/\\\/labarraca1912.es\\\/tienda\\\/infusiones\\\/piramite-20-hibisco-frutos-rojos\\\/\",\"name\":\"PiramiT\u00e9 20 Hibisco con Frutos Rojos - La Barraca\",\"isPartOf\":{\"@id\":\"https:\\\/\\\/labarraca1912.es\\\/#website\"},\"primaryImageOfPage\":{\"@id\":\"https:\\\/\\\/labarraca1912.es\\\/tienda\\\/infusiones\\\/piramite-20-hibisco-frutos-rojos\\\/#primaryimage\"},\"image\":{\"@id\":\"https:\\\/\\\/labarraca1912.es\\\/tienda\\\/infusiones\\\/piramite-20-hibisco-frutos-rojos\\\/#primaryimage\"},\"thumbnailUrl\":\"https:\\\/\\\/labarraca1912.es\\\/wp-content\\\/uploads\\\/2021\\\/11\\\/PiramiTe-20-Hibisco-con-Frutos-Rojos-scaled.jpg\",\"datePublished\":\"2024-11-22T11:54:21+00:00\",\"dateModified\":\"2026-03-09T07:49:32+00:00\",\"description\":\"Infusi\u00f3n de Hibisco con Frutos Rojo, de color rojizo y sabor intenso, utilizada como t\u00e9, con agua o leche caliente, bebidas fr\u00edas o con frutas.\",\"breadcrumb\":{\"@id\":\"https:\\\/\\\/labarraca1912.es\\\/tienda\\\/infusiones\\\/piramite-20-hibisco-frutos-rojos\\\/#breadcrumb\"},\"inLanguage\":\"pt-PT\",\"potentialAction\":[{\"@type\":\"ReadAction\",\"target\":[\"https:\\\/\\\/labarraca1912.es\\\/tienda\\\/infusiones\\\/piramite-20-hibisco-frutos-rojos\\\/\"]}]},{\"@type\":\"ImageObject\",\"inLanguage\":\"pt-PT\",\"@id\":\"https:\\\/\\\/labarraca1912.es\\\/tienda\\\/infusiones\\\/piramite-20-hibisco-frutos-rojos\\\/#primaryimage\",\"url\":\"https:\\\/\\\/labarraca1912.es\\\/wp-content\\\/uploads\\\/2021\\\/11\\\/PiramiTe-20-Hibisco-con-Frutos-Rojos-scaled.jpg\",\"contentUrl\":\"https:\\\/\\\/labarraca1912.es\\\/wp-content\\\/uploads\\\/2021\\\/11\\\/PiramiTe-20-Hibisco-con-Frutos-Rojos-scaled.jpg\",\"width\":1920,\"height\":2560},{\"@type\":\"BreadcrumbList\",\"@id\":\"https:\\\/\\\/labarraca1912.es\\\/tienda\\\/infusiones\\\/piramite-20-hibisco-frutos-rojos\\\/#breadcrumb\",\"itemListElement\":[{\"@type\":\"ListItem\",\"position\":1,\"name\":\"La Barraca\",\"item\":\"https:\\\/\\\/labarraca1912.es\\\/\"},{\"@type\":\"ListItem\",\"position\":2,\"name\":\"Tienda\",\"item\":\"https:\\\/\\\/labarraca1912.es\\\/tienda\\\/\"},{\"@type\":\"ListItem\",\"position\":3,\"name\":\"PiramiT\u00e9 20 Hibisco con Frutos Rojos\"}]},{\"@type\":\"WebSite\",\"@id\":\"https:\\\/\\\/labarraca1912.es\\\/#website\",\"url\":\"https:\\\/\\\/labarraca1912.es\\\/\",\"name\":\"La Barraca\",\"description\":\"La Casa del Sabor\",\"publisher\":{\"@id\":\"https:\\\/\\\/labarraca1912.es\\\/#organization\"},\"potentialAction\":[{\"@type\":\"SearchAction\",\"target\":{\"@type\":\"EntryPoint\",\"urlTemplate\":\"https:\\\/\\\/labarraca1912.es\\\/?s={search_term_string}\"},\"query-input\":{\"@type\":\"PropertyValueSpecification\",\"valueRequired\":true,\"valueName\":\"search_term_string\"}}],\"inLanguage\":\"pt-PT\"},{\"@type\":\"Organization\",\"@id\":\"https:\\\/\\\/labarraca1912.es\\\/#organization\",\"name\":\"La Barraca 1912 Alimentacion\",\"url\":\"https:\\\/\\\/labarraca1912.es\\\/\",\"logo\":{\"@type\":\"ImageObject\",\"inLanguage\":\"pt-PT\",\"@id\":\"https:\\\/\\\/labarraca1912.es\\\/#\\\/schema\\\/logo\\\/image\\\/\",\"url\":\"https:\\\/\\\/labarraca1912.es\\\/wp-content\\\/uploads\\\/2019\\\/06\\\/logo-labarraca.png\",\"contentUrl\":\"https:\\\/\\\/labarraca1912.es\\\/wp-content\\\/uploads\\\/2019\\\/06\\\/logo-labarraca.png\",\"width\":2917,\"height\":1809,\"caption\":\"La Barraca 1912 Alimentacion\"},\"image\":{\"@id\":\"https:\\\/\\\/labarraca1912.es\\\/#\\\/schema\\\/logo\\\/image\\\/\"}}]}<\/script>\n<!-- \/ Yoast SEO plugin. -->","yoast_head_json":{"title":"PiramiT\u00e9 20 Hibisco con Frutos Rojos - La Barraca","description":"Infusi\u00f3n de Hibisco con Frutos Rojo, de color rojizo y sabor intenso, utilizada como t\u00e9, con agua o leche caliente, bebidas fr\u00edas o con frutas.","robots":{"index":"index","follow":"follow","max-snippet":"max-snippet:-1","max-image-preview":"max-image-preview:large","max-video-preview":"max-video-preview:-1"},"canonical":"https:\/\/labarraca1912.es\/pt\/tienda\/infusiones\/piramite-20-hibisco-frutos-rojos\/","og_locale":"pt_PT","og_type":"article","og_title":"PiramiT\u00e9 20 Hibisco con Frutos Rojos - La Barraca","og_description":"Infusi\u00f3n de Hibisco con Frutos Rojo, de color rojizo y sabor intenso, utilizada como t\u00e9, con agua o leche caliente, bebidas fr\u00edas o con frutas.","og_url":"https:\/\/labarraca1912.es\/pt\/tienda\/infusiones\/piramite-20-hibisco-frutos-rojos\/","og_site_name":"La Barraca","article_modified_time":"2026-03-09T07:49:32+00:00","og_image":[{"width":1920,"height":2560,"url":"https:\/\/labarraca1912.es\/wp-content\/uploads\/2021\/11\/PiramiTe-20-Hibisco-con-Frutos-Rojos-scaled.jpg","type":"image\/jpeg"}],"twitter_card":"summary_large_image","twitter_misc":{"Tempo estimado de leitura":"1 minuto"},"schema":{"@context":"https:\/\/schema.org","@graph":[{"@type":"WebPage","@id":"https:\/\/labarraca1912.es\/tienda\/infusiones\/piramite-20-hibisco-frutos-rojos\/","url":"https:\/\/labarraca1912.es\/tienda\/infusiones\/piramite-20-hibisco-frutos-rojos\/","name":"PiramiT\u00e9 20 Hibisco con Frutos Rojos - La Barraca","isPartOf":{"@id":"https:\/\/labarraca1912.es\/#website"},"primaryImageOfPage":{"@id":"https:\/\/labarraca1912.es\/tienda\/infusiones\/piramite-20-hibisco-frutos-rojos\/#primaryimage"},"image":{"@id":"https:\/\/labarraca1912.es\/tienda\/infusiones\/piramite-20-hibisco-frutos-rojos\/#primaryimage"},"thumbnailUrl":"https:\/\/labarraca1912.es\/wp-content\/uploads\/2021\/11\/PiramiTe-20-Hibisco-con-Frutos-Rojos-scaled.jpg","datePublished":"2024-11-22T11:54:21+00:00","dateModified":"2026-03-09T07:49:32+00:00","description":"Infusi\u00f3n de Hibisco con Frutos Rojo, de color rojizo y sabor intenso, utilizada como t\u00e9, con agua o leche caliente, bebidas fr\u00edas o con frutas.","breadcrumb":{"@id":"https:\/\/labarraca1912.es\/tienda\/infusiones\/piramite-20-hibisco-frutos-rojos\/#breadcrumb"},"inLanguage":"pt-PT","potentialAction":[{"@type":"ReadAction","target":["https:\/\/labarraca1912.es\/tienda\/infusiones\/piramite-20-hibisco-frutos-rojos\/"]}]},{"@type":"ImageObject","inLanguage":"pt-PT","@id":"https:\/\/labarraca1912.es\/tienda\/infusiones\/piramite-20-hibisco-frutos-rojos\/#primaryimage","url":"https:\/\/labarraca1912.es\/wp-content\/uploads\/2021\/11\/PiramiTe-20-Hibisco-con-Frutos-Rojos-scaled.jpg","contentUrl":"https:\/\/labarraca1912.es\/wp-content\/uploads\/2021\/11\/PiramiTe-20-Hibisco-con-Frutos-Rojos-scaled.jpg","width":1920,"height":2560},{"@type":"BreadcrumbList","@id":"https:\/\/labarraca1912.es\/tienda\/infusiones\/piramite-20-hibisco-frutos-rojos\/#breadcrumb","itemListElement":[{"@type":"ListItem","position":1,"name":"La Barraca","item":"https:\/\/labarraca1912.es\/"},{"@type":"ListItem","position":2,"name":"Tienda","item":"https:\/\/labarraca1912.es\/tienda\/"},{"@type":"ListItem","position":3,"name":"PiramiT\u00e9 20 Hibisco con Frutos Rojos"}]},{"@type":"WebSite","@id":"https:\/\/labarraca1912.es\/#website","url":"https:\/\/labarraca1912.es\/","name":"La Barraca","description":"La Casa del Sabor","publisher":{"@id":"https:\/\/labarraca1912.es\/#organization"},"potentialAction":[{"@type":"SearchAction","target":{"@type":"EntryPoint","urlTemplate":"https:\/\/labarraca1912.es\/?s={search_term_string}"},"query-input":{"@type":"PropertyValueSpecification","valueRequired":true,"valueName":"search_term_string"}}],"inLanguage":"pt-PT"},{"@type":"Organization","@id":"https:\/\/labarraca1912.es\/#organization","name":"La Barraca 1912 Alimentacion","url":"https:\/\/labarraca1912.es\/","logo":{"@type":"ImageObject","inLanguage":"pt-PT","@id":"https:\/\/labarraca1912.es\/#\/schema\/logo\/image\/","url":"https:\/\/labarraca1912.es\/wp-content\/uploads\/2019\/06\/logo-labarraca.png","contentUrl":"https:\/\/labarraca1912.es\/wp-content\/uploads\/2019\/06\/logo-labarraca.png","width":2917,"height":1809,"caption":"La Barraca 1912 Alimentacion"},"image":{"@id":"https:\/\/labarraca1912.es\/#\/schema\/logo\/image\/"}}]}},"_links":{"self":[{"href":"https:\/\/labarraca1912.es\/pt\/wp-json\/wp\/v2\/product\/11547","targetHints":{"allow":["GET"]}}],"collection":[{"href":"https:\/\/labarraca1912.es\/pt\/wp-json\/wp\/v2\/product"}],"about":[{"href":"https:\/\/labarraca1912.es\/pt\/wp-json\/wp\/v2\/types\/product"}],"replies":[{"embeddable":true,"href":"https:\/\/labarraca1912.es\/pt\/wp-json\/wp\/v2\/comments?post=11547"}],"wp:featuredmedia":[{"embeddable":true,"href":"https:\/\/labarraca1912.es\/pt\/wp-json\/wp\/v2\/media\/7315"}],"wp:attachment":[{"href":"https:\/\/labarraca1912.es\/pt\/wp-json\/wp\/v2\/media?parent=11547"}],"wp:term":[{"taxonomy":"product_brand","embeddable":true,"href":"https:\/\/labarraca1912.es\/pt\/wp-json\/wp\/v2\/product_brand?post=11547"},{"taxonomy":"product_cat","embeddable":true,"href":"https:\/\/labarraca1912.es\/pt\/wp-json\/wp\/v2\/product_cat?post=11547"},{"taxonomy":"product_tag","embeddable":true,"href":"https:\/\/labarraca1912.es\/pt\/wp-json\/wp\/v2\/product_tag?post=11547"}],"curies":[{"name":"wp","href":"https:\/\/api.w.org\/{rel}","templated":true}]}}