{"id":11666,"date":"2024-12-16T09:11:35","date_gmt":"2024-12-16T08:11:35","guid":{"rendered":"https:\/\/labarraca1912.es\/?post_type=product&#038;p=11666"},"modified":"2026-04-20T12:58:23","modified_gmt":"2026-04-20T10:58:23","slug":"nuez-moscada-molida","status":"publish","type":"product","link":"https:\/\/labarraca1912.es\/pt\/tienda\/especias-y-condimentos\/nuez-moscada-molida\/","title":{"rendered":"Noz Moscada Mo\u00edda"},"content":{"rendered":"<p>NOZ MOSCADA MO\u00cdDA: Semente ou noz do fruto maduro e seco da Myristicafragans, de forma oval, de cor castanha acinzentada e com superf\u00edcie lisa ao tato.<\/p>\n<p><strong>Noz Moscada Mo\u00edda: <\/strong>Especiaria utilizada na culin\u00e1ria, aperitivos, carnes, molhos, ovos e especialmente indicada em guisados \u200b\u200bde frango. Para molhos, como o bechamel. Deve ser utilizado com cautela pois o seu sabor \u00e9 muito poderoso.<\/p>","protected":false},"excerpt":{"rendered":"<blockquote>\n<h2><strong>Noz Moscada Mo\u00edda<\/strong><\/h2>\n<\/blockquote>\n<p><img decoding=\"async\" class=\"alignnone wp-image-10937\" src=\"https:\/\/labarraca1912.es\/wp-content\/uploads\/glutenfree.jpg\" alt=\"\" width=\"203\" height=\"35\" \/><\/p>\n<p>Semente ou noz do fruto maduro e seco da Myristicafragans, de forma oval, de cor castanha acinzentada e com superf\u00edcie lisa ao tato. Especiaria utilizada na culin\u00e1ria, aperitivos, carnes, molhos, ovos e especialmente indicada em guisados \u200b\u200bde frango. Para molhos, como o bechamel. Deve ser utilizado com cautela pois o seu sabor \u00e9 muito poderoso.<\/p>\n<p><em><strong>Ingredientes:<\/strong><\/em> Noz moscada mo\u00edda.<\/p>","protected":false},"featured_media":11671,"comment_status":"open","ping_status":"closed","template":"","meta":{"_et_pb_use_builder":"","_et_pb_old_content":"","_et_gb_content_width":""},"product_brand":[],"product_cat":[19],"product_tag":[301,302,105,299,300,93,186],"class_list":{"0":"post-11666","1":"product","2":"type-product","3":"status-publish","4":"has-post-thumbnail","6":"product_cat-especias-y-condimentos","7":"product_tag-bechamel","8":"product_tag-croquetas","9":"product_tag-guisos","10":"product_tag-nuez","11":"product_tag-nuez-moscada","12":"product_tag-pollo","13":"product_tag-salsa","15":"first","16":"instock","17":"taxable","18":"shipping-taxable","19":"purchasable","20":"product-type-variable"},"yoast_head":"<!-- This site is optimized with the Yoast SEO plugin v27.4 - https:\/\/yoast.com\/product\/yoast-seo-wordpress\/ -->\n<title>Comprar Nuez Moscada Molida | La Barraca<\/title>\n<meta name=\"description\" content=\"Comprar nuez moscada molida, especia ideal para guisos, carnes, salsas, huevos y bechamel. Potente sabor para dar un toque especial a tus recetas.\" \/>\n<meta name=\"robots\" content=\"index, follow, max-snippet:-1, max-image-preview:large, max-video-preview:-1\" \/>\n<link rel=\"canonical\" href=\"https:\/\/labarraca1912.es\/pt\/tienda\/especias-y-condimentos\/nuez-moscada-molida\/\" \/>\n<meta property=\"og:locale\" content=\"pt_PT\" \/>\n<meta property=\"og:type\" content=\"article\" \/>\n<meta property=\"og:title\" content=\"Comprar Nuez Moscada Molida | La Barraca\" \/>\n<meta property=\"og:description\" content=\"Comprar nuez moscada molida, especia ideal para guisos, carnes, salsas, huevos y bechamel. Potente sabor para dar un toque especial a tus recetas.\" \/>\n<meta property=\"og:url\" content=\"https:\/\/labarraca1912.es\/pt\/tienda\/especias-y-condimentos\/nuez-moscada-molida\/\" \/>\n<meta property=\"og:site_name\" content=\"La Barraca\" \/>\n<meta property=\"article:modified_time\" content=\"2026-04-20T10:58:23+00:00\" \/>\n<meta property=\"og:image\" content=\"https:\/\/labarraca1912.es\/wp-content\/uploads\/nuezmoscadamolidabm2024.jpg\" \/>\n\t<meta property=\"og:image:width\" content=\"800\" \/>\n\t<meta property=\"og:image:height\" content=\"800\" \/>\n\t<meta property=\"og:image:type\" content=\"image\/jpeg\" \/>\n<meta name=\"twitter:card\" content=\"summary_large_image\" \/>\n<meta name=\"twitter:label1\" content=\"Tempo estimado de leitura\" \/>\n\t<meta name=\"twitter:data1\" content=\"1 minuto\" \/>\n<script type=\"application\/ld+json\" class=\"yoast-schema-graph\">{\"@context\":\"https:\\\/\\\/schema.org\",\"@graph\":[{\"@type\":\"WebPage\",\"@id\":\"https:\\\/\\\/labarraca1912.es\\\/tienda\\\/especias-y-condimentos\\\/nuez-moscada-molida\\\/\",\"url\":\"https:\\\/\\\/labarraca1912.es\\\/tienda\\\/especias-y-condimentos\\\/nuez-moscada-molida\\\/\",\"name\":\"Comprar Nuez Moscada Molida | La Barraca\",\"isPartOf\":{\"@id\":\"https:\\\/\\\/labarraca1912.es\\\/#website\"},\"primaryImageOfPage\":{\"@id\":\"https:\\\/\\\/labarraca1912.es\\\/tienda\\\/especias-y-condimentos\\\/nuez-moscada-molida\\\/#primaryimage\"},\"image\":{\"@id\":\"https:\\\/\\\/labarraca1912.es\\\/tienda\\\/especias-y-condimentos\\\/nuez-moscada-molida\\\/#primaryimage\"},\"thumbnailUrl\":\"https:\\\/\\\/labarraca1912.es\\\/wp-content\\\/uploads\\\/nuezmoscadamolidabm2024.jpg\",\"datePublished\":\"2024-12-16T08:11:35+00:00\",\"dateModified\":\"2026-04-20T10:58:23+00:00\",\"description\":\"Comprar nuez moscada molida, especia ideal para guisos, carnes, salsas, huevos y bechamel. Potente sabor para dar un toque especial a tus recetas.\",\"breadcrumb\":{\"@id\":\"https:\\\/\\\/labarraca1912.es\\\/tienda\\\/especias-y-condimentos\\\/nuez-moscada-molida\\\/#breadcrumb\"},\"inLanguage\":\"pt-PT\",\"potentialAction\":[{\"@type\":\"ReadAction\",\"target\":[\"https:\\\/\\\/labarraca1912.es\\\/tienda\\\/especias-y-condimentos\\\/nuez-moscada-molida\\\/\"]}]},{\"@type\":\"ImageObject\",\"inLanguage\":\"pt-PT\",\"@id\":\"https:\\\/\\\/labarraca1912.es\\\/tienda\\\/especias-y-condimentos\\\/nuez-moscada-molida\\\/#primaryimage\",\"url\":\"https:\\\/\\\/labarraca1912.es\\\/wp-content\\\/uploads\\\/nuezmoscadamolidabm2024.jpg\",\"contentUrl\":\"https:\\\/\\\/labarraca1912.es\\\/wp-content\\\/uploads\\\/nuezmoscadamolidabm2024.jpg\",\"width\":800,\"height\":800},{\"@type\":\"BreadcrumbList\",\"@id\":\"https:\\\/\\\/labarraca1912.es\\\/tienda\\\/especias-y-condimentos\\\/nuez-moscada-molida\\\/#breadcrumb\",\"itemListElement\":[{\"@type\":\"ListItem\",\"position\":1,\"name\":\"La Barraca\",\"item\":\"https:\\\/\\\/labarraca1912.es\\\/\"},{\"@type\":\"ListItem\",\"position\":2,\"name\":\"Tienda\",\"item\":\"https:\\\/\\\/labarraca1912.es\\\/tienda\\\/\"},{\"@type\":\"ListItem\",\"position\":3,\"name\":\"Nuez Moscada Molida\"}]},{\"@type\":\"WebSite\",\"@id\":\"https:\\\/\\\/labarraca1912.es\\\/#website\",\"url\":\"https:\\\/\\\/labarraca1912.es\\\/\",\"name\":\"La Barraca\",\"description\":\"La Casa del Sabor\",\"publisher\":{\"@id\":\"https:\\\/\\\/labarraca1912.es\\\/#organization\"},\"potentialAction\":[{\"@type\":\"SearchAction\",\"target\":{\"@type\":\"EntryPoint\",\"urlTemplate\":\"https:\\\/\\\/labarraca1912.es\\\/?s={search_term_string}\"},\"query-input\":{\"@type\":\"PropertyValueSpecification\",\"valueRequired\":true,\"valueName\":\"search_term_string\"}}],\"inLanguage\":\"pt-PT\"},{\"@type\":\"Organization\",\"@id\":\"https:\\\/\\\/labarraca1912.es\\\/#organization\",\"name\":\"La Barraca 1912 Alimentacion\",\"url\":\"https:\\\/\\\/labarraca1912.es\\\/\",\"logo\":{\"@type\":\"ImageObject\",\"inLanguage\":\"pt-PT\",\"@id\":\"https:\\\/\\\/labarraca1912.es\\\/#\\\/schema\\\/logo\\\/image\\\/\",\"url\":\"https:\\\/\\\/labarraca1912.es\\\/wp-content\\\/uploads\\\/2019\\\/06\\\/logo-labarraca.png\",\"contentUrl\":\"https:\\\/\\\/labarraca1912.es\\\/wp-content\\\/uploads\\\/2019\\\/06\\\/logo-labarraca.png\",\"width\":2917,\"height\":1809,\"caption\":\"La Barraca 1912 Alimentacion\"},\"image\":{\"@id\":\"https:\\\/\\\/labarraca1912.es\\\/#\\\/schema\\\/logo\\\/image\\\/\"}}]}<\/script>\n<!-- \/ Yoast SEO plugin. -->","yoast_head_json":{"title":"Comprar Nuez Moscada Molida | La Barraca","description":"Comprar nuez moscada molida, especia ideal para guisos, carnes, salsas, huevos y bechamel. Potente sabor para dar un toque especial a tus recetas.","robots":{"index":"index","follow":"follow","max-snippet":"max-snippet:-1","max-image-preview":"max-image-preview:large","max-video-preview":"max-video-preview:-1"},"canonical":"https:\/\/labarraca1912.es\/pt\/tienda\/especias-y-condimentos\/nuez-moscada-molida\/","og_locale":"pt_PT","og_type":"article","og_title":"Comprar Nuez Moscada Molida | La Barraca","og_description":"Comprar nuez moscada molida, especia ideal para guisos, carnes, salsas, huevos y bechamel. Potente sabor para dar un toque especial a tus recetas.","og_url":"https:\/\/labarraca1912.es\/pt\/tienda\/especias-y-condimentos\/nuez-moscada-molida\/","og_site_name":"La Barraca","article_modified_time":"2026-04-20T10:58:23+00:00","og_image":[{"width":800,"height":800,"url":"https:\/\/labarraca1912.es\/wp-content\/uploads\/nuezmoscadamolidabm2024.jpg","type":"image\/jpeg"}],"twitter_card":"summary_large_image","twitter_misc":{"Tempo estimado de leitura":"1 minuto"},"schema":{"@context":"https:\/\/schema.org","@graph":[{"@type":"WebPage","@id":"https:\/\/labarraca1912.es\/tienda\/especias-y-condimentos\/nuez-moscada-molida\/","url":"https:\/\/labarraca1912.es\/tienda\/especias-y-condimentos\/nuez-moscada-molida\/","name":"Comprar Nuez Moscada Molida | La Barraca","isPartOf":{"@id":"https:\/\/labarraca1912.es\/#website"},"primaryImageOfPage":{"@id":"https:\/\/labarraca1912.es\/tienda\/especias-y-condimentos\/nuez-moscada-molida\/#primaryimage"},"image":{"@id":"https:\/\/labarraca1912.es\/tienda\/especias-y-condimentos\/nuez-moscada-molida\/#primaryimage"},"thumbnailUrl":"https:\/\/labarraca1912.es\/wp-content\/uploads\/nuezmoscadamolidabm2024.jpg","datePublished":"2024-12-16T08:11:35+00:00","dateModified":"2026-04-20T10:58:23+00:00","description":"Comprar nuez moscada molida, especia ideal para guisos, carnes, salsas, huevos y bechamel. Potente sabor para dar un toque especial a tus recetas.","breadcrumb":{"@id":"https:\/\/labarraca1912.es\/tienda\/especias-y-condimentos\/nuez-moscada-molida\/#breadcrumb"},"inLanguage":"pt-PT","potentialAction":[{"@type":"ReadAction","target":["https:\/\/labarraca1912.es\/tienda\/especias-y-condimentos\/nuez-moscada-molida\/"]}]},{"@type":"ImageObject","inLanguage":"pt-PT","@id":"https:\/\/labarraca1912.es\/tienda\/especias-y-condimentos\/nuez-moscada-molida\/#primaryimage","url":"https:\/\/labarraca1912.es\/wp-content\/uploads\/nuezmoscadamolidabm2024.jpg","contentUrl":"https:\/\/labarraca1912.es\/wp-content\/uploads\/nuezmoscadamolidabm2024.jpg","width":800,"height":800},{"@type":"BreadcrumbList","@id":"https:\/\/labarraca1912.es\/tienda\/especias-y-condimentos\/nuez-moscada-molida\/#breadcrumb","itemListElement":[{"@type":"ListItem","position":1,"name":"La Barraca","item":"https:\/\/labarraca1912.es\/"},{"@type":"ListItem","position":2,"name":"Tienda","item":"https:\/\/labarraca1912.es\/tienda\/"},{"@type":"ListItem","position":3,"name":"Nuez Moscada Molida"}]},{"@type":"WebSite","@id":"https:\/\/labarraca1912.es\/#website","url":"https:\/\/labarraca1912.es\/","name":"La Barraca","description":"La Casa del Sabor","publisher":{"@id":"https:\/\/labarraca1912.es\/#organization"},"potentialAction":[{"@type":"SearchAction","target":{"@type":"EntryPoint","urlTemplate":"https:\/\/labarraca1912.es\/?s={search_term_string}"},"query-input":{"@type":"PropertyValueSpecification","valueRequired":true,"valueName":"search_term_string"}}],"inLanguage":"pt-PT"},{"@type":"Organization","@id":"https:\/\/labarraca1912.es\/#organization","name":"La Barraca 1912 Alimentacion","url":"https:\/\/labarraca1912.es\/","logo":{"@type":"ImageObject","inLanguage":"pt-PT","@id":"https:\/\/labarraca1912.es\/#\/schema\/logo\/image\/","url":"https:\/\/labarraca1912.es\/wp-content\/uploads\/2019\/06\/logo-labarraca.png","contentUrl":"https:\/\/labarraca1912.es\/wp-content\/uploads\/2019\/06\/logo-labarraca.png","width":2917,"height":1809,"caption":"La Barraca 1912 Alimentacion"},"image":{"@id":"https:\/\/labarraca1912.es\/#\/schema\/logo\/image\/"}}]}},"_links":{"self":[{"href":"https:\/\/labarraca1912.es\/pt\/wp-json\/wp\/v2\/product\/11666","targetHints":{"allow":["GET"]}}],"collection":[{"href":"https:\/\/labarraca1912.es\/pt\/wp-json\/wp\/v2\/product"}],"about":[{"href":"https:\/\/labarraca1912.es\/pt\/wp-json\/wp\/v2\/types\/product"}],"replies":[{"embeddable":true,"href":"https:\/\/labarraca1912.es\/pt\/wp-json\/wp\/v2\/comments?post=11666"}],"wp:featuredmedia":[{"embeddable":true,"href":"https:\/\/labarraca1912.es\/pt\/wp-json\/wp\/v2\/media\/11671"}],"wp:attachment":[{"href":"https:\/\/labarraca1912.es\/pt\/wp-json\/wp\/v2\/media?parent=11666"}],"wp:term":[{"taxonomy":"product_brand","embeddable":true,"href":"https:\/\/labarraca1912.es\/pt\/wp-json\/wp\/v2\/product_brand?post=11666"},{"taxonomy":"product_cat","embeddable":true,"href":"https:\/\/labarraca1912.es\/pt\/wp-json\/wp\/v2\/product_cat?post=11666"},{"taxonomy":"product_tag","embeddable":true,"href":"https:\/\/labarraca1912.es\/pt\/wp-json\/wp\/v2\/product_tag?post=11666"}],"curies":[{"name":"wp","href":"https:\/\/api.w.org\/{rel}","templated":true}]}}