{"id":119,"date":"2019-06-28T08:36:09","date_gmt":"2019-06-28T06:36:09","guid":{"rendered":"https:\/\/labarraca1912.es\/?post_type=product&#038;p=119"},"modified":"2026-04-26T11:07:15","modified_gmt":"2026-04-26T09:07:15","slug":"kit-paella","status":"publish","type":"product","link":"https:\/\/labarraca1912.es\/pt\/tienda\/productos-paella\/kit-paella\/","title":{"rendered":"Kit Paella"},"content":{"rendered":"<p>KIT PAELLA: Pack composto por uma panela de paella esmaltada 32cm, 100ml de azeite virgem extra, uma caixa de 3 saquetas de tempero para paella com a\u00e7afr\u00e3o e 500g de arroz. Com este magn\u00edfico pack poder\u00e1 fazer uma paella de uma forma simples e c\u00f3moda, j\u00e1 que colocamos \u00e0 sua disposi\u00e7\u00e3o a base para fazer uma paella.<\/p>\n<p><strong>Tempero Paella com A\u00e7afr\u00e3o:<\/strong>\u00a0Tempero composto por uma mistura de especiarias mo\u00eddas e a\u00e7afr\u00e3o, formulado expressamente para a prepara\u00e7\u00e3o de paellas e arroz.<\/p>\n<p><strong>Azeite:<\/strong> Azeite virgem extra.<\/p>\n<p><strong>Arroz:<\/strong> Arroz, hecho expresamente para la elaboraci\u00f3n de paellas.<\/p>\n<h5><strong>INSTRU\u00c7\u00d5ES DE UTILIZA\u00c7\u00c3O:<\/strong><\/h5>\n<p><strong>Ingredientes:<\/strong> 500g de peixe\/marisco ou carne (porco magro, frango), 1 pimento, 3 dentes de alho, folhas de salsa, 1 tomate, 400g de arroz, 1,2 litros de \u00e1gua, 100g de legumes e vegetais, 100ml de azeite virgem extra e 1 saqueta de Tempero para Paella de A\u00e7afr\u00e3o LA BARRACA.<\/p>\n<p><strong>Prepara\u00e7\u00e3o:<\/strong> Aque\u00e7a o azeite virgem extra na panela de paella, adicione as tiras de pimento e frite at\u00e9 come\u00e7arem a amolecer. Reserve-os e reserve para decorar. Frite os peda\u00e7os de peixe ou carne em lume m\u00e9dio at\u00e9 ficarem dourados, adicione o tomate esmagado, o alho e a salsa. Adicione tamb\u00e9m as leguminosas e os legumes e misture tudo bem. Adicione a \u00e1gua e quando ferver adicione o arroz, distribuindo uniformemente sobre a forma de paella, adicionando tamb\u00e9m uma saqueta de Tempero para Paella com A\u00e7afr\u00e3o LA BARRACA, tempere com sal a seu gosto e decore com as tiras de pimenta que reserv\u00e1mos. Cozinhe durante cerca de 20 minutos, desligue o lume, tape a panela de paella e deixe repousar durante 5 minutos antes de servir.<\/p>\n<p><em>Calcular una parte de arroz por tres partes de agua &#8211; 25ml de aceite de oliva virgen extra cada 100g de arroz. &#8211; El fuego debe estar repartido de modo uniforme por toda la base de la paellera. <strong>Tempo de prepara\u00e7\u00e3o:<\/strong> 15 minutos. <strong>Tempo de cozedura:<\/strong> 30 minutos.<\/em><\/p>\n<p>&nbsp;<\/p>","protected":false},"excerpt":{"rendered":"<blockquote>\n<h2><strong>Kit Paella<\/strong><\/h2>\n<\/blockquote>\n<p><img decoding=\"async\" class=\"alignnone wp-image-10937\" src=\"https:\/\/labarraca1912.es\/wp-content\/uploads\/glutenfree.jpg\" alt=\"\" width=\"203\" height=\"35\" \/><\/p>\n<p>Pack composto por uma panela de paella esmaltada 32cm, 100ml de azeite virgem extra, uma caixa de 3 saquetas de tempero para paella com a\u00e7afr\u00e3o e 500g de arroz. Com este magn\u00edfico pack poder\u00e1 fazer uma paella de uma forma simples e c\u00f3moda, j\u00e1 que colocamos \u00e0 sua disposi\u00e7\u00e3o a base para fazer uma paella.<\/p>\n<p><strong><em>*Paella n\u00e3o \u00e9 v\u00e1lida para utiliza\u00e7\u00e3o em fog\u00e3o de cer\u00e2mica ou indu\u00e7\u00e3o, utilize apenas com chama, seja a lenha ou a g\u00e1s.<\/em><\/strong><\/p>\n<p><em><strong>PACK COMPOSTO POR:<\/strong><\/em><\/p>\n<ul>\n<li><strong>Panela de paella esmaltada 32cm<\/strong><\/li>\n<li><strong>Livro de receitas<\/strong><\/li>\n<li><strong>Caixa 3 saquetas Tempero Paella com A\u00e7afra\u00f5 9g (3x3g)<\/strong>\n<ul>\n<li><strong><em>Ingredientes: <\/em><\/strong>Corante alimentar (farinha de milho, sal e corante: Tartrazina E-102), tomilho, alecrim, pimenta preta, piment\u00e3o doce ess\u00eancia, cravinho, noz-moscada e a\u00e7afr\u00e3o mo\u00eddo (2%). Pode conter vest\u00edgios de <strong>SOJA<\/strong>. \u201c<strong>E-102<\/strong>: pode ter efeitos negativos na atividade e aten\u00e7\u00e3o das crian\u00e7as.\u201d<\/li>\n<li><strong><em>Informa\u00e7\u00e3o nutricional. Valores m\u00e9dios por 100g de produto: <\/em><\/strong>Valor Energ\u00e9tico: 1112 kJ\/263 kcal. Gorduras: 2g. Das quais saturadas: 1g. Carboidratos: 45g. Dos quais a\u00e7\u00facares: 1g. Prote\u00ednas: 12g. Sal: 15,5g.<\/li>\n<\/ul>\n<\/li>\n<li><strong>Arroz 500g <\/strong>\n<ul>\n<li><em><strong>Ingredientes:<\/strong><\/em> Arroz redondo.<\/li>\n<li><strong><em>Informa\u00e7\u00e3o nutricional. Valores m\u00e9dios por 100g de produto: <\/em><\/strong>Valor Energ\u00e9tico: 1472 kJ\/347 kcal. Gorduras: 0,53g. Das quais saturadas: &lt;0,10g. Carboidratos: 77,90g. Dos quais a\u00e7\u00facares: 0,28g. Prote\u00ednas: 6,9g. Sal: &lt;0,01g.<\/li>\n<\/ul>\n<\/li>\n<li><strong>Azeite Virgem Extra 100ml<\/strong>\n<ul>\n<li><em><strong>Ingredientes:<\/strong><\/em> Azeite virgem extra.<\/li>\n<li><strong><em>Informa\u00e7\u00e3o nutricional. Valores m\u00e9dios por 100g de produto seco (no cozinhado): <\/em><\/strong>Valor Energ\u00e9tico: 3700 kJ\/900 kcal. Gorduras: 100g. Das quais saturadas: 15g. Carboidratos: 0g. Dos quais a\u00e7\u00facares: 0g. Prote\u00ednas: 0g. Sal: 0,01g.<\/li>\n<\/ul>\n<\/li>\n<\/ul>","protected":false},"featured_media":12645,"comment_status":"open","ping_status":"closed","template":"","meta":{"_et_pb_use_builder":"","_et_pb_old_content":"","_et_gb_content_width":""},"product_brand":[],"product_cat":[122],"product_tag":[39,35,38,36,40,37],"class_list":{"0":"post-119","1":"product","2":"type-product","3":"status-publish","4":"has-post-thumbnail","6":"product_cat-productos-paella","7":"product_tag-arroz","8":"product_tag-azafran","9":"product_tag-colorante","10":"product_tag-paella","11":"product_tag-pimenton","12":"product_tag-saffron","14":"first","15":"instock","16":"featured","17":"taxable","18":"shipping-taxable","19":"purchasable","20":"product-type-simple"},"yoast_head":"<!-- This site is optimized with the Yoast SEO plugin v27.4 - https:\/\/yoast.com\/product\/yoast-seo-wordpress\/ -->\n<title>Comprar Kit Paella con paellera y arroz | La Barraca<\/title>\n<meta name=\"description\" content=\"Kit Paella con paellera esmaltada, arroz 500g y sazonador con azafr\u00e1n para preparar paellas aut\u00e9nticas f\u00e1cilmente en casa.\" \/>\n<meta name=\"robots\" content=\"index, follow, max-snippet:-1, max-image-preview:large, max-video-preview:-1\" \/>\n<link rel=\"canonical\" href=\"https:\/\/labarraca1912.es\/pt\/tienda\/productos-paella\/kit-paella\/\" \/>\n<meta property=\"og:locale\" content=\"pt_PT\" \/>\n<meta property=\"og:type\" content=\"article\" \/>\n<meta property=\"og:title\" content=\"Comprar Kit Paella con paellera y arroz | La Barraca\" \/>\n<meta property=\"og:description\" content=\"Kit Paella con paellera esmaltada, arroz 500g y sazonador con azafr\u00e1n para preparar paellas aut\u00e9nticas f\u00e1cilmente en casa.\" \/>\n<meta property=\"og:url\" content=\"https:\/\/labarraca1912.es\/pt\/tienda\/productos-paella\/kit-paella\/\" \/>\n<meta property=\"og:site_name\" content=\"La Barraca\" \/>\n<meta property=\"article:modified_time\" content=\"2026-04-26T09:07:15+00:00\" \/>\n<meta property=\"og:image\" content=\"https:\/\/labarraca1912.es\/wp-content\/uploads\/kitpaella2025.jpg\" \/>\n\t<meta property=\"og:image:width\" content=\"800\" \/>\n\t<meta property=\"og:image:height\" content=\"800\" \/>\n\t<meta property=\"og:image:type\" content=\"image\/jpeg\" \/>\n<meta name=\"twitter:card\" content=\"summary_large_image\" \/>\n<meta name=\"twitter:label1\" content=\"Tempo estimado de leitura\" \/>\n\t<meta name=\"twitter:data1\" content=\"2 minutos\" \/>\n<script type=\"application\/ld+json\" class=\"yoast-schema-graph\">{\"@context\":\"https:\\\/\\\/schema.org\",\"@graph\":[{\"@type\":\"WebPage\",\"@id\":\"https:\\\/\\\/labarraca1912.es\\\/tienda\\\/productos-paella\\\/kit-paella\\\/\",\"url\":\"https:\\\/\\\/labarraca1912.es\\\/tienda\\\/productos-paella\\\/kit-paella\\\/\",\"name\":\"Comprar Kit Paella con paellera y arroz | La Barraca\",\"isPartOf\":{\"@id\":\"https:\\\/\\\/labarraca1912.es\\\/#website\"},\"primaryImageOfPage\":{\"@id\":\"https:\\\/\\\/labarraca1912.es\\\/tienda\\\/productos-paella\\\/kit-paella\\\/#primaryimage\"},\"image\":{\"@id\":\"https:\\\/\\\/labarraca1912.es\\\/tienda\\\/productos-paella\\\/kit-paella\\\/#primaryimage\"},\"thumbnailUrl\":\"https:\\\/\\\/labarraca1912.es\\\/wp-content\\\/uploads\\\/kitpaella2025.jpg\",\"datePublished\":\"2019-06-28T06:36:09+00:00\",\"dateModified\":\"2026-04-26T09:07:15+00:00\",\"description\":\"Kit Paella con paellera esmaltada, arroz 500g y sazonador con azafr\u00e1n para preparar paellas aut\u00e9nticas f\u00e1cilmente en casa.\",\"breadcrumb\":{\"@id\":\"https:\\\/\\\/labarraca1912.es\\\/tienda\\\/productos-paella\\\/kit-paella\\\/#breadcrumb\"},\"inLanguage\":\"pt-PT\",\"potentialAction\":[{\"@type\":\"ReadAction\",\"target\":[\"https:\\\/\\\/labarraca1912.es\\\/tienda\\\/productos-paella\\\/kit-paella\\\/\"]}]},{\"@type\":\"ImageObject\",\"inLanguage\":\"pt-PT\",\"@id\":\"https:\\\/\\\/labarraca1912.es\\\/tienda\\\/productos-paella\\\/kit-paella\\\/#primaryimage\",\"url\":\"https:\\\/\\\/labarraca1912.es\\\/wp-content\\\/uploads\\\/kitpaella2025.jpg\",\"contentUrl\":\"https:\\\/\\\/labarraca1912.es\\\/wp-content\\\/uploads\\\/kitpaella2025.jpg\",\"width\":800,\"height\":800},{\"@type\":\"BreadcrumbList\",\"@id\":\"https:\\\/\\\/labarraca1912.es\\\/tienda\\\/productos-paella\\\/kit-paella\\\/#breadcrumb\",\"itemListElement\":[{\"@type\":\"ListItem\",\"position\":1,\"name\":\"La Barraca\",\"item\":\"https:\\\/\\\/labarraca1912.es\\\/\"},{\"@type\":\"ListItem\",\"position\":2,\"name\":\"Tienda\",\"item\":\"https:\\\/\\\/labarraca1912.es\\\/tienda\\\/\"},{\"@type\":\"ListItem\",\"position\":3,\"name\":\"Kit Paella\"}]},{\"@type\":\"WebSite\",\"@id\":\"https:\\\/\\\/labarraca1912.es\\\/#website\",\"url\":\"https:\\\/\\\/labarraca1912.es\\\/\",\"name\":\"La Barraca\",\"description\":\"La Casa del Sabor\",\"publisher\":{\"@id\":\"https:\\\/\\\/labarraca1912.es\\\/#organization\"},\"potentialAction\":[{\"@type\":\"SearchAction\",\"target\":{\"@type\":\"EntryPoint\",\"urlTemplate\":\"https:\\\/\\\/labarraca1912.es\\\/?s={search_term_string}\"},\"query-input\":{\"@type\":\"PropertyValueSpecification\",\"valueRequired\":true,\"valueName\":\"search_term_string\"}}],\"inLanguage\":\"pt-PT\"},{\"@type\":\"Organization\",\"@id\":\"https:\\\/\\\/labarraca1912.es\\\/#organization\",\"name\":\"La Barraca 1912 Alimentacion\",\"url\":\"https:\\\/\\\/labarraca1912.es\\\/\",\"logo\":{\"@type\":\"ImageObject\",\"inLanguage\":\"pt-PT\",\"@id\":\"https:\\\/\\\/labarraca1912.es\\\/#\\\/schema\\\/logo\\\/image\\\/\",\"url\":\"https:\\\/\\\/labarraca1912.es\\\/wp-content\\\/uploads\\\/2019\\\/06\\\/logo-labarraca.png\",\"contentUrl\":\"https:\\\/\\\/labarraca1912.es\\\/wp-content\\\/uploads\\\/2019\\\/06\\\/logo-labarraca.png\",\"width\":2917,\"height\":1809,\"caption\":\"La Barraca 1912 Alimentacion\"},\"image\":{\"@id\":\"https:\\\/\\\/labarraca1912.es\\\/#\\\/schema\\\/logo\\\/image\\\/\"}}]}<\/script>\n<!-- \/ Yoast SEO plugin. -->","yoast_head_json":{"title":"Comprar Kit Paella con paellera y arroz | La Barraca","description":"Kit Paella con paellera esmaltada, arroz 500g y sazonador con azafr\u00e1n para preparar paellas aut\u00e9nticas f\u00e1cilmente en casa.","robots":{"index":"index","follow":"follow","max-snippet":"max-snippet:-1","max-image-preview":"max-image-preview:large","max-video-preview":"max-video-preview:-1"},"canonical":"https:\/\/labarraca1912.es\/pt\/tienda\/productos-paella\/kit-paella\/","og_locale":"pt_PT","og_type":"article","og_title":"Comprar Kit Paella con paellera y arroz | La Barraca","og_description":"Kit Paella con paellera esmaltada, arroz 500g y sazonador con azafr\u00e1n para preparar paellas aut\u00e9nticas f\u00e1cilmente en casa.","og_url":"https:\/\/labarraca1912.es\/pt\/tienda\/productos-paella\/kit-paella\/","og_site_name":"La Barraca","article_modified_time":"2026-04-26T09:07:15+00:00","og_image":[{"width":800,"height":800,"url":"https:\/\/labarraca1912.es\/wp-content\/uploads\/kitpaella2025.jpg","type":"image\/jpeg"}],"twitter_card":"summary_large_image","twitter_misc":{"Tempo estimado de leitura":"2 minutos"},"schema":{"@context":"https:\/\/schema.org","@graph":[{"@type":"WebPage","@id":"https:\/\/labarraca1912.es\/tienda\/productos-paella\/kit-paella\/","url":"https:\/\/labarraca1912.es\/tienda\/productos-paella\/kit-paella\/","name":"Comprar Kit Paella con paellera y arroz | La Barraca","isPartOf":{"@id":"https:\/\/labarraca1912.es\/#website"},"primaryImageOfPage":{"@id":"https:\/\/labarraca1912.es\/tienda\/productos-paella\/kit-paella\/#primaryimage"},"image":{"@id":"https:\/\/labarraca1912.es\/tienda\/productos-paella\/kit-paella\/#primaryimage"},"thumbnailUrl":"https:\/\/labarraca1912.es\/wp-content\/uploads\/kitpaella2025.jpg","datePublished":"2019-06-28T06:36:09+00:00","dateModified":"2026-04-26T09:07:15+00:00","description":"Kit Paella con paellera esmaltada, arroz 500g y sazonador con azafr\u00e1n para preparar paellas aut\u00e9nticas f\u00e1cilmente en casa.","breadcrumb":{"@id":"https:\/\/labarraca1912.es\/tienda\/productos-paella\/kit-paella\/#breadcrumb"},"inLanguage":"pt-PT","potentialAction":[{"@type":"ReadAction","target":["https:\/\/labarraca1912.es\/tienda\/productos-paella\/kit-paella\/"]}]},{"@type":"ImageObject","inLanguage":"pt-PT","@id":"https:\/\/labarraca1912.es\/tienda\/productos-paella\/kit-paella\/#primaryimage","url":"https:\/\/labarraca1912.es\/wp-content\/uploads\/kitpaella2025.jpg","contentUrl":"https:\/\/labarraca1912.es\/wp-content\/uploads\/kitpaella2025.jpg","width":800,"height":800},{"@type":"BreadcrumbList","@id":"https:\/\/labarraca1912.es\/tienda\/productos-paella\/kit-paella\/#breadcrumb","itemListElement":[{"@type":"ListItem","position":1,"name":"La Barraca","item":"https:\/\/labarraca1912.es\/"},{"@type":"ListItem","position":2,"name":"Tienda","item":"https:\/\/labarraca1912.es\/tienda\/"},{"@type":"ListItem","position":3,"name":"Kit Paella"}]},{"@type":"WebSite","@id":"https:\/\/labarraca1912.es\/#website","url":"https:\/\/labarraca1912.es\/","name":"La Barraca","description":"La Casa del Sabor","publisher":{"@id":"https:\/\/labarraca1912.es\/#organization"},"potentialAction":[{"@type":"SearchAction","target":{"@type":"EntryPoint","urlTemplate":"https:\/\/labarraca1912.es\/?s={search_term_string}"},"query-input":{"@type":"PropertyValueSpecification","valueRequired":true,"valueName":"search_term_string"}}],"inLanguage":"pt-PT"},{"@type":"Organization","@id":"https:\/\/labarraca1912.es\/#organization","name":"La Barraca 1912 Alimentacion","url":"https:\/\/labarraca1912.es\/","logo":{"@type":"ImageObject","inLanguage":"pt-PT","@id":"https:\/\/labarraca1912.es\/#\/schema\/logo\/image\/","url":"https:\/\/labarraca1912.es\/wp-content\/uploads\/2019\/06\/logo-labarraca.png","contentUrl":"https:\/\/labarraca1912.es\/wp-content\/uploads\/2019\/06\/logo-labarraca.png","width":2917,"height":1809,"caption":"La Barraca 1912 Alimentacion"},"image":{"@id":"https:\/\/labarraca1912.es\/#\/schema\/logo\/image\/"}}]}},"_links":{"self":[{"href":"https:\/\/labarraca1912.es\/pt\/wp-json\/wp\/v2\/product\/119","targetHints":{"allow":["GET"]}}],"collection":[{"href":"https:\/\/labarraca1912.es\/pt\/wp-json\/wp\/v2\/product"}],"about":[{"href":"https:\/\/labarraca1912.es\/pt\/wp-json\/wp\/v2\/types\/product"}],"replies":[{"embeddable":true,"href":"https:\/\/labarraca1912.es\/pt\/wp-json\/wp\/v2\/comments?post=119"}],"wp:featuredmedia":[{"embeddable":true,"href":"https:\/\/labarraca1912.es\/pt\/wp-json\/wp\/v2\/media\/12645"}],"wp:attachment":[{"href":"https:\/\/labarraca1912.es\/pt\/wp-json\/wp\/v2\/media?parent=119"}],"wp:term":[{"taxonomy":"product_brand","embeddable":true,"href":"https:\/\/labarraca1912.es\/pt\/wp-json\/wp\/v2\/product_brand?post=119"},{"taxonomy":"product_cat","embeddable":true,"href":"https:\/\/labarraca1912.es\/pt\/wp-json\/wp\/v2\/product_cat?post=119"},{"taxonomy":"product_tag","embeddable":true,"href":"https:\/\/labarraca1912.es\/pt\/wp-json\/wp\/v2\/product_tag?post=119"}],"curies":[{"name":"wp","href":"https:\/\/api.w.org\/{rel}","templated":true}]}}