{"id":12058,"date":"2025-03-26T14:46:27","date_gmt":"2025-03-26T13:46:27","guid":{"rendered":"https:\/\/labarraca1912.es\/?post_type=product&#038;p=12058"},"modified":"2026-04-15T15:14:55","modified_gmt":"2026-04-15T13:14:55","slug":"set-molinillos","status":"publish","type":"product","link":"https:\/\/labarraca1912.es\/pt\/tienda\/molinillos\/set-molinillos\/","title":{"rendered":"Set Molinillos"},"content":{"rendered":"<p>SET MOLINILLOS: Disfruta de las especias reci\u00e9n molidas con la gama de molinillos de La Barraca. En este especiero podr\u00e1s encontrar 6 sabores distintos, para que los apliques a tus recetas como desees. Desde la pimienta, hasta las carnes, pasando por sales con hierbas y especias para sazonar pescados. Un pr\u00e1ctico formato, elegante y sencillo apto para regalar o para tener en cualquier cocina.<\/p>\n<p><strong>Fus\u00e3o de Pimentas:<\/strong> Mistura que combina o sabor especial de cinco tipos de gr\u00e3os de pimenta que, quando mo\u00eddos imediatamente antes do consumo, oferecem um sabor especialmente indicado para carne, peixe e guisados. Mistura de pimenta preta, branca, rosa, verde e jamaicana.<\/p>\n<p><strong>Carnes Grelhadas:\u00a0<\/strong>A carne grelhada necessita desta mistura natural de sal marinho com especiarias e ervas para atingir o sabor caracter\u00edstico de uma refei\u00e7\u00e3o tradicional.<\/p>\n<p><strong>Sal com Ervas:\u00a0<\/strong>Sal marinho, que quando mo\u00eddo juntamente com uma sele\u00e7\u00e3o de ervas naturais, real\u00e7a o sabor das saladas e de todo o tipo de pratos.<\/p>\n<p><strong>Pimenta Preta:\u00a0<\/strong>\u00c9 a pimenta madura. \u00c9 um tempero que, mo\u00eddo momentos antes do consumo, confere um sabor suave a guisados, marinadas, pickles, pickles, arroz e carne.<\/p>\n<p><strong>Sabor Marinho:\u00a0<\/strong>Mistura de especiarias e ervas que, quando mo\u00eddas com sal marinho e adicionadas \u00e0 sua receita, v\u00e3o oferecer uma melhoria no sabor, como no peixe, mas tamb\u00e9m nos guisados \u200b\u200be assados.<\/p>\n<p><strong>Especiarias Reunidas:\u00a0<\/strong>Mistura de especiarias tradicionais, que, mo\u00eddas momentos antes da prepara\u00e7\u00e3o da refei\u00e7\u00e3o, real\u00e7am o sabor das caldeiradas de carne, tripas e carac\u00f3is.<\/p>","protected":false},"excerpt":{"rendered":"<blockquote>\n<h2><strong>Set Molinillos<\/strong><\/h2>\n<\/blockquote>\n<p>Desfrute de especiarias mo\u00eddas na hora com a linha de moedores La Barraca. Nesta prateleira de temperos encontra 6 sabores diferentes, para que os possa aplicar nas suas receitas como desejar. Da pimenta \u00e0s carnes, passando pelos sais com ervas e especiarias para temperar o peixe. Um formato pr\u00e1tico, elegante e simples adequado para oferecer ou ter em qualquer cozinha.<\/p>\n<p><em><strong>PACK COMPOSTO POR:<\/strong><\/em><\/p>\n<ul>\n<li><strong>Fus\u00e3o de Pimentas 43g <\/strong>\n<ul>\n<li><em><strong>Ingredientes:<\/strong><\/em> Pimenta preta, pimenta branca, pimenta da Jamaica, pimenta rosa e pimenta verde.<\/li>\n<\/ul>\n<\/li>\n<li><strong>Carnes Grelhadas 50g<\/strong>\n<ul>\n<li><em><strong>Ingredientes:<\/strong> <\/em>Sal marinho (84%), pimenta preta, \u00f1ora picada, cravinho, salva, alecrim e or\u00e9g\u00e3os.<\/li>\n<\/ul>\n<\/li>\n<li><strong>Sal com Ervas 54g<\/strong>\n<ul>\n<li><em><strong>Ingredientes:<\/strong> <\/em>Sal marinho (85%), manjeric\u00e3o, manjerona, alecrim, salsa e tomilho. Pode conter vest\u00edgios de<strong> AIPO, GL\u00daTEN e MOSTARDA.<\/strong><\/li>\n<\/ul>\n<\/li>\n<li><strong>Pimenta Preta 40g <\/strong>\n<ul>\n<li><em><strong>Ingredientes:<\/strong> <\/em>Pimenta preta.<\/li>\n<\/ul>\n<\/li>\n<li><strong>Sabor Marinho 52g<\/strong>\n<ul>\n<li><em><strong>Ingredientes:<\/strong><\/em> Sal marinho (95%), cebola, manjerona, \u00f1ora picada, alho e endro. Pode conter vest\u00edgios de <strong>SULFITOS e AMENDOINS.<\/strong><\/li>\n<\/ul>\n<\/li>\n<li><strong>Especiarias Reunidas 30g <\/strong>\n<ul>\n<li><strong><em>Ingredientes:<\/em><\/strong> Coentros, pimenta preta, cominhos e \u00f1ora picante picada. Pode conter vest\u00edgios de <strong>AIPO, S\u00c9SAMO, GL\u00daTEN e MOSTARDA.<\/strong><\/li>\n<\/ul>\n<\/li>\n<\/ul>","protected":false},"featured_media":4351,"comment_status":"open","ping_status":"closed","template":"","meta":{"_et_pb_use_builder":"","_et_pb_old_content":"","_et_gb_content_width":""},"product_brand":[],"product_cat":[164,215],"product_tag":[270,154,183,271],"class_list":{"0":"post-12058","1":"product","2":"type-product","3":"status-publish","4":"has-post-thumbnail","6":"product_cat-molinillos","7":"product_cat-packs-regalo","8":"product_tag-apio","9":"product_tag-hierbas","10":"product_tag-hojas","11":"product_tag-sopas","13":"first","14":"instock","15":"sale","16":"taxable","17":"shipping-taxable","18":"purchasable","19":"product-type-simple"},"yoast_head":"<!-- This site is optimized with the Yoast SEO plugin v27.4 - https:\/\/yoast.com\/product\/yoast-seo-wordpress\/ -->\n<title>Comprar Set Molinillos con 6 sabores variados | La Barraca<\/title>\n<meta name=\"description\" content=\"Descubre nuevos sabores al comprar el Set Molinillos con 6 mezclas de especias y sales para carnes, pescados y platos diarios. Ideal para regalar.\" \/>\n<meta name=\"robots\" content=\"index, follow, max-snippet:-1, max-image-preview:large, max-video-preview:-1\" \/>\n<link rel=\"canonical\" href=\"https:\/\/labarraca1912.es\/pt\/tienda\/molinillos\/set-molinillos\/\" \/>\n<meta property=\"og:locale\" content=\"pt_PT\" \/>\n<meta property=\"og:type\" content=\"article\" \/>\n<meta property=\"og:title\" content=\"Comprar Set Molinillos con 6 sabores variados | La Barraca\" \/>\n<meta property=\"og:description\" content=\"Descubre nuevos sabores al comprar el Set Molinillos con 6 mezclas de especias y sales para carnes, pescados y platos diarios. Ideal para regalar.\" \/>\n<meta property=\"og:url\" content=\"https:\/\/labarraca1912.es\/pt\/tienda\/molinillos\/set-molinillos\/\" \/>\n<meta property=\"og:site_name\" content=\"La Barraca\" \/>\n<meta property=\"article:modified_time\" content=\"2026-04-15T13:14:55+00:00\" \/>\n<meta property=\"og:image\" content=\"https:\/\/labarraca1912.es\/wp-content\/uploads\/2019\/07\/expositormolinillos.jpg\" \/>\n\t<meta property=\"og:image:width\" content=\"800\" \/>\n\t<meta property=\"og:image:height\" content=\"800\" \/>\n\t<meta property=\"og:image:type\" content=\"image\/jpeg\" \/>\n<meta name=\"twitter:card\" content=\"summary_large_image\" \/>\n<meta name=\"twitter:label1\" content=\"Tempo estimado de leitura\" \/>\n\t<meta name=\"twitter:data1\" content=\"2 minutos\" \/>\n<script type=\"application\/ld+json\" class=\"yoast-schema-graph\">{\"@context\":\"https:\\\/\\\/schema.org\",\"@graph\":[{\"@type\":\"WebPage\",\"@id\":\"https:\\\/\\\/labarraca1912.es\\\/tienda\\\/molinillos\\\/set-molinillos\\\/\",\"url\":\"https:\\\/\\\/labarraca1912.es\\\/tienda\\\/molinillos\\\/set-molinillos\\\/\",\"name\":\"Comprar Set Molinillos con 6 sabores variados | La Barraca\",\"isPartOf\":{\"@id\":\"https:\\\/\\\/labarraca1912.es\\\/#website\"},\"primaryImageOfPage\":{\"@id\":\"https:\\\/\\\/labarraca1912.es\\\/tienda\\\/molinillos\\\/set-molinillos\\\/#primaryimage\"},\"image\":{\"@id\":\"https:\\\/\\\/labarraca1912.es\\\/tienda\\\/molinillos\\\/set-molinillos\\\/#primaryimage\"},\"thumbnailUrl\":\"https:\\\/\\\/labarraca1912.es\\\/wp-content\\\/uploads\\\/2019\\\/07\\\/expositormolinillos.jpg\",\"datePublished\":\"2025-03-26T13:46:27+00:00\",\"dateModified\":\"2026-04-15T13:14:55+00:00\",\"description\":\"Descubre nuevos sabores al comprar el Set Molinillos con 6 mezclas de especias y sales para carnes, pescados y platos diarios. Ideal para regalar.\",\"breadcrumb\":{\"@id\":\"https:\\\/\\\/labarraca1912.es\\\/tienda\\\/molinillos\\\/set-molinillos\\\/#breadcrumb\"},\"inLanguage\":\"pt-PT\",\"potentialAction\":[{\"@type\":\"ReadAction\",\"target\":[\"https:\\\/\\\/labarraca1912.es\\\/tienda\\\/molinillos\\\/set-molinillos\\\/\"]}]},{\"@type\":\"ImageObject\",\"inLanguage\":\"pt-PT\",\"@id\":\"https:\\\/\\\/labarraca1912.es\\\/tienda\\\/molinillos\\\/set-molinillos\\\/#primaryimage\",\"url\":\"https:\\\/\\\/labarraca1912.es\\\/wp-content\\\/uploads\\\/2019\\\/07\\\/expositormolinillos.jpg\",\"contentUrl\":\"https:\\\/\\\/labarraca1912.es\\\/wp-content\\\/uploads\\\/2019\\\/07\\\/expositormolinillos.jpg\",\"width\":800,\"height\":800},{\"@type\":\"BreadcrumbList\",\"@id\":\"https:\\\/\\\/labarraca1912.es\\\/tienda\\\/molinillos\\\/set-molinillos\\\/#breadcrumb\",\"itemListElement\":[{\"@type\":\"ListItem\",\"position\":1,\"name\":\"La Barraca\",\"item\":\"https:\\\/\\\/labarraca1912.es\\\/\"},{\"@type\":\"ListItem\",\"position\":2,\"name\":\"Tienda\",\"item\":\"https:\\\/\\\/labarraca1912.es\\\/tienda\\\/\"},{\"@type\":\"ListItem\",\"position\":3,\"name\":\"Set Molinillos\"}]},{\"@type\":\"WebSite\",\"@id\":\"https:\\\/\\\/labarraca1912.es\\\/#website\",\"url\":\"https:\\\/\\\/labarraca1912.es\\\/\",\"name\":\"La Barraca\",\"description\":\"La Casa del Sabor\",\"publisher\":{\"@id\":\"https:\\\/\\\/labarraca1912.es\\\/#organization\"},\"potentialAction\":[{\"@type\":\"SearchAction\",\"target\":{\"@type\":\"EntryPoint\",\"urlTemplate\":\"https:\\\/\\\/labarraca1912.es\\\/?s={search_term_string}\"},\"query-input\":{\"@type\":\"PropertyValueSpecification\",\"valueRequired\":true,\"valueName\":\"search_term_string\"}}],\"inLanguage\":\"pt-PT\"},{\"@type\":\"Organization\",\"@id\":\"https:\\\/\\\/labarraca1912.es\\\/#organization\",\"name\":\"La Barraca 1912 Alimentacion\",\"url\":\"https:\\\/\\\/labarraca1912.es\\\/\",\"logo\":{\"@type\":\"ImageObject\",\"inLanguage\":\"pt-PT\",\"@id\":\"https:\\\/\\\/labarraca1912.es\\\/#\\\/schema\\\/logo\\\/image\\\/\",\"url\":\"https:\\\/\\\/labarraca1912.es\\\/wp-content\\\/uploads\\\/2019\\\/06\\\/logo-labarraca.png\",\"contentUrl\":\"https:\\\/\\\/labarraca1912.es\\\/wp-content\\\/uploads\\\/2019\\\/06\\\/logo-labarraca.png\",\"width\":2917,\"height\":1809,\"caption\":\"La Barraca 1912 Alimentacion\"},\"image\":{\"@id\":\"https:\\\/\\\/labarraca1912.es\\\/#\\\/schema\\\/logo\\\/image\\\/\"}}]}<\/script>\n<!-- \/ Yoast SEO plugin. -->","yoast_head_json":{"title":"Comprar Set Molinillos con 6 sabores variados | La Barraca","description":"Descubre nuevos sabores al comprar el Set Molinillos con 6 mezclas de especias y sales para carnes, pescados y platos diarios. Ideal para regalar.","robots":{"index":"index","follow":"follow","max-snippet":"max-snippet:-1","max-image-preview":"max-image-preview:large","max-video-preview":"max-video-preview:-1"},"canonical":"https:\/\/labarraca1912.es\/pt\/tienda\/molinillos\/set-molinillos\/","og_locale":"pt_PT","og_type":"article","og_title":"Comprar Set Molinillos con 6 sabores variados | La Barraca","og_description":"Descubre nuevos sabores al comprar el Set Molinillos con 6 mezclas de especias y sales para carnes, pescados y platos diarios. Ideal para regalar.","og_url":"https:\/\/labarraca1912.es\/pt\/tienda\/molinillos\/set-molinillos\/","og_site_name":"La Barraca","article_modified_time":"2026-04-15T13:14:55+00:00","og_image":[{"width":800,"height":800,"url":"https:\/\/labarraca1912.es\/wp-content\/uploads\/2019\/07\/expositormolinillos.jpg","type":"image\/jpeg"}],"twitter_card":"summary_large_image","twitter_misc":{"Tempo estimado de leitura":"2 minutos"},"schema":{"@context":"https:\/\/schema.org","@graph":[{"@type":"WebPage","@id":"https:\/\/labarraca1912.es\/tienda\/molinillos\/set-molinillos\/","url":"https:\/\/labarraca1912.es\/tienda\/molinillos\/set-molinillos\/","name":"Comprar Set Molinillos con 6 sabores variados | La Barraca","isPartOf":{"@id":"https:\/\/labarraca1912.es\/#website"},"primaryImageOfPage":{"@id":"https:\/\/labarraca1912.es\/tienda\/molinillos\/set-molinillos\/#primaryimage"},"image":{"@id":"https:\/\/labarraca1912.es\/tienda\/molinillos\/set-molinillos\/#primaryimage"},"thumbnailUrl":"https:\/\/labarraca1912.es\/wp-content\/uploads\/2019\/07\/expositormolinillos.jpg","datePublished":"2025-03-26T13:46:27+00:00","dateModified":"2026-04-15T13:14:55+00:00","description":"Descubre nuevos sabores al comprar el Set Molinillos con 6 mezclas de especias y sales para carnes, pescados y platos diarios. Ideal para regalar.","breadcrumb":{"@id":"https:\/\/labarraca1912.es\/tienda\/molinillos\/set-molinillos\/#breadcrumb"},"inLanguage":"pt-PT","potentialAction":[{"@type":"ReadAction","target":["https:\/\/labarraca1912.es\/tienda\/molinillos\/set-molinillos\/"]}]},{"@type":"ImageObject","inLanguage":"pt-PT","@id":"https:\/\/labarraca1912.es\/tienda\/molinillos\/set-molinillos\/#primaryimage","url":"https:\/\/labarraca1912.es\/wp-content\/uploads\/2019\/07\/expositormolinillos.jpg","contentUrl":"https:\/\/labarraca1912.es\/wp-content\/uploads\/2019\/07\/expositormolinillos.jpg","width":800,"height":800},{"@type":"BreadcrumbList","@id":"https:\/\/labarraca1912.es\/tienda\/molinillos\/set-molinillos\/#breadcrumb","itemListElement":[{"@type":"ListItem","position":1,"name":"La Barraca","item":"https:\/\/labarraca1912.es\/"},{"@type":"ListItem","position":2,"name":"Tienda","item":"https:\/\/labarraca1912.es\/tienda\/"},{"@type":"ListItem","position":3,"name":"Set Molinillos"}]},{"@type":"WebSite","@id":"https:\/\/labarraca1912.es\/#website","url":"https:\/\/labarraca1912.es\/","name":"La Barraca","description":"La Casa del Sabor","publisher":{"@id":"https:\/\/labarraca1912.es\/#organization"},"potentialAction":[{"@type":"SearchAction","target":{"@type":"EntryPoint","urlTemplate":"https:\/\/labarraca1912.es\/?s={search_term_string}"},"query-input":{"@type":"PropertyValueSpecification","valueRequired":true,"valueName":"search_term_string"}}],"inLanguage":"pt-PT"},{"@type":"Organization","@id":"https:\/\/labarraca1912.es\/#organization","name":"La Barraca 1912 Alimentacion","url":"https:\/\/labarraca1912.es\/","logo":{"@type":"ImageObject","inLanguage":"pt-PT","@id":"https:\/\/labarraca1912.es\/#\/schema\/logo\/image\/","url":"https:\/\/labarraca1912.es\/wp-content\/uploads\/2019\/06\/logo-labarraca.png","contentUrl":"https:\/\/labarraca1912.es\/wp-content\/uploads\/2019\/06\/logo-labarraca.png","width":2917,"height":1809,"caption":"La Barraca 1912 Alimentacion"},"image":{"@id":"https:\/\/labarraca1912.es\/#\/schema\/logo\/image\/"}}]}},"_links":{"self":[{"href":"https:\/\/labarraca1912.es\/pt\/wp-json\/wp\/v2\/product\/12058","targetHints":{"allow":["GET"]}}],"collection":[{"href":"https:\/\/labarraca1912.es\/pt\/wp-json\/wp\/v2\/product"}],"about":[{"href":"https:\/\/labarraca1912.es\/pt\/wp-json\/wp\/v2\/types\/product"}],"replies":[{"embeddable":true,"href":"https:\/\/labarraca1912.es\/pt\/wp-json\/wp\/v2\/comments?post=12058"}],"wp:featuredmedia":[{"embeddable":true,"href":"https:\/\/labarraca1912.es\/pt\/wp-json\/wp\/v2\/media\/4351"}],"wp:attachment":[{"href":"https:\/\/labarraca1912.es\/pt\/wp-json\/wp\/v2\/media?parent=12058"}],"wp:term":[{"taxonomy":"product_brand","embeddable":true,"href":"https:\/\/labarraca1912.es\/pt\/wp-json\/wp\/v2\/product_brand?post=12058"},{"taxonomy":"product_cat","embeddable":true,"href":"https:\/\/labarraca1912.es\/pt\/wp-json\/wp\/v2\/product_cat?post=12058"},{"taxonomy":"product_tag","embeddable":true,"href":"https:\/\/labarraca1912.es\/pt\/wp-json\/wp\/v2\/product_tag?post=12058"}],"curies":[{"name":"wp","href":"https:\/\/api.w.org\/{rel}","templated":true}]}}