{"id":12593,"date":"2025-07-02T13:27:00","date_gmt":"2025-07-02T11:27:00","guid":{"rendered":"https:\/\/labarraca1912.es\/?post_type=product&#038;p=12593"},"modified":"2025-07-11T08:54:40","modified_gmt":"2025-07-11T06:54:40","slug":"sazonador-ensalada","status":"publish","type":"product","link":"https:\/\/labarraca1912.es\/pt\/tienda\/sazonadores\/sazonador-ensalada\/","title":{"rendered":"Tempero Salada 1210g"},"content":{"rendered":"<p>TEMPERO SALADA: O complemento perfeito para as suas saladas com o nosso tempero especialmente formulado para real\u00e7ar o sabor de cada ingrediente. Uma mistura cuidadosamente elaborada de ervas arom\u00e1ticas e especiarias como or\u00e9g\u00e3os, manjeric\u00e3o, pimenta e s\u00e1lvia, combinada com sal, traz equil\u00edbrio e frescura aos seus pratos.<\/p>\n<p><strong>Tempero Salada:<\/strong> Pode ser utilizado em saladas verdes, saladas de massa ou arroz, vinagretes, molhos caseiros, legumes assados \u200b\u200bou acompanhamentos.<\/p>","protected":false},"excerpt":{"rendered":"<blockquote>\n<h2><strong>Tempero Salada<\/strong> 1210g<\/h2>\n<\/blockquote>\n<p><img decoding=\"async\" class=\"alignnone wp-image-10937\" src=\"https:\/\/labarraca1912.es\/wp-content\/uploads\/glutenfree.jpg\" alt=\"\" width=\"203\" height=\"35\" \/><\/p>\n<p>O complemento perfeito para as suas saladas com o nosso tempero especialmente formulado para real\u00e7ar o sabor de cada ingrediente. Uma mistura cuidadosamente elaborada de ervas arom\u00e1ticas e especiarias como or\u00e9g\u00e3os, manjeric\u00e3o, pimenta e s\u00e1lvia, combinada com sal, traz equil\u00edbrio e frescura aos seus pratos. Pode ser utilizado em saladas verdes, saladas de massa ou arroz, vinagretes, molhos caseiros, legumes assados \u200b\u200bou acompanhamentos.<\/p>\n<p><em><strong>Ingredientes:<\/strong><\/em> Sal, or\u00e9g\u00e3os, manjeric\u00e3o, pimenta, s\u00e1lvia e aromas.<\/p>\n<p><em><strong>Cont\u00e9m MOSTARDA. Pode conter vest\u00edgios de AIPO, AMENDOINS e SULFITOS.<\/strong><\/em><\/p>","protected":false},"featured_media":12594,"comment_status":"open","ping_status":"closed","template":"","meta":{"_et_pb_use_builder":"","_et_pb_old_content":"","_et_gb_content_width":""},"product_brand":[],"product_cat":[22],"product_tag":[280,48,50,312,119],"class_list":{"0":"post-12593","1":"product","2":"type-product","3":"status-publish","4":"has-post-thumbnail","6":"product_cat-sazonadores","7":"product_tag-ensaladas","8":"product_tag-oregano","9":"product_tag-pimienta","10":"product_tag-salvia","11":"product_tag-sazonador","13":"first","14":"outofstock","15":"taxable","16":"shipping-taxable","17":"purchasable","18":"product-type-simple"},"yoast_head":"<!-- This site is optimized with the Yoast SEO plugin v27.4 - https:\/\/yoast.com\/product\/yoast-seo-wordpress\/ -->\n<title>Comprar Sazonador Ensalada para aderezos | La Barraca<\/title>\n<meta name=\"description\" content=\"Sazonador Ensalada 1210g con or\u00e9gano, albahaca y pimienta para dar sabor a ensaladas, vinagretas y verduras. Ideal para aderezos frescos y naturales.\" \/>\n<meta name=\"robots\" content=\"index, follow, max-snippet:-1, max-image-preview:large, max-video-preview:-1\" \/>\n<link rel=\"canonical\" href=\"https:\/\/labarraca1912.es\/pt\/tienda\/sazonadores\/sazonador-ensalada\/\" \/>\n<meta property=\"og:locale\" content=\"pt_PT\" \/>\n<meta property=\"og:type\" content=\"article\" \/>\n<meta property=\"og:title\" content=\"Comprar Sazonador Ensalada para aderezos | La Barraca\" \/>\n<meta property=\"og:description\" content=\"Sazonador Ensalada 1210g con or\u00e9gano, albahaca y pimienta para dar sabor a ensaladas, vinagretas y verduras. Ideal para aderezos frescos y naturales.\" \/>\n<meta property=\"og:url\" content=\"https:\/\/labarraca1912.es\/pt\/tienda\/sazonadores\/sazonador-ensalada\/\" \/>\n<meta property=\"og:site_name\" content=\"La Barraca\" \/>\n<meta property=\"article:modified_time\" content=\"2025-07-11T06:54:40+00:00\" \/>\n<meta property=\"og:image\" content=\"https:\/\/labarraca1912.es\/wp-content\/uploads\/bgsazonadorensalada.jpg\" \/>\n\t<meta property=\"og:image:width\" content=\"800\" \/>\n\t<meta property=\"og:image:height\" content=\"800\" \/>\n\t<meta property=\"og:image:type\" content=\"image\/jpeg\" \/>\n<meta name=\"twitter:card\" content=\"summary_large_image\" \/>\n<meta name=\"twitter:label1\" content=\"Tempo estimado de leitura\" \/>\n\t<meta name=\"twitter:data1\" content=\"1 minuto\" \/>\n<script type=\"application\/ld+json\" class=\"yoast-schema-graph\">{\"@context\":\"https:\\\/\\\/schema.org\",\"@graph\":[{\"@type\":\"WebPage\",\"@id\":\"https:\\\/\\\/labarraca1912.es\\\/tienda\\\/sazonadores\\\/sazonador-ensalada\\\/\",\"url\":\"https:\\\/\\\/labarraca1912.es\\\/tienda\\\/sazonadores\\\/sazonador-ensalada\\\/\",\"name\":\"Comprar Sazonador Ensalada para aderezos | La Barraca\",\"isPartOf\":{\"@id\":\"https:\\\/\\\/labarraca1912.es\\\/#website\"},\"primaryImageOfPage\":{\"@id\":\"https:\\\/\\\/labarraca1912.es\\\/tienda\\\/sazonadores\\\/sazonador-ensalada\\\/#primaryimage\"},\"image\":{\"@id\":\"https:\\\/\\\/labarraca1912.es\\\/tienda\\\/sazonadores\\\/sazonador-ensalada\\\/#primaryimage\"},\"thumbnailUrl\":\"https:\\\/\\\/labarraca1912.es\\\/wp-content\\\/uploads\\\/bgsazonadorensalada.jpg\",\"datePublished\":\"2025-07-02T11:27:00+00:00\",\"dateModified\":\"2025-07-11T06:54:40+00:00\",\"description\":\"Sazonador Ensalada 1210g con or\u00e9gano, albahaca y pimienta para dar sabor a ensaladas, vinagretas y verduras. Ideal para aderezos frescos y naturales.\",\"breadcrumb\":{\"@id\":\"https:\\\/\\\/labarraca1912.es\\\/tienda\\\/sazonadores\\\/sazonador-ensalada\\\/#breadcrumb\"},\"inLanguage\":\"pt-PT\",\"potentialAction\":[{\"@type\":\"ReadAction\",\"target\":[\"https:\\\/\\\/labarraca1912.es\\\/tienda\\\/sazonadores\\\/sazonador-ensalada\\\/\"]}]},{\"@type\":\"ImageObject\",\"inLanguage\":\"pt-PT\",\"@id\":\"https:\\\/\\\/labarraca1912.es\\\/tienda\\\/sazonadores\\\/sazonador-ensalada\\\/#primaryimage\",\"url\":\"https:\\\/\\\/labarraca1912.es\\\/wp-content\\\/uploads\\\/bgsazonadorensalada.jpg\",\"contentUrl\":\"https:\\\/\\\/labarraca1912.es\\\/wp-content\\\/uploads\\\/bgsazonadorensalada.jpg\",\"width\":800,\"height\":800},{\"@type\":\"BreadcrumbList\",\"@id\":\"https:\\\/\\\/labarraca1912.es\\\/tienda\\\/sazonadores\\\/sazonador-ensalada\\\/#breadcrumb\",\"itemListElement\":[{\"@type\":\"ListItem\",\"position\":1,\"name\":\"La Barraca\",\"item\":\"https:\\\/\\\/labarraca1912.es\\\/\"},{\"@type\":\"ListItem\",\"position\":2,\"name\":\"Tienda\",\"item\":\"https:\\\/\\\/labarraca1912.es\\\/tienda\\\/\"},{\"@type\":\"ListItem\",\"position\":3,\"name\":\"Sazonador Ensalada 1210g\"}]},{\"@type\":\"WebSite\",\"@id\":\"https:\\\/\\\/labarraca1912.es\\\/#website\",\"url\":\"https:\\\/\\\/labarraca1912.es\\\/\",\"name\":\"La Barraca\",\"description\":\"La Casa del Sabor\",\"publisher\":{\"@id\":\"https:\\\/\\\/labarraca1912.es\\\/#organization\"},\"potentialAction\":[{\"@type\":\"SearchAction\",\"target\":{\"@type\":\"EntryPoint\",\"urlTemplate\":\"https:\\\/\\\/labarraca1912.es\\\/?s={search_term_string}\"},\"query-input\":{\"@type\":\"PropertyValueSpecification\",\"valueRequired\":true,\"valueName\":\"search_term_string\"}}],\"inLanguage\":\"pt-PT\"},{\"@type\":\"Organization\",\"@id\":\"https:\\\/\\\/labarraca1912.es\\\/#organization\",\"name\":\"La Barraca 1912 Alimentacion\",\"url\":\"https:\\\/\\\/labarraca1912.es\\\/\",\"logo\":{\"@type\":\"ImageObject\",\"inLanguage\":\"pt-PT\",\"@id\":\"https:\\\/\\\/labarraca1912.es\\\/#\\\/schema\\\/logo\\\/image\\\/\",\"url\":\"https:\\\/\\\/labarraca1912.es\\\/wp-content\\\/uploads\\\/2019\\\/06\\\/logo-labarraca.png\",\"contentUrl\":\"https:\\\/\\\/labarraca1912.es\\\/wp-content\\\/uploads\\\/2019\\\/06\\\/logo-labarraca.png\",\"width\":2917,\"height\":1809,\"caption\":\"La Barraca 1912 Alimentacion\"},\"image\":{\"@id\":\"https:\\\/\\\/labarraca1912.es\\\/#\\\/schema\\\/logo\\\/image\\\/\"}}]}<\/script>\n<!-- \/ Yoast SEO plugin. -->","yoast_head_json":{"title":"Comprar Sazonador Ensalada para aderezos | La Barraca","description":"Sazonador Ensalada 1210g con or\u00e9gano, albahaca y pimienta para dar sabor a ensaladas, vinagretas y verduras. Ideal para aderezos frescos y naturales.","robots":{"index":"index","follow":"follow","max-snippet":"max-snippet:-1","max-image-preview":"max-image-preview:large","max-video-preview":"max-video-preview:-1"},"canonical":"https:\/\/labarraca1912.es\/pt\/tienda\/sazonadores\/sazonador-ensalada\/","og_locale":"pt_PT","og_type":"article","og_title":"Comprar Sazonador Ensalada para aderezos | La Barraca","og_description":"Sazonador Ensalada 1210g con or\u00e9gano, albahaca y pimienta para dar sabor a ensaladas, vinagretas y verduras. Ideal para aderezos frescos y naturales.","og_url":"https:\/\/labarraca1912.es\/pt\/tienda\/sazonadores\/sazonador-ensalada\/","og_site_name":"La Barraca","article_modified_time":"2025-07-11T06:54:40+00:00","og_image":[{"width":800,"height":800,"url":"https:\/\/labarraca1912.es\/wp-content\/uploads\/bgsazonadorensalada.jpg","type":"image\/jpeg"}],"twitter_card":"summary_large_image","twitter_misc":{"Tempo estimado de leitura":"1 minuto"},"schema":{"@context":"https:\/\/schema.org","@graph":[{"@type":"WebPage","@id":"https:\/\/labarraca1912.es\/tienda\/sazonadores\/sazonador-ensalada\/","url":"https:\/\/labarraca1912.es\/tienda\/sazonadores\/sazonador-ensalada\/","name":"Comprar Sazonador Ensalada para aderezos | La Barraca","isPartOf":{"@id":"https:\/\/labarraca1912.es\/#website"},"primaryImageOfPage":{"@id":"https:\/\/labarraca1912.es\/tienda\/sazonadores\/sazonador-ensalada\/#primaryimage"},"image":{"@id":"https:\/\/labarraca1912.es\/tienda\/sazonadores\/sazonador-ensalada\/#primaryimage"},"thumbnailUrl":"https:\/\/labarraca1912.es\/wp-content\/uploads\/bgsazonadorensalada.jpg","datePublished":"2025-07-02T11:27:00+00:00","dateModified":"2025-07-11T06:54:40+00:00","description":"Sazonador Ensalada 1210g con or\u00e9gano, albahaca y pimienta para dar sabor a ensaladas, vinagretas y verduras. Ideal para aderezos frescos y naturales.","breadcrumb":{"@id":"https:\/\/labarraca1912.es\/tienda\/sazonadores\/sazonador-ensalada\/#breadcrumb"},"inLanguage":"pt-PT","potentialAction":[{"@type":"ReadAction","target":["https:\/\/labarraca1912.es\/tienda\/sazonadores\/sazonador-ensalada\/"]}]},{"@type":"ImageObject","inLanguage":"pt-PT","@id":"https:\/\/labarraca1912.es\/tienda\/sazonadores\/sazonador-ensalada\/#primaryimage","url":"https:\/\/labarraca1912.es\/wp-content\/uploads\/bgsazonadorensalada.jpg","contentUrl":"https:\/\/labarraca1912.es\/wp-content\/uploads\/bgsazonadorensalada.jpg","width":800,"height":800},{"@type":"BreadcrumbList","@id":"https:\/\/labarraca1912.es\/tienda\/sazonadores\/sazonador-ensalada\/#breadcrumb","itemListElement":[{"@type":"ListItem","position":1,"name":"La Barraca","item":"https:\/\/labarraca1912.es\/"},{"@type":"ListItem","position":2,"name":"Tienda","item":"https:\/\/labarraca1912.es\/tienda\/"},{"@type":"ListItem","position":3,"name":"Sazonador Ensalada 1210g"}]},{"@type":"WebSite","@id":"https:\/\/labarraca1912.es\/#website","url":"https:\/\/labarraca1912.es\/","name":"La Barraca","description":"La Casa del Sabor","publisher":{"@id":"https:\/\/labarraca1912.es\/#organization"},"potentialAction":[{"@type":"SearchAction","target":{"@type":"EntryPoint","urlTemplate":"https:\/\/labarraca1912.es\/?s={search_term_string}"},"query-input":{"@type":"PropertyValueSpecification","valueRequired":true,"valueName":"search_term_string"}}],"inLanguage":"pt-PT"},{"@type":"Organization","@id":"https:\/\/labarraca1912.es\/#organization","name":"La Barraca 1912 Alimentacion","url":"https:\/\/labarraca1912.es\/","logo":{"@type":"ImageObject","inLanguage":"pt-PT","@id":"https:\/\/labarraca1912.es\/#\/schema\/logo\/image\/","url":"https:\/\/labarraca1912.es\/wp-content\/uploads\/2019\/06\/logo-labarraca.png","contentUrl":"https:\/\/labarraca1912.es\/wp-content\/uploads\/2019\/06\/logo-labarraca.png","width":2917,"height":1809,"caption":"La Barraca 1912 Alimentacion"},"image":{"@id":"https:\/\/labarraca1912.es\/#\/schema\/logo\/image\/"}}]}},"_links":{"self":[{"href":"https:\/\/labarraca1912.es\/pt\/wp-json\/wp\/v2\/product\/12593","targetHints":{"allow":["GET"]}}],"collection":[{"href":"https:\/\/labarraca1912.es\/pt\/wp-json\/wp\/v2\/product"}],"about":[{"href":"https:\/\/labarraca1912.es\/pt\/wp-json\/wp\/v2\/types\/product"}],"replies":[{"embeddable":true,"href":"https:\/\/labarraca1912.es\/pt\/wp-json\/wp\/v2\/comments?post=12593"}],"wp:featuredmedia":[{"embeddable":true,"href":"https:\/\/labarraca1912.es\/pt\/wp-json\/wp\/v2\/media\/12594"}],"wp:attachment":[{"href":"https:\/\/labarraca1912.es\/pt\/wp-json\/wp\/v2\/media?parent=12593"}],"wp:term":[{"taxonomy":"product_brand","embeddable":true,"href":"https:\/\/labarraca1912.es\/pt\/wp-json\/wp\/v2\/product_brand?post=12593"},{"taxonomy":"product_cat","embeddable":true,"href":"https:\/\/labarraca1912.es\/pt\/wp-json\/wp\/v2\/product_cat?post=12593"},{"taxonomy":"product_tag","embeddable":true,"href":"https:\/\/labarraca1912.es\/pt\/wp-json\/wp\/v2\/product_tag?post=12593"}],"curies":[{"name":"wp","href":"https:\/\/api.w.org\/{rel}","templated":true}]}}