{"id":157,"date":"2019-06-28T14:51:37","date_gmt":"2019-06-28T12:51:37","guid":{"rendered":"https:\/\/labarraca1912.es\/?post_type=product&#038;p=157"},"modified":"2026-04-23T23:48:32","modified_gmt":"2026-04-23T21:48:32","slug":"te-verde-jengibre-y-limon-piramite","status":"publish","type":"product","link":"https:\/\/labarraca1912.es\/pt\/tienda\/infusiones\/te-verde-jengibre-y-limon-piramite\/","title":{"rendered":"PiramiT\u00e9 Ch\u00e1 Verde com Gengibre e Lim\u00e3o"},"content":{"rendered":"<p>PIRAMIT\u00c9 &#8211; T\u00c9 VERDE, JENGIBRE Y LIM\u00d3N: Sabor y aroma natural en una exclusiva colecci\u00f3n de infusiones, envasadas en bolsitas piramidales para que disfrutes sorbo a sorbo del aut\u00e9ntico sabor de las infusiones de La Barraca. Una gama de infusiones como nunca la hab\u00edas visto.<\/p>\n<p><strong>Ch\u00e1 Verde com Gengibre e Lim\u00e3o:<\/strong> Esta combina\u00e7\u00e3o de ch\u00e1 verde, gengibre e lim\u00e3o faz com que esta infus\u00e3o ajude a melhorar a digest\u00e3o.<\/p>","protected":false},"excerpt":{"rendered":"<blockquote>\n<h2><strong>PiramiT\u00e9<\/strong>\u00a0Ch\u00e1 Verde com Gengibre e Lim\u00e3o<\/h2>\n<\/blockquote>\n<p>Sabor e aroma naturais numa cole\u00e7\u00e3o exclusiva de infus\u00f5es, acondicionadas em sacos piramidais para que possa saborear gole a gole do aut\u00eantico sabor das infus\u00f5es La Barraca. Uma variedade de infus\u00f5es como nunca viu antes.<\/p>\n<p>Esta combina\u00e7\u00e3o de ch\u00e1 verde, gengibre e lim\u00e3o faz com que esta infus\u00e3o ajude a melhorar a digest\u00e3o.<\/p>\n<p><em><strong>Ingredientes:<\/strong><\/em> Ch\u00e1 verde Sencha (87%), peda\u00e7os de gengibre (7%), casca de lim\u00e3o (6%) e aroma.<\/p>","protected":false},"featured_media":158,"comment_status":"open","ping_status":"closed","template":"","meta":{"_et_pb_use_builder":"","_et_pb_old_content":"","_et_gb_content_width":""},"product_brand":[],"product_cat":[20],"product_tag":[56,52,59,57,54,53,55],"class_list":{"0":"post-157","1":"product","2":"type-product","3":"status-publish","4":"has-post-thumbnail","6":"product_cat-infusiones","7":"product_tag-frutosrojos","8":"product_tag-infusiones","9":"product_tag-jengibre","10":"product_tag-manzanilla","11":"product_tag-rooibos","12":"product_tag-te","13":"product_tag-teverde","15":"first","16":"instock","17":"taxable","18":"shipping-taxable","19":"purchasable","20":"product-type-simple"},"yoast_head":"<!-- This site is optimized with the Yoast SEO plugin v27.4 - https:\/\/yoast.com\/product\/yoast-seo-wordpress\/ -->\n<title>Comprar T\u00e9 Verde, Jengibre y Lim\u00f3n de PiramiT\u00e9<\/title>\n<meta name=\"description\" content=\"Comprar T\u00e9 Verde, Jengibre y Lim\u00f3n de PiramiT\u00e9 en bolsitas piramidales. Combinaci\u00f3n natural que une t\u00e9 verde, jengibre y lim\u00f3n, ideal para favorecer la digesti\u00f3n.\" \/>\n<meta name=\"robots\" content=\"index, follow, max-snippet:-1, max-image-preview:large, max-video-preview:-1\" \/>\n<link rel=\"canonical\" href=\"https:\/\/labarraca1912.es\/pt\/tienda\/infusiones\/te-verde-jengibre-y-limon-piramite\/\" \/>\n<meta property=\"og:locale\" content=\"pt_PT\" \/>\n<meta property=\"og:type\" content=\"article\" \/>\n<meta property=\"og:title\" content=\"Comprar T\u00e9 Verde, Jengibre y Lim\u00f3n de PiramiT\u00e9\" \/>\n<meta property=\"og:description\" content=\"Comprar T\u00e9 Verde, Jengibre y Lim\u00f3n de PiramiT\u00e9 en bolsitas piramidales. Combinaci\u00f3n natural que une t\u00e9 verde, jengibre y lim\u00f3n, ideal para favorecer la digesti\u00f3n.\" \/>\n<meta property=\"og:url\" content=\"https:\/\/labarraca1912.es\/pt\/tienda\/infusiones\/te-verde-jengibre-y-limon-piramite\/\" \/>\n<meta property=\"og:site_name\" content=\"La Barraca\" \/>\n<meta property=\"article:modified_time\" content=\"2026-04-23T21:48:32+00:00\" \/>\n<meta property=\"og:image\" content=\"https:\/\/labarraca1912.es\/wp-content\/uploads\/2019\/06\/teverdejengibrelimon.jpg\" \/>\n\t<meta property=\"og:image:width\" content=\"800\" \/>\n\t<meta property=\"og:image:height\" content=\"800\" \/>\n\t<meta property=\"og:image:type\" content=\"image\/jpeg\" \/>\n<meta name=\"twitter:card\" content=\"summary_large_image\" \/>\n<meta name=\"twitter:label1\" content=\"Tempo estimado de leitura\" \/>\n\t<meta name=\"twitter:data1\" content=\"1 minuto\" \/>\n<script type=\"application\/ld+json\" class=\"yoast-schema-graph\">{\"@context\":\"https:\\\/\\\/schema.org\",\"@graph\":[{\"@type\":\"WebPage\",\"@id\":\"https:\\\/\\\/labarraca1912.es\\\/tienda\\\/infusiones\\\/te-verde-jengibre-y-limon-piramite\\\/\",\"url\":\"https:\\\/\\\/labarraca1912.es\\\/tienda\\\/infusiones\\\/te-verde-jengibre-y-limon-piramite\\\/\",\"name\":\"Comprar T\u00e9 Verde, Jengibre y Lim\u00f3n de PiramiT\u00e9\",\"isPartOf\":{\"@id\":\"https:\\\/\\\/labarraca1912.es\\\/#website\"},\"primaryImageOfPage\":{\"@id\":\"https:\\\/\\\/labarraca1912.es\\\/tienda\\\/infusiones\\\/te-verde-jengibre-y-limon-piramite\\\/#primaryimage\"},\"image\":{\"@id\":\"https:\\\/\\\/labarraca1912.es\\\/tienda\\\/infusiones\\\/te-verde-jengibre-y-limon-piramite\\\/#primaryimage\"},\"thumbnailUrl\":\"https:\\\/\\\/labarraca1912.es\\\/wp-content\\\/uploads\\\/2019\\\/06\\\/teverdejengibrelimon.jpg\",\"datePublished\":\"2019-06-28T12:51:37+00:00\",\"dateModified\":\"2026-04-23T21:48:32+00:00\",\"description\":\"Comprar T\u00e9 Verde, Jengibre y Lim\u00f3n de PiramiT\u00e9 en bolsitas piramidales. Combinaci\u00f3n natural que une t\u00e9 verde, jengibre y lim\u00f3n, ideal para favorecer la digesti\u00f3n.\",\"breadcrumb\":{\"@id\":\"https:\\\/\\\/labarraca1912.es\\\/tienda\\\/infusiones\\\/te-verde-jengibre-y-limon-piramite\\\/#breadcrumb\"},\"inLanguage\":\"pt-PT\",\"potentialAction\":[{\"@type\":\"ReadAction\",\"target\":[\"https:\\\/\\\/labarraca1912.es\\\/tienda\\\/infusiones\\\/te-verde-jengibre-y-limon-piramite\\\/\"]}]},{\"@type\":\"ImageObject\",\"inLanguage\":\"pt-PT\",\"@id\":\"https:\\\/\\\/labarraca1912.es\\\/tienda\\\/infusiones\\\/te-verde-jengibre-y-limon-piramite\\\/#primaryimage\",\"url\":\"https:\\\/\\\/labarraca1912.es\\\/wp-content\\\/uploads\\\/2019\\\/06\\\/teverdejengibrelimon.jpg\",\"contentUrl\":\"https:\\\/\\\/labarraca1912.es\\\/wp-content\\\/uploads\\\/2019\\\/06\\\/teverdejengibrelimon.jpg\",\"width\":800,\"height\":800},{\"@type\":\"BreadcrumbList\",\"@id\":\"https:\\\/\\\/labarraca1912.es\\\/tienda\\\/infusiones\\\/te-verde-jengibre-y-limon-piramite\\\/#breadcrumb\",\"itemListElement\":[{\"@type\":\"ListItem\",\"position\":1,\"name\":\"La Barraca\",\"item\":\"https:\\\/\\\/labarraca1912.es\\\/\"},{\"@type\":\"ListItem\",\"position\":2,\"name\":\"Tienda\",\"item\":\"https:\\\/\\\/labarraca1912.es\\\/tienda\\\/\"},{\"@type\":\"ListItem\",\"position\":3,\"name\":\"PiramiT\u00e9 T\u00e9 Verde, Jengibre y Lim\u00f3n\"}]},{\"@type\":\"WebSite\",\"@id\":\"https:\\\/\\\/labarraca1912.es\\\/#website\",\"url\":\"https:\\\/\\\/labarraca1912.es\\\/\",\"name\":\"La Barraca\",\"description\":\"La Casa del Sabor\",\"publisher\":{\"@id\":\"https:\\\/\\\/labarraca1912.es\\\/#organization\"},\"potentialAction\":[{\"@type\":\"SearchAction\",\"target\":{\"@type\":\"EntryPoint\",\"urlTemplate\":\"https:\\\/\\\/labarraca1912.es\\\/?s={search_term_string}\"},\"query-input\":{\"@type\":\"PropertyValueSpecification\",\"valueRequired\":true,\"valueName\":\"search_term_string\"}}],\"inLanguage\":\"pt-PT\"},{\"@type\":\"Organization\",\"@id\":\"https:\\\/\\\/labarraca1912.es\\\/#organization\",\"name\":\"La Barraca 1912 Alimentacion\",\"url\":\"https:\\\/\\\/labarraca1912.es\\\/\",\"logo\":{\"@type\":\"ImageObject\",\"inLanguage\":\"pt-PT\",\"@id\":\"https:\\\/\\\/labarraca1912.es\\\/#\\\/schema\\\/logo\\\/image\\\/\",\"url\":\"https:\\\/\\\/labarraca1912.es\\\/wp-content\\\/uploads\\\/2019\\\/06\\\/logo-labarraca.png\",\"contentUrl\":\"https:\\\/\\\/labarraca1912.es\\\/wp-content\\\/uploads\\\/2019\\\/06\\\/logo-labarraca.png\",\"width\":2917,\"height\":1809,\"caption\":\"La Barraca 1912 Alimentacion\"},\"image\":{\"@id\":\"https:\\\/\\\/labarraca1912.es\\\/#\\\/schema\\\/logo\\\/image\\\/\"}}]}<\/script>\n<!-- \/ Yoast SEO plugin. -->","yoast_head_json":{"title":"Comprar T\u00e9 Verde, Jengibre y Lim\u00f3n de PiramiT\u00e9","description":"Comprar T\u00e9 Verde, Jengibre y Lim\u00f3n de PiramiT\u00e9 en bolsitas piramidales. Combinaci\u00f3n natural que une t\u00e9 verde, jengibre y lim\u00f3n, ideal para favorecer la digesti\u00f3n.","robots":{"index":"index","follow":"follow","max-snippet":"max-snippet:-1","max-image-preview":"max-image-preview:large","max-video-preview":"max-video-preview:-1"},"canonical":"https:\/\/labarraca1912.es\/pt\/tienda\/infusiones\/te-verde-jengibre-y-limon-piramite\/","og_locale":"pt_PT","og_type":"article","og_title":"Comprar T\u00e9 Verde, Jengibre y Lim\u00f3n de PiramiT\u00e9","og_description":"Comprar T\u00e9 Verde, Jengibre y Lim\u00f3n de PiramiT\u00e9 en bolsitas piramidales. Combinaci\u00f3n natural que une t\u00e9 verde, jengibre y lim\u00f3n, ideal para favorecer la digesti\u00f3n.","og_url":"https:\/\/labarraca1912.es\/pt\/tienda\/infusiones\/te-verde-jengibre-y-limon-piramite\/","og_site_name":"La Barraca","article_modified_time":"2026-04-23T21:48:32+00:00","og_image":[{"width":800,"height":800,"url":"https:\/\/labarraca1912.es\/wp-content\/uploads\/2019\/06\/teverdejengibrelimon.jpg","type":"image\/jpeg"}],"twitter_card":"summary_large_image","twitter_misc":{"Tempo estimado de leitura":"1 minuto"},"schema":{"@context":"https:\/\/schema.org","@graph":[{"@type":"WebPage","@id":"https:\/\/labarraca1912.es\/tienda\/infusiones\/te-verde-jengibre-y-limon-piramite\/","url":"https:\/\/labarraca1912.es\/tienda\/infusiones\/te-verde-jengibre-y-limon-piramite\/","name":"Comprar T\u00e9 Verde, Jengibre y Lim\u00f3n de PiramiT\u00e9","isPartOf":{"@id":"https:\/\/labarraca1912.es\/#website"},"primaryImageOfPage":{"@id":"https:\/\/labarraca1912.es\/tienda\/infusiones\/te-verde-jengibre-y-limon-piramite\/#primaryimage"},"image":{"@id":"https:\/\/labarraca1912.es\/tienda\/infusiones\/te-verde-jengibre-y-limon-piramite\/#primaryimage"},"thumbnailUrl":"https:\/\/labarraca1912.es\/wp-content\/uploads\/2019\/06\/teverdejengibrelimon.jpg","datePublished":"2019-06-28T12:51:37+00:00","dateModified":"2026-04-23T21:48:32+00:00","description":"Comprar T\u00e9 Verde, Jengibre y Lim\u00f3n de PiramiT\u00e9 en bolsitas piramidales. Combinaci\u00f3n natural que une t\u00e9 verde, jengibre y lim\u00f3n, ideal para favorecer la digesti\u00f3n.","breadcrumb":{"@id":"https:\/\/labarraca1912.es\/tienda\/infusiones\/te-verde-jengibre-y-limon-piramite\/#breadcrumb"},"inLanguage":"pt-PT","potentialAction":[{"@type":"ReadAction","target":["https:\/\/labarraca1912.es\/tienda\/infusiones\/te-verde-jengibre-y-limon-piramite\/"]}]},{"@type":"ImageObject","inLanguage":"pt-PT","@id":"https:\/\/labarraca1912.es\/tienda\/infusiones\/te-verde-jengibre-y-limon-piramite\/#primaryimage","url":"https:\/\/labarraca1912.es\/wp-content\/uploads\/2019\/06\/teverdejengibrelimon.jpg","contentUrl":"https:\/\/labarraca1912.es\/wp-content\/uploads\/2019\/06\/teverdejengibrelimon.jpg","width":800,"height":800},{"@type":"BreadcrumbList","@id":"https:\/\/labarraca1912.es\/tienda\/infusiones\/te-verde-jengibre-y-limon-piramite\/#breadcrumb","itemListElement":[{"@type":"ListItem","position":1,"name":"La Barraca","item":"https:\/\/labarraca1912.es\/"},{"@type":"ListItem","position":2,"name":"Tienda","item":"https:\/\/labarraca1912.es\/tienda\/"},{"@type":"ListItem","position":3,"name":"PiramiT\u00e9 T\u00e9 Verde, Jengibre y Lim\u00f3n"}]},{"@type":"WebSite","@id":"https:\/\/labarraca1912.es\/#website","url":"https:\/\/labarraca1912.es\/","name":"La Barraca","description":"La Casa del Sabor","publisher":{"@id":"https:\/\/labarraca1912.es\/#organization"},"potentialAction":[{"@type":"SearchAction","target":{"@type":"EntryPoint","urlTemplate":"https:\/\/labarraca1912.es\/?s={search_term_string}"},"query-input":{"@type":"PropertyValueSpecification","valueRequired":true,"valueName":"search_term_string"}}],"inLanguage":"pt-PT"},{"@type":"Organization","@id":"https:\/\/labarraca1912.es\/#organization","name":"La Barraca 1912 Alimentacion","url":"https:\/\/labarraca1912.es\/","logo":{"@type":"ImageObject","inLanguage":"pt-PT","@id":"https:\/\/labarraca1912.es\/#\/schema\/logo\/image\/","url":"https:\/\/labarraca1912.es\/wp-content\/uploads\/2019\/06\/logo-labarraca.png","contentUrl":"https:\/\/labarraca1912.es\/wp-content\/uploads\/2019\/06\/logo-labarraca.png","width":2917,"height":1809,"caption":"La Barraca 1912 Alimentacion"},"image":{"@id":"https:\/\/labarraca1912.es\/#\/schema\/logo\/image\/"}}]}},"_links":{"self":[{"href":"https:\/\/labarraca1912.es\/pt\/wp-json\/wp\/v2\/product\/157","targetHints":{"allow":["GET"]}}],"collection":[{"href":"https:\/\/labarraca1912.es\/pt\/wp-json\/wp\/v2\/product"}],"about":[{"href":"https:\/\/labarraca1912.es\/pt\/wp-json\/wp\/v2\/types\/product"}],"replies":[{"embeddable":true,"href":"https:\/\/labarraca1912.es\/pt\/wp-json\/wp\/v2\/comments?post=157"}],"wp:featuredmedia":[{"embeddable":true,"href":"https:\/\/labarraca1912.es\/pt\/wp-json\/wp\/v2\/media\/158"}],"wp:attachment":[{"href":"https:\/\/labarraca1912.es\/pt\/wp-json\/wp\/v2\/media?parent=157"}],"wp:term":[{"taxonomy":"product_brand","embeddable":true,"href":"https:\/\/labarraca1912.es\/pt\/wp-json\/wp\/v2\/product_brand?post=157"},{"taxonomy":"product_cat","embeddable":true,"href":"https:\/\/labarraca1912.es\/pt\/wp-json\/wp\/v2\/product_cat?post=157"},{"taxonomy":"product_tag","embeddable":true,"href":"https:\/\/labarraca1912.es\/pt\/wp-json\/wp\/v2\/product_tag?post=157"}],"curies":[{"name":"wp","href":"https:\/\/api.w.org\/{rel}","templated":true}]}}