{"id":179,"date":"2019-07-02T11:12:45","date_gmt":"2019-07-02T09:12:45","guid":{"rendered":"https:\/\/labarraca1912.es\/?post_type=product&#038;p=179"},"modified":"2026-04-23T16:37:43","modified_gmt":"2026-04-23T14:37:43","slug":"sazonador-paella-con-azafran-bandeja-12-2","status":"publish","type":"product","link":"https:\/\/labarraca1912.es\/pt\/tienda\/azafran\/sazonador-paella-con-azafran-bandeja-12-2\/","title":{"rendered":"Tempero Paella com A\u00e7afr\u00e3o"},"content":{"rendered":"<p>SAZONADOR PAELLA CON AZAFR\u00c1N &#8211; ESTUCHE 3 SOBRES: El Sazonador Paella con Azafr\u00e1n o tambi\u00e9n conocido como <em>paellero<\/em> \u00e9 um produto magn\u00edfico para conferir o sabor ideal a uma paella, gra\u00e7as \u00e0 combina\u00e7\u00e3o de diferentes tipos de especiarias, ervas e temperos, que aliados ao sabor e aroma do a\u00e7afr\u00e3o, tornam este tempero essencial na confe\u00e7\u00e3o de uma paella .<\/p>\n<p><strong>Tempero Paella com A\u00e7afr\u00e3o:<\/strong>\u00a0Tempero composto por uma mistura de especiarias mo\u00eddas e a\u00e7afr\u00e3o, formulado expressamente para a prepara\u00e7\u00e3o de paellas e arroz.<\/p>","protected":false},"excerpt":{"rendered":"<blockquote>\n<h2><strong>Tempero Paella com A\u00e7afr\u00e3o<\/strong>\u00a0Caixa 3 Saquetas<\/h2>\n<\/blockquote>\n<p><img decoding=\"async\" class=\"alignnone wp-image-10937\" src=\"https:\/\/labarraca1912.es\/wp-content\/uploads\/glutenfree.jpg\" alt=\"\" width=\"203\" height=\"35\" \/><\/p>\n<p>O Tempero para Paella com A\u00e7afr\u00e3o \u00e9 um produto magn\u00edfico para conferir o sabor ideal a uma paella, gra\u00e7as \u00e0 combina\u00e7\u00e3o de diferentes tipos de especiarias, ervas e temperos, que aliados ao sabor e aroma do a\u00e7afr\u00e3o, tornam este tempero essencial na confe\u00e7\u00e3o de uma paella .<\/p>\n<p>No formato de caixa de 3 saquetas, cada saqueta permite a prepara\u00e7\u00e3o de 0,500g de arroz.<\/p>\n<p><strong><em>Ingredientes: <\/em><\/strong>Corante alimentar (farinha de milho, sal e corante: Tartrazina E-102), tomilho, alecrim, pimenta preta, piment\u00e3o doce ess\u00eancia, cravinho, noz-moscada e a\u00e7afr\u00e3o mo\u00eddo (2%).<\/p>\n<p>Pode conter vest\u00edgios de <strong>SOJA<\/strong>. \u201c<strong>E-102<\/strong>: pode ter efeitos negativos na atividade e aten\u00e7\u00e3o das crian\u00e7as.\u201d<\/p>\n<p><strong><em>Informa\u00e7\u00e3o nutricional. Valores m\u00e9dios por 100g de produto: <\/em><\/strong>Valor Energ\u00e9tico: 1112 kJ\/263 kcal. Gorduras: 2g. Das quais saturadas: 1g. Carboidratos: 45g. Dos quais a\u00e7\u00facares: 1g. Prote\u00ednas: 12g. Sal: 15,5g.<\/p>","protected":false},"featured_media":12420,"comment_status":"open","ping_status":"closed","template":"","meta":{"_et_pb_use_builder":"","_et_pb_old_content":"","_et_gb_content_width":""},"product_brand":[],"product_cat":[22,17,122],"product_tag":[39,35,38,70,41,36,37],"class_list":{"0":"post-179","1":"product","2":"type-product","3":"status-publish","4":"has-post-thumbnail","6":"product_cat-sazonadores","7":"product_cat-azafran","8":"product_cat-productos-paella","9":"product_tag-arroz","10":"product_tag-azafran","11":"product_tag-colorante","12":"product_tag-conejo","13":"product_tag-gazpachos","14":"product_tag-paella","15":"product_tag-saffron","17":"first","18":"instock","19":"taxable","20":"shipping-taxable","21":"purchasable","22":"product-type-simple"},"yoast_head":"<!-- This site is optimized with the Yoast SEO plugin v27.4 - https:\/\/yoast.com\/product\/yoast-seo-wordpress\/ -->\n<title>Comprar sazonador paella con azafr\u00e1n sobres | La Barraca<\/title>\n<meta name=\"description\" content=\"Sazonador paella con azafr\u00e1n en estuche de 3 sobres. Ideal para dar sabor aut\u00e9ntico a tus paellas con especias seleccionadas. Calidad La Barraca.\" \/>\n<meta name=\"robots\" content=\"index, follow, max-snippet:-1, max-image-preview:large, max-video-preview:-1\" \/>\n<link rel=\"canonical\" href=\"https:\/\/labarraca1912.es\/pt\/tienda\/azafran\/sazonador-paella-con-azafran-bandeja-12-2\/\" \/>\n<meta property=\"og:locale\" content=\"pt_PT\" \/>\n<meta property=\"og:type\" content=\"article\" \/>\n<meta property=\"og:title\" content=\"Comprar sazonador paella con azafr\u00e1n sobres | La Barraca\" \/>\n<meta property=\"og:description\" content=\"Sazonador paella con azafr\u00e1n en estuche de 3 sobres. Ideal para dar sabor aut\u00e9ntico a tus paellas con especias seleccionadas. Calidad La Barraca.\" \/>\n<meta property=\"og:url\" content=\"https:\/\/labarraca1912.es\/pt\/tienda\/azafran\/sazonador-paella-con-azafran-bandeja-12-2\/\" \/>\n<meta property=\"og:site_name\" content=\"La Barraca\" \/>\n<meta property=\"article:modified_time\" content=\"2026-04-23T14:37:43+00:00\" \/>\n<meta property=\"og:image\" content=\"https:\/\/labarraca1912.es\/wp-content\/uploads\/paellero2025.jpg\" \/>\n\t<meta property=\"og:image:width\" content=\"800\" \/>\n\t<meta property=\"og:image:height\" content=\"800\" \/>\n\t<meta property=\"og:image:type\" content=\"image\/jpeg\" \/>\n<meta name=\"twitter:card\" content=\"summary_large_image\" \/>\n<meta name=\"twitter:label1\" content=\"Tempo estimado de leitura\" \/>\n\t<meta name=\"twitter:data1\" content=\"1 minuto\" \/>\n<script type=\"application\/ld+json\" class=\"yoast-schema-graph\">{\"@context\":\"https:\\\/\\\/schema.org\",\"@graph\":[{\"@type\":\"WebPage\",\"@id\":\"https:\\\/\\\/labarraca1912.es\\\/tienda\\\/azafran\\\/sazonador-paella-con-azafran-bandeja-12-2\\\/\",\"url\":\"https:\\\/\\\/labarraca1912.es\\\/tienda\\\/azafran\\\/sazonador-paella-con-azafran-bandeja-12-2\\\/\",\"name\":\"Comprar sazonador paella con azafr\u00e1n sobres | La Barraca\",\"isPartOf\":{\"@id\":\"https:\\\/\\\/labarraca1912.es\\\/#website\"},\"primaryImageOfPage\":{\"@id\":\"https:\\\/\\\/labarraca1912.es\\\/tienda\\\/azafran\\\/sazonador-paella-con-azafran-bandeja-12-2\\\/#primaryimage\"},\"image\":{\"@id\":\"https:\\\/\\\/labarraca1912.es\\\/tienda\\\/azafran\\\/sazonador-paella-con-azafran-bandeja-12-2\\\/#primaryimage\"},\"thumbnailUrl\":\"https:\\\/\\\/labarraca1912.es\\\/wp-content\\\/uploads\\\/paellero2025.jpg\",\"datePublished\":\"2019-07-02T09:12:45+00:00\",\"dateModified\":\"2026-04-23T14:37:43+00:00\",\"description\":\"Sazonador paella con azafr\u00e1n en estuche de 3 sobres. Ideal para dar sabor aut\u00e9ntico a tus paellas con especias seleccionadas. Calidad La Barraca.\",\"breadcrumb\":{\"@id\":\"https:\\\/\\\/labarraca1912.es\\\/tienda\\\/azafran\\\/sazonador-paella-con-azafran-bandeja-12-2\\\/#breadcrumb\"},\"inLanguage\":\"pt-PT\",\"potentialAction\":[{\"@type\":\"ReadAction\",\"target\":[\"https:\\\/\\\/labarraca1912.es\\\/tienda\\\/azafran\\\/sazonador-paella-con-azafran-bandeja-12-2\\\/\"]}]},{\"@type\":\"ImageObject\",\"inLanguage\":\"pt-PT\",\"@id\":\"https:\\\/\\\/labarraca1912.es\\\/tienda\\\/azafran\\\/sazonador-paella-con-azafran-bandeja-12-2\\\/#primaryimage\",\"url\":\"https:\\\/\\\/labarraca1912.es\\\/wp-content\\\/uploads\\\/paellero2025.jpg\",\"contentUrl\":\"https:\\\/\\\/labarraca1912.es\\\/wp-content\\\/uploads\\\/paellero2025.jpg\",\"width\":800,\"height\":800},{\"@type\":\"BreadcrumbList\",\"@id\":\"https:\\\/\\\/labarraca1912.es\\\/tienda\\\/azafran\\\/sazonador-paella-con-azafran-bandeja-12-2\\\/#breadcrumb\",\"itemListElement\":[{\"@type\":\"ListItem\",\"position\":1,\"name\":\"La Barraca\",\"item\":\"https:\\\/\\\/labarraca1912.es\\\/\"},{\"@type\":\"ListItem\",\"position\":2,\"name\":\"Tienda\",\"item\":\"https:\\\/\\\/labarraca1912.es\\\/tienda\\\/\"},{\"@type\":\"ListItem\",\"position\":3,\"name\":\"Sazonador Paella con Azafr\u00e1n\"}]},{\"@type\":\"WebSite\",\"@id\":\"https:\\\/\\\/labarraca1912.es\\\/#website\",\"url\":\"https:\\\/\\\/labarraca1912.es\\\/\",\"name\":\"La Barraca\",\"description\":\"La Casa del Sabor\",\"publisher\":{\"@id\":\"https:\\\/\\\/labarraca1912.es\\\/#organization\"},\"potentialAction\":[{\"@type\":\"SearchAction\",\"target\":{\"@type\":\"EntryPoint\",\"urlTemplate\":\"https:\\\/\\\/labarraca1912.es\\\/?s={search_term_string}\"},\"query-input\":{\"@type\":\"PropertyValueSpecification\",\"valueRequired\":true,\"valueName\":\"search_term_string\"}}],\"inLanguage\":\"pt-PT\"},{\"@type\":\"Organization\",\"@id\":\"https:\\\/\\\/labarraca1912.es\\\/#organization\",\"name\":\"La Barraca 1912 Alimentacion\",\"url\":\"https:\\\/\\\/labarraca1912.es\\\/\",\"logo\":{\"@type\":\"ImageObject\",\"inLanguage\":\"pt-PT\",\"@id\":\"https:\\\/\\\/labarraca1912.es\\\/#\\\/schema\\\/logo\\\/image\\\/\",\"url\":\"https:\\\/\\\/labarraca1912.es\\\/wp-content\\\/uploads\\\/2019\\\/06\\\/logo-labarraca.png\",\"contentUrl\":\"https:\\\/\\\/labarraca1912.es\\\/wp-content\\\/uploads\\\/2019\\\/06\\\/logo-labarraca.png\",\"width\":2917,\"height\":1809,\"caption\":\"La Barraca 1912 Alimentacion\"},\"image\":{\"@id\":\"https:\\\/\\\/labarraca1912.es\\\/#\\\/schema\\\/logo\\\/image\\\/\"}}]}<\/script>\n<!-- \/ Yoast SEO plugin. -->","yoast_head_json":{"title":"Comprar sazonador paella con azafr\u00e1n sobres | La Barraca","description":"Sazonador paella con azafr\u00e1n en estuche de 3 sobres. Ideal para dar sabor aut\u00e9ntico a tus paellas con especias seleccionadas. Calidad La Barraca.","robots":{"index":"index","follow":"follow","max-snippet":"max-snippet:-1","max-image-preview":"max-image-preview:large","max-video-preview":"max-video-preview:-1"},"canonical":"https:\/\/labarraca1912.es\/pt\/tienda\/azafran\/sazonador-paella-con-azafran-bandeja-12-2\/","og_locale":"pt_PT","og_type":"article","og_title":"Comprar sazonador paella con azafr\u00e1n sobres | La Barraca","og_description":"Sazonador paella con azafr\u00e1n en estuche de 3 sobres. Ideal para dar sabor aut\u00e9ntico a tus paellas con especias seleccionadas. Calidad La Barraca.","og_url":"https:\/\/labarraca1912.es\/pt\/tienda\/azafran\/sazonador-paella-con-azafran-bandeja-12-2\/","og_site_name":"La Barraca","article_modified_time":"2026-04-23T14:37:43+00:00","og_image":[{"width":800,"height":800,"url":"https:\/\/labarraca1912.es\/wp-content\/uploads\/paellero2025.jpg","type":"image\/jpeg"}],"twitter_card":"summary_large_image","twitter_misc":{"Tempo estimado de leitura":"1 minuto"},"schema":{"@context":"https:\/\/schema.org","@graph":[{"@type":"WebPage","@id":"https:\/\/labarraca1912.es\/tienda\/azafran\/sazonador-paella-con-azafran-bandeja-12-2\/","url":"https:\/\/labarraca1912.es\/tienda\/azafran\/sazonador-paella-con-azafran-bandeja-12-2\/","name":"Comprar sazonador paella con azafr\u00e1n sobres | La Barraca","isPartOf":{"@id":"https:\/\/labarraca1912.es\/#website"},"primaryImageOfPage":{"@id":"https:\/\/labarraca1912.es\/tienda\/azafran\/sazonador-paella-con-azafran-bandeja-12-2\/#primaryimage"},"image":{"@id":"https:\/\/labarraca1912.es\/tienda\/azafran\/sazonador-paella-con-azafran-bandeja-12-2\/#primaryimage"},"thumbnailUrl":"https:\/\/labarraca1912.es\/wp-content\/uploads\/paellero2025.jpg","datePublished":"2019-07-02T09:12:45+00:00","dateModified":"2026-04-23T14:37:43+00:00","description":"Sazonador paella con azafr\u00e1n en estuche de 3 sobres. Ideal para dar sabor aut\u00e9ntico a tus paellas con especias seleccionadas. Calidad La Barraca.","breadcrumb":{"@id":"https:\/\/labarraca1912.es\/tienda\/azafran\/sazonador-paella-con-azafran-bandeja-12-2\/#breadcrumb"},"inLanguage":"pt-PT","potentialAction":[{"@type":"ReadAction","target":["https:\/\/labarraca1912.es\/tienda\/azafran\/sazonador-paella-con-azafran-bandeja-12-2\/"]}]},{"@type":"ImageObject","inLanguage":"pt-PT","@id":"https:\/\/labarraca1912.es\/tienda\/azafran\/sazonador-paella-con-azafran-bandeja-12-2\/#primaryimage","url":"https:\/\/labarraca1912.es\/wp-content\/uploads\/paellero2025.jpg","contentUrl":"https:\/\/labarraca1912.es\/wp-content\/uploads\/paellero2025.jpg","width":800,"height":800},{"@type":"BreadcrumbList","@id":"https:\/\/labarraca1912.es\/tienda\/azafran\/sazonador-paella-con-azafran-bandeja-12-2\/#breadcrumb","itemListElement":[{"@type":"ListItem","position":1,"name":"La Barraca","item":"https:\/\/labarraca1912.es\/"},{"@type":"ListItem","position":2,"name":"Tienda","item":"https:\/\/labarraca1912.es\/tienda\/"},{"@type":"ListItem","position":3,"name":"Sazonador Paella con Azafr\u00e1n"}]},{"@type":"WebSite","@id":"https:\/\/labarraca1912.es\/#website","url":"https:\/\/labarraca1912.es\/","name":"La Barraca","description":"La Casa del Sabor","publisher":{"@id":"https:\/\/labarraca1912.es\/#organization"},"potentialAction":[{"@type":"SearchAction","target":{"@type":"EntryPoint","urlTemplate":"https:\/\/labarraca1912.es\/?s={search_term_string}"},"query-input":{"@type":"PropertyValueSpecification","valueRequired":true,"valueName":"search_term_string"}}],"inLanguage":"pt-PT"},{"@type":"Organization","@id":"https:\/\/labarraca1912.es\/#organization","name":"La Barraca 1912 Alimentacion","url":"https:\/\/labarraca1912.es\/","logo":{"@type":"ImageObject","inLanguage":"pt-PT","@id":"https:\/\/labarraca1912.es\/#\/schema\/logo\/image\/","url":"https:\/\/labarraca1912.es\/wp-content\/uploads\/2019\/06\/logo-labarraca.png","contentUrl":"https:\/\/labarraca1912.es\/wp-content\/uploads\/2019\/06\/logo-labarraca.png","width":2917,"height":1809,"caption":"La Barraca 1912 Alimentacion"},"image":{"@id":"https:\/\/labarraca1912.es\/#\/schema\/logo\/image\/"}}]}},"_links":{"self":[{"href":"https:\/\/labarraca1912.es\/pt\/wp-json\/wp\/v2\/product\/179","targetHints":{"allow":["GET"]}}],"collection":[{"href":"https:\/\/labarraca1912.es\/pt\/wp-json\/wp\/v2\/product"}],"about":[{"href":"https:\/\/labarraca1912.es\/pt\/wp-json\/wp\/v2\/types\/product"}],"replies":[{"embeddable":true,"href":"https:\/\/labarraca1912.es\/pt\/wp-json\/wp\/v2\/comments?post=179"}],"wp:featuredmedia":[{"embeddable":true,"href":"https:\/\/labarraca1912.es\/pt\/wp-json\/wp\/v2\/media\/12420"}],"wp:attachment":[{"href":"https:\/\/labarraca1912.es\/pt\/wp-json\/wp\/v2\/media?parent=179"}],"wp:term":[{"taxonomy":"product_brand","embeddable":true,"href":"https:\/\/labarraca1912.es\/pt\/wp-json\/wp\/v2\/product_brand?post=179"},{"taxonomy":"product_cat","embeddable":true,"href":"https:\/\/labarraca1912.es\/pt\/wp-json\/wp\/v2\/product_cat?post=179"},{"taxonomy":"product_tag","embeddable":true,"href":"https:\/\/labarraca1912.es\/pt\/wp-json\/wp\/v2\/product_tag?post=179"}],"curies":[{"name":"wp","href":"https:\/\/api.w.org\/{rel}","templated":true}]}}