{"id":181,"date":"2019-07-02T11:25:52","date_gmt":"2019-07-02T09:25:52","guid":{"rendered":"https:\/\/labarraca1912.es\/?post_type=product&#038;p=181"},"modified":"2026-03-15T19:27:50","modified_gmt":"2026-03-15T18:27:50","slug":"stevia-caja-60-sobres","status":"publish","type":"product","link":"https:\/\/labarraca1912.es\/pt\/tienda\/edulcorantes-y-cafes\/stevia-caja-60-sobres\/","title":{"rendered":"Stevia Caixa 60 Saquetas"},"content":{"rendered":"<p>STEVIA &#8211; CAJA 60 SOBRES: La Stevia es un peque\u00f1o arbusto herb\u00e1ceo que no suele sobrepasar los 80 cent\u00edmetros de alto, de hoja perenne que normalmente crece en Sudam\u00e9rica, es m\u00e1s dulce que el az\u00facar pero mucho m\u00e1s beneficiosa. Tiene un sabor de duraci\u00f3n m\u00e1s largo compar\u00e1ndolo con el az\u00facar, aunque algunos extractos pueden tener un regusto amargo o a regaliz.<\/p>\n<p><strong>Stevia:<\/strong>\u00a0Ado\u00e7ante granulado natural, fornece 0 calorias e \u00e9 indicado para diab\u00e9ticos. \u00c9 utilizado para ado\u00e7ar todo o tipo de alimentos e bebidas, quentes e frias.<\/p>","protected":false},"excerpt":{"rendered":"<blockquote>\n<h2><strong>Stevia<\/strong>\u00a0Stevia Caixa 60 Saquetas<\/h2>\n<\/blockquote>\n<p>A Stevia \u00e9 um pequeno arbusto herb\u00e1ceo que geralmente n\u00e3o ultrapassa os 80 cent\u00edmetros de altura, perene que normalmente cresce na Am\u00e9rica do Sul, \u00e9 mais doce que o a\u00e7\u00facar, mas muito mais ben\u00e9fico. Tem um sabor mais duradouro em compara\u00e7\u00e3o com o a\u00e7\u00facar, embora alguns extratos possam apresentar um sabor amargo ou a alca\u00e7uz.<\/p>\n<p><em><strong>Ingredientes:<\/strong><\/em> Ado\u00e7antes: Eritritol E-968 e Glicos\u00eddeos de Esteviol de Stevia E-960a (2,4%).<\/p>\n<p>Ado\u00e7ante de mesa, granulado, \u00e0 base de Eritritol e Gluc\u00f3sido de Esteviol. 1g tem aproximadamente o poder ado\u00e7ante de 8g de a\u00e7\u00facar. O consumo excessivo pode ter efeitos laxantes.<\/p>","protected":false},"featured_media":12869,"comment_status":"open","ping_status":"closed","template":"","meta":{"_et_pb_use_builder":"","_et_pb_old_content":"","_et_gb_content_width":""},"product_brand":[],"product_cat":[18],"product_tag":[44,42,45,72,46,43,71],"class_list":{"0":"post-181","1":"product","2":"type-product","3":"status-publish","4":"has-post-thumbnail","6":"product_cat-edulcorantes-y-cafes","7":"product_tag-cafe","8":"product_tag-edulcorante","9":"product_tag-infusion","10":"product_tag-natural","11":"product_tag-pasteleria","12":"product_tag-sacarina","13":"product_tag-stevia","15":"first","16":"instock","17":"taxable","18":"shipping-taxable","19":"purchasable","20":"product-type-simple"},"yoast_head":"<!-- This site is optimized with the Yoast SEO plugin v27.5 - https:\/\/yoast.com\/product\/yoast-seo-wordpress\/ -->\n<title>Comprar Stevia en sobres (60 uds) | La Barraca<\/title>\n<meta name=\"description\" content=\"Endulza de forma natural con Stevia La Barraca en sobres. Edulcorante granulado sin calor\u00edas, ideal para bebidas y postres. Alternativa saludable al az\u00facar\" \/>\n<meta name=\"robots\" content=\"index, follow, max-snippet:-1, max-image-preview:large, max-video-preview:-1\" \/>\n<link rel=\"canonical\" href=\"https:\/\/labarraca1912.es\/pt\/tienda\/edulcorantes-y-cafes\/stevia-caja-60-sobres\/\" \/>\n<meta property=\"og:locale\" content=\"pt_PT\" \/>\n<meta property=\"og:type\" content=\"article\" \/>\n<meta property=\"og:title\" content=\"Comprar Stevia en sobres (60 uds) | La Barraca\" \/>\n<meta property=\"og:description\" content=\"Endulza de forma natural con Stevia La Barraca en sobres. Edulcorante granulado sin calor\u00edas, ideal para bebidas y postres. Alternativa saludable al az\u00facar\" \/>\n<meta property=\"og:url\" content=\"https:\/\/labarraca1912.es\/pt\/tienda\/edulcorantes-y-cafes\/stevia-caja-60-sobres\/\" \/>\n<meta property=\"og:site_name\" content=\"La Barraca\" \/>\n<meta property=\"article:modified_time\" content=\"2026-03-15T18:27:50+00:00\" \/>\n<meta property=\"og:image\" content=\"https:\/\/labarraca1912.es\/wp-content\/uploads\/stevia60-2025.jpg\" \/>\n\t<meta property=\"og:image:width\" content=\"800\" \/>\n\t<meta property=\"og:image:height\" content=\"800\" \/>\n\t<meta property=\"og:image:type\" content=\"image\/jpeg\" \/>\n<meta name=\"twitter:card\" content=\"summary_large_image\" \/>\n<meta name=\"twitter:label1\" content=\"Tempo estimado de leitura\" \/>\n\t<meta name=\"twitter:data1\" content=\"1 minuto\" \/>\n<script type=\"application\/ld+json\" class=\"yoast-schema-graph\">{\"@context\":\"https:\\\/\\\/schema.org\",\"@graph\":[{\"@type\":\"WebPage\",\"@id\":\"https:\\\/\\\/labarraca1912.es\\\/tienda\\\/edulcorantes-y-cafes\\\/stevia-caja-60-sobres\\\/\",\"url\":\"https:\\\/\\\/labarraca1912.es\\\/tienda\\\/edulcorantes-y-cafes\\\/stevia-caja-60-sobres\\\/\",\"name\":\"Comprar Stevia en sobres (60 uds) | La Barraca\",\"isPartOf\":{\"@id\":\"https:\\\/\\\/labarraca1912.es\\\/#website\"},\"primaryImageOfPage\":{\"@id\":\"https:\\\/\\\/labarraca1912.es\\\/tienda\\\/edulcorantes-y-cafes\\\/stevia-caja-60-sobres\\\/#primaryimage\"},\"image\":{\"@id\":\"https:\\\/\\\/labarraca1912.es\\\/tienda\\\/edulcorantes-y-cafes\\\/stevia-caja-60-sobres\\\/#primaryimage\"},\"thumbnailUrl\":\"https:\\\/\\\/labarraca1912.es\\\/wp-content\\\/uploads\\\/stevia60-2025.jpg\",\"datePublished\":\"2019-07-02T09:25:52+00:00\",\"dateModified\":\"2026-03-15T18:27:50+00:00\",\"description\":\"Endulza de forma natural con Stevia La Barraca en sobres. Edulcorante granulado sin calor\u00edas, ideal para bebidas y postres. Alternativa saludable al az\u00facar\",\"breadcrumb\":{\"@id\":\"https:\\\/\\\/labarraca1912.es\\\/tienda\\\/edulcorantes-y-cafes\\\/stevia-caja-60-sobres\\\/#breadcrumb\"},\"inLanguage\":\"pt-PT\",\"potentialAction\":[{\"@type\":\"ReadAction\",\"target\":[\"https:\\\/\\\/labarraca1912.es\\\/tienda\\\/edulcorantes-y-cafes\\\/stevia-caja-60-sobres\\\/\"]}]},{\"@type\":\"ImageObject\",\"inLanguage\":\"pt-PT\",\"@id\":\"https:\\\/\\\/labarraca1912.es\\\/tienda\\\/edulcorantes-y-cafes\\\/stevia-caja-60-sobres\\\/#primaryimage\",\"url\":\"https:\\\/\\\/labarraca1912.es\\\/wp-content\\\/uploads\\\/stevia60-2025.jpg\",\"contentUrl\":\"https:\\\/\\\/labarraca1912.es\\\/wp-content\\\/uploads\\\/stevia60-2025.jpg\",\"width\":800,\"height\":800},{\"@type\":\"BreadcrumbList\",\"@id\":\"https:\\\/\\\/labarraca1912.es\\\/tienda\\\/edulcorantes-y-cafes\\\/stevia-caja-60-sobres\\\/#breadcrumb\",\"itemListElement\":[{\"@type\":\"ListItem\",\"position\":1,\"name\":\"La Barraca\",\"item\":\"https:\\\/\\\/labarraca1912.es\\\/\"},{\"@type\":\"ListItem\",\"position\":2,\"name\":\"Tienda\",\"item\":\"https:\\\/\\\/labarraca1912.es\\\/tienda\\\/\"},{\"@type\":\"ListItem\",\"position\":3,\"name\":\"Stevia Caja 60 Sobres\"}]},{\"@type\":\"WebSite\",\"@id\":\"https:\\\/\\\/labarraca1912.es\\\/#website\",\"url\":\"https:\\\/\\\/labarraca1912.es\\\/\",\"name\":\"La Barraca\",\"description\":\"La Casa del Sabor\",\"publisher\":{\"@id\":\"https:\\\/\\\/labarraca1912.es\\\/#organization\"},\"potentialAction\":[{\"@type\":\"SearchAction\",\"target\":{\"@type\":\"EntryPoint\",\"urlTemplate\":\"https:\\\/\\\/labarraca1912.es\\\/?s={search_term_string}\"},\"query-input\":{\"@type\":\"PropertyValueSpecification\",\"valueRequired\":true,\"valueName\":\"search_term_string\"}}],\"inLanguage\":\"pt-PT\"},{\"@type\":\"Organization\",\"@id\":\"https:\\\/\\\/labarraca1912.es\\\/#organization\",\"name\":\"La Barraca 1912 Alimentacion\",\"url\":\"https:\\\/\\\/labarraca1912.es\\\/\",\"logo\":{\"@type\":\"ImageObject\",\"inLanguage\":\"pt-PT\",\"@id\":\"https:\\\/\\\/labarraca1912.es\\\/#\\\/schema\\\/logo\\\/image\\\/\",\"url\":\"https:\\\/\\\/labarraca1912.es\\\/wp-content\\\/uploads\\\/2019\\\/06\\\/logo-labarraca.png\",\"contentUrl\":\"https:\\\/\\\/labarraca1912.es\\\/wp-content\\\/uploads\\\/2019\\\/06\\\/logo-labarraca.png\",\"width\":2917,\"height\":1809,\"caption\":\"La Barraca 1912 Alimentacion\"},\"image\":{\"@id\":\"https:\\\/\\\/labarraca1912.es\\\/#\\\/schema\\\/logo\\\/image\\\/\"}}]}<\/script>\n<!-- \/ Yoast SEO plugin. -->","yoast_head_json":{"title":"Comprar Stevia en sobres (60 uds) | La Barraca","description":"Endulza de forma natural con Stevia La Barraca en sobres. Edulcorante granulado sin calor\u00edas, ideal para bebidas y postres. Alternativa saludable al az\u00facar","robots":{"index":"index","follow":"follow","max-snippet":"max-snippet:-1","max-image-preview":"max-image-preview:large","max-video-preview":"max-video-preview:-1"},"canonical":"https:\/\/labarraca1912.es\/pt\/tienda\/edulcorantes-y-cafes\/stevia-caja-60-sobres\/","og_locale":"pt_PT","og_type":"article","og_title":"Comprar Stevia en sobres (60 uds) | La Barraca","og_description":"Endulza de forma natural con Stevia La Barraca en sobres. Edulcorante granulado sin calor\u00edas, ideal para bebidas y postres. Alternativa saludable al az\u00facar","og_url":"https:\/\/labarraca1912.es\/pt\/tienda\/edulcorantes-y-cafes\/stevia-caja-60-sobres\/","og_site_name":"La Barraca","article_modified_time":"2026-03-15T18:27:50+00:00","og_image":[{"width":800,"height":800,"url":"https:\/\/labarraca1912.es\/wp-content\/uploads\/stevia60-2025.jpg","type":"image\/jpeg"}],"twitter_card":"summary_large_image","twitter_misc":{"Tempo estimado de leitura":"1 minuto"},"schema":{"@context":"https:\/\/schema.org","@graph":[{"@type":"WebPage","@id":"https:\/\/labarraca1912.es\/tienda\/edulcorantes-y-cafes\/stevia-caja-60-sobres\/","url":"https:\/\/labarraca1912.es\/tienda\/edulcorantes-y-cafes\/stevia-caja-60-sobres\/","name":"Comprar Stevia en sobres (60 uds) | La Barraca","isPartOf":{"@id":"https:\/\/labarraca1912.es\/#website"},"primaryImageOfPage":{"@id":"https:\/\/labarraca1912.es\/tienda\/edulcorantes-y-cafes\/stevia-caja-60-sobres\/#primaryimage"},"image":{"@id":"https:\/\/labarraca1912.es\/tienda\/edulcorantes-y-cafes\/stevia-caja-60-sobres\/#primaryimage"},"thumbnailUrl":"https:\/\/labarraca1912.es\/wp-content\/uploads\/stevia60-2025.jpg","datePublished":"2019-07-02T09:25:52+00:00","dateModified":"2026-03-15T18:27:50+00:00","description":"Endulza de forma natural con Stevia La Barraca en sobres. Edulcorante granulado sin calor\u00edas, ideal para bebidas y postres. Alternativa saludable al az\u00facar","breadcrumb":{"@id":"https:\/\/labarraca1912.es\/tienda\/edulcorantes-y-cafes\/stevia-caja-60-sobres\/#breadcrumb"},"inLanguage":"pt-PT","potentialAction":[{"@type":"ReadAction","target":["https:\/\/labarraca1912.es\/tienda\/edulcorantes-y-cafes\/stevia-caja-60-sobres\/"]}]},{"@type":"ImageObject","inLanguage":"pt-PT","@id":"https:\/\/labarraca1912.es\/tienda\/edulcorantes-y-cafes\/stevia-caja-60-sobres\/#primaryimage","url":"https:\/\/labarraca1912.es\/wp-content\/uploads\/stevia60-2025.jpg","contentUrl":"https:\/\/labarraca1912.es\/wp-content\/uploads\/stevia60-2025.jpg","width":800,"height":800},{"@type":"BreadcrumbList","@id":"https:\/\/labarraca1912.es\/tienda\/edulcorantes-y-cafes\/stevia-caja-60-sobres\/#breadcrumb","itemListElement":[{"@type":"ListItem","position":1,"name":"La Barraca","item":"https:\/\/labarraca1912.es\/"},{"@type":"ListItem","position":2,"name":"Tienda","item":"https:\/\/labarraca1912.es\/tienda\/"},{"@type":"ListItem","position":3,"name":"Stevia Caja 60 Sobres"}]},{"@type":"WebSite","@id":"https:\/\/labarraca1912.es\/#website","url":"https:\/\/labarraca1912.es\/","name":"La Barraca","description":"La Casa del Sabor","publisher":{"@id":"https:\/\/labarraca1912.es\/#organization"},"potentialAction":[{"@type":"SearchAction","target":{"@type":"EntryPoint","urlTemplate":"https:\/\/labarraca1912.es\/?s={search_term_string}"},"query-input":{"@type":"PropertyValueSpecification","valueRequired":true,"valueName":"search_term_string"}}],"inLanguage":"pt-PT"},{"@type":"Organization","@id":"https:\/\/labarraca1912.es\/#organization","name":"La Barraca 1912 Alimentacion","url":"https:\/\/labarraca1912.es\/","logo":{"@type":"ImageObject","inLanguage":"pt-PT","@id":"https:\/\/labarraca1912.es\/#\/schema\/logo\/image\/","url":"https:\/\/labarraca1912.es\/wp-content\/uploads\/2019\/06\/logo-labarraca.png","contentUrl":"https:\/\/labarraca1912.es\/wp-content\/uploads\/2019\/06\/logo-labarraca.png","width":2917,"height":1809,"caption":"La Barraca 1912 Alimentacion"},"image":{"@id":"https:\/\/labarraca1912.es\/#\/schema\/logo\/image\/"}}]}},"_links":{"self":[{"href":"https:\/\/labarraca1912.es\/pt\/wp-json\/wp\/v2\/product\/181","targetHints":{"allow":["GET"]}}],"collection":[{"href":"https:\/\/labarraca1912.es\/pt\/wp-json\/wp\/v2\/product"}],"about":[{"href":"https:\/\/labarraca1912.es\/pt\/wp-json\/wp\/v2\/types\/product"}],"replies":[{"embeddable":true,"href":"https:\/\/labarraca1912.es\/pt\/wp-json\/wp\/v2\/comments?post=181"}],"wp:featuredmedia":[{"embeddable":true,"href":"https:\/\/labarraca1912.es\/pt\/wp-json\/wp\/v2\/media\/12869"}],"wp:attachment":[{"href":"https:\/\/labarraca1912.es\/pt\/wp-json\/wp\/v2\/media?parent=181"}],"wp:term":[{"taxonomy":"product_brand","embeddable":true,"href":"https:\/\/labarraca1912.es\/pt\/wp-json\/wp\/v2\/product_brand?post=181"},{"taxonomy":"product_cat","embeddable":true,"href":"https:\/\/labarraca1912.es\/pt\/wp-json\/wp\/v2\/product_cat?post=181"},{"taxonomy":"product_tag","embeddable":true,"href":"https:\/\/labarraca1912.es\/pt\/wp-json\/wp\/v2\/product_tag?post=181"}],"curies":[{"name":"wp","href":"https:\/\/api.w.org\/{rel}","templated":true}]}}