{"id":4171,"date":"2020-01-31T09:06:37","date_gmt":"2020-01-31T08:06:37","guid":{"rendered":"https:\/\/labarraca1912.es\/?post_type=product&#038;p=4171"},"modified":"2026-04-09T13:07:04","modified_gmt":"2026-04-09T11:07:04","slug":"molinillo-xl-sal-marina-350g","status":"publish","type":"product","link":"https:\/\/labarraca1912.es\/pt\/tienda\/molinillos\/molinillo-xl-sal-marina-350g\/","title":{"rendered":"Moinho XL Sal Marinha Mediterr\u00e2nica 350g"},"content":{"rendered":"<p>MOINHO XL SAL MARINHA MEDITERR\u00c2NICA: Extra\u00eddo de antigos dep\u00f3sitos minerais formados ao longo de milh\u00f5es de anos, o nosso sal-gema \u00e9 sin\u00f3nimo de pureza e personalidade. Os seus grandes cristais naturais s\u00e3o especialmente selecionados para utiliza\u00e7\u00e3o em moinhos, garantindo uma moagem fresca sempre.<\/p>\n<p><strong>Sal Marinha Mediterr\u00e2nica:<\/strong> Ideal para carnes, saladas, peixes e cria\u00e7\u00f5es gourmet onde todos os detalhes importam.<\/p>","protected":false},"excerpt":{"rendered":"<blockquote>\n<h2><strong>Moinho XL Sal Marinha Mediterr\u00e2nica<\/strong>\u00a0350g<\/h2>\n<\/blockquote>\n<p>Extra\u00eddo de antigos dep\u00f3sitos minerais formados ao longo de milh\u00f5es de anos, o nosso sal-gema \u00e9 sin\u00f3nimo de pureza e personalidade. Os seus grandes cristais naturais s\u00e3o especialmente selecionados para utiliza\u00e7\u00e3o em moinhos, garantindo uma moagem fresca sempre. Ideal para carnes, saladas, peixes e cria\u00e7\u00f5es gourmet onde todos os detalhes importam.<\/p>\n<p><em><strong>Ingredientes:<\/strong><\/em> Sal marinha.<\/p>","protected":false},"featured_media":11909,"comment_status":"open","ping_status":"closed","template":"","meta":{"_et_pb_use_builder":"","_et_pb_old_content":"","_et_gb_content_width":""},"product_brand":[],"product_cat":[164],"product_tag":[156,150,157,79],"class_list":{"0":"post-4171","1":"product","2":"type-product","3":"status-publish","4":"has-post-thumbnail","6":"product_cat-molinillos","7":"product_tag-marina","8":"product_tag-molinillo","9":"product_tag-roca","10":"product_tag-sal","12":"first","13":"instock","14":"taxable","15":"shipping-taxable","16":"purchasable","17":"product-type-simple"},"yoast_head":"<!-- This site is optimized with the Yoast SEO plugin v27.4 - https:\/\/yoast.com\/product\/yoast-seo-wordpress\/ -->\n<title>Comprar Molinillo XL Sal Marina Mediterr\u00e1nea 350g | La Barraca<\/title>\n<meta name=\"description\" content=\"Dale un toque salado natural a tus platos al comprar un molinillo XL de sal marina de roca, ideal para realzar cualquier receta con sabor aut\u00e9ntico.\" \/>\n<meta name=\"robots\" content=\"index, follow, max-snippet:-1, max-image-preview:large, max-video-preview:-1\" \/>\n<link rel=\"canonical\" href=\"https:\/\/labarraca1912.es\/pt\/tienda\/molinillos\/molinillo-xl-sal-marina-350g\/\" \/>\n<meta property=\"og:locale\" content=\"pt_PT\" \/>\n<meta property=\"og:type\" content=\"article\" \/>\n<meta property=\"og:title\" content=\"Comprar Molinillo XL Sal Marina Mediterr\u00e1nea 350g | La Barraca\" \/>\n<meta property=\"og:description\" content=\"Dale un toque salado natural a tus platos al comprar un molinillo XL de sal marina de roca, ideal para realzar cualquier receta con sabor aut\u00e9ntico.\" \/>\n<meta property=\"og:url\" content=\"https:\/\/labarraca1912.es\/pt\/tienda\/molinillos\/molinillo-xl-sal-marina-350g\/\" \/>\n<meta property=\"og:site_name\" content=\"La Barraca\" \/>\n<meta property=\"article:modified_time\" content=\"2026-04-09T11:07:04+00:00\" \/>\n<meta property=\"og:image\" content=\"https:\/\/labarraca1912.es\/wp-content\/uploads\/molxlsalmarina2025.jpg\" \/>\n\t<meta property=\"og:image:width\" content=\"800\" \/>\n\t<meta property=\"og:image:height\" content=\"800\" \/>\n\t<meta property=\"og:image:type\" content=\"image\/jpeg\" \/>\n<meta name=\"twitter:card\" content=\"summary_large_image\" \/>\n<meta name=\"twitter:label1\" content=\"Tempo estimado de leitura\" \/>\n\t<meta name=\"twitter:data1\" content=\"1 minuto\" \/>\n<script type=\"application\/ld+json\" class=\"yoast-schema-graph\">{\"@context\":\"https:\\\/\\\/schema.org\",\"@graph\":[{\"@type\":\"WebPage\",\"@id\":\"https:\\\/\\\/labarraca1912.es\\\/tienda\\\/molinillos\\\/molinillo-xl-sal-marina-350g\\\/\",\"url\":\"https:\\\/\\\/labarraca1912.es\\\/tienda\\\/molinillos\\\/molinillo-xl-sal-marina-350g\\\/\",\"name\":\"Comprar Molinillo XL Sal Marina Mediterr\u00e1nea 350g | La Barraca\",\"isPartOf\":{\"@id\":\"https:\\\/\\\/labarraca1912.es\\\/#website\"},\"primaryImageOfPage\":{\"@id\":\"https:\\\/\\\/labarraca1912.es\\\/tienda\\\/molinillos\\\/molinillo-xl-sal-marina-350g\\\/#primaryimage\"},\"image\":{\"@id\":\"https:\\\/\\\/labarraca1912.es\\\/tienda\\\/molinillos\\\/molinillo-xl-sal-marina-350g\\\/#primaryimage\"},\"thumbnailUrl\":\"https:\\\/\\\/labarraca1912.es\\\/wp-content\\\/uploads\\\/molxlsalmarina2025.jpg\",\"datePublished\":\"2020-01-31T08:06:37+00:00\",\"dateModified\":\"2026-04-09T11:07:04+00:00\",\"description\":\"Dale un toque salado natural a tus platos al comprar un molinillo XL de sal marina de roca, ideal para realzar cualquier receta con sabor aut\u00e9ntico.\",\"breadcrumb\":{\"@id\":\"https:\\\/\\\/labarraca1912.es\\\/tienda\\\/molinillos\\\/molinillo-xl-sal-marina-350g\\\/#breadcrumb\"},\"inLanguage\":\"pt-PT\",\"potentialAction\":[{\"@type\":\"ReadAction\",\"target\":[\"https:\\\/\\\/labarraca1912.es\\\/tienda\\\/molinillos\\\/molinillo-xl-sal-marina-350g\\\/\"]}]},{\"@type\":\"ImageObject\",\"inLanguage\":\"pt-PT\",\"@id\":\"https:\\\/\\\/labarraca1912.es\\\/tienda\\\/molinillos\\\/molinillo-xl-sal-marina-350g\\\/#primaryimage\",\"url\":\"https:\\\/\\\/labarraca1912.es\\\/wp-content\\\/uploads\\\/molxlsalmarina2025.jpg\",\"contentUrl\":\"https:\\\/\\\/labarraca1912.es\\\/wp-content\\\/uploads\\\/molxlsalmarina2025.jpg\",\"width\":800,\"height\":800},{\"@type\":\"BreadcrumbList\",\"@id\":\"https:\\\/\\\/labarraca1912.es\\\/tienda\\\/molinillos\\\/molinillo-xl-sal-marina-350g\\\/#breadcrumb\",\"itemListElement\":[{\"@type\":\"ListItem\",\"position\":1,\"name\":\"La Barraca\",\"item\":\"https:\\\/\\\/labarraca1912.es\\\/\"},{\"@type\":\"ListItem\",\"position\":2,\"name\":\"Tienda\",\"item\":\"https:\\\/\\\/labarraca1912.es\\\/tienda\\\/\"},{\"@type\":\"ListItem\",\"position\":3,\"name\":\"Molinillo XL Sal Marina Mediterr\u00e1nea 350g\"}]},{\"@type\":\"WebSite\",\"@id\":\"https:\\\/\\\/labarraca1912.es\\\/#website\",\"url\":\"https:\\\/\\\/labarraca1912.es\\\/\",\"name\":\"La Barraca\",\"description\":\"La Casa del Sabor\",\"publisher\":{\"@id\":\"https:\\\/\\\/labarraca1912.es\\\/#organization\"},\"potentialAction\":[{\"@type\":\"SearchAction\",\"target\":{\"@type\":\"EntryPoint\",\"urlTemplate\":\"https:\\\/\\\/labarraca1912.es\\\/?s={search_term_string}\"},\"query-input\":{\"@type\":\"PropertyValueSpecification\",\"valueRequired\":true,\"valueName\":\"search_term_string\"}}],\"inLanguage\":\"pt-PT\"},{\"@type\":\"Organization\",\"@id\":\"https:\\\/\\\/labarraca1912.es\\\/#organization\",\"name\":\"La Barraca 1912 Alimentacion\",\"url\":\"https:\\\/\\\/labarraca1912.es\\\/\",\"logo\":{\"@type\":\"ImageObject\",\"inLanguage\":\"pt-PT\",\"@id\":\"https:\\\/\\\/labarraca1912.es\\\/#\\\/schema\\\/logo\\\/image\\\/\",\"url\":\"https:\\\/\\\/labarraca1912.es\\\/wp-content\\\/uploads\\\/2019\\\/06\\\/logo-labarraca.png\",\"contentUrl\":\"https:\\\/\\\/labarraca1912.es\\\/wp-content\\\/uploads\\\/2019\\\/06\\\/logo-labarraca.png\",\"width\":2917,\"height\":1809,\"caption\":\"La Barraca 1912 Alimentacion\"},\"image\":{\"@id\":\"https:\\\/\\\/labarraca1912.es\\\/#\\\/schema\\\/logo\\\/image\\\/\"}}]}<\/script>\n<!-- \/ Yoast SEO plugin. -->","yoast_head_json":{"title":"Comprar Molinillo XL Sal Marina Mediterr\u00e1nea 350g | La Barraca","description":"Dale un toque salado natural a tus platos al comprar un molinillo XL de sal marina de roca, ideal para realzar cualquier receta con sabor aut\u00e9ntico.","robots":{"index":"index","follow":"follow","max-snippet":"max-snippet:-1","max-image-preview":"max-image-preview:large","max-video-preview":"max-video-preview:-1"},"canonical":"https:\/\/labarraca1912.es\/pt\/tienda\/molinillos\/molinillo-xl-sal-marina-350g\/","og_locale":"pt_PT","og_type":"article","og_title":"Comprar Molinillo XL Sal Marina Mediterr\u00e1nea 350g | La Barraca","og_description":"Dale un toque salado natural a tus platos al comprar un molinillo XL de sal marina de roca, ideal para realzar cualquier receta con sabor aut\u00e9ntico.","og_url":"https:\/\/labarraca1912.es\/pt\/tienda\/molinillos\/molinillo-xl-sal-marina-350g\/","og_site_name":"La Barraca","article_modified_time":"2026-04-09T11:07:04+00:00","og_image":[{"width":800,"height":800,"url":"https:\/\/labarraca1912.es\/wp-content\/uploads\/molxlsalmarina2025.jpg","type":"image\/jpeg"}],"twitter_card":"summary_large_image","twitter_misc":{"Tempo estimado de leitura":"1 minuto"},"schema":{"@context":"https:\/\/schema.org","@graph":[{"@type":"WebPage","@id":"https:\/\/labarraca1912.es\/tienda\/molinillos\/molinillo-xl-sal-marina-350g\/","url":"https:\/\/labarraca1912.es\/tienda\/molinillos\/molinillo-xl-sal-marina-350g\/","name":"Comprar Molinillo XL Sal Marina Mediterr\u00e1nea 350g | La Barraca","isPartOf":{"@id":"https:\/\/labarraca1912.es\/#website"},"primaryImageOfPage":{"@id":"https:\/\/labarraca1912.es\/tienda\/molinillos\/molinillo-xl-sal-marina-350g\/#primaryimage"},"image":{"@id":"https:\/\/labarraca1912.es\/tienda\/molinillos\/molinillo-xl-sal-marina-350g\/#primaryimage"},"thumbnailUrl":"https:\/\/labarraca1912.es\/wp-content\/uploads\/molxlsalmarina2025.jpg","datePublished":"2020-01-31T08:06:37+00:00","dateModified":"2026-04-09T11:07:04+00:00","description":"Dale un toque salado natural a tus platos al comprar un molinillo XL de sal marina de roca, ideal para realzar cualquier receta con sabor aut\u00e9ntico.","breadcrumb":{"@id":"https:\/\/labarraca1912.es\/tienda\/molinillos\/molinillo-xl-sal-marina-350g\/#breadcrumb"},"inLanguage":"pt-PT","potentialAction":[{"@type":"ReadAction","target":["https:\/\/labarraca1912.es\/tienda\/molinillos\/molinillo-xl-sal-marina-350g\/"]}]},{"@type":"ImageObject","inLanguage":"pt-PT","@id":"https:\/\/labarraca1912.es\/tienda\/molinillos\/molinillo-xl-sal-marina-350g\/#primaryimage","url":"https:\/\/labarraca1912.es\/wp-content\/uploads\/molxlsalmarina2025.jpg","contentUrl":"https:\/\/labarraca1912.es\/wp-content\/uploads\/molxlsalmarina2025.jpg","width":800,"height":800},{"@type":"BreadcrumbList","@id":"https:\/\/labarraca1912.es\/tienda\/molinillos\/molinillo-xl-sal-marina-350g\/#breadcrumb","itemListElement":[{"@type":"ListItem","position":1,"name":"La Barraca","item":"https:\/\/labarraca1912.es\/"},{"@type":"ListItem","position":2,"name":"Tienda","item":"https:\/\/labarraca1912.es\/tienda\/"},{"@type":"ListItem","position":3,"name":"Molinillo XL Sal Marina Mediterr\u00e1nea 350g"}]},{"@type":"WebSite","@id":"https:\/\/labarraca1912.es\/#website","url":"https:\/\/labarraca1912.es\/","name":"La Barraca","description":"La Casa del Sabor","publisher":{"@id":"https:\/\/labarraca1912.es\/#organization"},"potentialAction":[{"@type":"SearchAction","target":{"@type":"EntryPoint","urlTemplate":"https:\/\/labarraca1912.es\/?s={search_term_string}"},"query-input":{"@type":"PropertyValueSpecification","valueRequired":true,"valueName":"search_term_string"}}],"inLanguage":"pt-PT"},{"@type":"Organization","@id":"https:\/\/labarraca1912.es\/#organization","name":"La Barraca 1912 Alimentacion","url":"https:\/\/labarraca1912.es\/","logo":{"@type":"ImageObject","inLanguage":"pt-PT","@id":"https:\/\/labarraca1912.es\/#\/schema\/logo\/image\/","url":"https:\/\/labarraca1912.es\/wp-content\/uploads\/2019\/06\/logo-labarraca.png","contentUrl":"https:\/\/labarraca1912.es\/wp-content\/uploads\/2019\/06\/logo-labarraca.png","width":2917,"height":1809,"caption":"La Barraca 1912 Alimentacion"},"image":{"@id":"https:\/\/labarraca1912.es\/#\/schema\/logo\/image\/"}}]}},"_links":{"self":[{"href":"https:\/\/labarraca1912.es\/pt\/wp-json\/wp\/v2\/product\/4171","targetHints":{"allow":["GET"]}}],"collection":[{"href":"https:\/\/labarraca1912.es\/pt\/wp-json\/wp\/v2\/product"}],"about":[{"href":"https:\/\/labarraca1912.es\/pt\/wp-json\/wp\/v2\/types\/product"}],"replies":[{"embeddable":true,"href":"https:\/\/labarraca1912.es\/pt\/wp-json\/wp\/v2\/comments?post=4171"}],"wp:featuredmedia":[{"embeddable":true,"href":"https:\/\/labarraca1912.es\/pt\/wp-json\/wp\/v2\/media\/11909"}],"wp:attachment":[{"href":"https:\/\/labarraca1912.es\/pt\/wp-json\/wp\/v2\/media?parent=4171"}],"wp:term":[{"taxonomy":"product_brand","embeddable":true,"href":"https:\/\/labarraca1912.es\/pt\/wp-json\/wp\/v2\/product_brand?post=4171"},{"taxonomy":"product_cat","embeddable":true,"href":"https:\/\/labarraca1912.es\/pt\/wp-json\/wp\/v2\/product_cat?post=4171"},{"taxonomy":"product_tag","embeddable":true,"href":"https:\/\/labarraca1912.es\/pt\/wp-json\/wp\/v2\/product_tag?post=4171"}],"curies":[{"name":"wp","href":"https:\/\/api.w.org\/{rel}","templated":true}]}}