{"id":5969,"date":"2020-11-19T08:33:44","date_gmt":"2020-11-19T07:33:44","guid":{"rendered":"https:\/\/labarraca1912.es\/?post_type=product&#038;p=5969"},"modified":"2026-03-09T09:48:09","modified_gmt":"2026-03-09T08:48:09","slug":"pack-6-molinillos-xl","status":"publish","type":"product","link":"https:\/\/labarraca1912.es\/pt\/tienda\/molinillos\/pack-6-molinillos-xl\/","title":{"rendered":"Pack 6 Moinhos XL"},"content":{"rendered":"<p>PACK 6 MOINHOS XL: Este \u00e9 um pack de oferta que inclui 6 tipos de Moinhos XL de diferentes sabores, desta forma as especiarias t\u00eam um aroma e sabor mais frescos, pois s\u00e3o mo\u00eddas na hora antes de serem incorporadas nos seus pratos.<\/p>\n<p><strong>Pimenta Preta em Gr\u00e3o:<\/strong> A Pimenta Preta \u00e9 produzida quando o gr\u00e3o de pimenta est\u00e1 meio maduro e \u00e9 uma das mais utilizadas na antiguidade. O sabor picante do pimento \u00e9 obtido a partir do composto piperina, que se encontra na casca e na semente da pimenta. \u00c9 utilizado principalmente em guisados, bem como em carnes assadas ou grelhadas, sopas, marinadas, massas, pratos de arroz. \u00c9 uma das especiarias que pode ser utilizada em quase todos os alimentos.<\/p>\n<p><strong>Fus\u00e3o de Pimentas:<\/strong> \u00c9 uma mistura que combina o sabor especial de cinco tipos de gr\u00e3os de pimenta que, quando mo\u00eddos imediatamente antes do consumo, oferecem um sabor especialmente indicado para carne, peixe e guisados. O sabor picante do pimento \u00e9 obtido a partir do composto piperina, que se encontra na casca e na semente do pimento. Utilizado para temperar molhos de todos os tipos, carnes, peixes e guisados. \u00c9 um tempero muito utilizado no frango assado.<\/p>\n<p><strong>Sal com Piment\u00e3o Doce Lascado Fumado:<\/strong> \u00c9 uma mistura que combina sal marinho com piment\u00e3o doce ou \u00f1ora doce picado, seco em secadores a lenha, pelo que tem um sabor fumado. Esta mistura de sal marinho com piment\u00e3o doce fumado \u00e9 utilizada em todo o tipo de carnes e peixes, conferindo um sabor salgado e fumado aos seus pratos.<\/p>\n<p><strong>Sal Rosa dos Himalaias:<\/strong>\u00a0Sal mineral rosa, formado por cristais e geralmente extra\u00eddo das montanhas do Paquist\u00e3o. \u00c9 um sal rico em m\u00faltiplos minerais.\u00c9 utilizado em qualquer prato que se pretenda dar um toque salgado.<\/p>\n<p><strong>Sal com Ervas:<\/strong> \u00c9 uma mistura que combina o sal marinho com diversos tipos de ervas, entre as quais se destacam o alecrim e o tomilho, que quando mo\u00eddos juntamente com o sal servem de tempero perfeito para m\u00faltiplos pratos. Sal marinho, que quando mo\u00eddo juntamente com uma sele\u00e7\u00e3o de ervas naturais, real\u00e7a o sabor das saladas e de todo o tipo de pratos.<\/p>\n<p><strong>Sal Marinho:<\/strong> Sal marinho-gema, que quando mo\u00eddo salga os pratos em que \u00e9 incorporado. \u00c9 utilizado em qualquer prato que se pretenda dar um toque salgado.\u00c9 utilizado em qualquer prato que se pretenda dar um toque salgado.<\/p>","protected":false},"excerpt":{"rendered":"<blockquote>\n<h2><strong>Pack 6 Moinhos XL<\/strong><\/h2>\n<\/blockquote>\n<p>Pack de 6 Moinhos XL, este \u00e9 um pack de oferta que inclui 6 tipos de Moinhos XL de diferentes sabores, desta forma as especiarias t\u00eam um aroma e sabor mais frescos, pois s\u00e3o mo\u00eddas na hora antes de serem incorporadas nos seus pratos.<\/p>\n<p><strong><em>PACK COMPOSTO POR:<\/em><\/strong><\/p>\n<ul>\n<li><strong>Pimenta Preta em Gr\u00e3o 180g<\/strong>\n<ul>\n<li><em><strong>Ingredientes:<\/strong> <\/em>Pimenta preta em gr\u00e3o.<\/li>\n<\/ul>\n<\/li>\n<li><strong>Fus\u00e3o de Pimentas 170g<\/strong>\n<ul>\n<li><em><strong>Ingredientes:<\/strong> Pimenta preta, pimenta branca, pimenta da Jamaica, pimenta rosa e pimenta verde.<\/em><\/li>\n<\/ul>\n<\/li>\n<li><strong>Sal com Piment\u00e3o Doce Lascado Fumado 350g<\/strong>\n<ul>\n<li><em><strong>Ingredientes:\u00a0<\/strong><\/em>Sal marinho (89%) e piment\u00e3o doce fumado.<\/li>\n<\/ul>\n<\/li>\n<li><strong>Sal Rosa dos Himalaias 390g<\/strong>\n<ul>\n<li><em><strong>Ingredientes:\u00a0<\/strong><\/em>Sal rosa dos himalaias (Sal gema).<\/li>\n<\/ul>\n<\/li>\n<li><strong>Sal com Ervas 250g<\/strong>\n<ul>\n<li><em><strong>Ingredientes:<\/strong><\/em> Sal marinho (85%), manjeric\u00e3o, manjerona, alecrim, salsa e tomilho. Pode conter vest\u00edgios de <strong>AIPO, GL\u00daTEN e MOSTARDA.<\/strong><\/li>\n<\/ul>\n<\/li>\n<li><strong>Sal Marinho 350g<\/strong>\n<ul>\n<li><em><strong>Ingredientes:<\/strong><\/em> Sal marinha.<\/li>\n<\/ul>\n<\/li>\n<\/ul>","protected":false},"featured_media":5971,"comment_status":"open","ping_status":"closed","template":"","meta":{"_et_pb_use_builder":"","_et_pb_old_content":"","_et_gb_content_width":""},"product_brand":[],"product_cat":[215,164],"product_tag":[154,158,40,50,112,79,216],"class_list":{"0":"post-5969","1":"product","2":"type-product","3":"status-publish","4":"has-post-thumbnail","6":"product_cat-packs-regalo","7":"product_cat-molinillos","8":"product_tag-hierbas","9":"product_tag-himalaya","10":"product_tag-pimenton","11":"product_tag-pimienta","12":"product_tag-romero","13":"product_tag-sal","14":"product_tag-salrosa","16":"first","17":"instock","18":"taxable","19":"shipping-taxable","20":"purchasable","21":"product-type-simple"},"yoast_head":"<!-- This site is optimized with the Yoast SEO plugin v27.5 - https:\/\/yoast.com\/product\/yoast-seo-wordpress\/ -->\n<title>Comprar Pack 6 Molinillos XL de Pimientas y sales<\/title>\n<meta name=\"description\" content=\"Realza el sabor de tus platos al comprar el Pack 6 Molinillos XL con pimientas, sales y hierbas, dale un toque especial a tus recetas.\" \/>\n<meta name=\"robots\" content=\"index, follow, max-snippet:-1, max-image-preview:large, max-video-preview:-1\" \/>\n<link rel=\"canonical\" href=\"https:\/\/labarraca1912.es\/pt\/tienda\/molinillos\/pack-6-molinillos-xl\/\" \/>\n<meta property=\"og:locale\" content=\"pt_PT\" \/>\n<meta property=\"og:type\" content=\"article\" \/>\n<meta property=\"og:title\" content=\"Comprar Pack 6 Molinillos XL de Pimientas y sales\" \/>\n<meta property=\"og:description\" content=\"Realza el sabor de tus platos al comprar el Pack 6 Molinillos XL con pimientas, sales y hierbas, dale un toque especial a tus recetas.\" \/>\n<meta property=\"og:url\" content=\"https:\/\/labarraca1912.es\/pt\/tienda\/molinillos\/pack-6-molinillos-xl\/\" \/>\n<meta property=\"og:site_name\" content=\"La Barraca\" \/>\n<meta property=\"article:modified_time\" content=\"2026-03-09T08:48:09+00:00\" \/>\n<meta property=\"og:image\" content=\"https:\/\/labarraca1912.es\/wp-content\/uploads\/2020\/11\/Pack6Molinillos.jpg\" \/>\n\t<meta property=\"og:image:width\" content=\"800\" \/>\n\t<meta property=\"og:image:height\" content=\"800\" \/>\n\t<meta property=\"og:image:type\" content=\"image\/jpeg\" \/>\n<meta name=\"twitter:card\" content=\"summary_large_image\" \/>\n<meta name=\"twitter:label1\" content=\"Tempo estimado de leitura\" \/>\n\t<meta name=\"twitter:data1\" content=\"3 minutos\" \/>\n<script type=\"application\/ld+json\" class=\"yoast-schema-graph\">{\"@context\":\"https:\\\/\\\/schema.org\",\"@graph\":[{\"@type\":\"WebPage\",\"@id\":\"https:\\\/\\\/labarraca1912.es\\\/tienda\\\/molinillos\\\/pack-6-molinillos-xl\\\/\",\"url\":\"https:\\\/\\\/labarraca1912.es\\\/tienda\\\/molinillos\\\/pack-6-molinillos-xl\\\/\",\"name\":\"Comprar Pack 6 Molinillos XL de Pimientas y sales\",\"isPartOf\":{\"@id\":\"https:\\\/\\\/labarraca1912.es\\\/#website\"},\"primaryImageOfPage\":{\"@id\":\"https:\\\/\\\/labarraca1912.es\\\/tienda\\\/molinillos\\\/pack-6-molinillos-xl\\\/#primaryimage\"},\"image\":{\"@id\":\"https:\\\/\\\/labarraca1912.es\\\/tienda\\\/molinillos\\\/pack-6-molinillos-xl\\\/#primaryimage\"},\"thumbnailUrl\":\"https:\\\/\\\/labarraca1912.es\\\/wp-content\\\/uploads\\\/2020\\\/11\\\/Pack6Molinillos.jpg\",\"datePublished\":\"2020-11-19T07:33:44+00:00\",\"dateModified\":\"2026-03-09T08:48:09+00:00\",\"description\":\"Realza el sabor de tus platos al comprar el Pack 6 Molinillos XL con pimientas, sales y hierbas, dale un toque especial a tus recetas.\",\"breadcrumb\":{\"@id\":\"https:\\\/\\\/labarraca1912.es\\\/tienda\\\/molinillos\\\/pack-6-molinillos-xl\\\/#breadcrumb\"},\"inLanguage\":\"pt-PT\",\"potentialAction\":[{\"@type\":\"ReadAction\",\"target\":[\"https:\\\/\\\/labarraca1912.es\\\/tienda\\\/molinillos\\\/pack-6-molinillos-xl\\\/\"]}]},{\"@type\":\"ImageObject\",\"inLanguage\":\"pt-PT\",\"@id\":\"https:\\\/\\\/labarraca1912.es\\\/tienda\\\/molinillos\\\/pack-6-molinillos-xl\\\/#primaryimage\",\"url\":\"https:\\\/\\\/labarraca1912.es\\\/wp-content\\\/uploads\\\/2020\\\/11\\\/Pack6Molinillos.jpg\",\"contentUrl\":\"https:\\\/\\\/labarraca1912.es\\\/wp-content\\\/uploads\\\/2020\\\/11\\\/Pack6Molinillos.jpg\",\"width\":800,\"height\":800},{\"@type\":\"BreadcrumbList\",\"@id\":\"https:\\\/\\\/labarraca1912.es\\\/tienda\\\/molinillos\\\/pack-6-molinillos-xl\\\/#breadcrumb\",\"itemListElement\":[{\"@type\":\"ListItem\",\"position\":1,\"name\":\"La Barraca\",\"item\":\"https:\\\/\\\/labarraca1912.es\\\/\"},{\"@type\":\"ListItem\",\"position\":2,\"name\":\"Tienda\",\"item\":\"https:\\\/\\\/labarraca1912.es\\\/tienda\\\/\"},{\"@type\":\"ListItem\",\"position\":3,\"name\":\"Pack 6 Molinillos XL\"}]},{\"@type\":\"WebSite\",\"@id\":\"https:\\\/\\\/labarraca1912.es\\\/#website\",\"url\":\"https:\\\/\\\/labarraca1912.es\\\/\",\"name\":\"La Barraca\",\"description\":\"La Casa del Sabor\",\"publisher\":{\"@id\":\"https:\\\/\\\/labarraca1912.es\\\/#organization\"},\"potentialAction\":[{\"@type\":\"SearchAction\",\"target\":{\"@type\":\"EntryPoint\",\"urlTemplate\":\"https:\\\/\\\/labarraca1912.es\\\/?s={search_term_string}\"},\"query-input\":{\"@type\":\"PropertyValueSpecification\",\"valueRequired\":true,\"valueName\":\"search_term_string\"}}],\"inLanguage\":\"pt-PT\"},{\"@type\":\"Organization\",\"@id\":\"https:\\\/\\\/labarraca1912.es\\\/#organization\",\"name\":\"La Barraca 1912 Alimentacion\",\"url\":\"https:\\\/\\\/labarraca1912.es\\\/\",\"logo\":{\"@type\":\"ImageObject\",\"inLanguage\":\"pt-PT\",\"@id\":\"https:\\\/\\\/labarraca1912.es\\\/#\\\/schema\\\/logo\\\/image\\\/\",\"url\":\"https:\\\/\\\/labarraca1912.es\\\/wp-content\\\/uploads\\\/2019\\\/06\\\/logo-labarraca.png\",\"contentUrl\":\"https:\\\/\\\/labarraca1912.es\\\/wp-content\\\/uploads\\\/2019\\\/06\\\/logo-labarraca.png\",\"width\":2917,\"height\":1809,\"caption\":\"La Barraca 1912 Alimentacion\"},\"image\":{\"@id\":\"https:\\\/\\\/labarraca1912.es\\\/#\\\/schema\\\/logo\\\/image\\\/\"}}]}<\/script>\n<!-- \/ Yoast SEO plugin. -->","yoast_head_json":{"title":"Comprar Pack 6 Molinillos XL de Pimientas y sales","description":"Realza el sabor de tus platos al comprar el Pack 6 Molinillos XL con pimientas, sales y hierbas, dale un toque especial a tus recetas.","robots":{"index":"index","follow":"follow","max-snippet":"max-snippet:-1","max-image-preview":"max-image-preview:large","max-video-preview":"max-video-preview:-1"},"canonical":"https:\/\/labarraca1912.es\/pt\/tienda\/molinillos\/pack-6-molinillos-xl\/","og_locale":"pt_PT","og_type":"article","og_title":"Comprar Pack 6 Molinillos XL de Pimientas y sales","og_description":"Realza el sabor de tus platos al comprar el Pack 6 Molinillos XL con pimientas, sales y hierbas, dale un toque especial a tus recetas.","og_url":"https:\/\/labarraca1912.es\/pt\/tienda\/molinillos\/pack-6-molinillos-xl\/","og_site_name":"La Barraca","article_modified_time":"2026-03-09T08:48:09+00:00","og_image":[{"width":800,"height":800,"url":"https:\/\/labarraca1912.es\/wp-content\/uploads\/2020\/11\/Pack6Molinillos.jpg","type":"image\/jpeg"}],"twitter_card":"summary_large_image","twitter_misc":{"Tempo estimado de leitura":"3 minutos"},"schema":{"@context":"https:\/\/schema.org","@graph":[{"@type":"WebPage","@id":"https:\/\/labarraca1912.es\/tienda\/molinillos\/pack-6-molinillos-xl\/","url":"https:\/\/labarraca1912.es\/tienda\/molinillos\/pack-6-molinillos-xl\/","name":"Comprar Pack 6 Molinillos XL de Pimientas y sales","isPartOf":{"@id":"https:\/\/labarraca1912.es\/#website"},"primaryImageOfPage":{"@id":"https:\/\/labarraca1912.es\/tienda\/molinillos\/pack-6-molinillos-xl\/#primaryimage"},"image":{"@id":"https:\/\/labarraca1912.es\/tienda\/molinillos\/pack-6-molinillos-xl\/#primaryimage"},"thumbnailUrl":"https:\/\/labarraca1912.es\/wp-content\/uploads\/2020\/11\/Pack6Molinillos.jpg","datePublished":"2020-11-19T07:33:44+00:00","dateModified":"2026-03-09T08:48:09+00:00","description":"Realza el sabor de tus platos al comprar el Pack 6 Molinillos XL con pimientas, sales y hierbas, dale un toque especial a tus recetas.","breadcrumb":{"@id":"https:\/\/labarraca1912.es\/tienda\/molinillos\/pack-6-molinillos-xl\/#breadcrumb"},"inLanguage":"pt-PT","potentialAction":[{"@type":"ReadAction","target":["https:\/\/labarraca1912.es\/tienda\/molinillos\/pack-6-molinillos-xl\/"]}]},{"@type":"ImageObject","inLanguage":"pt-PT","@id":"https:\/\/labarraca1912.es\/tienda\/molinillos\/pack-6-molinillos-xl\/#primaryimage","url":"https:\/\/labarraca1912.es\/wp-content\/uploads\/2020\/11\/Pack6Molinillos.jpg","contentUrl":"https:\/\/labarraca1912.es\/wp-content\/uploads\/2020\/11\/Pack6Molinillos.jpg","width":800,"height":800},{"@type":"BreadcrumbList","@id":"https:\/\/labarraca1912.es\/tienda\/molinillos\/pack-6-molinillos-xl\/#breadcrumb","itemListElement":[{"@type":"ListItem","position":1,"name":"La Barraca","item":"https:\/\/labarraca1912.es\/"},{"@type":"ListItem","position":2,"name":"Tienda","item":"https:\/\/labarraca1912.es\/tienda\/"},{"@type":"ListItem","position":3,"name":"Pack 6 Molinillos XL"}]},{"@type":"WebSite","@id":"https:\/\/labarraca1912.es\/#website","url":"https:\/\/labarraca1912.es\/","name":"La Barraca","description":"La Casa del Sabor","publisher":{"@id":"https:\/\/labarraca1912.es\/#organization"},"potentialAction":[{"@type":"SearchAction","target":{"@type":"EntryPoint","urlTemplate":"https:\/\/labarraca1912.es\/?s={search_term_string}"},"query-input":{"@type":"PropertyValueSpecification","valueRequired":true,"valueName":"search_term_string"}}],"inLanguage":"pt-PT"},{"@type":"Organization","@id":"https:\/\/labarraca1912.es\/#organization","name":"La Barraca 1912 Alimentacion","url":"https:\/\/labarraca1912.es\/","logo":{"@type":"ImageObject","inLanguage":"pt-PT","@id":"https:\/\/labarraca1912.es\/#\/schema\/logo\/image\/","url":"https:\/\/labarraca1912.es\/wp-content\/uploads\/2019\/06\/logo-labarraca.png","contentUrl":"https:\/\/labarraca1912.es\/wp-content\/uploads\/2019\/06\/logo-labarraca.png","width":2917,"height":1809,"caption":"La Barraca 1912 Alimentacion"},"image":{"@id":"https:\/\/labarraca1912.es\/#\/schema\/logo\/image\/"}}]}},"_links":{"self":[{"href":"https:\/\/labarraca1912.es\/pt\/wp-json\/wp\/v2\/product\/5969","targetHints":{"allow":["GET"]}}],"collection":[{"href":"https:\/\/labarraca1912.es\/pt\/wp-json\/wp\/v2\/product"}],"about":[{"href":"https:\/\/labarraca1912.es\/pt\/wp-json\/wp\/v2\/types\/product"}],"replies":[{"embeddable":true,"href":"https:\/\/labarraca1912.es\/pt\/wp-json\/wp\/v2\/comments?post=5969"}],"wp:featuredmedia":[{"embeddable":true,"href":"https:\/\/labarraca1912.es\/pt\/wp-json\/wp\/v2\/media\/5971"}],"wp:attachment":[{"href":"https:\/\/labarraca1912.es\/pt\/wp-json\/wp\/v2\/media?parent=5969"}],"wp:term":[{"taxonomy":"product_brand","embeddable":true,"href":"https:\/\/labarraca1912.es\/pt\/wp-json\/wp\/v2\/product_brand?post=5969"},{"taxonomy":"product_cat","embeddable":true,"href":"https:\/\/labarraca1912.es\/pt\/wp-json\/wp\/v2\/product_cat?post=5969"},{"taxonomy":"product_tag","embeddable":true,"href":"https:\/\/labarraca1912.es\/pt\/wp-json\/wp\/v2\/product_tag?post=5969"}],"curies":[{"name":"wp","href":"https:\/\/api.w.org\/{rel}","templated":true}]}}