{"id":5973,"date":"2020-11-19T10:11:00","date_gmt":"2020-11-19T09:11:00","guid":{"rendered":"https:\/\/labarraca1912.es\/?post_type=product&#038;p=5973"},"modified":"2026-04-27T22:24:18","modified_gmt":"2026-04-27T20:24:18","slug":"pack-12-sabores-infusiones","status":"publish","type":"product","link":"https:\/\/labarraca1912.es\/pt\/tienda\/infusiones\/pack-12-sabores-infusiones\/","title":{"rendered":"Pack 12 Sabores Infus\u00f5es"},"content":{"rendered":"<p>PACK 12 INFUS\u00d5ES SABORES: Sabor e aroma naturais numa cole\u00e7\u00e3o exclusiva de infus\u00f5es, embaladas num pr\u00e1tico formato de 10 sacos de infus\u00e3o por caixa para que possa saborear gole a gole do aut\u00eantico sabor das infus\u00f5es La Barraca. Uma variedade de infus\u00f5es como nunca viu antes.<\/p>\n<p><strong>Cavalinha:<\/strong> Planta utilizada na medicina natural pelas suas reconhecidas propriedades diur\u00e9ticas. \u00c9 rico em minerais como o sil\u00edcio, que ajuda a regenerar a pele e a cartilagem, o pot\u00e1ssio, que proporciona efeito diur\u00e9tico, o magn\u00e9sio e o c\u00e1lcio, que ajudam a aumentar as defesas do organismo e a eliminar toxinas. Recomenda-se limitar o seu consumo a curtos per\u00edodos de tempo.<\/p>\n<p><strong>Dorme Bem:<\/strong> Mistura de ervas com propriedades relaxantes e calmantes e sabor adocicado. \u00c9 normalmente utilizado para acalmar a ansiedade, o stress e a ins\u00f3nia.<\/p>\n<p><strong>Ervas Naturais:<\/strong> Infus\u00e3o natural feita com 50% de folhas de Sene e 50% de frutos de Sene (Cassia angustifolia), com propriedades laxantes. O uso de um laxante deste tipo s\u00f3 est\u00e1 indicado em casos de obstipa\u00e7\u00e3o ocasional, sempre sob a supervis\u00e3o de um profissional e n\u00e3o \u00e9 recomendado o seu uso por mais de uma semana. N\u00e3o \u00e9 recomendado durante a gravidez e menstrua\u00e7\u00e3o.<\/p>\n<p><strong>Gengibre sabor Mel:<\/strong> Esta combina\u00e7\u00e3o \u00e9 criada a partir do Gengibre, com um toque de aroma e sabor a mel. Tem um sabor adocicado que acalma a garganta.<\/p>\n<p><strong>Camomila:<\/strong> O seu uso \u00e9 conhecido desde a Gr\u00e9cia antiga. \u00c9 colhida na primavera em dias serenos e ensolarados para aproveitar ao m\u00e1ximo a abertura da sua flor. A La Barraca oferece hoje o seu Manzanilla para que possa desfrutar da sua infus\u00e3o.<\/p>\n<p><strong>Camomila com Anis:<\/strong> Esta combina\u00e7\u00e3o de Camomila com Anis \u00e9 conhecida desde a antiguidade, pelas culturas mediterr\u00e2nicas. Possui propriedades digestivas.<\/p>\n<p><strong>Ch\u00e1 Chai com Especiarias:<\/strong> Esta combina\u00e7\u00e3o \u00e9 criada a partir do ch\u00e1 preto e combinada com outras especiarias como a canela, o gengibre, a pimenta ou o cravinho.<\/p>\n<p><strong>Ch\u00e1 Preto:<\/strong> O ch\u00e1 \u00e9 um arbusto nativo das montanhas da China e do nordeste da \u00cdndia. No s\u00e9culo XVII foi introduzido na Europa por navegadores holandeses. La Barraca oferece hoje o seu ch\u00e1 para que possa desfrutar da sua infus\u00e3o.<\/p>\n<p><strong>Ch\u00e1 Vermelho:<\/strong> O Ch\u00e1 Vermelho \u00e9 um ch\u00e1 envelhecido e com um longo processo de fermenta\u00e7\u00e3o, o que faz com que as suas folhas atinjam uma cor avermelhada. \u00c9 utilizado para estimular o metabolismo, ajudar a perder peso ou auxiliar na digest\u00e3o.<\/p>\n<p><strong>Ch\u00e1 Verde:<\/strong> O Ch\u00e1 Verde \u00e9 um ch\u00e1 que n\u00e3o sofreu oxida\u00e7\u00e3o, as folhas frescas s\u00e3o colhidas, prensadas, enroladas, trituradas e finalmente secas. Possui propriedades estimulantes, digestivas e circulat\u00f3rias.<\/p>\n<p><strong>Ch\u00e1 Verde com Gengibre e Lim\u00e3o:<\/strong> Esta combina\u00e7\u00e3o de ch\u00e1 verde, gengibre e lim\u00e3o faz com que esta infus\u00e3o ajude a melhorar a digest\u00e3o.<\/p>\n<p><strong>T\u00edlia:<\/strong> Linden vem da \u00e1rvore Linden, uma \u00e1rvore nativa do C\u00e1ucaso. Em Espanha podemos encontrar florestas de t\u00edlia na vertente norte. As suas folhas e flores s\u00e3o utilizadas para infus\u00e3o.<\/p>","protected":false},"excerpt":{"rendered":"<blockquote>\n<h2><strong>Pack 12 Sabores Infus\u00f5es<\/strong><\/h2>\n<\/blockquote>\n<p>Sabor e aroma naturais numa cole\u00e7\u00e3o exclusiva de infus\u00f5es, embaladas num pr\u00e1tico formato de 10 sacos de infus\u00e3o por caixa para que possa saborear gole a gole do aut\u00eantico sabor das infus\u00f5es La Barraca. Uma variedade de infus\u00f5es como nunca viu antes.<\/p>\n<p><strong><em>PACK COMPOSTO POR:<\/em><\/strong><\/p>\n<ul>\n<li><strong>Cavalinha 15g <\/strong>\n<ul>\n<li><em><strong>Ingredientes:<\/strong><\/em> Cavalinha 100%. <em><strong>Condi\u00e7\u00f5es de utiliza\u00e7\u00e3o:<\/strong><\/em> N\u00e3o exceder a dose de 3 saquetas por dia. Consulte o seu m\u00e9dico se estiver gr\u00e1vida ou a amamentar.<\/li>\n<\/ul>\n<\/li>\n<li><strong>Dorme Bem 15g<\/strong>\n<ul>\n<li><em><strong>Ingredientes:<\/strong><\/em> T\u00edlia (30%), Folhas de Laranja Amarga (30%), Camomila (25%) e Manjerona (15%).<\/li>\n<\/ul>\n<\/li>\n<li><strong>Ervas Naturais 15g<\/strong>\n<ul>\n<li><em><strong>Ingredientes:<\/strong><\/em> Folhas de Sen (50%) e fol\u00edculos de Sen (50%). <em><strong>Recomenda\u00e7\u00f5es de utiliza\u00e7\u00e3o: <\/strong><\/em>N\u00e3o leve mais do que um saco de filtro por dia. Consulte o seu m\u00e9dico se estiver gr\u00e1vida ou a amamentar. N\u00e3o administrar a crian\u00e7as com menos de 12 anos de idade. N\u00e3o utilize durante muito tempo sem recomenda\u00e7\u00e3o de um especialista.<\/li>\n<\/ul>\n<\/li>\n<li><strong>Gengibre sabor Mel 15g<\/strong>\n<ul>\n<li><em><strong>Ingredientes:<\/strong><\/em> Raiz de gengibre (95%) e (aroma de mel (5%) Cont\u00e9m Ado\u00e7ante: Aspartame E-951). <strong>\u00abContiene una fuente de fenilalanina\u00bb.<\/strong><\/li>\n<\/ul>\n<\/li>\n<li><strong>Camomila 12g<\/strong>\n<ul>\n<li><em><strong>Ingredientes:<\/strong><\/em> Camomila 100%.<\/li>\n<\/ul>\n<\/li>\n<li><strong>Camomila com Anis 12g<\/strong>\n<ul>\n<li><em><strong>Ingredientes:<\/strong><\/em> Camomila (65%), anis verde (30%) e aroma de anis (5%).<\/li>\n<\/ul>\n<\/li>\n<li><strong>Ch\u00e1 Chai com Especiarias 15g<\/strong>\n<ul>\n<li><em><strong>Ingredientes:<\/strong> <\/em>Ch\u00e1 preto (55%), gengibre (15%), canela (10%), pimenta preta (10%), cravinho (5%) e a\u00e7afr\u00e3o (5%).<\/li>\n<\/ul>\n<\/li>\n<li><strong>Ch\u00e1 Preto 15g<\/strong>\n<ul>\n<li><em><strong>Ingredientes:<\/strong><\/em> Ch\u00e1 preto 100%.<\/li>\n<\/ul>\n<\/li>\n<li><strong>Ch\u00e1 Vermelho 15g<\/strong>\n<ul>\n<li><em><strong>Ingredientes:<\/strong><\/em> Ch\u00e1 vermelho 100%.<\/li>\n<\/ul>\n<\/li>\n<li><strong>Ch\u00e1 Verde 15g <\/strong>\n<ul>\n<li><em><strong>Ingredientes:<\/strong><\/em> Ch\u00e1 verde 100%.<\/li>\n<\/ul>\n<\/li>\n<li><strong>Ch\u00e1 Verde com Gengibre e Lim\u00e3o 15g <\/strong>\n<ul>\n<li><em><strong>Ingredientes:<\/strong><\/em> Ch\u00e1 verde (50%), gengibre (35%), erva-pr\u00edncipe (10%) e sabor a lim\u00e3o (5%).<\/li>\n<\/ul>\n<\/li>\n<li><strong>T\u00edlia 12g<\/strong>\n<ul>\n<li><em><strong>Ingredientes:<\/strong><\/em> T\u00edlia 100%.<\/li>\n<\/ul>\n<\/li>\n<\/ul>","protected":false},"featured_media":5974,"comment_status":"open","ping_status":"closed","template":"","meta":{"_et_pb_use_builder":"","_et_pb_old_content":"","_et_gb_content_width":""},"product_brand":[],"product_cat":[215,20],"product_tag":[62,217,210,159,165,61,59,57,214,53,167],"class_list":{"0":"post-5973","1":"product","2":"type-product","3":"status-publish","4":"has-post-thumbnail","6":"product_cat-packs-regalo","7":"product_cat-infusiones","8":"product_tag-anis","9":"product_tag-cassiaangustifolia","10":"product_tag-chai","11":"product_tag-colacaballo","12":"product_tag-dormibe","13":"product_tag-hierbasnaturales","14":"product_tag-jengibre","15":"product_tag-manzanilla","16":"product_tag-miel","17":"product_tag-te","18":"product_tag-tila","20":"first","21":"instock","22":"taxable","23":"shipping-taxable","24":"purchasable","25":"product-type-simple"},"yoast_head":"<!-- This site is optimized with the Yoast SEO plugin v27.5 - https:\/\/yoast.com\/product\/yoast-seo-wordpress\/ -->\n<title>Comprar Pack de 12 Sabores Infusiones | La Barraca<\/title>\n<meta name=\"description\" content=\"Comprar Pack 12 Sabores Infusiones con 12 variedades naturales. Disfruta sorbo a sorbo del aut\u00e9ntico sabor y aroma de nuestras infusiones exclusivas.\" \/>\n<meta name=\"robots\" content=\"index, follow, max-snippet:-1, max-image-preview:large, max-video-preview:-1\" \/>\n<link rel=\"canonical\" href=\"https:\/\/labarraca1912.es\/pt\/tienda\/infusiones\/pack-12-sabores-infusiones\/\" \/>\n<meta property=\"og:locale\" content=\"pt_PT\" \/>\n<meta property=\"og:type\" content=\"article\" \/>\n<meta property=\"og:title\" content=\"Comprar Pack de 12 Sabores Infusiones | La Barraca\" \/>\n<meta property=\"og:description\" content=\"Comprar Pack 12 Sabores Infusiones con 12 variedades naturales. Disfruta sorbo a sorbo del aut\u00e9ntico sabor y aroma de nuestras infusiones exclusivas.\" \/>\n<meta property=\"og:url\" content=\"https:\/\/labarraca1912.es\/pt\/tienda\/infusiones\/pack-12-sabores-infusiones\/\" \/>\n<meta property=\"og:site_name\" content=\"La Barraca\" \/>\n<meta property=\"article:modified_time\" content=\"2026-04-27T20:24:18+00:00\" \/>\n<meta property=\"og:image\" content=\"https:\/\/labarraca1912.es\/wp-content\/uploads\/2020\/11\/Pack12saboresinfusiones.jpg\" \/>\n\t<meta property=\"og:image:width\" content=\"800\" \/>\n\t<meta property=\"og:image:height\" content=\"800\" \/>\n\t<meta property=\"og:image:type\" content=\"image\/jpeg\" \/>\n<meta name=\"twitter:card\" content=\"summary_large_image\" \/>\n<meta name=\"twitter:label1\" content=\"Tempo estimado de leitura\" \/>\n\t<meta name=\"twitter:data1\" content=\"3 minutos\" \/>\n<script type=\"application\/ld+json\" class=\"yoast-schema-graph\">{\"@context\":\"https:\\\/\\\/schema.org\",\"@graph\":[{\"@type\":\"WebPage\",\"@id\":\"https:\\\/\\\/labarraca1912.es\\\/tienda\\\/infusiones\\\/pack-12-sabores-infusiones\\\/\",\"url\":\"https:\\\/\\\/labarraca1912.es\\\/tienda\\\/infusiones\\\/pack-12-sabores-infusiones\\\/\",\"name\":\"Comprar Pack de 12 Sabores Infusiones | La Barraca\",\"isPartOf\":{\"@id\":\"https:\\\/\\\/labarraca1912.es\\\/#website\"},\"primaryImageOfPage\":{\"@id\":\"https:\\\/\\\/labarraca1912.es\\\/tienda\\\/infusiones\\\/pack-12-sabores-infusiones\\\/#primaryimage\"},\"image\":{\"@id\":\"https:\\\/\\\/labarraca1912.es\\\/tienda\\\/infusiones\\\/pack-12-sabores-infusiones\\\/#primaryimage\"},\"thumbnailUrl\":\"https:\\\/\\\/labarraca1912.es\\\/wp-content\\\/uploads\\\/2020\\\/11\\\/Pack12saboresinfusiones.jpg\",\"datePublished\":\"2020-11-19T09:11:00+00:00\",\"dateModified\":\"2026-04-27T20:24:18+00:00\",\"description\":\"Comprar Pack 12 Sabores Infusiones con 12 variedades naturales. Disfruta sorbo a sorbo del aut\u00e9ntico sabor y aroma de nuestras infusiones exclusivas.\",\"breadcrumb\":{\"@id\":\"https:\\\/\\\/labarraca1912.es\\\/tienda\\\/infusiones\\\/pack-12-sabores-infusiones\\\/#breadcrumb\"},\"inLanguage\":\"pt-PT\",\"potentialAction\":[{\"@type\":\"ReadAction\",\"target\":[\"https:\\\/\\\/labarraca1912.es\\\/tienda\\\/infusiones\\\/pack-12-sabores-infusiones\\\/\"]}]},{\"@type\":\"ImageObject\",\"inLanguage\":\"pt-PT\",\"@id\":\"https:\\\/\\\/labarraca1912.es\\\/tienda\\\/infusiones\\\/pack-12-sabores-infusiones\\\/#primaryimage\",\"url\":\"https:\\\/\\\/labarraca1912.es\\\/wp-content\\\/uploads\\\/2020\\\/11\\\/Pack12saboresinfusiones.jpg\",\"contentUrl\":\"https:\\\/\\\/labarraca1912.es\\\/wp-content\\\/uploads\\\/2020\\\/11\\\/Pack12saboresinfusiones.jpg\",\"width\":800,\"height\":800},{\"@type\":\"BreadcrumbList\",\"@id\":\"https:\\\/\\\/labarraca1912.es\\\/tienda\\\/infusiones\\\/pack-12-sabores-infusiones\\\/#breadcrumb\",\"itemListElement\":[{\"@type\":\"ListItem\",\"position\":1,\"name\":\"La Barraca\",\"item\":\"https:\\\/\\\/labarraca1912.es\\\/\"},{\"@type\":\"ListItem\",\"position\":2,\"name\":\"Tienda\",\"item\":\"https:\\\/\\\/labarraca1912.es\\\/tienda\\\/\"},{\"@type\":\"ListItem\",\"position\":3,\"name\":\"Pack 12 Sabores Infusiones\"}]},{\"@type\":\"WebSite\",\"@id\":\"https:\\\/\\\/labarraca1912.es\\\/#website\",\"url\":\"https:\\\/\\\/labarraca1912.es\\\/\",\"name\":\"La Barraca\",\"description\":\"La Casa del Sabor\",\"publisher\":{\"@id\":\"https:\\\/\\\/labarraca1912.es\\\/#organization\"},\"potentialAction\":[{\"@type\":\"SearchAction\",\"target\":{\"@type\":\"EntryPoint\",\"urlTemplate\":\"https:\\\/\\\/labarraca1912.es\\\/?s={search_term_string}\"},\"query-input\":{\"@type\":\"PropertyValueSpecification\",\"valueRequired\":true,\"valueName\":\"search_term_string\"}}],\"inLanguage\":\"pt-PT\"},{\"@type\":\"Organization\",\"@id\":\"https:\\\/\\\/labarraca1912.es\\\/#organization\",\"name\":\"La Barraca 1912 Alimentacion\",\"url\":\"https:\\\/\\\/labarraca1912.es\\\/\",\"logo\":{\"@type\":\"ImageObject\",\"inLanguage\":\"pt-PT\",\"@id\":\"https:\\\/\\\/labarraca1912.es\\\/#\\\/schema\\\/logo\\\/image\\\/\",\"url\":\"https:\\\/\\\/labarraca1912.es\\\/wp-content\\\/uploads\\\/2019\\\/06\\\/logo-labarraca.png\",\"contentUrl\":\"https:\\\/\\\/labarraca1912.es\\\/wp-content\\\/uploads\\\/2019\\\/06\\\/logo-labarraca.png\",\"width\":2917,\"height\":1809,\"caption\":\"La Barraca 1912 Alimentacion\"},\"image\":{\"@id\":\"https:\\\/\\\/labarraca1912.es\\\/#\\\/schema\\\/logo\\\/image\\\/\"}}]}<\/script>\n<!-- \/ Yoast SEO plugin. -->","yoast_head_json":{"title":"Comprar Pack de 12 Sabores Infusiones | La Barraca","description":"Comprar Pack 12 Sabores Infusiones con 12 variedades naturales. Disfruta sorbo a sorbo del aut\u00e9ntico sabor y aroma de nuestras infusiones exclusivas.","robots":{"index":"index","follow":"follow","max-snippet":"max-snippet:-1","max-image-preview":"max-image-preview:large","max-video-preview":"max-video-preview:-1"},"canonical":"https:\/\/labarraca1912.es\/pt\/tienda\/infusiones\/pack-12-sabores-infusiones\/","og_locale":"pt_PT","og_type":"article","og_title":"Comprar Pack de 12 Sabores Infusiones | La Barraca","og_description":"Comprar Pack 12 Sabores Infusiones con 12 variedades naturales. Disfruta sorbo a sorbo del aut\u00e9ntico sabor y aroma de nuestras infusiones exclusivas.","og_url":"https:\/\/labarraca1912.es\/pt\/tienda\/infusiones\/pack-12-sabores-infusiones\/","og_site_name":"La Barraca","article_modified_time":"2026-04-27T20:24:18+00:00","og_image":[{"width":800,"height":800,"url":"https:\/\/labarraca1912.es\/wp-content\/uploads\/2020\/11\/Pack12saboresinfusiones.jpg","type":"image\/jpeg"}],"twitter_card":"summary_large_image","twitter_misc":{"Tempo estimado de leitura":"3 minutos"},"schema":{"@context":"https:\/\/schema.org","@graph":[{"@type":"WebPage","@id":"https:\/\/labarraca1912.es\/tienda\/infusiones\/pack-12-sabores-infusiones\/","url":"https:\/\/labarraca1912.es\/tienda\/infusiones\/pack-12-sabores-infusiones\/","name":"Comprar Pack de 12 Sabores Infusiones | La Barraca","isPartOf":{"@id":"https:\/\/labarraca1912.es\/#website"},"primaryImageOfPage":{"@id":"https:\/\/labarraca1912.es\/tienda\/infusiones\/pack-12-sabores-infusiones\/#primaryimage"},"image":{"@id":"https:\/\/labarraca1912.es\/tienda\/infusiones\/pack-12-sabores-infusiones\/#primaryimage"},"thumbnailUrl":"https:\/\/labarraca1912.es\/wp-content\/uploads\/2020\/11\/Pack12saboresinfusiones.jpg","datePublished":"2020-11-19T09:11:00+00:00","dateModified":"2026-04-27T20:24:18+00:00","description":"Comprar Pack 12 Sabores Infusiones con 12 variedades naturales. Disfruta sorbo a sorbo del aut\u00e9ntico sabor y aroma de nuestras infusiones exclusivas.","breadcrumb":{"@id":"https:\/\/labarraca1912.es\/tienda\/infusiones\/pack-12-sabores-infusiones\/#breadcrumb"},"inLanguage":"pt-PT","potentialAction":[{"@type":"ReadAction","target":["https:\/\/labarraca1912.es\/tienda\/infusiones\/pack-12-sabores-infusiones\/"]}]},{"@type":"ImageObject","inLanguage":"pt-PT","@id":"https:\/\/labarraca1912.es\/tienda\/infusiones\/pack-12-sabores-infusiones\/#primaryimage","url":"https:\/\/labarraca1912.es\/wp-content\/uploads\/2020\/11\/Pack12saboresinfusiones.jpg","contentUrl":"https:\/\/labarraca1912.es\/wp-content\/uploads\/2020\/11\/Pack12saboresinfusiones.jpg","width":800,"height":800},{"@type":"BreadcrumbList","@id":"https:\/\/labarraca1912.es\/tienda\/infusiones\/pack-12-sabores-infusiones\/#breadcrumb","itemListElement":[{"@type":"ListItem","position":1,"name":"La Barraca","item":"https:\/\/labarraca1912.es\/"},{"@type":"ListItem","position":2,"name":"Tienda","item":"https:\/\/labarraca1912.es\/tienda\/"},{"@type":"ListItem","position":3,"name":"Pack 12 Sabores Infusiones"}]},{"@type":"WebSite","@id":"https:\/\/labarraca1912.es\/#website","url":"https:\/\/labarraca1912.es\/","name":"La Barraca","description":"La Casa del Sabor","publisher":{"@id":"https:\/\/labarraca1912.es\/#organization"},"potentialAction":[{"@type":"SearchAction","target":{"@type":"EntryPoint","urlTemplate":"https:\/\/labarraca1912.es\/?s={search_term_string}"},"query-input":{"@type":"PropertyValueSpecification","valueRequired":true,"valueName":"search_term_string"}}],"inLanguage":"pt-PT"},{"@type":"Organization","@id":"https:\/\/labarraca1912.es\/#organization","name":"La Barraca 1912 Alimentacion","url":"https:\/\/labarraca1912.es\/","logo":{"@type":"ImageObject","inLanguage":"pt-PT","@id":"https:\/\/labarraca1912.es\/#\/schema\/logo\/image\/","url":"https:\/\/labarraca1912.es\/wp-content\/uploads\/2019\/06\/logo-labarraca.png","contentUrl":"https:\/\/labarraca1912.es\/wp-content\/uploads\/2019\/06\/logo-labarraca.png","width":2917,"height":1809,"caption":"La Barraca 1912 Alimentacion"},"image":{"@id":"https:\/\/labarraca1912.es\/#\/schema\/logo\/image\/"}}]}},"_links":{"self":[{"href":"https:\/\/labarraca1912.es\/pt\/wp-json\/wp\/v2\/product\/5973","targetHints":{"allow":["GET"]}}],"collection":[{"href":"https:\/\/labarraca1912.es\/pt\/wp-json\/wp\/v2\/product"}],"about":[{"href":"https:\/\/labarraca1912.es\/pt\/wp-json\/wp\/v2\/types\/product"}],"replies":[{"embeddable":true,"href":"https:\/\/labarraca1912.es\/pt\/wp-json\/wp\/v2\/comments?post=5973"}],"wp:featuredmedia":[{"embeddable":true,"href":"https:\/\/labarraca1912.es\/pt\/wp-json\/wp\/v2\/media\/5974"}],"wp:attachment":[{"href":"https:\/\/labarraca1912.es\/pt\/wp-json\/wp\/v2\/media?parent=5973"}],"wp:term":[{"taxonomy":"product_brand","embeddable":true,"href":"https:\/\/labarraca1912.es\/pt\/wp-json\/wp\/v2\/product_brand?post=5973"},{"taxonomy":"product_cat","embeddable":true,"href":"https:\/\/labarraca1912.es\/pt\/wp-json\/wp\/v2\/product_cat?post=5973"},{"taxonomy":"product_tag","embeddable":true,"href":"https:\/\/labarraca1912.es\/pt\/wp-json\/wp\/v2\/product_tag?post=5973"}],"curies":[{"name":"wp","href":"https:\/\/api.w.org\/{rel}","templated":true}]}}