{"id":5978,"date":"2020-11-19T11:40:25","date_gmt":"2020-11-19T10:40:25","guid":{"rendered":"https:\/\/labarraca1912.es\/?post_type=product&#038;p=5978"},"modified":"2022-11-22T11:34:49","modified_gmt":"2022-11-22T10:34:49","slug":"pack-regalo","status":"publish","type":"product","link":"https:\/\/labarraca1912.es\/pt\/tienda\/productos-complementarios\/pack-regalo\/","title":{"rendered":"Pack Regalo XS"},"content":{"rendered":"<p>PACK REGALO XS: La Barraca Alimentaci\u00f3n pone a tu disposici\u00f3n este pack regalo con un variado de especias, sazonadores, azafr\u00e1n, infusiones y dem\u00e1s productos. Una mezcla de sabores, aromas y olores que no pueden faltar en una cocina. Pack formado por los siguientes productos:<\/p>\n<p><strong>1 Lata 75g Piment\u00f3n Dulce:<\/strong> \u00c9 um tempero em p\u00f3 de cor vermelha e sabor caracter\u00edstico obtido pela secagem e moagem de certas variedades de pimento vermelho. D\u00e1 um toque muito especial aos pratos a que se junta, como o arroz, as paellas, as batatas, a marinada de chouri\u00e7o ou o polvo \u00e0 galega.<\/p>\n<p><strong>1 Estuche Ajo Negro:<\/strong> El Ajo Negro es un tipo de ajo caramelizado, que se obtiene a trav\u00e9s del ajo com\u00fan mediante un lento proceso. Se elabora sometiendo los bulbos de ajo a calor y humedad durante semanas, transformando los dientes de ajo en un color negro intenso. Tiene un sabor dulce, con ligeros toques a vinagre bals\u00e1mico y a regaliz, as\u00ed como un olor m\u00e1s suave al del ajo com\u00fan, tambi\u00e9n tiene una textura peculiar. Tiene su origen culinario en las cocinas coreanas y tailandesas.<\/p>\n<p><strong>2 Caixas de 4 Saquetas A\u00e7afr\u00e3o em Fios:<\/strong> O a\u00e7afr\u00e3o \u00e9 uma das especiarias mais apreciadas e utilizadas desde a antiguidade, tanto pelo seu sabor como pelo seu aroma. Vindo do Oriente, o seu cultivo e colheita requerem cuidados cuidadosos. As partes da planta utilizadas para fazer o a\u00e7afr\u00e3o s\u00e3o os estigmas da flor, que s\u00e3o secos e torrados. Quanto \u00e0 sua utiliza\u00e7\u00e3o gastron\u00f3mica, destina-se especialmente a arroz, paellas, arroz a banda, risotos, massas, sopas, peixe, marisco, molhos aos quais o a\u00e7afr\u00e3o dar\u00e1 aroma, sabor e cor dourada.<\/p>\n<p><strong>2 Estuches 3 sobres Sazonador Paella con Azafr\u00e1n:<\/strong> O Tempero para Paella com A\u00e7afr\u00e3o \u00e9 um produto magn\u00edfico para conferir o sabor ideal a uma paella, gra\u00e7as \u00e0 combina\u00e7\u00e3o de diferentes tipos de especiarias, ervas e temperos, que aliados ao sabor e aroma do a\u00e7afr\u00e3o, tornam este tempero essencial na confe\u00e7\u00e3o de uma paella .<\/p>\n<p><strong>1 PiramiT\u00e9 T\u00e9 Negro y Canela:<\/strong> O Ch\u00e1 Preto com Canela \u00e9 uma poderosa combina\u00e7\u00e3o de sabores. Uma infus\u00e3o de sabor poderoso e doce.<\/p>\n<p><strong>1 PiramiT\u00e9 T\u00e9 Rojo con Frutas:<\/strong> Elaborado com uma mistura de diferentes ch\u00e1s com frutas como morango, kiwi ou anan\u00e1s, que combinados fazem com que esta infus\u00e3o tenha um sabor e aroma especiais.<\/p>\n<p><strong>1 Caja 10 Infusiones Tila:<\/strong> Linden vem da \u00e1rvore Linden, uma \u00e1rvore nativa do C\u00e1ucaso. Em Espanha podemos encontrar florestas de t\u00edlia na vertente norte. As suas folhas e flores s\u00e3o utilizadas para infus\u00e3o.<\/p>\n<p><strong>1 Caja 10 Infusiones Manzanilla:<\/strong> O seu uso \u00e9 conhecido desde a Gr\u00e9cia antiga. \u00c9 colhida na primavera em dias serenos e ensolarados para aproveitar ao m\u00e1ximo a abertura da sua flor. A La Barraca oferece hoje o seu Manzanilla para que possa desfrutar da sua infus\u00e3o.<\/p>\n<p><strong>1 Caja 10 Infusiones Hierbas Naturales:<\/strong> Infus\u00e3o natural feita com 50% de folhas de Sene e 50% de frutos de Sene (Cassia angustifolia), com propriedades laxantes. O uso de um laxante deste tipo s\u00f3 est\u00e1 indicado em casos de obstipa\u00e7\u00e3o ocasional, sempre sob a supervis\u00e3o de um profissional e n\u00e3o \u00e9 recomendado o seu uso por mais de uma semana. N\u00e3o \u00e9 recomendado durante a gravidez e menstrua\u00e7\u00e3o.<\/p>\n<p><strong>1 Molinillo XL Pimienta Negra Grano:<\/strong> A Pimenta Preta \u00e9 produzida quando o gr\u00e3o de pimenta est\u00e1 meio maduro e \u00e9 uma das mais utilizadas na antiguidade. O sabor picante do pimento \u00e9 obtido a partir do composto piperina, que se encontra na casca e na semente da pimenta. \u00c9 utilizado principalmente em guisados, bem como em carnes assadas ou grelhadas, sopas, marinadas, massas, pratos de arroz. \u00c9 uma das especiarias que pode ser utilizada em quase todos os alimentos.<\/p>\n<p><strong>1 Molinillo XL Sal Marina:<\/strong> Sal marinho-gema, que quando mo\u00eddo salga os pratos em que \u00e9 incorporado. \u00c9 utilizado em qualquer prato que se pretenda dar um toque salgado.\u00c9 utilizado em qualquer prato que se pretenda dar um toque salgado.<\/p>","protected":false},"excerpt":{"rendered":"<h2><\/h2>\n<blockquote>\n<h2><strong>Pack Regalo XS<\/strong><\/h2>\n<\/blockquote>\n<p>La Barraca Alimentaci\u00f3n pone a tu disposici\u00f3n este pack regalo con un variado de especias, sazonadores, azafr\u00e1n, infusiones y dem\u00e1s productos. Una mezcla de sabores, aromas y olores que no pueden faltar en una cocina. Pack formado por los siguientes productos:<\/p>\n<p><strong>1 Lata 75g Piment\u00f3n Dulce:<\/strong> \u00c9 um tempero em p\u00f3 de cor vermelha e sabor caracter\u00edstico obtido pela secagem e moagem de certas variedades de pimento vermelho. D\u00e1 um toque muito especial aos pratos a que se junta, como o arroz, as paellas, as batatas, a marinada de chouri\u00e7o ou o polvo \u00e0 galega.<\/p>\n<p><strong>1 Estuche Ajo Negro:<\/strong> El Ajo Negro es un tipo de ajo caramelizado, que se obtiene a trav\u00e9s del ajo com\u00fan mediante un lento proceso. Se elabora sometiendo los bulbos de ajo a calor y humedad durante semanas, transformando los dientes de ajo en un color negro intenso. Tiene un sabor dulce, con ligeros toques a vinagre bals\u00e1mico y a regaliz, as\u00ed como un olor m\u00e1s suave al del ajo com\u00fan, tambi\u00e9n tiene una textura peculiar. Tiene su origen culinario en las cocinas coreanas y tailandesas.<\/p>\n<p><strong>2 Caixas de 4 Saquetas A\u00e7afr\u00e3o em Fios:<\/strong> O a\u00e7afr\u00e3o \u00e9 uma das especiarias mais apreciadas e utilizadas desde a antiguidade, tanto pelo seu sabor como pelo seu aroma. Vindo do Oriente, o seu cultivo e colheita requerem cuidados cuidadosos. As partes da planta utilizadas para fazer o a\u00e7afr\u00e3o s\u00e3o os estigmas da flor, que s\u00e3o secos e torrados. Quanto \u00e0 sua utiliza\u00e7\u00e3o gastron\u00f3mica, destina-se especialmente a arroz, paellas, arroz a banda, risotos, massas, sopas, peixe, marisco, molhos aos quais o a\u00e7afr\u00e3o dar\u00e1 aroma, sabor e cor dourada.<\/p>\n<p><strong>2 Estuches 3 sobres Sazonador Paella con Azafr\u00e1n:<\/strong> O Tempero para Paella com A\u00e7afr\u00e3o \u00e9 um produto magn\u00edfico para conferir o sabor ideal a uma paella, gra\u00e7as \u00e0 combina\u00e7\u00e3o de diferentes tipos de especiarias, ervas e temperos, que aliados ao sabor e aroma do a\u00e7afr\u00e3o, tornam este tempero essencial na confe\u00e7\u00e3o de uma paella .<\/p>\n<p><strong>1 PiramiT\u00e9 T\u00e9 Negro y Canela:<\/strong> O Ch\u00e1 Preto com Canela \u00e9 uma poderosa combina\u00e7\u00e3o de sabores. Uma infus\u00e3o de sabor poderoso e doce.<\/p>\n<p><strong>1 PiramiT\u00e9 T\u00e9 Rojo con Frutas:<\/strong> Elaborado com uma mistura de diferentes ch\u00e1s com frutas como morango, kiwi ou anan\u00e1s, que combinados fazem com que esta infus\u00e3o tenha um sabor e aroma especiais.<\/p>\n<p><strong>1 Caja 10 Infusiones Tila:<\/strong> Linden vem da \u00e1rvore Linden, uma \u00e1rvore nativa do C\u00e1ucaso. Em Espanha podemos encontrar florestas de t\u00edlia na vertente norte. As suas folhas e flores s\u00e3o utilizadas para infus\u00e3o.<\/p>\n<p><strong>1 Caja 10 Infusiones Manzanilla:<\/strong> O seu uso \u00e9 conhecido desde a Gr\u00e9cia antiga. \u00c9 colhida na primavera em dias serenos e ensolarados para aproveitar ao m\u00e1ximo a abertura da sua flor. A La Barraca oferece hoje o seu Manzanilla para que possa desfrutar da sua infus\u00e3o.<\/p>\n<p><strong>1 Caja 10 Infusiones Hierbas Naturales:<\/strong> Infus\u00e3o natural feita com 50% de folhas de Sene e 50% de frutos de Sene (Cassia angustifolia), com propriedades laxantes. O uso de um laxante deste tipo s\u00f3 est\u00e1 indicado em casos de obstipa\u00e7\u00e3o ocasional, sempre sob a supervis\u00e3o de um profissional e n\u00e3o \u00e9 recomendado o seu uso por mais de uma semana. N\u00e3o \u00e9 recomendado durante a gravidez e menstrua\u00e7\u00e3o.<\/p>\n<p><strong>1 Molinillo XL Pimienta Negra Grano:<\/strong> A Pimenta Preta \u00e9 produzida quando o gr\u00e3o de pimenta est\u00e1 meio maduro e \u00e9 uma das mais utilizadas na antiguidade. O sabor picante do pimento \u00e9 obtido a partir do composto piperina, que se encontra na casca e na semente da pimenta. \u00c9 utilizado principalmente em guisados, bem como em carnes assadas ou grelhadas, sopas, marinadas, massas, pratos de arroz. \u00c9 uma das especiarias que pode ser utilizada em quase todos os alimentos.<\/p>\n<p><strong>1 Molinillo XL Sal Marina:<\/strong> Sal marinho-gema, que quando mo\u00eddo salga os pratos em que \u00e9 incorporado. \u00c9 utilizado em qualquer prato que se pretenda dar um toque salgado.\u00c9 utilizado em qualquer prato que se pretenda dar um toque salgado.<\/p>","protected":false},"featured_media":6205,"comment_status":"open","ping_status":"closed","template":"","meta":{"_et_pb_use_builder":"","_et_pb_old_content":"","_et_gb_content_width":""},"product_brand":[],"product_cat":[215,15],"product_tag":[206,39,35,58,110,45,36,40,50,53],"class_list":{"0":"post-5978","1":"product","2":"type-product","3":"status-publish","4":"has-post-thumbnail","6":"product_cat-packs-regalo","7":"product_cat-productos-complementarios","8":"product_tag-ajonegro","9":"product_tag-arroz","10":"product_tag-azafran","11":"product_tag-canela","12":"product_tag-cassia","13":"product_tag-infusion","14":"product_tag-paella","15":"product_tag-pimenton","16":"product_tag-pimienta","17":"product_tag-te","19":"first","20":"outofstock","21":"taxable","22":"shipping-taxable","23":"purchasable","24":"product-type-simple"},"yoast_head":"<!-- This site is optimized with the Yoast SEO plugin v27.4 - https:\/\/yoast.com\/product\/yoast-seo-wordpress\/ -->\n<title>Pack Regalo XS - La Barraca<\/title>\n<meta name=\"description\" content=\"Utilizada para salar alimentos, este tipo de sal se suele aplicar normalmente a la carne o el pescado una vez estos ya est\u00e1n listos.\" \/>\n<meta name=\"robots\" content=\"index, follow, max-snippet:-1, max-image-preview:large, max-video-preview:-1\" \/>\n<link rel=\"canonical\" href=\"https:\/\/labarraca1912.es\/pt\/tienda\/productos-complementarios\/pack-regalo\/\" \/>\n<meta property=\"og:locale\" content=\"pt_PT\" \/>\n<meta property=\"og:type\" content=\"article\" \/>\n<meta property=\"og:title\" content=\"Pack Regalo XS - La Barraca\" \/>\n<meta property=\"og:description\" content=\"Utilizada para salar alimentos, este tipo de sal se suele aplicar normalmente a la carne o el pescado una vez estos ya est\u00e1n listos.\" \/>\n<meta property=\"og:url\" content=\"https:\/\/labarraca1912.es\/pt\/tienda\/productos-complementarios\/pack-regalo\/\" \/>\n<meta property=\"og:site_name\" content=\"La Barraca\" \/>\n<meta property=\"article:modified_time\" content=\"2022-11-22T10:34:49+00:00\" \/>\n<meta property=\"og:image\" content=\"https:\/\/labarraca1912.es\/wp-content\/uploads\/2020\/11\/REGALOXS.jpg\" \/>\n\t<meta property=\"og:image:width\" content=\"800\" \/>\n\t<meta property=\"og:image:height\" content=\"800\" \/>\n\t<meta property=\"og:image:type\" content=\"image\/jpeg\" \/>\n<meta name=\"twitter:card\" content=\"summary_large_image\" \/>\n<meta name=\"twitter:label1\" content=\"Tempo estimado de leitura\" \/>\n\t<meta name=\"twitter:data1\" content=\"3 minutos\" \/>\n<script type=\"application\/ld+json\" class=\"yoast-schema-graph\">{\"@context\":\"https:\\\/\\\/schema.org\",\"@graph\":[{\"@type\":\"WebPage\",\"@id\":\"https:\\\/\\\/labarraca1912.es\\\/tienda\\\/productos-complementarios\\\/pack-regalo\\\/\",\"url\":\"https:\\\/\\\/labarraca1912.es\\\/tienda\\\/productos-complementarios\\\/pack-regalo\\\/\",\"name\":\"Pack Regalo XS - La Barraca\",\"isPartOf\":{\"@id\":\"https:\\\/\\\/labarraca1912.es\\\/#website\"},\"primaryImageOfPage\":{\"@id\":\"https:\\\/\\\/labarraca1912.es\\\/tienda\\\/productos-complementarios\\\/pack-regalo\\\/#primaryimage\"},\"image\":{\"@id\":\"https:\\\/\\\/labarraca1912.es\\\/tienda\\\/productos-complementarios\\\/pack-regalo\\\/#primaryimage\"},\"thumbnailUrl\":\"https:\\\/\\\/labarraca1912.es\\\/wp-content\\\/uploads\\\/2020\\\/11\\\/REGALOXS.jpg\",\"datePublished\":\"2020-11-19T10:40:25+00:00\",\"dateModified\":\"2022-11-22T10:34:49+00:00\",\"description\":\"Utilizada para salar alimentos, este tipo de sal se suele aplicar normalmente a la carne o el pescado una vez estos ya est\u00e1n listos.\",\"breadcrumb\":{\"@id\":\"https:\\\/\\\/labarraca1912.es\\\/tienda\\\/productos-complementarios\\\/pack-regalo\\\/#breadcrumb\"},\"inLanguage\":\"pt-PT\",\"potentialAction\":[{\"@type\":\"ReadAction\",\"target\":[\"https:\\\/\\\/labarraca1912.es\\\/tienda\\\/productos-complementarios\\\/pack-regalo\\\/\"]}]},{\"@type\":\"ImageObject\",\"inLanguage\":\"pt-PT\",\"@id\":\"https:\\\/\\\/labarraca1912.es\\\/tienda\\\/productos-complementarios\\\/pack-regalo\\\/#primaryimage\",\"url\":\"https:\\\/\\\/labarraca1912.es\\\/wp-content\\\/uploads\\\/2020\\\/11\\\/REGALOXS.jpg\",\"contentUrl\":\"https:\\\/\\\/labarraca1912.es\\\/wp-content\\\/uploads\\\/2020\\\/11\\\/REGALOXS.jpg\",\"width\":800,\"height\":800},{\"@type\":\"BreadcrumbList\",\"@id\":\"https:\\\/\\\/labarraca1912.es\\\/tienda\\\/productos-complementarios\\\/pack-regalo\\\/#breadcrumb\",\"itemListElement\":[{\"@type\":\"ListItem\",\"position\":1,\"name\":\"La Barraca\",\"item\":\"https:\\\/\\\/labarraca1912.es\\\/\"},{\"@type\":\"ListItem\",\"position\":2,\"name\":\"Tienda\",\"item\":\"https:\\\/\\\/labarraca1912.es\\\/tienda\\\/\"},{\"@type\":\"ListItem\",\"position\":3,\"name\":\"Pack Regalo XS\"}]},{\"@type\":\"WebSite\",\"@id\":\"https:\\\/\\\/labarraca1912.es\\\/#website\",\"url\":\"https:\\\/\\\/labarraca1912.es\\\/\",\"name\":\"La Barraca\",\"description\":\"La Casa del Sabor\",\"publisher\":{\"@id\":\"https:\\\/\\\/labarraca1912.es\\\/#organization\"},\"potentialAction\":[{\"@type\":\"SearchAction\",\"target\":{\"@type\":\"EntryPoint\",\"urlTemplate\":\"https:\\\/\\\/labarraca1912.es\\\/?s={search_term_string}\"},\"query-input\":{\"@type\":\"PropertyValueSpecification\",\"valueRequired\":true,\"valueName\":\"search_term_string\"}}],\"inLanguage\":\"pt-PT\"},{\"@type\":\"Organization\",\"@id\":\"https:\\\/\\\/labarraca1912.es\\\/#organization\",\"name\":\"La Barraca 1912 Alimentacion\",\"url\":\"https:\\\/\\\/labarraca1912.es\\\/\",\"logo\":{\"@type\":\"ImageObject\",\"inLanguage\":\"pt-PT\",\"@id\":\"https:\\\/\\\/labarraca1912.es\\\/#\\\/schema\\\/logo\\\/image\\\/\",\"url\":\"https:\\\/\\\/labarraca1912.es\\\/wp-content\\\/uploads\\\/2019\\\/06\\\/logo-labarraca.png\",\"contentUrl\":\"https:\\\/\\\/labarraca1912.es\\\/wp-content\\\/uploads\\\/2019\\\/06\\\/logo-labarraca.png\",\"width\":2917,\"height\":1809,\"caption\":\"La Barraca 1912 Alimentacion\"},\"image\":{\"@id\":\"https:\\\/\\\/labarraca1912.es\\\/#\\\/schema\\\/logo\\\/image\\\/\"}}]}<\/script>\n<!-- \/ Yoast SEO plugin. -->","yoast_head_json":{"title":"Pack Regalo XS - La Barraca","description":"Utilizada para salar alimentos, este tipo de sal se suele aplicar normalmente a la carne o el pescado una vez estos ya est\u00e1n listos.","robots":{"index":"index","follow":"follow","max-snippet":"max-snippet:-1","max-image-preview":"max-image-preview:large","max-video-preview":"max-video-preview:-1"},"canonical":"https:\/\/labarraca1912.es\/pt\/tienda\/productos-complementarios\/pack-regalo\/","og_locale":"pt_PT","og_type":"article","og_title":"Pack Regalo XS - La Barraca","og_description":"Utilizada para salar alimentos, este tipo de sal se suele aplicar normalmente a la carne o el pescado una vez estos ya est\u00e1n listos.","og_url":"https:\/\/labarraca1912.es\/pt\/tienda\/productos-complementarios\/pack-regalo\/","og_site_name":"La Barraca","article_modified_time":"2022-11-22T10:34:49+00:00","og_image":[{"width":800,"height":800,"url":"https:\/\/labarraca1912.es\/wp-content\/uploads\/2020\/11\/REGALOXS.jpg","type":"image\/jpeg"}],"twitter_card":"summary_large_image","twitter_misc":{"Tempo estimado de leitura":"3 minutos"},"schema":{"@context":"https:\/\/schema.org","@graph":[{"@type":"WebPage","@id":"https:\/\/labarraca1912.es\/tienda\/productos-complementarios\/pack-regalo\/","url":"https:\/\/labarraca1912.es\/tienda\/productos-complementarios\/pack-regalo\/","name":"Pack Regalo XS - La Barraca","isPartOf":{"@id":"https:\/\/labarraca1912.es\/#website"},"primaryImageOfPage":{"@id":"https:\/\/labarraca1912.es\/tienda\/productos-complementarios\/pack-regalo\/#primaryimage"},"image":{"@id":"https:\/\/labarraca1912.es\/tienda\/productos-complementarios\/pack-regalo\/#primaryimage"},"thumbnailUrl":"https:\/\/labarraca1912.es\/wp-content\/uploads\/2020\/11\/REGALOXS.jpg","datePublished":"2020-11-19T10:40:25+00:00","dateModified":"2022-11-22T10:34:49+00:00","description":"Utilizada para salar alimentos, este tipo de sal se suele aplicar normalmente a la carne o el pescado una vez estos ya est\u00e1n listos.","breadcrumb":{"@id":"https:\/\/labarraca1912.es\/tienda\/productos-complementarios\/pack-regalo\/#breadcrumb"},"inLanguage":"pt-PT","potentialAction":[{"@type":"ReadAction","target":["https:\/\/labarraca1912.es\/tienda\/productos-complementarios\/pack-regalo\/"]}]},{"@type":"ImageObject","inLanguage":"pt-PT","@id":"https:\/\/labarraca1912.es\/tienda\/productos-complementarios\/pack-regalo\/#primaryimage","url":"https:\/\/labarraca1912.es\/wp-content\/uploads\/2020\/11\/REGALOXS.jpg","contentUrl":"https:\/\/labarraca1912.es\/wp-content\/uploads\/2020\/11\/REGALOXS.jpg","width":800,"height":800},{"@type":"BreadcrumbList","@id":"https:\/\/labarraca1912.es\/tienda\/productos-complementarios\/pack-regalo\/#breadcrumb","itemListElement":[{"@type":"ListItem","position":1,"name":"La Barraca","item":"https:\/\/labarraca1912.es\/"},{"@type":"ListItem","position":2,"name":"Tienda","item":"https:\/\/labarraca1912.es\/tienda\/"},{"@type":"ListItem","position":3,"name":"Pack Regalo XS"}]},{"@type":"WebSite","@id":"https:\/\/labarraca1912.es\/#website","url":"https:\/\/labarraca1912.es\/","name":"La Barraca","description":"La Casa del Sabor","publisher":{"@id":"https:\/\/labarraca1912.es\/#organization"},"potentialAction":[{"@type":"SearchAction","target":{"@type":"EntryPoint","urlTemplate":"https:\/\/labarraca1912.es\/?s={search_term_string}"},"query-input":{"@type":"PropertyValueSpecification","valueRequired":true,"valueName":"search_term_string"}}],"inLanguage":"pt-PT"},{"@type":"Organization","@id":"https:\/\/labarraca1912.es\/#organization","name":"La Barraca 1912 Alimentacion","url":"https:\/\/labarraca1912.es\/","logo":{"@type":"ImageObject","inLanguage":"pt-PT","@id":"https:\/\/labarraca1912.es\/#\/schema\/logo\/image\/","url":"https:\/\/labarraca1912.es\/wp-content\/uploads\/2019\/06\/logo-labarraca.png","contentUrl":"https:\/\/labarraca1912.es\/wp-content\/uploads\/2019\/06\/logo-labarraca.png","width":2917,"height":1809,"caption":"La Barraca 1912 Alimentacion"},"image":{"@id":"https:\/\/labarraca1912.es\/#\/schema\/logo\/image\/"}}]}},"_links":{"self":[{"href":"https:\/\/labarraca1912.es\/pt\/wp-json\/wp\/v2\/product\/5978","targetHints":{"allow":["GET"]}}],"collection":[{"href":"https:\/\/labarraca1912.es\/pt\/wp-json\/wp\/v2\/product"}],"about":[{"href":"https:\/\/labarraca1912.es\/pt\/wp-json\/wp\/v2\/types\/product"}],"replies":[{"embeddable":true,"href":"https:\/\/labarraca1912.es\/pt\/wp-json\/wp\/v2\/comments?post=5978"}],"wp:featuredmedia":[{"embeddable":true,"href":"https:\/\/labarraca1912.es\/pt\/wp-json\/wp\/v2\/media\/6205"}],"wp:attachment":[{"href":"https:\/\/labarraca1912.es\/pt\/wp-json\/wp\/v2\/media?parent=5978"}],"wp:term":[{"taxonomy":"product_brand","embeddable":true,"href":"https:\/\/labarraca1912.es\/pt\/wp-json\/wp\/v2\/product_brand?post=5978"},{"taxonomy":"product_cat","embeddable":true,"href":"https:\/\/labarraca1912.es\/pt\/wp-json\/wp\/v2\/product_cat?post=5978"},{"taxonomy":"product_tag","embeddable":true,"href":"https:\/\/labarraca1912.es\/pt\/wp-json\/wp\/v2\/product_tag?post=5978"}],"curies":[{"name":"wp","href":"https:\/\/api.w.org\/{rel}","templated":true}]}}