{"id":5982,"date":"2020-11-19T12:39:34","date_gmt":"2020-11-19T11:39:34","guid":{"rendered":"https:\/\/labarraca1912.es\/?post_type=product&#038;p=5982"},"modified":"2022-11-22T11:34:32","modified_gmt":"2022-11-22T10:34:32","slug":"pack-regalo-xl","status":"publish","type":"product","link":"https:\/\/labarraca1912.es\/pt\/tienda\/productos-complementarios\/pack-regalo-xl\/","title":{"rendered":"Pack Regalo XL"},"content":{"rendered":"<p>PACK REGALO XL: La Barraca Alimentaci\u00f3n pone a tu disposici\u00f3n este pack regalo con un variado de especias, sazonadores, azafr\u00e1n, infusiones y dem\u00e1s productos. Una mezcla de sabores, aromas y olores que no pueden faltar en una cocina. Pack formado por los siguientes productos:<\/p>\n<p><strong>1 Especiero 10 Tarros de Cristal:<\/strong> Pack de madeira composto por 10 frascos de vidro com as ervas, especiarias e condimentos mais utilizados na cozinha espanhola. \u00c9 um produto perfeito para oferecer ou ter em qualquer cozinha, uma vez que a sua grande variedade de produtos \u00e9 aplic\u00e1vel em m\u00faltiplas refei\u00e7\u00f5es, bem como a sua prateleira de temperos para manter os frascos perfeitamente organizados.<\/p>\n<p><strong>1 Caja 10 Infusiones Manzanilla con An\u00eds:<\/strong> Esta combina\u00e7\u00e3o de Camomila com Anis \u00e9 conhecida desde a antiguidade, pelas culturas mediterr\u00e2nicas. Possui propriedades digestivas.<\/p>\n<p><strong>1 Caja 10 Infusiones Manzanilla:<\/strong> O seu uso \u00e9 conhecido desde a Gr\u00e9cia antiga. \u00c9 colhida na primavera em dias serenos e ensolarados para aproveitar ao m\u00e1ximo a abertura da sua flor. A La Barraca oferece hoje o seu Manzanilla para que possa desfrutar da sua infus\u00e3o.<\/p>\n<p><strong>1 Caja 10 Infusiones Hierbas Naturales:<\/strong> Infus\u00e3o natural feita com 50% de folhas de Sene e 50% de frutos de Sene (Cassia angustifolia), com propriedades laxantes. O uso de um laxante deste tipo s\u00f3 est\u00e1 indicado em casos de obstipa\u00e7\u00e3o ocasional, sempre sob a supervis\u00e3o de um profissional e n\u00e3o \u00e9 recomendado o seu uso por mais de uma semana. N\u00e3o \u00e9 recomendado durante a gravidez e menstrua\u00e7\u00e3o.<\/p>\n<p><strong>1 Caja 10 Infusiones Tila:<\/strong> Linden vem da \u00e1rvore Linden, uma \u00e1rvore nativa do C\u00e1ucaso. Em Espanha podemos encontrar florestas de t\u00edlia na vertente norte. As suas folhas e flores s\u00e3o utilizadas para infus\u00e3o.<\/p>\n<p><strong>1 Caja 10 Infusiones Dormib\u00e9:<\/strong> Mistura de ervas com propriedades relaxantes e calmantes e sabor adocicado. \u00c9 normalmente utilizado para acalmar a ansiedade, o stress e a ins\u00f3nia.<\/p>\n<p><strong>1 Caja 10 Infusiones T\u00e9 Negro:<\/strong> O ch\u00e1 \u00e9 um arbusto nativo das montanhas da China e do nordeste da \u00cdndia. No s\u00e9culo XVII foi introduzido na Europa por navegadores holandeses. La Barraca oferece hoje o seu ch\u00e1 para que possa desfrutar da sua infus\u00e3o.<\/p>\n<p><strong>1 Estuche Ajo Negro:<\/strong> El Ajo Negro es un tipo de ajo caramelizado, que se obtiene a trav\u00e9s del ajo com\u00fan mediante un lento proceso. Se elabora sometiendo los bulbos de ajo a calor y humedad durante semanas, transformando los dientes de ajo en un color negro intenso. Tiene un sabor dulce, con ligeros toques a vinagre bals\u00e1mico y a regaliz, as\u00ed como un olor m\u00e1s suave al del ajo com\u00fan, tambi\u00e9n tiene una textura peculiar. Tiene su origen culinario en las cocinas coreanas y tailandesas.<\/p>\n<p><strong>2 Caixas de 4 Saquetas A\u00e7afr\u00e3o em Fios:<\/strong> O a\u00e7afr\u00e3o \u00e9 uma das especiarias mais apreciadas e utilizadas desde a antiguidade, tanto pelo seu sabor como pelo seu aroma. Vindo do Oriente, o seu cultivo e colheita requerem cuidados cuidadosos. As partes da planta utilizadas para fazer o a\u00e7afr\u00e3o s\u00e3o os estigmas da flor, que s\u00e3o secos e torrados. Quanto \u00e0 sua utiliza\u00e7\u00e3o gastron\u00f3mica, destina-se especialmente a arroz, paellas, arroz a banda, risotos, massas, sopas, peixe, marisco, molhos aos quais o a\u00e7afr\u00e3o dar\u00e1 aroma, sabor e cor dourada.<\/p>\n<p><strong>2 Estuches 3 sobres Sazonador Paella con Azafr\u00e1n:<\/strong> O Tempero para Paella com A\u00e7afr\u00e3o \u00e9 um produto magn\u00edfico para conferir o sabor ideal a uma paella, gra\u00e7as \u00e0 combina\u00e7\u00e3o de diferentes tipos de especiarias, ervas e temperos, que aliados ao sabor e aroma do a\u00e7afr\u00e3o, tornam este tempero essencial na confe\u00e7\u00e3o de uma paella .<\/p>\n<p><strong>1 Lata 75g Piment\u00f3n Dulce:<\/strong> \u00c9 um tempero em p\u00f3 de cor vermelha e sabor caracter\u00edstico obtido pela secagem e moagem de certas variedades de pimento vermelho. D\u00e1 um toque muito especial aos pratos a que se junta, como o arroz, as paellas, as batatas, a marinada de chouri\u00e7o ou o polvo \u00e0 galega.<\/p>\n<p><strong>1 Lata 75g Piment\u00f3n Picante:<\/strong> \u00c9 um tempero em p\u00f3 de cor vermelha e sabor caracter\u00edstico obtido pela secagem e moagem de certas variedades de pimento vermelho picante. D\u00e1 um toque muito especial aos pratos a que se junta, como o arroz, as paellas, as batatas, a marinada de chouri\u00e7o ou o polvo \u00e0 galega.<\/p>\n<p><strong>1 Molinillo XL Fusi\u00f3n de Pimientas:<\/strong> \u00c9 uma mistura que combina o sabor especial de cinco tipos de gr\u00e3os de pimenta que, quando mo\u00eddos imediatamente antes do consumo, oferecem um sabor especialmente indicado para carne, peixe e guisados. O sabor picante do pimento \u00e9 obtido a partir do composto piperina, que se encontra na casca e na semente do pimento. Utilizado para temperar molhos de todos os tipos, carnes, peixes e guisados. \u00c9 um tempero muito utilizado no frango assado.<\/p>\n<p><strong>1 Molinillo XL Sal Rosa del Himalaya:<\/strong> Sal mineral rosa, formado por cristais e geralmente extra\u00eddo das montanhas do Paquist\u00e3o. \u00c9 um sal rico em m\u00faltiplos minerais.\u00c9 utilizado em qualquer prato que se pretenda dar um toque salgado.<\/p>","protected":false},"excerpt":{"rendered":"<h2><\/h2>\n<blockquote>\n<h2><strong>Pack Regalo XL<\/strong><\/h2>\n<\/blockquote>\n<p>La Barraca Alimentaci\u00f3n pone a tu disposici\u00f3n este pack regalo con un variado de especias, sazonadores, azafr\u00e1n, infusiones y dem\u00e1s productos. Una mezcla de sabores, aromas y olores que no pueden faltar en una cocina. Pack formado por los siguientes productos:<\/p>\n<p><strong>1 Especiero 10 Tarros de Cristal:<\/strong> Pack de madeira composto por 10 frascos de vidro com as ervas, especiarias e condimentos mais utilizados na cozinha espanhola. \u00c9 um produto perfeito para oferecer ou ter em qualquer cozinha, uma vez que a sua grande variedade de produtos \u00e9 aplic\u00e1vel em m\u00faltiplas refei\u00e7\u00f5es, bem como a sua prateleira de temperos para manter os frascos perfeitamente organizados.<\/p>\n<p><strong>1 Caja 10 Infusiones Manzanilla con An\u00eds:<\/strong> Esta combina\u00e7\u00e3o de Camomila com Anis \u00e9 conhecida desde a antiguidade, pelas culturas mediterr\u00e2nicas. Possui propriedades digestivas.<\/p>\n<p><strong>1 Caja 10 Infusiones Manzanilla:<\/strong> O seu uso \u00e9 conhecido desde a Gr\u00e9cia antiga. \u00c9 colhida na primavera em dias serenos e ensolarados para aproveitar ao m\u00e1ximo a abertura da sua flor. A La Barraca oferece hoje o seu Manzanilla para que possa desfrutar da sua infus\u00e3o.<\/p>\n<p><strong>1 Caja 10 Infusiones Hierbas Naturales:<\/strong> Infus\u00e3o natural feita com 50% de folhas de Sene e 50% de frutos de Sene (Cassia angustifolia), com propriedades laxantes. O uso de um laxante deste tipo s\u00f3 est\u00e1 indicado em casos de obstipa\u00e7\u00e3o ocasional, sempre sob a supervis\u00e3o de um profissional e n\u00e3o \u00e9 recomendado o seu uso por mais de uma semana. N\u00e3o \u00e9 recomendado durante a gravidez e menstrua\u00e7\u00e3o.<\/p>\n<p><strong>1 Caja 10 Infusiones Tila:<\/strong> Linden vem da \u00e1rvore Linden, uma \u00e1rvore nativa do C\u00e1ucaso. Em Espanha podemos encontrar florestas de t\u00edlia na vertente norte. As suas folhas e flores s\u00e3o utilizadas para infus\u00e3o.<\/p>\n<p><strong>1 Caja 10 Infusiones Dormib\u00e9:<\/strong> Mistura de ervas com propriedades relaxantes e calmantes e sabor adocicado. \u00c9 normalmente utilizado para acalmar a ansiedade, o stress e a ins\u00f3nia.<\/p>\n<p><strong>1 Caja 10 Infusiones T\u00e9 Negro:<\/strong> O ch\u00e1 \u00e9 um arbusto nativo das montanhas da China e do nordeste da \u00cdndia. No s\u00e9culo XVII foi introduzido na Europa por navegadores holandeses. La Barraca oferece hoje o seu ch\u00e1 para que possa desfrutar da sua infus\u00e3o.<\/p>\n<p><strong>1 Estuche Ajo Negro:<\/strong> El Ajo Negro es un tipo de ajo caramelizado, que se obtiene a trav\u00e9s del ajo com\u00fan mediante un lento proceso. Se elabora sometiendo los bulbos de ajo a calor y humedad durante semanas, transformando los dientes de ajo en un color negro intenso. Tiene un sabor dulce, con ligeros toques a vinagre bals\u00e1mico y a regaliz, as\u00ed como un olor m\u00e1s suave al del ajo com\u00fan, tambi\u00e9n tiene una textura peculiar. Tiene su origen culinario en las cocinas coreanas y tailandesas.<\/p>\n<p><strong>2 Caixas de 4 Saquetas A\u00e7afr\u00e3o em Fios:<\/strong> O a\u00e7afr\u00e3o \u00e9 uma das especiarias mais apreciadas e utilizadas desde a antiguidade, tanto pelo seu sabor como pelo seu aroma. Vindo do Oriente, o seu cultivo e colheita requerem cuidados cuidadosos. As partes da planta utilizadas para fazer o a\u00e7afr\u00e3o s\u00e3o os estigmas da flor, que s\u00e3o secos e torrados. Quanto \u00e0 sua utiliza\u00e7\u00e3o gastron\u00f3mica, destina-se especialmente a arroz, paellas, arroz a banda, risotos, massas, sopas, peixe, marisco, molhos aos quais o a\u00e7afr\u00e3o dar\u00e1 aroma, sabor e cor dourada.<\/p>\n<p><strong>2 Estuches 3 sobres Sazonador Paella con Azafr\u00e1n:<\/strong> O Tempero para Paella com A\u00e7afr\u00e3o \u00e9 um produto magn\u00edfico para conferir o sabor ideal a uma paella, gra\u00e7as \u00e0 combina\u00e7\u00e3o de diferentes tipos de especiarias, ervas e temperos, que aliados ao sabor e aroma do a\u00e7afr\u00e3o, tornam este tempero essencial na confe\u00e7\u00e3o de uma paella .<\/p>\n<p><strong>1 Lata 75g Piment\u00f3n Dulce:<\/strong> \u00c9 um tempero em p\u00f3 de cor vermelha e sabor caracter\u00edstico obtido pela secagem e moagem de certas variedades de pimento vermelho. D\u00e1 um toque muito especial aos pratos a que se junta, como o arroz, as paellas, as batatas, a marinada de chouri\u00e7o ou o polvo \u00e0 galega.<\/p>\n<p><strong>1 Lata 75g Piment\u00f3n Picante:<\/strong> \u00c9 um tempero em p\u00f3 de cor vermelha e sabor caracter\u00edstico obtido pela secagem e moagem de certas variedades de pimento vermelho picante. D\u00e1 um toque muito especial aos pratos a que se junta, como o arroz, as paellas, as batatas, a marinada de chouri\u00e7o ou o polvo \u00e0 galega.<\/p>\n<p><strong>1 Molinillo XL Fusi\u00f3n de Pimientas:<\/strong> \u00c9 uma mistura que combina o sabor especial de cinco tipos de gr\u00e3os de pimenta que, quando mo\u00eddos imediatamente antes do consumo, oferecem um sabor especialmente indicado para carne, peixe e guisados. O sabor picante do pimento \u00e9 obtido a partir do composto piperina, que se encontra na casca e na semente do pimento. Utilizado para temperar molhos de todos os tipos, carnes, peixes e guisados. \u00c9 um tempero muito utilizado no frango assado.<\/p>\n<p><strong>1 Molinillo XL Sal Rosa del Himalaya:<\/strong> Sal mineral rosa, formado por cristais e geralmente extra\u00eddo das montanhas do Paquist\u00e3o. \u00c9 um sal rico em m\u00faltiplos minerais.\u00c9 utilizado em qualquer prato que se pretenda dar um toque salgado.<\/p>","protected":false},"featured_media":6221,"comment_status":"open","ping_status":"closed","template":"","meta":{"_et_pb_use_builder":"","_et_pb_old_content":"","_et_gb_content_width":""},"product_brand":[],"product_cat":[215,15],"product_tag":[206,39,35,58,110,158,45,36,40,50,53],"class_list":{"0":"post-5982","1":"product","2":"type-product","3":"status-publish","4":"has-post-thumbnail","6":"product_cat-packs-regalo","7":"product_cat-productos-complementarios","8":"product_tag-ajonegro","9":"product_tag-arroz","10":"product_tag-azafran","11":"product_tag-canela","12":"product_tag-cassia","13":"product_tag-himalaya","14":"product_tag-infusion","15":"product_tag-paella","16":"product_tag-pimenton","17":"product_tag-pimienta","18":"product_tag-te","20":"first","21":"outofstock","22":"taxable","23":"shipping-taxable","24":"purchasable","25":"product-type-simple"},"yoast_head":"<!-- This site is optimized with the Yoast SEO plugin v27.6 - https:\/\/yoast.com\/product\/yoast-seo-wordpress\/ -->\n<title>Pack Regalo XL - La Barraca<\/title>\n<meta name=\"description\" content=\"Utilizada para salar alimentos, este tipo de sal se suele aplicar normalmente a la carne o el pescado una vez estos ya est\u00e1n listos.\" \/>\n<meta name=\"robots\" content=\"index, follow, max-snippet:-1, max-image-preview:large, max-video-preview:-1\" \/>\n<link rel=\"canonical\" href=\"https:\/\/labarraca1912.es\/pt\/tienda\/productos-complementarios\/pack-regalo-xl\/\" \/>\n<meta property=\"og:locale\" content=\"pt_PT\" \/>\n<meta property=\"og:type\" content=\"article\" \/>\n<meta property=\"og:title\" content=\"Pack Regalo XL - La Barraca\" \/>\n<meta property=\"og:description\" content=\"Utilizada para salar alimentos, este tipo de sal se suele aplicar normalmente a la carne o el pescado una vez estos ya est\u00e1n listos.\" \/>\n<meta property=\"og:url\" content=\"https:\/\/labarraca1912.es\/pt\/tienda\/productos-complementarios\/pack-regalo-xl\/\" \/>\n<meta property=\"og:site_name\" content=\"La Barraca\" \/>\n<meta property=\"article:modified_time\" content=\"2022-11-22T10:34:32+00:00\" \/>\n<meta property=\"og:image\" content=\"https:\/\/labarraca1912.es\/wp-content\/uploads\/2020\/11\/Bodegonxl.jpg\" \/>\n\t<meta property=\"og:image:width\" content=\"800\" \/>\n\t<meta property=\"og:image:height\" content=\"800\" \/>\n\t<meta property=\"og:image:type\" content=\"image\/jpeg\" \/>\n<meta name=\"twitter:card\" content=\"summary_large_image\" \/>\n<meta name=\"twitter:label1\" content=\"Tempo estimado de leitura\" \/>\n\t<meta name=\"twitter:data1\" content=\"4 minutos\" \/>\n<script type=\"application\/ld+json\" class=\"yoast-schema-graph\">{\"@context\":\"https:\\\/\\\/schema.org\",\"@graph\":[{\"@type\":\"WebPage\",\"@id\":\"https:\\\/\\\/labarraca1912.es\\\/tienda\\\/productos-complementarios\\\/pack-regalo-xl\\\/\",\"url\":\"https:\\\/\\\/labarraca1912.es\\\/tienda\\\/productos-complementarios\\\/pack-regalo-xl\\\/\",\"name\":\"Pack Regalo XL - La Barraca\",\"isPartOf\":{\"@id\":\"https:\\\/\\\/labarraca1912.es\\\/#website\"},\"primaryImageOfPage\":{\"@id\":\"https:\\\/\\\/labarraca1912.es\\\/tienda\\\/productos-complementarios\\\/pack-regalo-xl\\\/#primaryimage\"},\"image\":{\"@id\":\"https:\\\/\\\/labarraca1912.es\\\/tienda\\\/productos-complementarios\\\/pack-regalo-xl\\\/#primaryimage\"},\"thumbnailUrl\":\"https:\\\/\\\/labarraca1912.es\\\/wp-content\\\/uploads\\\/2020\\\/11\\\/Bodegonxl.jpg\",\"datePublished\":\"2020-11-19T11:39:34+00:00\",\"dateModified\":\"2022-11-22T10:34:32+00:00\",\"description\":\"Utilizada para salar alimentos, este tipo de sal se suele aplicar normalmente a la carne o el pescado una vez estos ya est\u00e1n listos.\",\"breadcrumb\":{\"@id\":\"https:\\\/\\\/labarraca1912.es\\\/tienda\\\/productos-complementarios\\\/pack-regalo-xl\\\/#breadcrumb\"},\"inLanguage\":\"pt-PT\",\"potentialAction\":[{\"@type\":\"ReadAction\",\"target\":[\"https:\\\/\\\/labarraca1912.es\\\/tienda\\\/productos-complementarios\\\/pack-regalo-xl\\\/\"]}]},{\"@type\":\"ImageObject\",\"inLanguage\":\"pt-PT\",\"@id\":\"https:\\\/\\\/labarraca1912.es\\\/tienda\\\/productos-complementarios\\\/pack-regalo-xl\\\/#primaryimage\",\"url\":\"https:\\\/\\\/labarraca1912.es\\\/wp-content\\\/uploads\\\/2020\\\/11\\\/Bodegonxl.jpg\",\"contentUrl\":\"https:\\\/\\\/labarraca1912.es\\\/wp-content\\\/uploads\\\/2020\\\/11\\\/Bodegonxl.jpg\",\"width\":800,\"height\":800},{\"@type\":\"BreadcrumbList\",\"@id\":\"https:\\\/\\\/labarraca1912.es\\\/tienda\\\/productos-complementarios\\\/pack-regalo-xl\\\/#breadcrumb\",\"itemListElement\":[{\"@type\":\"ListItem\",\"position\":1,\"name\":\"La Barraca\",\"item\":\"https:\\\/\\\/labarraca1912.es\\\/\"},{\"@type\":\"ListItem\",\"position\":2,\"name\":\"Tienda\",\"item\":\"https:\\\/\\\/labarraca1912.es\\\/tienda\\\/\"},{\"@type\":\"ListItem\",\"position\":3,\"name\":\"Pack Regalo XL\"}]},{\"@type\":\"WebSite\",\"@id\":\"https:\\\/\\\/labarraca1912.es\\\/#website\",\"url\":\"https:\\\/\\\/labarraca1912.es\\\/\",\"name\":\"La Barraca\",\"description\":\"La Casa del Sabor\",\"publisher\":{\"@id\":\"https:\\\/\\\/labarraca1912.es\\\/#organization\"},\"potentialAction\":[{\"@type\":\"SearchAction\",\"target\":{\"@type\":\"EntryPoint\",\"urlTemplate\":\"https:\\\/\\\/labarraca1912.es\\\/?s={search_term_string}\"},\"query-input\":{\"@type\":\"PropertyValueSpecification\",\"valueRequired\":true,\"valueName\":\"search_term_string\"}}],\"inLanguage\":\"pt-PT\"},{\"@type\":\"Organization\",\"@id\":\"https:\\\/\\\/labarraca1912.es\\\/#organization\",\"name\":\"La Barraca 1912 Alimentacion\",\"url\":\"https:\\\/\\\/labarraca1912.es\\\/\",\"logo\":{\"@type\":\"ImageObject\",\"inLanguage\":\"pt-PT\",\"@id\":\"https:\\\/\\\/labarraca1912.es\\\/#\\\/schema\\\/logo\\\/image\\\/\",\"url\":\"https:\\\/\\\/labarraca1912.es\\\/wp-content\\\/uploads\\\/2019\\\/06\\\/logo-labarraca.png\",\"contentUrl\":\"https:\\\/\\\/labarraca1912.es\\\/wp-content\\\/uploads\\\/2019\\\/06\\\/logo-labarraca.png\",\"width\":2917,\"height\":1809,\"caption\":\"La Barraca 1912 Alimentacion\"},\"image\":{\"@id\":\"https:\\\/\\\/labarraca1912.es\\\/#\\\/schema\\\/logo\\\/image\\\/\"}}]}<\/script>\n<!-- \/ Yoast SEO plugin. -->","yoast_head_json":{"title":"Pack Regalo XL - La Barraca","description":"Utilizada para salar alimentos, este tipo de sal se suele aplicar normalmente a la carne o el pescado una vez estos ya est\u00e1n listos.","robots":{"index":"index","follow":"follow","max-snippet":"max-snippet:-1","max-image-preview":"max-image-preview:large","max-video-preview":"max-video-preview:-1"},"canonical":"https:\/\/labarraca1912.es\/pt\/tienda\/productos-complementarios\/pack-regalo-xl\/","og_locale":"pt_PT","og_type":"article","og_title":"Pack Regalo XL - La Barraca","og_description":"Utilizada para salar alimentos, este tipo de sal se suele aplicar normalmente a la carne o el pescado una vez estos ya est\u00e1n listos.","og_url":"https:\/\/labarraca1912.es\/pt\/tienda\/productos-complementarios\/pack-regalo-xl\/","og_site_name":"La Barraca","article_modified_time":"2022-11-22T10:34:32+00:00","og_image":[{"width":800,"height":800,"url":"https:\/\/labarraca1912.es\/wp-content\/uploads\/2020\/11\/Bodegonxl.jpg","type":"image\/jpeg"}],"twitter_card":"summary_large_image","twitter_misc":{"Tempo estimado de leitura":"4 minutos"},"schema":{"@context":"https:\/\/schema.org","@graph":[{"@type":"WebPage","@id":"https:\/\/labarraca1912.es\/tienda\/productos-complementarios\/pack-regalo-xl\/","url":"https:\/\/labarraca1912.es\/tienda\/productos-complementarios\/pack-regalo-xl\/","name":"Pack Regalo XL - La Barraca","isPartOf":{"@id":"https:\/\/labarraca1912.es\/#website"},"primaryImageOfPage":{"@id":"https:\/\/labarraca1912.es\/tienda\/productos-complementarios\/pack-regalo-xl\/#primaryimage"},"image":{"@id":"https:\/\/labarraca1912.es\/tienda\/productos-complementarios\/pack-regalo-xl\/#primaryimage"},"thumbnailUrl":"https:\/\/labarraca1912.es\/wp-content\/uploads\/2020\/11\/Bodegonxl.jpg","datePublished":"2020-11-19T11:39:34+00:00","dateModified":"2022-11-22T10:34:32+00:00","description":"Utilizada para salar alimentos, este tipo de sal se suele aplicar normalmente a la carne o el pescado una vez estos ya est\u00e1n listos.","breadcrumb":{"@id":"https:\/\/labarraca1912.es\/tienda\/productos-complementarios\/pack-regalo-xl\/#breadcrumb"},"inLanguage":"pt-PT","potentialAction":[{"@type":"ReadAction","target":["https:\/\/labarraca1912.es\/tienda\/productos-complementarios\/pack-regalo-xl\/"]}]},{"@type":"ImageObject","inLanguage":"pt-PT","@id":"https:\/\/labarraca1912.es\/tienda\/productos-complementarios\/pack-regalo-xl\/#primaryimage","url":"https:\/\/labarraca1912.es\/wp-content\/uploads\/2020\/11\/Bodegonxl.jpg","contentUrl":"https:\/\/labarraca1912.es\/wp-content\/uploads\/2020\/11\/Bodegonxl.jpg","width":800,"height":800},{"@type":"BreadcrumbList","@id":"https:\/\/labarraca1912.es\/tienda\/productos-complementarios\/pack-regalo-xl\/#breadcrumb","itemListElement":[{"@type":"ListItem","position":1,"name":"La Barraca","item":"https:\/\/labarraca1912.es\/"},{"@type":"ListItem","position":2,"name":"Tienda","item":"https:\/\/labarraca1912.es\/tienda\/"},{"@type":"ListItem","position":3,"name":"Pack Regalo XL"}]},{"@type":"WebSite","@id":"https:\/\/labarraca1912.es\/#website","url":"https:\/\/labarraca1912.es\/","name":"La Barraca","description":"La Casa del Sabor","publisher":{"@id":"https:\/\/labarraca1912.es\/#organization"},"potentialAction":[{"@type":"SearchAction","target":{"@type":"EntryPoint","urlTemplate":"https:\/\/labarraca1912.es\/?s={search_term_string}"},"query-input":{"@type":"PropertyValueSpecification","valueRequired":true,"valueName":"search_term_string"}}],"inLanguage":"pt-PT"},{"@type":"Organization","@id":"https:\/\/labarraca1912.es\/#organization","name":"La Barraca 1912 Alimentacion","url":"https:\/\/labarraca1912.es\/","logo":{"@type":"ImageObject","inLanguage":"pt-PT","@id":"https:\/\/labarraca1912.es\/#\/schema\/logo\/image\/","url":"https:\/\/labarraca1912.es\/wp-content\/uploads\/2019\/06\/logo-labarraca.png","contentUrl":"https:\/\/labarraca1912.es\/wp-content\/uploads\/2019\/06\/logo-labarraca.png","width":2917,"height":1809,"caption":"La Barraca 1912 Alimentacion"},"image":{"@id":"https:\/\/labarraca1912.es\/#\/schema\/logo\/image\/"}}]}},"_links":{"self":[{"href":"https:\/\/labarraca1912.es\/pt\/wp-json\/wp\/v2\/product\/5982","targetHints":{"allow":["GET"]}}],"collection":[{"href":"https:\/\/labarraca1912.es\/pt\/wp-json\/wp\/v2\/product"}],"about":[{"href":"https:\/\/labarraca1912.es\/pt\/wp-json\/wp\/v2\/types\/product"}],"replies":[{"embeddable":true,"href":"https:\/\/labarraca1912.es\/pt\/wp-json\/wp\/v2\/comments?post=5982"}],"wp:featuredmedia":[{"embeddable":true,"href":"https:\/\/labarraca1912.es\/pt\/wp-json\/wp\/v2\/media\/6221"}],"wp:attachment":[{"href":"https:\/\/labarraca1912.es\/pt\/wp-json\/wp\/v2\/media?parent=5982"}],"wp:term":[{"taxonomy":"product_brand","embeddable":true,"href":"https:\/\/labarraca1912.es\/pt\/wp-json\/wp\/v2\/product_brand?post=5982"},{"taxonomy":"product_cat","embeddable":true,"href":"https:\/\/labarraca1912.es\/pt\/wp-json\/wp\/v2\/product_cat?post=5982"},{"taxonomy":"product_tag","embeddable":true,"href":"https:\/\/labarraca1912.es\/pt\/wp-json\/wp\/v2\/product_tag?post=5982"}],"curies":[{"name":"wp","href":"https:\/\/api.w.org\/{rel}","templated":true}]}}