{"id":5986,"date":"2020-11-19T13:56:44","date_gmt":"2020-11-19T12:56:44","guid":{"rendered":"https:\/\/labarraca1912.es\/?post_type=product&#038;p=5986"},"modified":"2026-04-15T10:50:59","modified_gmt":"2026-04-15T08:50:59","slug":"pack-paella","status":"publish","type":"product","link":"https:\/\/labarraca1912.es\/pt\/tienda\/productos-paella\/pack-paella\/","title":{"rendered":"Pack Paella"},"content":{"rendered":"<p>PACK PAELLA: La Barraca Alimentaci\u00f3n oferece este pack presente para fazer uma paella com os melhores produtos. Uma mistura de sabores, aromas e cheiros que n\u00e3o podem faltar na prepara\u00e7\u00e3o de uma paella. Pack formado por:<\/p>\n<p><strong>1 Kit Paella:<\/strong> Pack composto por uma panela de paella esmaltada 32cm, 100ml de azeite virgem extra, uma caixa de 3 saquetas de tempero para paella com a\u00e7afr\u00e3o e 500g de arroz. Com este magn\u00edfico pack poder\u00e1 fazer uma paella de uma forma simples e c\u00f3moda, j\u00e1 que colocamos \u00e0 sua disposi\u00e7\u00e3o a base para fazer uma paella.<\/p>\n<p><strong>2 Caixas de 4 Saquetas A\u00e7afr\u00e3o em Fios:<\/strong> O a\u00e7afr\u00e3o \u00e9 uma das especiarias mais apreciadas e utilizadas desde a antiguidade, tanto pelo seu sabor como pelo seu aroma. Vindo do Oriente, o seu cultivo e colheita requerem cuidados cuidadosos. As partes da planta utilizadas para fazer o a\u00e7afr\u00e3o s\u00e3o os estigmas da flor, que s\u00e3o secos e torrados. Quanto \u00e0 sua utiliza\u00e7\u00e3o gastron\u00f3mica, destina-se especialmente a arroz, paellas, arroz a banda, risotos, massas, sopas, peixe, marisco, molhos aos quais o a\u00e7afr\u00e3o dar\u00e1 aroma, sabor e cor dourada.<\/p>\n<p><strong>1 Caixa 3 saquetas Tempero Paella com A\u00e7afr\u00e3o:<\/strong> O Tempero para Paella com A\u00e7afr\u00e3o \u00e9 um produto magn\u00edfico para conferir o sabor ideal a uma paella, gra\u00e7as \u00e0 combina\u00e7\u00e3o de diferentes tipos de especiarias, ervas e temperos, que aliados ao sabor e aroma do a\u00e7afr\u00e3o, tornam este tempero essencial na confe\u00e7\u00e3o de uma paella .<\/p>\n<p><strong>1 Caixa 3 saquetas Tempero Paella de Mariscos com A\u00e7afr\u00e3o:<\/strong> O Tempero Paella de Mariscos com A\u00e7afr\u00e3o \u00e9 composto por uma mistura de ervas, especiarias e temperos ideal para preparar paella de peixe ou marisco, embora tamb\u00e9m possa ser utilizado em caldeiradas de peixe.<\/p>\n<p><strong>2 Latas 75g Piment\u00e3o Doce Ouro:<\/strong> De pimentos sem caule e sem sementes, mo\u00eddos. Proporciona tom aos alimentos incorporados, para al\u00e9m do sabor e aroma caracter\u00edsticos.<\/p>","protected":false},"excerpt":{"rendered":"<blockquote>\n<h2><strong>Pack Paella<\/strong><\/h2>\n<\/blockquote>\n<p>La Barraca Alimentaci\u00f3n oferece este pack presente para fazer uma paella com os melhores produtos. Uma mistura de sabores, aromas e cheiros que n\u00e3o podem faltar na prepara\u00e7\u00e3o de uma paella.<\/p>\n<p><strong><em>*Paella n\u00e3o \u00e9 v\u00e1lida para utiliza\u00e7\u00e3o em fog\u00e3o de cer\u00e2mica ou indu\u00e7\u00e3o, utilize apenas com chama, seja a lenha ou a g\u00e1s.<\/em><\/strong><\/p>\n<p><em><strong>PACK COMPOSTO POR:<\/strong><\/em><\/p>\n<ul>\n<li><strong>1 KIT PAELLA<\/strong>\n<ul>\n<li><strong>Panela de paella esmaltada 32cm<\/strong><\/li>\n<li><strong>Livro de receitas<\/strong><\/li>\n<li><strong>2 Caixas 3 saquetas Tempero Paella com A\u00e7afra\u00f5 9g (3x3g) <\/strong>\n<ul>\n<li><strong><em>Ingredientes: <\/em><\/strong>Corante alimentar (farinha de milho, sal e corante: Tartrazina E-102), tomilho, alecrim, pimenta preta, piment\u00e3o doce ess\u00eancia, cravinho, noz-moscada e a\u00e7afr\u00e3o mo\u00eddo (2%). Pode conter vest\u00edgios de <strong>SOJA<\/strong>. \u201c<strong>E-102<\/strong>: pode ter efeitos negativos na atividade e aten\u00e7\u00e3o das crian\u00e7as.\u201d<\/li>\n<li><strong><em>Informa\u00e7\u00e3o nutricional. Valores m\u00e9dios por 100g de produto: <\/em><\/strong>Valor Energ\u00e9tico: 1112 kJ\/263 kcal. Gorduras: 2g. Das quais saturadas: 1g. Carboidratos: 45g. Dos quais a\u00e7\u00facares: 1g. Prote\u00ednas: 12g. Sal: 15,5g.<\/li>\n<\/ul>\n<\/li>\n<li><strong>Arroz 500g <\/strong>\n<ul>\n<li><em><strong>Ingredientes:<\/strong><\/em> Arroz redondo.<\/li>\n<li><strong><em>Informa\u00e7\u00e3o nutricional. Valores m\u00e9dios por 100g de produto: <\/em><\/strong>Valor Energ\u00e9tico: 1472 kJ\/347 kcal. Gorduras: 0,53g. Das quais saturadas: &lt;0,10g. Carboidratos: 77,90g. Dos quais a\u00e7\u00facares: 0,28g. Prote\u00ednas: 6,9g. Sal: &lt;0,01g.<\/li>\n<\/ul>\n<\/li>\n<li><strong>Azeite Virgem Extra 100ml<\/strong>\n<ul>\n<li><em><strong>Ingredientes:<\/strong><\/em> Azeite virgem extra.<\/li>\n<li><strong><em>Informa\u00e7\u00e3o nutricional. Valores m\u00e9dios por 100g de produto seco (no cozinhado): <\/em><\/strong>Valor Energ\u00e9tico: 3700 kJ\/900 kcal. Gorduras: 100g. Das quais saturadas: 15g. Carboidratos: 0g. Dos quais a\u00e7\u00facares: 0g. Prote\u00ednas: 0g. Sal: 0,01g.<\/li>\n<\/ul>\n<\/li>\n<\/ul>\n<\/li>\n<li><strong>2 Caixas de 4 Saquetas A\u00e7afr\u00e3o em Fios<\/strong>\n<ul>\n<li><em><strong>Ingredientes:<\/strong><\/em> A\u00e7afr\u00e3o em Fios<\/li>\n<\/ul>\n<\/li>\n<li><strong>1 Caixa 3 saquetas Tempero Paella de Mariscos com A\u00e7afr\u00e3o<\/strong><\/li>\n<li><strong>2 Latas 75g Piment\u00e3o Doce Ouro<\/strong>\n<ul>\n<li><em><strong>Ingredientes:<\/strong><\/em> Piment\u00f3n dulce \u00abcalidad oro\u00bb.<\/li>\n<\/ul>\n<\/li>\n<\/ul>","protected":false},"featured_media":12647,"comment_status":"open","ping_status":"closed","template":"","meta":{"_et_pb_use_builder":"","_et_pb_old_content":"","_et_gb_content_width":""},"product_brand":[],"product_cat":[215,122],"product_tag":[206,39,35,58,110,158,45,36,40,50,53],"class_list":{"0":"post-5986","1":"product","2":"type-product","3":"status-publish","4":"has-post-thumbnail","6":"product_cat-packs-regalo","7":"product_cat-productos-paella","8":"product_tag-ajonegro","9":"product_tag-arroz","10":"product_tag-azafran","11":"product_tag-canela","12":"product_tag-cassia","13":"product_tag-himalaya","14":"product_tag-infusion","15":"product_tag-paella","16":"product_tag-pimenton","17":"product_tag-pimienta","18":"product_tag-te","20":"first","21":"instock","22":"taxable","23":"shipping-taxable","24":"purchasable","25":"product-type-simple"},"yoast_head":"<!-- This site is optimized with the Yoast SEO plugin v27.4 - https:\/\/yoast.com\/product\/yoast-seo-wordpress\/ -->\n<title>Pack Paella con todos los ingredientes | La Barraca<\/title>\n<meta name=\"description\" content=\"Pack Paella con paellera esmaltada, arroz, azafr\u00e1n y sazonadores para preparar aut\u00e9nticas paellas en casa. Ideal para regalar o disfrutar.\" \/>\n<meta name=\"robots\" content=\"index, follow, max-snippet:-1, max-image-preview:large, max-video-preview:-1\" \/>\n<link rel=\"canonical\" href=\"https:\/\/labarraca1912.es\/pt\/tienda\/productos-paella\/pack-paella\/\" \/>\n<meta property=\"og:locale\" content=\"pt_PT\" \/>\n<meta property=\"og:type\" content=\"article\" \/>\n<meta property=\"og:title\" content=\"Pack Paella con todos los ingredientes | La Barraca\" \/>\n<meta property=\"og:description\" content=\"Pack Paella con paellera esmaltada, arroz, azafr\u00e1n y sazonadores para preparar aut\u00e9nticas paellas en casa. Ideal para regalar o disfrutar.\" \/>\n<meta property=\"og:url\" content=\"https:\/\/labarraca1912.es\/pt\/tienda\/productos-paella\/pack-paella\/\" \/>\n<meta property=\"og:site_name\" content=\"La Barraca\" \/>\n<meta property=\"article:modified_time\" content=\"2026-04-15T08:50:59+00:00\" \/>\n<meta property=\"og:image\" content=\"https:\/\/labarraca1912.es\/wp-content\/uploads\/packpaella2025.jpg\" \/>\n\t<meta property=\"og:image:width\" content=\"800\" \/>\n\t<meta property=\"og:image:height\" content=\"800\" \/>\n\t<meta property=\"og:image:type\" content=\"image\/jpeg\" \/>\n<meta name=\"twitter:card\" content=\"summary_large_image\" \/>\n<meta name=\"twitter:label1\" content=\"Tempo estimado de leitura\" \/>\n\t<meta name=\"twitter:data1\" content=\"2 minutos\" \/>\n<script type=\"application\/ld+json\" class=\"yoast-schema-graph\">{\"@context\":\"https:\\\/\\\/schema.org\",\"@graph\":[{\"@type\":\"WebPage\",\"@id\":\"https:\\\/\\\/labarraca1912.es\\\/tienda\\\/productos-paella\\\/pack-paella\\\/\",\"url\":\"https:\\\/\\\/labarraca1912.es\\\/tienda\\\/productos-paella\\\/pack-paella\\\/\",\"name\":\"Pack Paella con todos los ingredientes | La Barraca\",\"isPartOf\":{\"@id\":\"https:\\\/\\\/labarraca1912.es\\\/#website\"},\"primaryImageOfPage\":{\"@id\":\"https:\\\/\\\/labarraca1912.es\\\/tienda\\\/productos-paella\\\/pack-paella\\\/#primaryimage\"},\"image\":{\"@id\":\"https:\\\/\\\/labarraca1912.es\\\/tienda\\\/productos-paella\\\/pack-paella\\\/#primaryimage\"},\"thumbnailUrl\":\"https:\\\/\\\/labarraca1912.es\\\/wp-content\\\/uploads\\\/packpaella2025.jpg\",\"datePublished\":\"2020-11-19T12:56:44+00:00\",\"dateModified\":\"2026-04-15T08:50:59+00:00\",\"description\":\"Pack Paella con paellera esmaltada, arroz, azafr\u00e1n y sazonadores para preparar aut\u00e9nticas paellas en casa. Ideal para regalar o disfrutar.\",\"breadcrumb\":{\"@id\":\"https:\\\/\\\/labarraca1912.es\\\/tienda\\\/productos-paella\\\/pack-paella\\\/#breadcrumb\"},\"inLanguage\":\"pt-PT\",\"potentialAction\":[{\"@type\":\"ReadAction\",\"target\":[\"https:\\\/\\\/labarraca1912.es\\\/tienda\\\/productos-paella\\\/pack-paella\\\/\"]}]},{\"@type\":\"ImageObject\",\"inLanguage\":\"pt-PT\",\"@id\":\"https:\\\/\\\/labarraca1912.es\\\/tienda\\\/productos-paella\\\/pack-paella\\\/#primaryimage\",\"url\":\"https:\\\/\\\/labarraca1912.es\\\/wp-content\\\/uploads\\\/packpaella2025.jpg\",\"contentUrl\":\"https:\\\/\\\/labarraca1912.es\\\/wp-content\\\/uploads\\\/packpaella2025.jpg\",\"width\":800,\"height\":800},{\"@type\":\"BreadcrumbList\",\"@id\":\"https:\\\/\\\/labarraca1912.es\\\/tienda\\\/productos-paella\\\/pack-paella\\\/#breadcrumb\",\"itemListElement\":[{\"@type\":\"ListItem\",\"position\":1,\"name\":\"La Barraca\",\"item\":\"https:\\\/\\\/labarraca1912.es\\\/\"},{\"@type\":\"ListItem\",\"position\":2,\"name\":\"Tienda\",\"item\":\"https:\\\/\\\/labarraca1912.es\\\/tienda\\\/\"},{\"@type\":\"ListItem\",\"position\":3,\"name\":\"Pack Paella\"}]},{\"@type\":\"WebSite\",\"@id\":\"https:\\\/\\\/labarraca1912.es\\\/#website\",\"url\":\"https:\\\/\\\/labarraca1912.es\\\/\",\"name\":\"La Barraca\",\"description\":\"La Casa del Sabor\",\"publisher\":{\"@id\":\"https:\\\/\\\/labarraca1912.es\\\/#organization\"},\"potentialAction\":[{\"@type\":\"SearchAction\",\"target\":{\"@type\":\"EntryPoint\",\"urlTemplate\":\"https:\\\/\\\/labarraca1912.es\\\/?s={search_term_string}\"},\"query-input\":{\"@type\":\"PropertyValueSpecification\",\"valueRequired\":true,\"valueName\":\"search_term_string\"}}],\"inLanguage\":\"pt-PT\"},{\"@type\":\"Organization\",\"@id\":\"https:\\\/\\\/labarraca1912.es\\\/#organization\",\"name\":\"La Barraca 1912 Alimentacion\",\"url\":\"https:\\\/\\\/labarraca1912.es\\\/\",\"logo\":{\"@type\":\"ImageObject\",\"inLanguage\":\"pt-PT\",\"@id\":\"https:\\\/\\\/labarraca1912.es\\\/#\\\/schema\\\/logo\\\/image\\\/\",\"url\":\"https:\\\/\\\/labarraca1912.es\\\/wp-content\\\/uploads\\\/2019\\\/06\\\/logo-labarraca.png\",\"contentUrl\":\"https:\\\/\\\/labarraca1912.es\\\/wp-content\\\/uploads\\\/2019\\\/06\\\/logo-labarraca.png\",\"width\":2917,\"height\":1809,\"caption\":\"La Barraca 1912 Alimentacion\"},\"image\":{\"@id\":\"https:\\\/\\\/labarraca1912.es\\\/#\\\/schema\\\/logo\\\/image\\\/\"}}]}<\/script>\n<!-- \/ Yoast SEO plugin. -->","yoast_head_json":{"title":"Pack Paella con todos los ingredientes | La Barraca","description":"Pack Paella con paellera esmaltada, arroz, azafr\u00e1n y sazonadores para preparar aut\u00e9nticas paellas en casa. Ideal para regalar o disfrutar.","robots":{"index":"index","follow":"follow","max-snippet":"max-snippet:-1","max-image-preview":"max-image-preview:large","max-video-preview":"max-video-preview:-1"},"canonical":"https:\/\/labarraca1912.es\/pt\/tienda\/productos-paella\/pack-paella\/","og_locale":"pt_PT","og_type":"article","og_title":"Pack Paella con todos los ingredientes | La Barraca","og_description":"Pack Paella con paellera esmaltada, arroz, azafr\u00e1n y sazonadores para preparar aut\u00e9nticas paellas en casa. Ideal para regalar o disfrutar.","og_url":"https:\/\/labarraca1912.es\/pt\/tienda\/productos-paella\/pack-paella\/","og_site_name":"La Barraca","article_modified_time":"2026-04-15T08:50:59+00:00","og_image":[{"width":800,"height":800,"url":"https:\/\/labarraca1912.es\/wp-content\/uploads\/packpaella2025.jpg","type":"image\/jpeg"}],"twitter_card":"summary_large_image","twitter_misc":{"Tempo estimado de leitura":"2 minutos"},"schema":{"@context":"https:\/\/schema.org","@graph":[{"@type":"WebPage","@id":"https:\/\/labarraca1912.es\/tienda\/productos-paella\/pack-paella\/","url":"https:\/\/labarraca1912.es\/tienda\/productos-paella\/pack-paella\/","name":"Pack Paella con todos los ingredientes | La Barraca","isPartOf":{"@id":"https:\/\/labarraca1912.es\/#website"},"primaryImageOfPage":{"@id":"https:\/\/labarraca1912.es\/tienda\/productos-paella\/pack-paella\/#primaryimage"},"image":{"@id":"https:\/\/labarraca1912.es\/tienda\/productos-paella\/pack-paella\/#primaryimage"},"thumbnailUrl":"https:\/\/labarraca1912.es\/wp-content\/uploads\/packpaella2025.jpg","datePublished":"2020-11-19T12:56:44+00:00","dateModified":"2026-04-15T08:50:59+00:00","description":"Pack Paella con paellera esmaltada, arroz, azafr\u00e1n y sazonadores para preparar aut\u00e9nticas paellas en casa. Ideal para regalar o disfrutar.","breadcrumb":{"@id":"https:\/\/labarraca1912.es\/tienda\/productos-paella\/pack-paella\/#breadcrumb"},"inLanguage":"pt-PT","potentialAction":[{"@type":"ReadAction","target":["https:\/\/labarraca1912.es\/tienda\/productos-paella\/pack-paella\/"]}]},{"@type":"ImageObject","inLanguage":"pt-PT","@id":"https:\/\/labarraca1912.es\/tienda\/productos-paella\/pack-paella\/#primaryimage","url":"https:\/\/labarraca1912.es\/wp-content\/uploads\/packpaella2025.jpg","contentUrl":"https:\/\/labarraca1912.es\/wp-content\/uploads\/packpaella2025.jpg","width":800,"height":800},{"@type":"BreadcrumbList","@id":"https:\/\/labarraca1912.es\/tienda\/productos-paella\/pack-paella\/#breadcrumb","itemListElement":[{"@type":"ListItem","position":1,"name":"La Barraca","item":"https:\/\/labarraca1912.es\/"},{"@type":"ListItem","position":2,"name":"Tienda","item":"https:\/\/labarraca1912.es\/tienda\/"},{"@type":"ListItem","position":3,"name":"Pack Paella"}]},{"@type":"WebSite","@id":"https:\/\/labarraca1912.es\/#website","url":"https:\/\/labarraca1912.es\/","name":"La Barraca","description":"La Casa del Sabor","publisher":{"@id":"https:\/\/labarraca1912.es\/#organization"},"potentialAction":[{"@type":"SearchAction","target":{"@type":"EntryPoint","urlTemplate":"https:\/\/labarraca1912.es\/?s={search_term_string}"},"query-input":{"@type":"PropertyValueSpecification","valueRequired":true,"valueName":"search_term_string"}}],"inLanguage":"pt-PT"},{"@type":"Organization","@id":"https:\/\/labarraca1912.es\/#organization","name":"La Barraca 1912 Alimentacion","url":"https:\/\/labarraca1912.es\/","logo":{"@type":"ImageObject","inLanguage":"pt-PT","@id":"https:\/\/labarraca1912.es\/#\/schema\/logo\/image\/","url":"https:\/\/labarraca1912.es\/wp-content\/uploads\/2019\/06\/logo-labarraca.png","contentUrl":"https:\/\/labarraca1912.es\/wp-content\/uploads\/2019\/06\/logo-labarraca.png","width":2917,"height":1809,"caption":"La Barraca 1912 Alimentacion"},"image":{"@id":"https:\/\/labarraca1912.es\/#\/schema\/logo\/image\/"}}]}},"_links":{"self":[{"href":"https:\/\/labarraca1912.es\/pt\/wp-json\/wp\/v2\/product\/5986","targetHints":{"allow":["GET"]}}],"collection":[{"href":"https:\/\/labarraca1912.es\/pt\/wp-json\/wp\/v2\/product"}],"about":[{"href":"https:\/\/labarraca1912.es\/pt\/wp-json\/wp\/v2\/types\/product"}],"replies":[{"embeddable":true,"href":"https:\/\/labarraca1912.es\/pt\/wp-json\/wp\/v2\/comments?post=5986"}],"wp:featuredmedia":[{"embeddable":true,"href":"https:\/\/labarraca1912.es\/pt\/wp-json\/wp\/v2\/media\/12647"}],"wp:attachment":[{"href":"https:\/\/labarraca1912.es\/pt\/wp-json\/wp\/v2\/media?parent=5986"}],"wp:term":[{"taxonomy":"product_brand","embeddable":true,"href":"https:\/\/labarraca1912.es\/pt\/wp-json\/wp\/v2\/product_brand?post=5986"},{"taxonomy":"product_cat","embeddable":true,"href":"https:\/\/labarraca1912.es\/pt\/wp-json\/wp\/v2\/product_cat?post=5986"},{"taxonomy":"product_tag","embeddable":true,"href":"https:\/\/labarraca1912.es\/pt\/wp-json\/wp\/v2\/product_tag?post=5986"}],"curies":[{"name":"wp","href":"https:\/\/api.w.org\/{rel}","templated":true}]}}