{"id":6004,"date":"2020-11-23T16:15:22","date_gmt":"2020-11-23T15:15:22","guid":{"rendered":"https:\/\/labarraca1912.es\/?post_type=product&#038;p=6004"},"modified":"2026-04-15T09:31:49","modified_gmt":"2026-04-15T07:31:49","slug":"preparado-para-carne-de-hamburguesas","status":"publish","type":"product","link":"https:\/\/labarraca1912.es\/pt\/tienda\/sazonadores\/preparado-para-carne-de-hamburguesas\/","title":{"rendered":"Preparado para carne de Hamb\u00farguer 1250g"},"content":{"rendered":"<p>PREPARADO PARA CARNE DE HAMBURGUESAS &#8211; 1250G: El Preparado para Carne de Hamburguesas es un producto en polvo constituido por una mezcla equilibrada de condimentos, especias naturales y aditivos, necesarios para la fabricaci\u00f3n de carne de hamburguesa.<\/p>\n<p><strong>Preparado para carne de Hamb\u00farguer:<\/strong> Depois de esmagada a carne, adicione 35g (dependendo do grau de salinidade que se pretende obter) de produto por kg de carne e amasse at\u00e9 dissolver completamente.<\/p>","protected":false},"excerpt":{"rendered":"<blockquote>\n<h2><strong>Preparado para carne de Hamb\u00farguer<\/strong> 1250g<\/h2>\n<\/blockquote>\n<p><img decoding=\"async\" class=\"alignnone wp-image-10937\" src=\"https:\/\/labarraca1912.es\/wp-content\/uploads\/glutenfree.jpg\" alt=\"\" width=\"203\" height=\"35\" \/><\/p>\n<p>O Preparado de Carne para Hamb\u00farguer \u00e9 um produto em p\u00f3 composto por uma mistura equilibrada de temperos, temperos naturais e aditivos, necess\u00e1rios \u00e0 produ\u00e7\u00e3o de carne de hamb\u00farguer.<\/p>\n<p><em><strong>\u00bfComo usar?<\/strong><\/em><\/p>\n<p>Depois de esmagada a carne, adicione 35g (dependendo do grau de salinidade que se pretende obter) de produto por kg de carne e amasse at\u00e9 dissolver completamente.<\/p>\n<p><em><strong>Ingredientes:<\/strong><\/em> Sal, amidos, especiarias, aromas, a\u00e7\u00facar, antioxidantes: \u00e1cido asc\u00f3rbico E-300 e citrato de s\u00f3dio E-331, conservante: sulfito de s\u00f3dio E-221 e corante: \u00e1cido carm\u00ednico E-120.<\/p>\n<p>Cont\u00e9m <strong>SULFITOS.<\/strong><\/p>\n<p><strong><em>Informa\u00e7\u00e3o nutricional. Valores m\u00e9dios por 100g de produto: <\/em><\/strong>Valor Energ\u00e9tico: 574 kJ\/135 kcal. Gorduras: 0,2g. Das quais saturadas: 0g. Carboidratos: 33g. Dos quais a\u00e7\u00facares: 14g. Prote\u00ednas: 0g. Sal: 62,9.<\/p>","protected":false},"featured_media":13640,"comment_status":"open","ping_status":"closed","template":"","meta":{"_et_pb_use_builder":"","_et_pb_old_content":"","_et_gb_content_width":""},"product_brand":[],"product_cat":[22],"product_tag":[67,102,223,119],"class_list":{"0":"post-6004","1":"product","2":"type-product","3":"status-publish","4":"has-post-thumbnail","6":"product_cat-sazonadores","7":"product_tag-carne","8":"product_tag-hamburguesas","9":"product_tag-preparado","10":"product_tag-sazonador","12":"first","13":"instock","14":"taxable","15":"shipping-taxable","16":"purchasable","17":"product-type-simple"},"yoast_head":"<!-- This site is optimized with the Yoast SEO plugin v27.4 - https:\/\/yoast.com\/product\/yoast-seo-wordpress\/ -->\n<title>Comprar Preparado para Carne de Hamburguesas | La Barraca<\/title>\n<meta name=\"description\" content=\"Mezcla equilibrada de especias y condimentos para preparar carne de hamburguesa. A\u00f1ade 35g\/kg para un sabor perfecto. Disponible en formato 1250g.\" \/>\n<meta name=\"robots\" content=\"index, follow, max-snippet:-1, max-image-preview:large, max-video-preview:-1\" \/>\n<link rel=\"canonical\" href=\"https:\/\/labarraca1912.es\/pt\/tienda\/sazonadores\/preparado-para-carne-de-hamburguesas\/\" \/>\n<meta property=\"og:locale\" content=\"pt_PT\" \/>\n<meta property=\"og:type\" content=\"article\" \/>\n<meta property=\"og:title\" content=\"Comprar Preparado para Carne de Hamburguesas | La Barraca\" \/>\n<meta property=\"og:description\" content=\"Mezcla equilibrada de especias y condimentos para preparar carne de hamburguesa. A\u00f1ade 35g\/kg para un sabor perfecto. Disponible en formato 1250g.\" \/>\n<meta property=\"og:url\" content=\"https:\/\/labarraca1912.es\/pt\/tienda\/sazonadores\/preparado-para-carne-de-hamburguesas\/\" \/>\n<meta property=\"og:site_name\" content=\"La Barraca\" \/>\n<meta property=\"article:modified_time\" content=\"2026-04-15T07:31:49+00:00\" \/>\n<meta property=\"og:image\" content=\"https:\/\/labarraca1912.es\/wp-content\/uploads\/sazhamburguesasbg2025.jpg\" \/>\n\t<meta property=\"og:image:width\" content=\"800\" \/>\n\t<meta property=\"og:image:height\" content=\"800\" \/>\n\t<meta property=\"og:image:type\" content=\"image\/jpeg\" \/>\n<meta name=\"twitter:card\" content=\"summary_large_image\" \/>\n<meta name=\"twitter:label1\" content=\"Tempo estimado de leitura\" \/>\n\t<meta name=\"twitter:data1\" content=\"1 minuto\" \/>\n<script type=\"application\/ld+json\" class=\"yoast-schema-graph\">{\"@context\":\"https:\\\/\\\/schema.org\",\"@graph\":[{\"@type\":\"WebPage\",\"@id\":\"https:\\\/\\\/labarraca1912.es\\\/tienda\\\/sazonadores\\\/preparado-para-carne-de-hamburguesas\\\/\",\"url\":\"https:\\\/\\\/labarraca1912.es\\\/tienda\\\/sazonadores\\\/preparado-para-carne-de-hamburguesas\\\/\",\"name\":\"Comprar Preparado para Carne de Hamburguesas | La Barraca\",\"isPartOf\":{\"@id\":\"https:\\\/\\\/labarraca1912.es\\\/#website\"},\"primaryImageOfPage\":{\"@id\":\"https:\\\/\\\/labarraca1912.es\\\/tienda\\\/sazonadores\\\/preparado-para-carne-de-hamburguesas\\\/#primaryimage\"},\"image\":{\"@id\":\"https:\\\/\\\/labarraca1912.es\\\/tienda\\\/sazonadores\\\/preparado-para-carne-de-hamburguesas\\\/#primaryimage\"},\"thumbnailUrl\":\"https:\\\/\\\/labarraca1912.es\\\/wp-content\\\/uploads\\\/sazhamburguesasbg2025.jpg\",\"datePublished\":\"2020-11-23T15:15:22+00:00\",\"dateModified\":\"2026-04-15T07:31:49+00:00\",\"description\":\"Mezcla equilibrada de especias y condimentos para preparar carne de hamburguesa. A\u00f1ade 35g\\\/kg para un sabor perfecto. Disponible en formato 1250g.\",\"breadcrumb\":{\"@id\":\"https:\\\/\\\/labarraca1912.es\\\/tienda\\\/sazonadores\\\/preparado-para-carne-de-hamburguesas\\\/#breadcrumb\"},\"inLanguage\":\"pt-PT\",\"potentialAction\":[{\"@type\":\"ReadAction\",\"target\":[\"https:\\\/\\\/labarraca1912.es\\\/tienda\\\/sazonadores\\\/preparado-para-carne-de-hamburguesas\\\/\"]}]},{\"@type\":\"ImageObject\",\"inLanguage\":\"pt-PT\",\"@id\":\"https:\\\/\\\/labarraca1912.es\\\/tienda\\\/sazonadores\\\/preparado-para-carne-de-hamburguesas\\\/#primaryimage\",\"url\":\"https:\\\/\\\/labarraca1912.es\\\/wp-content\\\/uploads\\\/sazhamburguesasbg2025.jpg\",\"contentUrl\":\"https:\\\/\\\/labarraca1912.es\\\/wp-content\\\/uploads\\\/sazhamburguesasbg2025.jpg\",\"width\":800,\"height\":800},{\"@type\":\"BreadcrumbList\",\"@id\":\"https:\\\/\\\/labarraca1912.es\\\/tienda\\\/sazonadores\\\/preparado-para-carne-de-hamburguesas\\\/#breadcrumb\",\"itemListElement\":[{\"@type\":\"ListItem\",\"position\":1,\"name\":\"La Barraca\",\"item\":\"https:\\\/\\\/labarraca1912.es\\\/\"},{\"@type\":\"ListItem\",\"position\":2,\"name\":\"Tienda\",\"item\":\"https:\\\/\\\/labarraca1912.es\\\/tienda\\\/\"},{\"@type\":\"ListItem\",\"position\":3,\"name\":\"Preparado para Hamburguesas 1250g\"}]},{\"@type\":\"WebSite\",\"@id\":\"https:\\\/\\\/labarraca1912.es\\\/#website\",\"url\":\"https:\\\/\\\/labarraca1912.es\\\/\",\"name\":\"La Barraca\",\"description\":\"La Casa del Sabor\",\"publisher\":{\"@id\":\"https:\\\/\\\/labarraca1912.es\\\/#organization\"},\"potentialAction\":[{\"@type\":\"SearchAction\",\"target\":{\"@type\":\"EntryPoint\",\"urlTemplate\":\"https:\\\/\\\/labarraca1912.es\\\/?s={search_term_string}\"},\"query-input\":{\"@type\":\"PropertyValueSpecification\",\"valueRequired\":true,\"valueName\":\"search_term_string\"}}],\"inLanguage\":\"pt-PT\"},{\"@type\":\"Organization\",\"@id\":\"https:\\\/\\\/labarraca1912.es\\\/#organization\",\"name\":\"La Barraca 1912 Alimentacion\",\"url\":\"https:\\\/\\\/labarraca1912.es\\\/\",\"logo\":{\"@type\":\"ImageObject\",\"inLanguage\":\"pt-PT\",\"@id\":\"https:\\\/\\\/labarraca1912.es\\\/#\\\/schema\\\/logo\\\/image\\\/\",\"url\":\"https:\\\/\\\/labarraca1912.es\\\/wp-content\\\/uploads\\\/2019\\\/06\\\/logo-labarraca.png\",\"contentUrl\":\"https:\\\/\\\/labarraca1912.es\\\/wp-content\\\/uploads\\\/2019\\\/06\\\/logo-labarraca.png\",\"width\":2917,\"height\":1809,\"caption\":\"La Barraca 1912 Alimentacion\"},\"image\":{\"@id\":\"https:\\\/\\\/labarraca1912.es\\\/#\\\/schema\\\/logo\\\/image\\\/\"}}]}<\/script>\n<!-- \/ Yoast SEO plugin. -->","yoast_head_json":{"title":"Comprar Preparado para Carne de Hamburguesas | La Barraca","description":"Mezcla equilibrada de especias y condimentos para preparar carne de hamburguesa. A\u00f1ade 35g\/kg para un sabor perfecto. Disponible en formato 1250g.","robots":{"index":"index","follow":"follow","max-snippet":"max-snippet:-1","max-image-preview":"max-image-preview:large","max-video-preview":"max-video-preview:-1"},"canonical":"https:\/\/labarraca1912.es\/pt\/tienda\/sazonadores\/preparado-para-carne-de-hamburguesas\/","og_locale":"pt_PT","og_type":"article","og_title":"Comprar Preparado para Carne de Hamburguesas | La Barraca","og_description":"Mezcla equilibrada de especias y condimentos para preparar carne de hamburguesa. A\u00f1ade 35g\/kg para un sabor perfecto. Disponible en formato 1250g.","og_url":"https:\/\/labarraca1912.es\/pt\/tienda\/sazonadores\/preparado-para-carne-de-hamburguesas\/","og_site_name":"La Barraca","article_modified_time":"2026-04-15T07:31:49+00:00","og_image":[{"width":800,"height":800,"url":"https:\/\/labarraca1912.es\/wp-content\/uploads\/sazhamburguesasbg2025.jpg","type":"image\/jpeg"}],"twitter_card":"summary_large_image","twitter_misc":{"Tempo estimado de leitura":"1 minuto"},"schema":{"@context":"https:\/\/schema.org","@graph":[{"@type":"WebPage","@id":"https:\/\/labarraca1912.es\/tienda\/sazonadores\/preparado-para-carne-de-hamburguesas\/","url":"https:\/\/labarraca1912.es\/tienda\/sazonadores\/preparado-para-carne-de-hamburguesas\/","name":"Comprar Preparado para Carne de Hamburguesas | La Barraca","isPartOf":{"@id":"https:\/\/labarraca1912.es\/#website"},"primaryImageOfPage":{"@id":"https:\/\/labarraca1912.es\/tienda\/sazonadores\/preparado-para-carne-de-hamburguesas\/#primaryimage"},"image":{"@id":"https:\/\/labarraca1912.es\/tienda\/sazonadores\/preparado-para-carne-de-hamburguesas\/#primaryimage"},"thumbnailUrl":"https:\/\/labarraca1912.es\/wp-content\/uploads\/sazhamburguesasbg2025.jpg","datePublished":"2020-11-23T15:15:22+00:00","dateModified":"2026-04-15T07:31:49+00:00","description":"Mezcla equilibrada de especias y condimentos para preparar carne de hamburguesa. A\u00f1ade 35g\/kg para un sabor perfecto. Disponible en formato 1250g.","breadcrumb":{"@id":"https:\/\/labarraca1912.es\/tienda\/sazonadores\/preparado-para-carne-de-hamburguesas\/#breadcrumb"},"inLanguage":"pt-PT","potentialAction":[{"@type":"ReadAction","target":["https:\/\/labarraca1912.es\/tienda\/sazonadores\/preparado-para-carne-de-hamburguesas\/"]}]},{"@type":"ImageObject","inLanguage":"pt-PT","@id":"https:\/\/labarraca1912.es\/tienda\/sazonadores\/preparado-para-carne-de-hamburguesas\/#primaryimage","url":"https:\/\/labarraca1912.es\/wp-content\/uploads\/sazhamburguesasbg2025.jpg","contentUrl":"https:\/\/labarraca1912.es\/wp-content\/uploads\/sazhamburguesasbg2025.jpg","width":800,"height":800},{"@type":"BreadcrumbList","@id":"https:\/\/labarraca1912.es\/tienda\/sazonadores\/preparado-para-carne-de-hamburguesas\/#breadcrumb","itemListElement":[{"@type":"ListItem","position":1,"name":"La Barraca","item":"https:\/\/labarraca1912.es\/"},{"@type":"ListItem","position":2,"name":"Tienda","item":"https:\/\/labarraca1912.es\/tienda\/"},{"@type":"ListItem","position":3,"name":"Preparado para Hamburguesas 1250g"}]},{"@type":"WebSite","@id":"https:\/\/labarraca1912.es\/#website","url":"https:\/\/labarraca1912.es\/","name":"La Barraca","description":"La Casa del Sabor","publisher":{"@id":"https:\/\/labarraca1912.es\/#organization"},"potentialAction":[{"@type":"SearchAction","target":{"@type":"EntryPoint","urlTemplate":"https:\/\/labarraca1912.es\/?s={search_term_string}"},"query-input":{"@type":"PropertyValueSpecification","valueRequired":true,"valueName":"search_term_string"}}],"inLanguage":"pt-PT"},{"@type":"Organization","@id":"https:\/\/labarraca1912.es\/#organization","name":"La Barraca 1912 Alimentacion","url":"https:\/\/labarraca1912.es\/","logo":{"@type":"ImageObject","inLanguage":"pt-PT","@id":"https:\/\/labarraca1912.es\/#\/schema\/logo\/image\/","url":"https:\/\/labarraca1912.es\/wp-content\/uploads\/2019\/06\/logo-labarraca.png","contentUrl":"https:\/\/labarraca1912.es\/wp-content\/uploads\/2019\/06\/logo-labarraca.png","width":2917,"height":1809,"caption":"La Barraca 1912 Alimentacion"},"image":{"@id":"https:\/\/labarraca1912.es\/#\/schema\/logo\/image\/"}}]}},"_links":{"self":[{"href":"https:\/\/labarraca1912.es\/pt\/wp-json\/wp\/v2\/product\/6004","targetHints":{"allow":["GET"]}}],"collection":[{"href":"https:\/\/labarraca1912.es\/pt\/wp-json\/wp\/v2\/product"}],"about":[{"href":"https:\/\/labarraca1912.es\/pt\/wp-json\/wp\/v2\/types\/product"}],"replies":[{"embeddable":true,"href":"https:\/\/labarraca1912.es\/pt\/wp-json\/wp\/v2\/comments?post=6004"}],"wp:featuredmedia":[{"embeddable":true,"href":"https:\/\/labarraca1912.es\/pt\/wp-json\/wp\/v2\/media\/13640"}],"wp:attachment":[{"href":"https:\/\/labarraca1912.es\/pt\/wp-json\/wp\/v2\/media?parent=6004"}],"wp:term":[{"taxonomy":"product_brand","embeddable":true,"href":"https:\/\/labarraca1912.es\/pt\/wp-json\/wp\/v2\/product_brand?post=6004"},{"taxonomy":"product_cat","embeddable":true,"href":"https:\/\/labarraca1912.es\/pt\/wp-json\/wp\/v2\/product_cat?post=6004"},{"taxonomy":"product_tag","embeddable":true,"href":"https:\/\/labarraca1912.es\/pt\/wp-json\/wp\/v2\/product_tag?post=6004"}],"curies":[{"name":"wp","href":"https:\/\/api.w.org\/{rel}","templated":true}]}}