{"id":6365,"date":"2021-01-18T11:07:21","date_gmt":"2021-01-18T10:07:21","guid":{"rendered":"https:\/\/labarraca1912.es\/?post_type=product&#038;p=6365"},"modified":"2026-04-05T09:45:14","modified_gmt":"2026-04-05T07:45:14","slug":"curry","status":"publish","type":"product","link":"https:\/\/labarraca1912.es\/pt\/tienda\/especias-y-condimentos\/curry\/","title":{"rendered":"Caril"},"content":{"rendered":"<p>CARIL: Mistura uniforme de especiarias, entre as quais se destaca a curcuma. \u00c9 uma mistura de especiarias amarelas, sabor amargo e aroma forte e espa\u00e7ado. \u00c9 uma mistura de especiarias e ervas da \u00cdndia.<\/p>\n<p><strong>Caril:<\/strong>\u00a0O caril \u00e9 utilizado para temperar pratos culin\u00e1rios como arroz, molhos, sopas diversas, legumes, peixe e aves. Entre eles, destaca-se o Caril de Frango. \u00c9 um ingrediente b\u00e1sico da cozinha asi\u00e1tica.<\/p>","protected":false},"excerpt":{"rendered":"<blockquote>\n<h2><strong>Caril<\/strong><\/h2>\n<\/blockquote>\n<p>Mistura uniforme de especiarias, entre as quais se destaca a curcuma. \u00c9 uma mistura de especiarias amarelas, sabor amargo e aroma forte e espa\u00e7ado. \u00c9 uma mistura de especiarias e ervas da \u00cdndia.<\/p>\n<p>O caril \u00e9 utilizado para temperar pratos culin\u00e1rios como arroz, molhos, sopas diversas, legumes, peixe e aves. Entre eles, destaca-se o Caril de Frango. \u00c9 um ingrediente b\u00e1sico da cozinha asi\u00e1tica.<\/p>\n<p><em><strong>Ingredientes:<\/strong><\/em> Curcuma, funcho, <strong>MOSTARDA<\/strong>, feno-grego, coentro, cravinho, louro, cominhos, malagueta, alho e anis.<\/p>\n<p>Pode conter vest\u00edgios de <strong>GL\u00daTEN, AIPO, S\u00c9SAMO, AMENDOINS e SULFITOS.<\/strong><\/p>","protected":false},"featured_media":10638,"comment_status":"open","ping_status":"closed","template":"","meta":{"_et_pb_use_builder":"","_et_pb_old_content":"","_et_gb_content_width":""},"product_brand":[],"product_cat":[19,22],"product_tag":[39,67,92,68,93,79],"class_list":{"0":"post-6365","1":"product","2":"type-product","3":"status-publish","4":"has-post-thumbnail","6":"product_cat-especias-y-condimentos","7":"product_cat-sazonadores","8":"product_tag-arroz","9":"product_tag-carne","10":"product_tag-curry","11":"product_tag-pescado","12":"product_tag-pollo","13":"product_tag-sal","15":"first","16":"instock","17":"taxable","18":"shipping-taxable","19":"purchasable","20":"product-type-variable"},"yoast_head":"<!-- This site is optimized with the Yoast SEO plugin v27.4 - https:\/\/yoast.com\/product\/yoast-seo-wordpress\/ -->\n<title>Comprar Curry en polvo | Mezcla de especias india<\/title>\n<meta name=\"description\" content=\"Mezcla de especias india con c\u00farcuma, ideal para arroces, salsas, sopas, verduras, pescados y pollo al curry. Sabor intenso y aroma caracter\u00edstico.\" \/>\n<meta name=\"robots\" content=\"index, follow, max-snippet:-1, max-image-preview:large, max-video-preview:-1\" \/>\n<link rel=\"canonical\" href=\"https:\/\/labarraca1912.es\/pt\/tienda\/especias-y-condimentos\/curry\/\" \/>\n<meta property=\"og:locale\" content=\"pt_PT\" \/>\n<meta property=\"og:type\" content=\"article\" \/>\n<meta property=\"og:title\" content=\"Comprar Curry en polvo | Mezcla de especias india\" \/>\n<meta property=\"og:description\" content=\"Mezcla de especias india con c\u00farcuma, ideal para arroces, salsas, sopas, verduras, pescados y pollo al curry. Sabor intenso y aroma caracter\u00edstico.\" \/>\n<meta property=\"og:url\" content=\"https:\/\/labarraca1912.es\/pt\/tienda\/especias-y-condimentos\/curry\/\" \/>\n<meta property=\"og:site_name\" content=\"La Barraca\" \/>\n<meta property=\"article:modified_time\" content=\"2026-04-05T07:45:14+00:00\" \/>\n<meta property=\"og:image\" content=\"https:\/\/labarraca1912.es\/wp-content\/uploads\/currymini2024.jpg\" \/>\n\t<meta property=\"og:image:width\" content=\"800\" \/>\n\t<meta property=\"og:image:height\" content=\"800\" \/>\n\t<meta property=\"og:image:type\" content=\"image\/jpeg\" \/>\n<meta name=\"twitter:card\" content=\"summary_large_image\" \/>\n<meta name=\"twitter:label1\" content=\"Tempo estimado de leitura\" \/>\n\t<meta name=\"twitter:data1\" content=\"1 minuto\" \/>\n<script type=\"application\/ld+json\" class=\"yoast-schema-graph\">{\"@context\":\"https:\\\/\\\/schema.org\",\"@graph\":[{\"@type\":\"WebPage\",\"@id\":\"https:\\\/\\\/labarraca1912.es\\\/tienda\\\/especias-y-condimentos\\\/curry\\\/\",\"url\":\"https:\\\/\\\/labarraca1912.es\\\/tienda\\\/especias-y-condimentos\\\/curry\\\/\",\"name\":\"Comprar Curry en polvo | Mezcla de especias india\",\"isPartOf\":{\"@id\":\"https:\\\/\\\/labarraca1912.es\\\/#website\"},\"primaryImageOfPage\":{\"@id\":\"https:\\\/\\\/labarraca1912.es\\\/tienda\\\/especias-y-condimentos\\\/curry\\\/#primaryimage\"},\"image\":{\"@id\":\"https:\\\/\\\/labarraca1912.es\\\/tienda\\\/especias-y-condimentos\\\/curry\\\/#primaryimage\"},\"thumbnailUrl\":\"https:\\\/\\\/labarraca1912.es\\\/wp-content\\\/uploads\\\/currymini2024.jpg\",\"datePublished\":\"2021-01-18T10:07:21+00:00\",\"dateModified\":\"2026-04-05T07:45:14+00:00\",\"description\":\"Mezcla de especias india con c\u00farcuma, ideal para arroces, salsas, sopas, verduras, pescados y pollo al curry. Sabor intenso y aroma caracter\u00edstico.\",\"breadcrumb\":{\"@id\":\"https:\\\/\\\/labarraca1912.es\\\/tienda\\\/especias-y-condimentos\\\/curry\\\/#breadcrumb\"},\"inLanguage\":\"pt-PT\",\"potentialAction\":[{\"@type\":\"ReadAction\",\"target\":[\"https:\\\/\\\/labarraca1912.es\\\/tienda\\\/especias-y-condimentos\\\/curry\\\/\"]}]},{\"@type\":\"ImageObject\",\"inLanguage\":\"pt-PT\",\"@id\":\"https:\\\/\\\/labarraca1912.es\\\/tienda\\\/especias-y-condimentos\\\/curry\\\/#primaryimage\",\"url\":\"https:\\\/\\\/labarraca1912.es\\\/wp-content\\\/uploads\\\/currymini2024.jpg\",\"contentUrl\":\"https:\\\/\\\/labarraca1912.es\\\/wp-content\\\/uploads\\\/currymini2024.jpg\",\"width\":800,\"height\":800},{\"@type\":\"BreadcrumbList\",\"@id\":\"https:\\\/\\\/labarraca1912.es\\\/tienda\\\/especias-y-condimentos\\\/curry\\\/#breadcrumb\",\"itemListElement\":[{\"@type\":\"ListItem\",\"position\":1,\"name\":\"La Barraca\",\"item\":\"https:\\\/\\\/labarraca1912.es\\\/\"},{\"@type\":\"ListItem\",\"position\":2,\"name\":\"Tienda\",\"item\":\"https:\\\/\\\/labarraca1912.es\\\/tienda\\\/\"},{\"@type\":\"ListItem\",\"position\":3,\"name\":\"Curry\"}]},{\"@type\":\"WebSite\",\"@id\":\"https:\\\/\\\/labarraca1912.es\\\/#website\",\"url\":\"https:\\\/\\\/labarraca1912.es\\\/\",\"name\":\"La Barraca\",\"description\":\"La Casa del Sabor\",\"publisher\":{\"@id\":\"https:\\\/\\\/labarraca1912.es\\\/#organization\"},\"potentialAction\":[{\"@type\":\"SearchAction\",\"target\":{\"@type\":\"EntryPoint\",\"urlTemplate\":\"https:\\\/\\\/labarraca1912.es\\\/?s={search_term_string}\"},\"query-input\":{\"@type\":\"PropertyValueSpecification\",\"valueRequired\":true,\"valueName\":\"search_term_string\"}}],\"inLanguage\":\"pt-PT\"},{\"@type\":\"Organization\",\"@id\":\"https:\\\/\\\/labarraca1912.es\\\/#organization\",\"name\":\"La Barraca 1912 Alimentacion\",\"url\":\"https:\\\/\\\/labarraca1912.es\\\/\",\"logo\":{\"@type\":\"ImageObject\",\"inLanguage\":\"pt-PT\",\"@id\":\"https:\\\/\\\/labarraca1912.es\\\/#\\\/schema\\\/logo\\\/image\\\/\",\"url\":\"https:\\\/\\\/labarraca1912.es\\\/wp-content\\\/uploads\\\/2019\\\/06\\\/logo-labarraca.png\",\"contentUrl\":\"https:\\\/\\\/labarraca1912.es\\\/wp-content\\\/uploads\\\/2019\\\/06\\\/logo-labarraca.png\",\"width\":2917,\"height\":1809,\"caption\":\"La Barraca 1912 Alimentacion\"},\"image\":{\"@id\":\"https:\\\/\\\/labarraca1912.es\\\/#\\\/schema\\\/logo\\\/image\\\/\"}}]}<\/script>\n<!-- \/ Yoast SEO plugin. -->","yoast_head_json":{"title":"Comprar Curry en polvo | Mezcla de especias india","description":"Mezcla de especias india con c\u00farcuma, ideal para arroces, salsas, sopas, verduras, pescados y pollo al curry. Sabor intenso y aroma caracter\u00edstico.","robots":{"index":"index","follow":"follow","max-snippet":"max-snippet:-1","max-image-preview":"max-image-preview:large","max-video-preview":"max-video-preview:-1"},"canonical":"https:\/\/labarraca1912.es\/pt\/tienda\/especias-y-condimentos\/curry\/","og_locale":"pt_PT","og_type":"article","og_title":"Comprar Curry en polvo | Mezcla de especias india","og_description":"Mezcla de especias india con c\u00farcuma, ideal para arroces, salsas, sopas, verduras, pescados y pollo al curry. Sabor intenso y aroma caracter\u00edstico.","og_url":"https:\/\/labarraca1912.es\/pt\/tienda\/especias-y-condimentos\/curry\/","og_site_name":"La Barraca","article_modified_time":"2026-04-05T07:45:14+00:00","og_image":[{"width":800,"height":800,"url":"https:\/\/labarraca1912.es\/wp-content\/uploads\/currymini2024.jpg","type":"image\/jpeg"}],"twitter_card":"summary_large_image","twitter_misc":{"Tempo estimado de leitura":"1 minuto"},"schema":{"@context":"https:\/\/schema.org","@graph":[{"@type":"WebPage","@id":"https:\/\/labarraca1912.es\/tienda\/especias-y-condimentos\/curry\/","url":"https:\/\/labarraca1912.es\/tienda\/especias-y-condimentos\/curry\/","name":"Comprar Curry en polvo | Mezcla de especias india","isPartOf":{"@id":"https:\/\/labarraca1912.es\/#website"},"primaryImageOfPage":{"@id":"https:\/\/labarraca1912.es\/tienda\/especias-y-condimentos\/curry\/#primaryimage"},"image":{"@id":"https:\/\/labarraca1912.es\/tienda\/especias-y-condimentos\/curry\/#primaryimage"},"thumbnailUrl":"https:\/\/labarraca1912.es\/wp-content\/uploads\/currymini2024.jpg","datePublished":"2021-01-18T10:07:21+00:00","dateModified":"2026-04-05T07:45:14+00:00","description":"Mezcla de especias india con c\u00farcuma, ideal para arroces, salsas, sopas, verduras, pescados y pollo al curry. Sabor intenso y aroma caracter\u00edstico.","breadcrumb":{"@id":"https:\/\/labarraca1912.es\/tienda\/especias-y-condimentos\/curry\/#breadcrumb"},"inLanguage":"pt-PT","potentialAction":[{"@type":"ReadAction","target":["https:\/\/labarraca1912.es\/tienda\/especias-y-condimentos\/curry\/"]}]},{"@type":"ImageObject","inLanguage":"pt-PT","@id":"https:\/\/labarraca1912.es\/tienda\/especias-y-condimentos\/curry\/#primaryimage","url":"https:\/\/labarraca1912.es\/wp-content\/uploads\/currymini2024.jpg","contentUrl":"https:\/\/labarraca1912.es\/wp-content\/uploads\/currymini2024.jpg","width":800,"height":800},{"@type":"BreadcrumbList","@id":"https:\/\/labarraca1912.es\/tienda\/especias-y-condimentos\/curry\/#breadcrumb","itemListElement":[{"@type":"ListItem","position":1,"name":"La Barraca","item":"https:\/\/labarraca1912.es\/"},{"@type":"ListItem","position":2,"name":"Tienda","item":"https:\/\/labarraca1912.es\/tienda\/"},{"@type":"ListItem","position":3,"name":"Curry"}]},{"@type":"WebSite","@id":"https:\/\/labarraca1912.es\/#website","url":"https:\/\/labarraca1912.es\/","name":"La Barraca","description":"La Casa del Sabor","publisher":{"@id":"https:\/\/labarraca1912.es\/#organization"},"potentialAction":[{"@type":"SearchAction","target":{"@type":"EntryPoint","urlTemplate":"https:\/\/labarraca1912.es\/?s={search_term_string}"},"query-input":{"@type":"PropertyValueSpecification","valueRequired":true,"valueName":"search_term_string"}}],"inLanguage":"pt-PT"},{"@type":"Organization","@id":"https:\/\/labarraca1912.es\/#organization","name":"La Barraca 1912 Alimentacion","url":"https:\/\/labarraca1912.es\/","logo":{"@type":"ImageObject","inLanguage":"pt-PT","@id":"https:\/\/labarraca1912.es\/#\/schema\/logo\/image\/","url":"https:\/\/labarraca1912.es\/wp-content\/uploads\/2019\/06\/logo-labarraca.png","contentUrl":"https:\/\/labarraca1912.es\/wp-content\/uploads\/2019\/06\/logo-labarraca.png","width":2917,"height":1809,"caption":"La Barraca 1912 Alimentacion"},"image":{"@id":"https:\/\/labarraca1912.es\/#\/schema\/logo\/image\/"}}]}},"_links":{"self":[{"href":"https:\/\/labarraca1912.es\/pt\/wp-json\/wp\/v2\/product\/6365","targetHints":{"allow":["GET"]}}],"collection":[{"href":"https:\/\/labarraca1912.es\/pt\/wp-json\/wp\/v2\/product"}],"about":[{"href":"https:\/\/labarraca1912.es\/pt\/wp-json\/wp\/v2\/types\/product"}],"replies":[{"embeddable":true,"href":"https:\/\/labarraca1912.es\/pt\/wp-json\/wp\/v2\/comments?post=6365"}],"wp:featuredmedia":[{"embeddable":true,"href":"https:\/\/labarraca1912.es\/pt\/wp-json\/wp\/v2\/media\/10638"}],"wp:attachment":[{"href":"https:\/\/labarraca1912.es\/pt\/wp-json\/wp\/v2\/media?parent=6365"}],"wp:term":[{"taxonomy":"product_brand","embeddable":true,"href":"https:\/\/labarraca1912.es\/pt\/wp-json\/wp\/v2\/product_brand?post=6365"},{"taxonomy":"product_cat","embeddable":true,"href":"https:\/\/labarraca1912.es\/pt\/wp-json\/wp\/v2\/product_cat?post=6365"},{"taxonomy":"product_tag","embeddable":true,"href":"https:\/\/labarraca1912.es\/pt\/wp-json\/wp\/v2\/product_tag?post=6365"}],"curies":[{"name":"wp","href":"https:\/\/api.w.org\/{rel}","templated":true}]}}