{"id":6380,"date":"2021-01-18T11:47:53","date_gmt":"2021-01-18T10:47:53","guid":{"rendered":"https:\/\/labarraca1912.es\/?post_type=product&#038;p=6380"},"modified":"2026-03-16T10:38:07","modified_gmt":"2026-03-16T09:38:07","slug":"pimienta-negra-molida","status":"publish","type":"product","link":"https:\/\/labarraca1912.es\/pt\/tienda\/especias-y-condimentos\/pimienta-negra-molida\/","title":{"rendered":"Pimenta Preta Mo\u00edda"},"content":{"rendered":"<p>PIMENTA PRETA MO\u00cdDA: A Pimenta Preta \u00e9 produzida quando o gr\u00e3o de pimenta est\u00e1 meio maduro e \u00e9 uma das mais utilizadas na antiguidade. O sabor picante do pimento \u00e9 obtido a partir do composto piperina, que se encontra na casca e na semente doa pimenta.<\/p>\n<p><strong>Pimenta Preta Mo\u00edda: <\/strong>\u00c9 utilizado principalmente em guisados, bem como em carnes assadas ou grelhadas, sopas, marinadas, massas, pratos de arroz. \u00c9 uma das especiarias que pode ser utilizada em quase todos os alimentos.<\/p>","protected":false},"excerpt":{"rendered":"<blockquote>\n<h2><strong>Pimenta Preta Mo\u00edda<\/strong><\/h2>\n<\/blockquote>\n<p><img decoding=\"async\" class=\"alignnone wp-image-10937\" src=\"https:\/\/labarraca1912.es\/wp-content\/uploads\/glutenfree.jpg\" alt=\"\" width=\"203\" height=\"35\" \/><\/p>\n<p>A Pimenta Preta \u00e9 produzida quando o gr\u00e3o de pimenta est\u00e1 meio maduro e \u00e9 uma das mais utilizadas na antiguidade. O sabor picante do pimento \u00e9 obtido a partir do composto piperina, que se encontra na casca e na semente da pimenta. \u00c9 utilizado principalmente em guisados, bem como em carnes assadas ou grelhadas, sopas, marinadas, massas, pratos de arroz. \u00c9 uma das especiarias que pode ser utilizada em quase todos os alimentos.<\/p>\n<p><em><strong>Ingredientes:<\/strong><\/em> Pimenta preta mo\u00edda.<\/p>","protected":false},"featured_media":10642,"comment_status":"open","ping_status":"closed","template":"","meta":{"_et_pb_use_builder":"","_et_pb_old_content":"","_et_gb_content_width":""},"product_brand":[],"product_cat":[19],"product_tag":[39,75,68,118,50],"class_list":{"0":"post-6380","1":"product","2":"type-product","3":"status-publish","4":"has-post-thumbnail","6":"product_cat-especias-y-condimentos","7":"product_tag-arroz","8":"product_tag-pasta","9":"product_tag-pescado","10":"product_tag-picante","11":"product_tag-pimienta","13":"first","14":"instock","15":"taxable","16":"shipping-taxable","17":"purchasable","18":"product-type-variable"},"yoast_head":"<!-- This site is optimized with the Yoast SEO plugin v27.4 - https:\/\/yoast.com\/product\/yoast-seo-wordpress\/ -->\n<title>Comprar Pimienta Negra Molida | La Barraca<\/title>\n<meta name=\"description\" content=\"Comprar pimienta negra molida, especia vers\u00e1til y picante ideal para guisos, carnes, sopas, arroces y adobos. A\u00f1ade sabor intenso y aroma a tus platos.\" \/>\n<meta name=\"robots\" content=\"index, follow, max-snippet:-1, max-image-preview:large, max-video-preview:-1\" \/>\n<link rel=\"canonical\" href=\"https:\/\/labarraca1912.es\/pt\/tienda\/especias-y-condimentos\/pimienta-negra-molida\/\" \/>\n<meta property=\"og:locale\" content=\"pt_PT\" \/>\n<meta property=\"og:type\" content=\"article\" \/>\n<meta property=\"og:title\" content=\"Comprar Pimienta Negra Molida | La Barraca\" \/>\n<meta property=\"og:description\" content=\"Comprar pimienta negra molida, especia vers\u00e1til y picante ideal para guisos, carnes, sopas, arroces y adobos. A\u00f1ade sabor intenso y aroma a tus platos.\" \/>\n<meta property=\"og:url\" content=\"https:\/\/labarraca1912.es\/pt\/tienda\/especias-y-condimentos\/pimienta-negra-molida\/\" \/>\n<meta property=\"og:site_name\" content=\"La Barraca\" \/>\n<meta property=\"article:modified_time\" content=\"2026-03-16T09:38:07+00:00\" \/>\n<meta property=\"og:image\" content=\"https:\/\/labarraca1912.es\/wp-content\/uploads\/pimientanegramolidamini2024.jpg\" \/>\n\t<meta property=\"og:image:width\" content=\"800\" \/>\n\t<meta property=\"og:image:height\" content=\"800\" \/>\n\t<meta property=\"og:image:type\" content=\"image\/jpeg\" \/>\n<meta name=\"twitter:card\" content=\"summary_large_image\" \/>\n<meta name=\"twitter:label1\" content=\"Tempo estimado de leitura\" \/>\n\t<meta name=\"twitter:data1\" content=\"1 minuto\" \/>\n<script type=\"application\/ld+json\" class=\"yoast-schema-graph\">{\"@context\":\"https:\\\/\\\/schema.org\",\"@graph\":[{\"@type\":\"WebPage\",\"@id\":\"https:\\\/\\\/labarraca1912.es\\\/tienda\\\/especias-y-condimentos\\\/pimienta-negra-molida\\\/\",\"url\":\"https:\\\/\\\/labarraca1912.es\\\/tienda\\\/especias-y-condimentos\\\/pimienta-negra-molida\\\/\",\"name\":\"Comprar Pimienta Negra Molida | La Barraca\",\"isPartOf\":{\"@id\":\"https:\\\/\\\/labarraca1912.es\\\/#website\"},\"primaryImageOfPage\":{\"@id\":\"https:\\\/\\\/labarraca1912.es\\\/tienda\\\/especias-y-condimentos\\\/pimienta-negra-molida\\\/#primaryimage\"},\"image\":{\"@id\":\"https:\\\/\\\/labarraca1912.es\\\/tienda\\\/especias-y-condimentos\\\/pimienta-negra-molida\\\/#primaryimage\"},\"thumbnailUrl\":\"https:\\\/\\\/labarraca1912.es\\\/wp-content\\\/uploads\\\/pimientanegramolidamini2024.jpg\",\"datePublished\":\"2021-01-18T10:47:53+00:00\",\"dateModified\":\"2026-03-16T09:38:07+00:00\",\"description\":\"Comprar pimienta negra molida, especia vers\u00e1til y picante ideal para guisos, carnes, sopas, arroces y adobos. A\u00f1ade sabor intenso y aroma a tus platos.\",\"breadcrumb\":{\"@id\":\"https:\\\/\\\/labarraca1912.es\\\/tienda\\\/especias-y-condimentos\\\/pimienta-negra-molida\\\/#breadcrumb\"},\"inLanguage\":\"pt-PT\",\"potentialAction\":[{\"@type\":\"ReadAction\",\"target\":[\"https:\\\/\\\/labarraca1912.es\\\/tienda\\\/especias-y-condimentos\\\/pimienta-negra-molida\\\/\"]}]},{\"@type\":\"ImageObject\",\"inLanguage\":\"pt-PT\",\"@id\":\"https:\\\/\\\/labarraca1912.es\\\/tienda\\\/especias-y-condimentos\\\/pimienta-negra-molida\\\/#primaryimage\",\"url\":\"https:\\\/\\\/labarraca1912.es\\\/wp-content\\\/uploads\\\/pimientanegramolidamini2024.jpg\",\"contentUrl\":\"https:\\\/\\\/labarraca1912.es\\\/wp-content\\\/uploads\\\/pimientanegramolidamini2024.jpg\",\"width\":800,\"height\":800},{\"@type\":\"BreadcrumbList\",\"@id\":\"https:\\\/\\\/labarraca1912.es\\\/tienda\\\/especias-y-condimentos\\\/pimienta-negra-molida\\\/#breadcrumb\",\"itemListElement\":[{\"@type\":\"ListItem\",\"position\":1,\"name\":\"La Barraca\",\"item\":\"https:\\\/\\\/labarraca1912.es\\\/\"},{\"@type\":\"ListItem\",\"position\":2,\"name\":\"Tienda\",\"item\":\"https:\\\/\\\/labarraca1912.es\\\/tienda\\\/\"},{\"@type\":\"ListItem\",\"position\":3,\"name\":\"Pimienta Negra Molida\"}]},{\"@type\":\"WebSite\",\"@id\":\"https:\\\/\\\/labarraca1912.es\\\/#website\",\"url\":\"https:\\\/\\\/labarraca1912.es\\\/\",\"name\":\"La Barraca\",\"description\":\"La Casa del Sabor\",\"publisher\":{\"@id\":\"https:\\\/\\\/labarraca1912.es\\\/#organization\"},\"potentialAction\":[{\"@type\":\"SearchAction\",\"target\":{\"@type\":\"EntryPoint\",\"urlTemplate\":\"https:\\\/\\\/labarraca1912.es\\\/?s={search_term_string}\"},\"query-input\":{\"@type\":\"PropertyValueSpecification\",\"valueRequired\":true,\"valueName\":\"search_term_string\"}}],\"inLanguage\":\"pt-PT\"},{\"@type\":\"Organization\",\"@id\":\"https:\\\/\\\/labarraca1912.es\\\/#organization\",\"name\":\"La Barraca 1912 Alimentacion\",\"url\":\"https:\\\/\\\/labarraca1912.es\\\/\",\"logo\":{\"@type\":\"ImageObject\",\"inLanguage\":\"pt-PT\",\"@id\":\"https:\\\/\\\/labarraca1912.es\\\/#\\\/schema\\\/logo\\\/image\\\/\",\"url\":\"https:\\\/\\\/labarraca1912.es\\\/wp-content\\\/uploads\\\/2019\\\/06\\\/logo-labarraca.png\",\"contentUrl\":\"https:\\\/\\\/labarraca1912.es\\\/wp-content\\\/uploads\\\/2019\\\/06\\\/logo-labarraca.png\",\"width\":2917,\"height\":1809,\"caption\":\"La Barraca 1912 Alimentacion\"},\"image\":{\"@id\":\"https:\\\/\\\/labarraca1912.es\\\/#\\\/schema\\\/logo\\\/image\\\/\"}}]}<\/script>\n<!-- \/ Yoast SEO plugin. -->","yoast_head_json":{"title":"Comprar Pimienta Negra Molida | La Barraca","description":"Comprar pimienta negra molida, especia vers\u00e1til y picante ideal para guisos, carnes, sopas, arroces y adobos. A\u00f1ade sabor intenso y aroma a tus platos.","robots":{"index":"index","follow":"follow","max-snippet":"max-snippet:-1","max-image-preview":"max-image-preview:large","max-video-preview":"max-video-preview:-1"},"canonical":"https:\/\/labarraca1912.es\/pt\/tienda\/especias-y-condimentos\/pimienta-negra-molida\/","og_locale":"pt_PT","og_type":"article","og_title":"Comprar Pimienta Negra Molida | La Barraca","og_description":"Comprar pimienta negra molida, especia vers\u00e1til y picante ideal para guisos, carnes, sopas, arroces y adobos. A\u00f1ade sabor intenso y aroma a tus platos.","og_url":"https:\/\/labarraca1912.es\/pt\/tienda\/especias-y-condimentos\/pimienta-negra-molida\/","og_site_name":"La Barraca","article_modified_time":"2026-03-16T09:38:07+00:00","og_image":[{"width":800,"height":800,"url":"https:\/\/labarraca1912.es\/wp-content\/uploads\/pimientanegramolidamini2024.jpg","type":"image\/jpeg"}],"twitter_card":"summary_large_image","twitter_misc":{"Tempo estimado de leitura":"1 minuto"},"schema":{"@context":"https:\/\/schema.org","@graph":[{"@type":"WebPage","@id":"https:\/\/labarraca1912.es\/tienda\/especias-y-condimentos\/pimienta-negra-molida\/","url":"https:\/\/labarraca1912.es\/tienda\/especias-y-condimentos\/pimienta-negra-molida\/","name":"Comprar Pimienta Negra Molida | La Barraca","isPartOf":{"@id":"https:\/\/labarraca1912.es\/#website"},"primaryImageOfPage":{"@id":"https:\/\/labarraca1912.es\/tienda\/especias-y-condimentos\/pimienta-negra-molida\/#primaryimage"},"image":{"@id":"https:\/\/labarraca1912.es\/tienda\/especias-y-condimentos\/pimienta-negra-molida\/#primaryimage"},"thumbnailUrl":"https:\/\/labarraca1912.es\/wp-content\/uploads\/pimientanegramolidamini2024.jpg","datePublished":"2021-01-18T10:47:53+00:00","dateModified":"2026-03-16T09:38:07+00:00","description":"Comprar pimienta negra molida, especia vers\u00e1til y picante ideal para guisos, carnes, sopas, arroces y adobos. A\u00f1ade sabor intenso y aroma a tus platos.","breadcrumb":{"@id":"https:\/\/labarraca1912.es\/tienda\/especias-y-condimentos\/pimienta-negra-molida\/#breadcrumb"},"inLanguage":"pt-PT","potentialAction":[{"@type":"ReadAction","target":["https:\/\/labarraca1912.es\/tienda\/especias-y-condimentos\/pimienta-negra-molida\/"]}]},{"@type":"ImageObject","inLanguage":"pt-PT","@id":"https:\/\/labarraca1912.es\/tienda\/especias-y-condimentos\/pimienta-negra-molida\/#primaryimage","url":"https:\/\/labarraca1912.es\/wp-content\/uploads\/pimientanegramolidamini2024.jpg","contentUrl":"https:\/\/labarraca1912.es\/wp-content\/uploads\/pimientanegramolidamini2024.jpg","width":800,"height":800},{"@type":"BreadcrumbList","@id":"https:\/\/labarraca1912.es\/tienda\/especias-y-condimentos\/pimienta-negra-molida\/#breadcrumb","itemListElement":[{"@type":"ListItem","position":1,"name":"La Barraca","item":"https:\/\/labarraca1912.es\/"},{"@type":"ListItem","position":2,"name":"Tienda","item":"https:\/\/labarraca1912.es\/tienda\/"},{"@type":"ListItem","position":3,"name":"Pimienta Negra Molida"}]},{"@type":"WebSite","@id":"https:\/\/labarraca1912.es\/#website","url":"https:\/\/labarraca1912.es\/","name":"La Barraca","description":"La Casa del Sabor","publisher":{"@id":"https:\/\/labarraca1912.es\/#organization"},"potentialAction":[{"@type":"SearchAction","target":{"@type":"EntryPoint","urlTemplate":"https:\/\/labarraca1912.es\/?s={search_term_string}"},"query-input":{"@type":"PropertyValueSpecification","valueRequired":true,"valueName":"search_term_string"}}],"inLanguage":"pt-PT"},{"@type":"Organization","@id":"https:\/\/labarraca1912.es\/#organization","name":"La Barraca 1912 Alimentacion","url":"https:\/\/labarraca1912.es\/","logo":{"@type":"ImageObject","inLanguage":"pt-PT","@id":"https:\/\/labarraca1912.es\/#\/schema\/logo\/image\/","url":"https:\/\/labarraca1912.es\/wp-content\/uploads\/2019\/06\/logo-labarraca.png","contentUrl":"https:\/\/labarraca1912.es\/wp-content\/uploads\/2019\/06\/logo-labarraca.png","width":2917,"height":1809,"caption":"La Barraca 1912 Alimentacion"},"image":{"@id":"https:\/\/labarraca1912.es\/#\/schema\/logo\/image\/"}}]}},"_links":{"self":[{"href":"https:\/\/labarraca1912.es\/pt\/wp-json\/wp\/v2\/product\/6380","targetHints":{"allow":["GET"]}}],"collection":[{"href":"https:\/\/labarraca1912.es\/pt\/wp-json\/wp\/v2\/product"}],"about":[{"href":"https:\/\/labarraca1912.es\/pt\/wp-json\/wp\/v2\/types\/product"}],"replies":[{"embeddable":true,"href":"https:\/\/labarraca1912.es\/pt\/wp-json\/wp\/v2\/comments?post=6380"}],"wp:featuredmedia":[{"embeddable":true,"href":"https:\/\/labarraca1912.es\/pt\/wp-json\/wp\/v2\/media\/10642"}],"wp:attachment":[{"href":"https:\/\/labarraca1912.es\/pt\/wp-json\/wp\/v2\/media?parent=6380"}],"wp:term":[{"taxonomy":"product_brand","embeddable":true,"href":"https:\/\/labarraca1912.es\/pt\/wp-json\/wp\/v2\/product_brand?post=6380"},{"taxonomy":"product_cat","embeddable":true,"href":"https:\/\/labarraca1912.es\/pt\/wp-json\/wp\/v2\/product_cat?post=6380"},{"taxonomy":"product_tag","embeddable":true,"href":"https:\/\/labarraca1912.es\/pt\/wp-json\/wp\/v2\/product_tag?post=6380"}],"curies":[{"name":"wp","href":"https:\/\/api.w.org\/{rel}","templated":true}]}}