{"id":7388,"date":"2021-11-19T11:56:57","date_gmt":"2021-11-19T10:56:57","guid":{"rendered":"https:\/\/labarraca1912.es\/?post_type=product&#038;p=7388"},"modified":"2023-01-17T12:47:04","modified_gmt":"2023-01-17T11:47:04","slug":"pack-regalo-2","status":"publish","type":"product","link":"https:\/\/labarraca1912.es\/pt\/tienda\/productos-complementarios\/pack-regalo-2\/","title":{"rendered":"Pack Presente"},"content":{"rendered":"<p>PACK REGALO: La Barraca Alimentaci\u00f3n pone a tu disposici\u00f3n este pack regalo con un variado de especias, sazonadores, azafr\u00e1n, infusiones, molinillos, miel y dem\u00e1s productos. Una mezcla de sabores, aromas y olores que no pueden faltar en una cocina. Pack formado por los siguientes productos:<\/p>\n<p><strong>1 PiramiT\u00e9 Ch\u00e1 Verde Mouro:<\/strong> O Ch\u00e1 Verde Mourisco \u00e9 a infus\u00e3o mais popular nos pa\u00edses \u00e1rabes. Este ch\u00e1 combinado com folhas de hortel\u00e3 faz desta infus\u00e3o uma das mais consumidas.<\/p>\n<p><strong>1 PiramiT\u00e9 T\u00e9 Rojo con Frutas:<\/strong> Elaborado com uma mistura de diferentes ch\u00e1s com frutas como morango, kiwi ou anan\u00e1s, que combinados fazem com que esta infus\u00e3o tenha um sabor e aroma especiais.<\/p>\n<p><strong>1 PiramiT\u00e9 Frutos do Bosque:<\/strong> Os Frutos do Bosque s\u00e3o uma mistura de frutas e bagas arom\u00e1ticas, combinadas para obter esta infus\u00e3o equilibrada.<\/p>\n<p><strong>1 PiramiT\u00e9 Negro Pakistan\u00ed:<\/strong> O Ch\u00e1 Preto Paquistan\u00eas \u00e9 uma deliciosa mistura com diversas especiarias como a canela ou o cravinho, que o transporta para o Paquist\u00e3o.<\/p>\n<p><strong>1 Caja 10 Infusiones Manzanilla:<\/strong> O seu uso \u00e9 conhecido desde a Gr\u00e9cia antiga. \u00c9 colhida na primavera em dias serenos e ensolarados para aproveitar ao m\u00e1ximo a abertura da sua flor. A La Barraca oferece hoje o seu Manzanilla para que possa desfrutar da sua infus\u00e3o.<\/p>\n<p><strong>1 Caja 10 Infusiones Menta Poleo:<\/strong> Hortel\u00e3-Pimenta e Menta-Poejos \u00e9 uma erva origin\u00e1ria da \u00c1sia e da Europa, utilizada na antiguidade pelos chineses e eg\u00edpcios que elogiavam as suas in\u00fameras virtudes. La Barraca oferece hoje o seu Poejo Mint para que possa desfrutar da sua infus\u00e3o.<\/p>\n<p><strong>1 Caja 10 Infusiones T\u00e9 Chai con Especias:<\/strong> Esta combina\u00e7\u00e3o \u00e9 criada a partir do ch\u00e1 preto e combinada com outras especiarias como a canela, o gengibre, a pimenta ou o cravinho.<\/p>\n<p><strong>1 Caja 10 Infusiones Jengibre con Miel:<\/strong> Esta combina\u00e7\u00e3o \u00e9 criada a partir do Gengibre, com um toque de aroma e sabor a mel.<\/p>\n<p><strong>1 Caja 10 Infusiones T\u00e9 Verde, Jengibre y Lim\u00f3n:<\/strong> Esta combina\u00e7\u00e3o de ch\u00e1 verde, gengibre e lim\u00e3o faz com que esta infus\u00e3o ajude a melhorar a digest\u00e3o.<\/p>\n<p><strong>1 Caja 10 Infusiones T\u00e9 Rojo:<\/strong> \u00c9 um ch\u00e1 envelhecido com um longo processo de fermenta\u00e7\u00e3o. \u00c9 utilizado para estimular o metabolismo, ajudar a perder peso ou auxiliar na digest\u00e3o.<\/p>\n<p><strong>2 Cajas de 4 Carteritas de Azafr\u00e1n (1 en Hebra y 1 en Molido):<\/strong> O a\u00e7afr\u00e3o \u00e9 uma das especiarias mais apreciadas e utilizadas desde a antiguidade, tanto pelo seu sabor como pelo seu aroma. Vindo do Oriente, o seu cultivo e colheita requerem cuidados cuidadosos. As partes da planta utilizadas para fazer o a\u00e7afr\u00e3o s\u00e3o os estigmas da flor, que s\u00e3o secos e torrados. Quanto \u00e0 sua utiliza\u00e7\u00e3o gastron\u00f3mica, destina-se especialmente a arroz, paellas, arroz a banda, risotos, massas, sopas, peixe, marisco, molhos aos quais o a\u00e7afr\u00e3o dar\u00e1 aroma, sabor e cor dourada.<\/p>\n<p><strong>1 Caixa 3 saquetas Tempero Paella com A\u00e7afr\u00e3o:<\/strong> O Tempero para Paella com A\u00e7afr\u00e3o \u00e9 um produto magn\u00edfico para conferir o sabor ideal a uma paella, gra\u00e7as \u00e0 combina\u00e7\u00e3o de diferentes tipos de especiarias, ervas e temperos, que aliados ao sabor e aroma do a\u00e7afr\u00e3o, tornam este tempero essencial na confe\u00e7\u00e3o de uma paella .<\/p>\n<p><strong>1 Caixa 3 saquetas Tempero Paella de Mariscos com A\u00e7afr\u00e3o:<\/strong> O Tempero de Paella de Mariscos com A\u00e7afr\u00e3o ou tamb\u00e9m conhecido por\u00a0<em>paellero<\/em>\u00a0es un magn\u00edfico producto para darle el sabor ideal a una paella de pescado o marisco, aunque tambi\u00e9n puede ser utilizado en guisos de pescado.<\/p>\n<p><strong>1 Lata 75g Piment\u00f3n Dulce:<\/strong> \u00c9 um tempero em p\u00f3 de cor vermelha e sabor caracter\u00edstico obtido pela secagem e moagem de certas variedades de pimento vermelho. D\u00e1 um toque muito especial aos pratos a que se junta, como o arroz, as paellas, as batatas, a marinada de chouri\u00e7o ou o polvo \u00e0 galega.<\/p>\n<p><strong>1 Lata 75g Piment\u00f3n Picante:<\/strong> \u00c9 um tempero em p\u00f3 de cor vermelha e sabor caracter\u00edstico obtido pela secagem e moagem de certas variedades de pimento vermelho picante. D\u00e1 um toque muito especial aos pratos a que se junta, como o arroz, as paellas, as batatas, a marinada de chouri\u00e7o ou o polvo \u00e0 galega.<\/p>\n<p><strong>1 Molinillo XL Pimienta Negra:<\/strong> La Pimienta Negra se produce cuando el grano de la pimienta est\u00e1 en la mitad de su maduraci\u00f3n, y es una de las m\u00e1s usadas en la antig\u00fcedad. Es utilizada principalmente en guisos, as\u00ed como en carnes asadas o a la parrilla, sopas, adobos, pastas, arroces. Es una de las especias que se puede utilizar para casi cualquier comida.<\/p>\n<p><strong>1 Molinillo XL Sal Rosa del Himalaya:<\/strong> Sal mineral rosa, formado por cristais e geralmente extra\u00eddo das montanhas do Paquist\u00e3o. \u00c9 um sal rico em m\u00faltiplos minerais.\u00c9 utilizado em qualquer prato que se pretenda dar um toque salgado.<\/p>\n<p><strong>1 Molinillo XL Sal con Piment\u00f3n Dulce Hojilla Ahumado:<\/strong> \u00c9 uma mistura que combina sal marinho com piment\u00e3o doce ou \u00f1ora doce picado, seco em secadores a lenha, pelo que tem um sabor fumado. Esta mistura de sal marinho com piment\u00e3o doce fumado \u00e9 utilizada em todo o tipo de carnes e peixes, conferindo um sabor salgado e fumado aos seus pratos.<\/p>\n<p><strong>1 Molinillo Parrillada de Carnes:<\/strong> Mistura natural de sal marinho com especiarias e ervas para conseguir o sabor caracter\u00edstico da carne grelhada. \u00c9 utilizado em qualquer prato de carne grelhada ou grelhada, proporcionando um sabor e aroma poderosos quando mo\u00eddo na hora.<\/p>\n<p><strong>1 Molinillo Sabor Marinero:<\/strong> Mistura de especiarias e ervas que, juntamente com o sal marinho, oferecem um sabor especial ao serem mo\u00eddas em qualquer tipo de peixe. \u00c9 utilizado em qualquer prato de peixe grelhado ou grelhado, embora tamb\u00e9m possa ser utilizado em guisados \u200b\u200be peixe assado.<\/p>\n<p><strong>1 Bote Mini Cebolla Frita:<\/strong> Cebollas frescas, peladas, lavadas, cortadas en l\u00e1minas, rebozadas y fritas. Se emplea en ensaladas, tortillas, sofritos, cremas, pur\u00e9s\u2026 Tambi\u00e9n es usada como aderezo en la preparaci\u00f3n de s\u00e1ndwiches, hamburguesas y perritos.<\/p>\n<p><strong>1 Dosificador Miel 500g:<\/strong> La miel es un producto natural libado por las abejas a partir del n\u00e9ctar de las flores. Su sabor es dulce y a su vez floral o afrutado, color dorado intenso y olor floral. La miel tiene m\u00faltiples usos culinarios, los m\u00e1s comunes son para endulzar en infusiones, mouse, yogurt, queso fresco.<\/p>\n<p><strong>1 Botella 100ml Aroma de Vainilla:<\/strong> A baunilha \u00e9 um aroma sofisticado que confere um aroma muito especial aos pratos, guisados \u200b\u200be doces em que est\u00e1 incorporada. \u00c9 utilizado para dar sabor a refrigerantes, gelados e bolos.<\/p>","protected":false},"excerpt":{"rendered":"<h2><\/h2>\n<blockquote>\n<h2><strong>Pack Presente<\/strong><\/h2>\n<\/blockquote>\n<p>La Barraca Alimentaci\u00f3n pone a tu disposici\u00f3n este pack regalo con un variado de especias, sazonadores, azafr\u00e1n, infusiones y dem\u00e1s productos. Una mezcla de sabores, aromas y olores que no pueden faltar en una cocina. Pack formado por los siguientes productos:<\/p>\n<p><strong>1 PiramiT\u00e9 T\u00e9 Verde Moruno<\/strong><\/p>\n<p><strong>1 PiramiT\u00e9 T\u00e9 Rojo con Frutas<\/strong><\/p>\n<p><strong>1 PiramiT\u00e9 Frutas del Bosque<\/strong><\/p>\n<p><strong>1 PiramiT\u00e9 Negro Pakistan\u00ed<\/strong><\/p>\n<p><strong>1 Caja 10 Infusiones Manzanilla<\/strong><\/p>\n<p><strong>1 Caja 10 Infusiones Menta Poleo<\/strong><\/p>\n<p><strong>1 Caja 10 Infusiones T\u00e9 Chai con Especias<\/strong><\/p>\n<p><strong>1 Caja 10 Infusiones Jengibre con Miel<\/strong><\/p>\n<p><strong>1 Caja 10 Infusiones T\u00e9 Verde, Jengibre y Lim\u00f3n<\/strong><\/p>\n<p><strong>1 Caja 10 Infusiones T\u00e9 Rojo<\/strong><\/p>\n<p><strong>2 Cajas de 4 Carteritas de Azafr\u00e1n (1 en Hebra y 1 en Molido)<\/strong><\/p>\n<p><strong>1 Estuche 3 sobres Sazonador Paella con Azafr\u00e1n<\/strong><\/p>\n<p><strong>1 Estuche 3 sobres Sazonador Paella Marinera con Azafr\u00e1n<\/strong><\/p>\n<p><strong>1 Lata 75g Piment\u00f3n Dulce<\/strong><\/p>\n<p><strong>1 Lata 75g Piment\u00f3n Picante<\/strong><\/p>\n<p><strong>1 Molinillo XL Pimienta Negra<\/strong><\/p>\n<p><strong>1 Molinillo XL Sal Rosa del Himalaya<\/strong><\/p>\n<p><strong>1 Molinillo XL Sal con Piment\u00f3n Dulce Hojilla Ahumado<\/strong><\/p>\n<p><strong>1 Molinillo Parrillada de Carnes<\/strong><\/p>\n<p><strong>1 Molinillo Sabor Marinero<\/strong><\/p>\n<p><strong>1 Bote Mini Cebolla Frita<\/strong><\/p>\n<p><strong>1 Dosificador Miel 500g<\/strong><\/p>\n<p><strong>1 Frasco 100ml Aroma Baunilha<\/strong><\/p>","protected":false},"featured_media":7389,"comment_status":"open","ping_status":"closed","template":"","meta":{"_et_pb_use_builder":"","_et_pb_old_content":"","_et_gb_content_width":""},"product_brand":[],"product_cat":[215,15],"product_tag":[39,35,58,110,158,45,214,36,40,50,53,176],"class_list":{"0":"post-7388","1":"product","2":"type-product","3":"status-publish","4":"has-post-thumbnail","6":"product_cat-packs-regalo","7":"product_cat-productos-complementarios","8":"product_tag-arroz","9":"product_tag-azafran","10":"product_tag-canela","11":"product_tag-cassia","12":"product_tag-himalaya","13":"product_tag-infusion","14":"product_tag-miel","15":"product_tag-paella","16":"product_tag-pimenton","17":"product_tag-pimienta","18":"product_tag-te","19":"product_tag-vainilla","21":"first","22":"outofstock","23":"taxable","24":"shipping-taxable","25":"purchasable","26":"product-type-simple"},"yoast_head":"<!-- This site is optimized with the Yoast SEO plugin v27.5 - https:\/\/yoast.com\/product\/yoast-seo-wordpress\/ -->\n<title>Pack Regalo - La Barraca<\/title>\n<meta name=\"description\" content=\"Utilizada para salar alimentos, este tipo de sal se suele aplicar normalmente a la carne o el pescado una vez estos ya est\u00e1n listos.\" \/>\n<meta name=\"robots\" content=\"index, follow, max-snippet:-1, max-image-preview:large, max-video-preview:-1\" \/>\n<link rel=\"canonical\" href=\"https:\/\/labarraca1912.es\/pt\/tienda\/productos-complementarios\/pack-regalo-2\/\" \/>\n<meta property=\"og:locale\" content=\"pt_PT\" \/>\n<meta property=\"og:type\" content=\"article\" \/>\n<meta property=\"og:title\" content=\"Pack Regalo - La Barraca\" \/>\n<meta property=\"og:description\" content=\"Utilizada para salar alimentos, este tipo de sal se suele aplicar normalmente a la carne o el pescado una vez estos ya est\u00e1n listos.\" \/>\n<meta property=\"og:url\" content=\"https:\/\/labarraca1912.es\/pt\/tienda\/productos-complementarios\/pack-regalo-2\/\" \/>\n<meta property=\"og:site_name\" content=\"La Barraca\" \/>\n<meta property=\"article:modified_time\" content=\"2023-01-17T11:47:04+00:00\" \/>\n<meta property=\"og:image\" content=\"https:\/\/labarraca1912.es\/wp-content\/uploads\/2021\/11\/Pack-Regalo-copia-scaled.jpg\" \/>\n\t<meta property=\"og:image:width\" content=\"2560\" \/>\n\t<meta property=\"og:image:height\" content=\"1810\" \/>\n\t<meta property=\"og:image:type\" content=\"image\/jpeg\" \/>\n<meta name=\"twitter:card\" content=\"summary_large_image\" \/>\n<meta name=\"twitter:label1\" content=\"Tempo estimado de leitura\" \/>\n\t<meta name=\"twitter:data1\" content=\"6 minutos\" \/>\n<script type=\"application\/ld+json\" class=\"yoast-schema-graph\">{\"@context\":\"https:\\\/\\\/schema.org\",\"@graph\":[{\"@type\":\"WebPage\",\"@id\":\"https:\\\/\\\/labarraca1912.es\\\/tienda\\\/productos-complementarios\\\/pack-regalo-2\\\/\",\"url\":\"https:\\\/\\\/labarraca1912.es\\\/tienda\\\/productos-complementarios\\\/pack-regalo-2\\\/\",\"name\":\"Pack Regalo - La Barraca\",\"isPartOf\":{\"@id\":\"https:\\\/\\\/labarraca1912.es\\\/#website\"},\"primaryImageOfPage\":{\"@id\":\"https:\\\/\\\/labarraca1912.es\\\/tienda\\\/productos-complementarios\\\/pack-regalo-2\\\/#primaryimage\"},\"image\":{\"@id\":\"https:\\\/\\\/labarraca1912.es\\\/tienda\\\/productos-complementarios\\\/pack-regalo-2\\\/#primaryimage\"},\"thumbnailUrl\":\"https:\\\/\\\/labarraca1912.es\\\/wp-content\\\/uploads\\\/2021\\\/11\\\/Pack-Regalo-copia-scaled.jpg\",\"datePublished\":\"2021-11-19T10:56:57+00:00\",\"dateModified\":\"2023-01-17T11:47:04+00:00\",\"description\":\"Utilizada para salar alimentos, este tipo de sal se suele aplicar normalmente a la carne o el pescado una vez estos ya est\u00e1n listos.\",\"breadcrumb\":{\"@id\":\"https:\\\/\\\/labarraca1912.es\\\/tienda\\\/productos-complementarios\\\/pack-regalo-2\\\/#breadcrumb\"},\"inLanguage\":\"pt-PT\",\"potentialAction\":[{\"@type\":\"ReadAction\",\"target\":[\"https:\\\/\\\/labarraca1912.es\\\/tienda\\\/productos-complementarios\\\/pack-regalo-2\\\/\"]}]},{\"@type\":\"ImageObject\",\"inLanguage\":\"pt-PT\",\"@id\":\"https:\\\/\\\/labarraca1912.es\\\/tienda\\\/productos-complementarios\\\/pack-regalo-2\\\/#primaryimage\",\"url\":\"https:\\\/\\\/labarraca1912.es\\\/wp-content\\\/uploads\\\/2021\\\/11\\\/Pack-Regalo-copia-scaled.jpg\",\"contentUrl\":\"https:\\\/\\\/labarraca1912.es\\\/wp-content\\\/uploads\\\/2021\\\/11\\\/Pack-Regalo-copia-scaled.jpg\",\"width\":2560,\"height\":1810},{\"@type\":\"BreadcrumbList\",\"@id\":\"https:\\\/\\\/labarraca1912.es\\\/tienda\\\/productos-complementarios\\\/pack-regalo-2\\\/#breadcrumb\",\"itemListElement\":[{\"@type\":\"ListItem\",\"position\":1,\"name\":\"La Barraca\",\"item\":\"https:\\\/\\\/labarraca1912.es\\\/\"},{\"@type\":\"ListItem\",\"position\":2,\"name\":\"Tienda\",\"item\":\"https:\\\/\\\/labarraca1912.es\\\/tienda\\\/\"},{\"@type\":\"ListItem\",\"position\":3,\"name\":\"Pack Regalo\"}]},{\"@type\":\"WebSite\",\"@id\":\"https:\\\/\\\/labarraca1912.es\\\/#website\",\"url\":\"https:\\\/\\\/labarraca1912.es\\\/\",\"name\":\"La Barraca\",\"description\":\"La Casa del Sabor\",\"publisher\":{\"@id\":\"https:\\\/\\\/labarraca1912.es\\\/#organization\"},\"potentialAction\":[{\"@type\":\"SearchAction\",\"target\":{\"@type\":\"EntryPoint\",\"urlTemplate\":\"https:\\\/\\\/labarraca1912.es\\\/?s={search_term_string}\"},\"query-input\":{\"@type\":\"PropertyValueSpecification\",\"valueRequired\":true,\"valueName\":\"search_term_string\"}}],\"inLanguage\":\"pt-PT\"},{\"@type\":\"Organization\",\"@id\":\"https:\\\/\\\/labarraca1912.es\\\/#organization\",\"name\":\"La Barraca 1912 Alimentacion\",\"url\":\"https:\\\/\\\/labarraca1912.es\\\/\",\"logo\":{\"@type\":\"ImageObject\",\"inLanguage\":\"pt-PT\",\"@id\":\"https:\\\/\\\/labarraca1912.es\\\/#\\\/schema\\\/logo\\\/image\\\/\",\"url\":\"https:\\\/\\\/labarraca1912.es\\\/wp-content\\\/uploads\\\/2019\\\/06\\\/logo-labarraca.png\",\"contentUrl\":\"https:\\\/\\\/labarraca1912.es\\\/wp-content\\\/uploads\\\/2019\\\/06\\\/logo-labarraca.png\",\"width\":2917,\"height\":1809,\"caption\":\"La Barraca 1912 Alimentacion\"},\"image\":{\"@id\":\"https:\\\/\\\/labarraca1912.es\\\/#\\\/schema\\\/logo\\\/image\\\/\"}}]}<\/script>\n<!-- \/ Yoast SEO plugin. -->","yoast_head_json":{"title":"Pack Regalo - La Barraca","description":"Utilizada para salar alimentos, este tipo de sal se suele aplicar normalmente a la carne o el pescado una vez estos ya est\u00e1n listos.","robots":{"index":"index","follow":"follow","max-snippet":"max-snippet:-1","max-image-preview":"max-image-preview:large","max-video-preview":"max-video-preview:-1"},"canonical":"https:\/\/labarraca1912.es\/pt\/tienda\/productos-complementarios\/pack-regalo-2\/","og_locale":"pt_PT","og_type":"article","og_title":"Pack Regalo - La Barraca","og_description":"Utilizada para salar alimentos, este tipo de sal se suele aplicar normalmente a la carne o el pescado una vez estos ya est\u00e1n listos.","og_url":"https:\/\/labarraca1912.es\/pt\/tienda\/productos-complementarios\/pack-regalo-2\/","og_site_name":"La Barraca","article_modified_time":"2023-01-17T11:47:04+00:00","og_image":[{"width":2560,"height":1810,"url":"https:\/\/labarraca1912.es\/wp-content\/uploads\/2021\/11\/Pack-Regalo-copia-scaled.jpg","type":"image\/jpeg"}],"twitter_card":"summary_large_image","twitter_misc":{"Tempo estimado de leitura":"6 minutos"},"schema":{"@context":"https:\/\/schema.org","@graph":[{"@type":"WebPage","@id":"https:\/\/labarraca1912.es\/tienda\/productos-complementarios\/pack-regalo-2\/","url":"https:\/\/labarraca1912.es\/tienda\/productos-complementarios\/pack-regalo-2\/","name":"Pack Regalo - La Barraca","isPartOf":{"@id":"https:\/\/labarraca1912.es\/#website"},"primaryImageOfPage":{"@id":"https:\/\/labarraca1912.es\/tienda\/productos-complementarios\/pack-regalo-2\/#primaryimage"},"image":{"@id":"https:\/\/labarraca1912.es\/tienda\/productos-complementarios\/pack-regalo-2\/#primaryimage"},"thumbnailUrl":"https:\/\/labarraca1912.es\/wp-content\/uploads\/2021\/11\/Pack-Regalo-copia-scaled.jpg","datePublished":"2021-11-19T10:56:57+00:00","dateModified":"2023-01-17T11:47:04+00:00","description":"Utilizada para salar alimentos, este tipo de sal se suele aplicar normalmente a la carne o el pescado una vez estos ya est\u00e1n listos.","breadcrumb":{"@id":"https:\/\/labarraca1912.es\/tienda\/productos-complementarios\/pack-regalo-2\/#breadcrumb"},"inLanguage":"pt-PT","potentialAction":[{"@type":"ReadAction","target":["https:\/\/labarraca1912.es\/tienda\/productos-complementarios\/pack-regalo-2\/"]}]},{"@type":"ImageObject","inLanguage":"pt-PT","@id":"https:\/\/labarraca1912.es\/tienda\/productos-complementarios\/pack-regalo-2\/#primaryimage","url":"https:\/\/labarraca1912.es\/wp-content\/uploads\/2021\/11\/Pack-Regalo-copia-scaled.jpg","contentUrl":"https:\/\/labarraca1912.es\/wp-content\/uploads\/2021\/11\/Pack-Regalo-copia-scaled.jpg","width":2560,"height":1810},{"@type":"BreadcrumbList","@id":"https:\/\/labarraca1912.es\/tienda\/productos-complementarios\/pack-regalo-2\/#breadcrumb","itemListElement":[{"@type":"ListItem","position":1,"name":"La Barraca","item":"https:\/\/labarraca1912.es\/"},{"@type":"ListItem","position":2,"name":"Tienda","item":"https:\/\/labarraca1912.es\/tienda\/"},{"@type":"ListItem","position":3,"name":"Pack Regalo"}]},{"@type":"WebSite","@id":"https:\/\/labarraca1912.es\/#website","url":"https:\/\/labarraca1912.es\/","name":"La Barraca","description":"La Casa del Sabor","publisher":{"@id":"https:\/\/labarraca1912.es\/#organization"},"potentialAction":[{"@type":"SearchAction","target":{"@type":"EntryPoint","urlTemplate":"https:\/\/labarraca1912.es\/?s={search_term_string}"},"query-input":{"@type":"PropertyValueSpecification","valueRequired":true,"valueName":"search_term_string"}}],"inLanguage":"pt-PT"},{"@type":"Organization","@id":"https:\/\/labarraca1912.es\/#organization","name":"La Barraca 1912 Alimentacion","url":"https:\/\/labarraca1912.es\/","logo":{"@type":"ImageObject","inLanguage":"pt-PT","@id":"https:\/\/labarraca1912.es\/#\/schema\/logo\/image\/","url":"https:\/\/labarraca1912.es\/wp-content\/uploads\/2019\/06\/logo-labarraca.png","contentUrl":"https:\/\/labarraca1912.es\/wp-content\/uploads\/2019\/06\/logo-labarraca.png","width":2917,"height":1809,"caption":"La Barraca 1912 Alimentacion"},"image":{"@id":"https:\/\/labarraca1912.es\/#\/schema\/logo\/image\/"}}]}},"_links":{"self":[{"href":"https:\/\/labarraca1912.es\/pt\/wp-json\/wp\/v2\/product\/7388","targetHints":{"allow":["GET"]}}],"collection":[{"href":"https:\/\/labarraca1912.es\/pt\/wp-json\/wp\/v2\/product"}],"about":[{"href":"https:\/\/labarraca1912.es\/pt\/wp-json\/wp\/v2\/types\/product"}],"replies":[{"embeddable":true,"href":"https:\/\/labarraca1912.es\/pt\/wp-json\/wp\/v2\/comments?post=7388"}],"wp:featuredmedia":[{"embeddable":true,"href":"https:\/\/labarraca1912.es\/pt\/wp-json\/wp\/v2\/media\/7389"}],"wp:attachment":[{"href":"https:\/\/labarraca1912.es\/pt\/wp-json\/wp\/v2\/media?parent=7388"}],"wp:term":[{"taxonomy":"product_brand","embeddable":true,"href":"https:\/\/labarraca1912.es\/pt\/wp-json\/wp\/v2\/product_brand?post=7388"},{"taxonomy":"product_cat","embeddable":true,"href":"https:\/\/labarraca1912.es\/pt\/wp-json\/wp\/v2\/product_cat?post=7388"},{"taxonomy":"product_tag","embeddable":true,"href":"https:\/\/labarraca1912.es\/pt\/wp-json\/wp\/v2\/product_tag?post=7388"}],"curies":[{"name":"wp","href":"https:\/\/api.w.org\/{rel}","templated":true}]}}