{"id":89,"date":"2019-06-26T15:12:31","date_gmt":"2019-06-26T13:12:31","guid":{"rendered":"https:\/\/labarraca1912.es\/?post_type=product&#038;p=89"},"modified":"2026-03-09T11:14:18","modified_gmt":"2026-03-09T10:14:18","slug":"vermouth-mixer","status":"publish","type":"product","link":"https:\/\/labarraca1912.es\/pt\/tienda\/botanicos-cocteles\/vermouth-mixer\/","title":{"rendered":"Vermouth Mixer"},"content":{"rendered":"<p>BOTANICAL COLLECTION &#8211; VERMOUTH MIXER: La Barraca ha creado <strong>Botanical Collection<\/strong> para que possa desfrutar da sua bebida como nunca o fez antes. Uma sele\u00e7\u00e3o de bot\u00e2nicos criados para proporcionar sensa\u00e7\u00f5es \u00fanicas ao seu mix. Pode combinar os nossos vegetais como desejar e saborear cada gole do seu copo. Este magn\u00edfico estojo \u00e9 composto por 8 bot\u00e2nicos, uma colher e um dispensador, que o ajudar\u00e3o a preparar os seus cocktails de uma forma mais profissional.<\/p>\n<p><strong>Anis Estrelado<\/strong>: O anis estrelado dar\u00e1 ao seu copo um toque decorativo, gra\u00e7as \u00e0 sua forma de estrela e \u00e0s suas propriedades digestivas. O bot\u00e2nico perfeito que proporciona um sabor ligeiramente \u00e1cido, aroma a funcho e uma fragr\u00e2ncia suave.<\/p>\n<p><strong>Canela em Pau<\/strong>: A canela dar\u00e1 ao seu Gin-Tonic um incr\u00edvel sabor doce-c\u00edtrico, adicione um raminho e desfrute do seu copo.<\/p>\n<p><strong>Casca de Laranja<\/strong>: A Casca de Laranja fornecer\u00e1 \u00f3leos essenciais ao seu Gin-Tonic, pelo que gra\u00e7as ao seu sabor poder\u00e1 desfrutar de cada gole do seu copo, ao mesmo tempo que pode ser utilizado como elemento decorativo.<\/p>","protected":false},"excerpt":{"rendered":"<blockquote>\n<h2><strong>Botanical Collection<\/strong>\u00a0Vermouth Mixer<\/h2>\n<\/blockquote>\n<p>La Barraca Alimentaci\u00f3n criou a Botanical Collection, expressamente destinada a quem n\u00e3o est\u00e1 satisfeito e quer fazer da sua bebida um novo mundo de sabores gra\u00e7as aos bot\u00e2nicos. \u00c9 um presente perfeito ou uma aquisi\u00e7\u00e3o para consumo pr\u00f3prio que surpreender\u00e1 todos.<\/p>\n<p>Uma sele\u00e7\u00e3o meticulosa de bot\u00e2nicos, que proporcionar\u00e3o sensa\u00e7\u00f5es \u00fanicas nunca experimentadas no seu copo. Seja o seu pr\u00f3prio mixologista, utilizando os nossos bot\u00e2nicos, combinando-os como quiser e surpreenda os seus convidados com as suas cria\u00e7\u00f5es.<\/p>\n<p><em><strong>PACK COMPOSTO POR:<\/strong><\/em><\/p>\n<ul>\n<li><strong>Anis Estrelado 10g<\/strong>\n<ul>\n<li><em><strong>Ingredientes:<\/strong> <\/em>Anis estrelado.<\/li>\n<\/ul>\n<\/li>\n<li><strong>Canela em Pau 24g<\/strong>\n<ul>\n<li><em><strong>Ingredientes:<\/strong><\/em> Canela em pau.<\/li>\n<\/ul>\n<\/li>\n<li><strong>Casca de Laranja 18g<\/strong>\n<ul>\n<li><em><strong>Ingredientes:<\/strong><\/em> Casca de laranja.<\/li>\n<\/ul>\n<\/li>\n<\/ul>","protected":false},"featured_media":90,"comment_status":"open","ping_status":"closed","template":"","meta":{"_et_pb_use_builder":"","_et_pb_old_content":"","_et_gb_content_width":""},"product_brand":[],"product_cat":[24],"product_tag":[27,28,29,30,33,34],"class_list":{"0":"post-89","1":"product","2":"type-product","3":"status-publish","4":"has-post-thumbnail","6":"product_cat-botanicos-cocteles","7":"product_tag-botanicos","8":"product_tag-cocteles","9":"product_tag-ginebra","10":"product_tag-gintonic","11":"product_tag-jamaica","12":"product_tag-vermouth","14":"first","15":"instock","16":"taxable","17":"shipping-taxable","18":"purchasable","19":"product-type-simple"},"yoast_head":"<!-- This site is optimized with the Yoast SEO plugin v27.4 - https:\/\/yoast.com\/product\/yoast-seo-wordpress\/ -->\n<title>Vermouth Mixer - La Barraca<\/title>\n<meta name=\"robots\" content=\"index, follow, max-snippet:-1, max-image-preview:large, max-video-preview:-1\" \/>\n<link rel=\"canonical\" href=\"https:\/\/labarraca1912.es\/pt\/tienda\/botanicos-cocteles\/vermouth-mixer\/\" \/>\n<meta property=\"og:locale\" content=\"pt_PT\" \/>\n<meta property=\"og:type\" content=\"article\" \/>\n<meta property=\"og:title\" content=\"Vermouth Mixer - La Barraca\" \/>\n<meta property=\"og:description\" content=\"Botanical Collection\u00a0Vermouth Mixer  La Barraca Alimentaci\u00f3n ha creado Botanical Collection, destinada expresamente para aquellos que no se conforman y quieren hacer de su copa un nuevo mundo de sabores gracias a los bot\u00e1nicos. Se trata de un regalo perfecto o una adquisici\u00f3n para propio consumo que sorprender\u00e1 a todos.  Una selecci\u00f3n minuciosa de bot\u00e1nicos, que aportar\u00e1n unas sensaciones \u00fanicas jam\u00e1s experimentadas en tu copa. S\u00e9 tu propio coctelero, utilizando nuestros bot\u00e1nicos, combin\u00e1ndolos como quieras y sorprende a tus invitados con tus creaciones.  PACK COMPUESTO DE:   An\u00eds Estrellado 10g   Ingredientes: An\u00eds estrellado.    Canela en Rama 24g   Ingredientes: Canela en rama.    Corteza de Naranja 18g   Ingredientes: Corteza de naranja.\" \/>\n<meta property=\"og:url\" content=\"https:\/\/labarraca1912.es\/pt\/tienda\/botanicos-cocteles\/vermouth-mixer\/\" \/>\n<meta property=\"og:site_name\" content=\"La Barraca\" \/>\n<meta property=\"article:modified_time\" content=\"2026-03-09T10:14:18+00:00\" \/>\n<meta property=\"og:image\" content=\"https:\/\/labarraca1912.es\/wp-content\/uploads\/2019\/06\/VermouthMixer.jpg\" \/>\n\t<meta property=\"og:image:width\" content=\"800\" \/>\n\t<meta property=\"og:image:height\" content=\"800\" \/>\n\t<meta property=\"og:image:type\" content=\"image\/jpeg\" \/>\n<meta name=\"twitter:card\" content=\"summary_large_image\" \/>\n<meta name=\"twitter:label1\" content=\"Tempo estimado de leitura\" \/>\n\t<meta name=\"twitter:data1\" content=\"1 minuto\" \/>\n<script type=\"application\/ld+json\" class=\"yoast-schema-graph\">{\"@context\":\"https:\\\/\\\/schema.org\",\"@graph\":[{\"@type\":\"WebPage\",\"@id\":\"https:\\\/\\\/labarraca1912.es\\\/tienda\\\/botanicos-cocteles\\\/vermouth-mixer\\\/\",\"url\":\"https:\\\/\\\/labarraca1912.es\\\/tienda\\\/botanicos-cocteles\\\/vermouth-mixer\\\/\",\"name\":\"Vermouth Mixer - La Barraca\",\"isPartOf\":{\"@id\":\"https:\\\/\\\/labarraca1912.es\\\/#website\"},\"primaryImageOfPage\":{\"@id\":\"https:\\\/\\\/labarraca1912.es\\\/tienda\\\/botanicos-cocteles\\\/vermouth-mixer\\\/#primaryimage\"},\"image\":{\"@id\":\"https:\\\/\\\/labarraca1912.es\\\/tienda\\\/botanicos-cocteles\\\/vermouth-mixer\\\/#primaryimage\"},\"thumbnailUrl\":\"https:\\\/\\\/labarraca1912.es\\\/wp-content\\\/uploads\\\/2019\\\/06\\\/VermouthMixer.jpg\",\"datePublished\":\"2019-06-26T13:12:31+00:00\",\"dateModified\":\"2026-03-09T10:14:18+00:00\",\"breadcrumb\":{\"@id\":\"https:\\\/\\\/labarraca1912.es\\\/tienda\\\/botanicos-cocteles\\\/vermouth-mixer\\\/#breadcrumb\"},\"inLanguage\":\"pt-PT\",\"potentialAction\":[{\"@type\":\"ReadAction\",\"target\":[\"https:\\\/\\\/labarraca1912.es\\\/tienda\\\/botanicos-cocteles\\\/vermouth-mixer\\\/\"]}]},{\"@type\":\"ImageObject\",\"inLanguage\":\"pt-PT\",\"@id\":\"https:\\\/\\\/labarraca1912.es\\\/tienda\\\/botanicos-cocteles\\\/vermouth-mixer\\\/#primaryimage\",\"url\":\"https:\\\/\\\/labarraca1912.es\\\/wp-content\\\/uploads\\\/2019\\\/06\\\/VermouthMixer.jpg\",\"contentUrl\":\"https:\\\/\\\/labarraca1912.es\\\/wp-content\\\/uploads\\\/2019\\\/06\\\/VermouthMixer.jpg\",\"width\":800,\"height\":800},{\"@type\":\"BreadcrumbList\",\"@id\":\"https:\\\/\\\/labarraca1912.es\\\/tienda\\\/botanicos-cocteles\\\/vermouth-mixer\\\/#breadcrumb\",\"itemListElement\":[{\"@type\":\"ListItem\",\"position\":1,\"name\":\"La Barraca\",\"item\":\"https:\\\/\\\/labarraca1912.es\\\/\"},{\"@type\":\"ListItem\",\"position\":2,\"name\":\"Tienda\",\"item\":\"https:\\\/\\\/labarraca1912.es\\\/tienda\\\/\"},{\"@type\":\"ListItem\",\"position\":3,\"name\":\"Vermouth Mixer\"}]},{\"@type\":\"WebSite\",\"@id\":\"https:\\\/\\\/labarraca1912.es\\\/#website\",\"url\":\"https:\\\/\\\/labarraca1912.es\\\/\",\"name\":\"La Barraca\",\"description\":\"La Casa del Sabor\",\"publisher\":{\"@id\":\"https:\\\/\\\/labarraca1912.es\\\/#organization\"},\"potentialAction\":[{\"@type\":\"SearchAction\",\"target\":{\"@type\":\"EntryPoint\",\"urlTemplate\":\"https:\\\/\\\/labarraca1912.es\\\/?s={search_term_string}\"},\"query-input\":{\"@type\":\"PropertyValueSpecification\",\"valueRequired\":true,\"valueName\":\"search_term_string\"}}],\"inLanguage\":\"pt-PT\"},{\"@type\":\"Organization\",\"@id\":\"https:\\\/\\\/labarraca1912.es\\\/#organization\",\"name\":\"La Barraca 1912 Alimentacion\",\"url\":\"https:\\\/\\\/labarraca1912.es\\\/\",\"logo\":{\"@type\":\"ImageObject\",\"inLanguage\":\"pt-PT\",\"@id\":\"https:\\\/\\\/labarraca1912.es\\\/#\\\/schema\\\/logo\\\/image\\\/\",\"url\":\"https:\\\/\\\/labarraca1912.es\\\/wp-content\\\/uploads\\\/2019\\\/06\\\/logo-labarraca.png\",\"contentUrl\":\"https:\\\/\\\/labarraca1912.es\\\/wp-content\\\/uploads\\\/2019\\\/06\\\/logo-labarraca.png\",\"width\":2917,\"height\":1809,\"caption\":\"La Barraca 1912 Alimentacion\"},\"image\":{\"@id\":\"https:\\\/\\\/labarraca1912.es\\\/#\\\/schema\\\/logo\\\/image\\\/\"}}]}<\/script>\n<!-- \/ Yoast SEO plugin. -->","yoast_head_json":{"title":"Vermouth Mixer - La Barraca","robots":{"index":"index","follow":"follow","max-snippet":"max-snippet:-1","max-image-preview":"max-image-preview:large","max-video-preview":"max-video-preview:-1"},"canonical":"https:\/\/labarraca1912.es\/pt\/tienda\/botanicos-cocteles\/vermouth-mixer\/","og_locale":"pt_PT","og_type":"article","og_title":"Vermouth Mixer - La Barraca","og_description":"Botanical Collection\u00a0Vermouth Mixer  La Barraca Alimentaci\u00f3n ha creado Botanical Collection, destinada expresamente para aquellos que no se conforman y quieren hacer de su copa un nuevo mundo de sabores gracias a los bot\u00e1nicos. Se trata de un regalo perfecto o una adquisici\u00f3n para propio consumo que sorprender\u00e1 a todos.  Una selecci\u00f3n minuciosa de bot\u00e1nicos, que aportar\u00e1n unas sensaciones \u00fanicas jam\u00e1s experimentadas en tu copa. S\u00e9 tu propio coctelero, utilizando nuestros bot\u00e1nicos, combin\u00e1ndolos como quieras y sorprende a tus invitados con tus creaciones.  PACK COMPUESTO DE:   An\u00eds Estrellado 10g   Ingredientes: An\u00eds estrellado.    Canela en Rama 24g   Ingredientes: Canela en rama.    Corteza de Naranja 18g   Ingredientes: Corteza de naranja.","og_url":"https:\/\/labarraca1912.es\/pt\/tienda\/botanicos-cocteles\/vermouth-mixer\/","og_site_name":"La Barraca","article_modified_time":"2026-03-09T10:14:18+00:00","og_image":[{"width":800,"height":800,"url":"https:\/\/labarraca1912.es\/wp-content\/uploads\/2019\/06\/VermouthMixer.jpg","type":"image\/jpeg"}],"twitter_card":"summary_large_image","twitter_misc":{"Tempo estimado de leitura":"1 minuto"},"schema":{"@context":"https:\/\/schema.org","@graph":[{"@type":"WebPage","@id":"https:\/\/labarraca1912.es\/tienda\/botanicos-cocteles\/vermouth-mixer\/","url":"https:\/\/labarraca1912.es\/tienda\/botanicos-cocteles\/vermouth-mixer\/","name":"Vermouth Mixer - La Barraca","isPartOf":{"@id":"https:\/\/labarraca1912.es\/#website"},"primaryImageOfPage":{"@id":"https:\/\/labarraca1912.es\/tienda\/botanicos-cocteles\/vermouth-mixer\/#primaryimage"},"image":{"@id":"https:\/\/labarraca1912.es\/tienda\/botanicos-cocteles\/vermouth-mixer\/#primaryimage"},"thumbnailUrl":"https:\/\/labarraca1912.es\/wp-content\/uploads\/2019\/06\/VermouthMixer.jpg","datePublished":"2019-06-26T13:12:31+00:00","dateModified":"2026-03-09T10:14:18+00:00","breadcrumb":{"@id":"https:\/\/labarraca1912.es\/tienda\/botanicos-cocteles\/vermouth-mixer\/#breadcrumb"},"inLanguage":"pt-PT","potentialAction":[{"@type":"ReadAction","target":["https:\/\/labarraca1912.es\/tienda\/botanicos-cocteles\/vermouth-mixer\/"]}]},{"@type":"ImageObject","inLanguage":"pt-PT","@id":"https:\/\/labarraca1912.es\/tienda\/botanicos-cocteles\/vermouth-mixer\/#primaryimage","url":"https:\/\/labarraca1912.es\/wp-content\/uploads\/2019\/06\/VermouthMixer.jpg","contentUrl":"https:\/\/labarraca1912.es\/wp-content\/uploads\/2019\/06\/VermouthMixer.jpg","width":800,"height":800},{"@type":"BreadcrumbList","@id":"https:\/\/labarraca1912.es\/tienda\/botanicos-cocteles\/vermouth-mixer\/#breadcrumb","itemListElement":[{"@type":"ListItem","position":1,"name":"La Barraca","item":"https:\/\/labarraca1912.es\/"},{"@type":"ListItem","position":2,"name":"Tienda","item":"https:\/\/labarraca1912.es\/tienda\/"},{"@type":"ListItem","position":3,"name":"Vermouth Mixer"}]},{"@type":"WebSite","@id":"https:\/\/labarraca1912.es\/#website","url":"https:\/\/labarraca1912.es\/","name":"La Barraca","description":"La Casa del Sabor","publisher":{"@id":"https:\/\/labarraca1912.es\/#organization"},"potentialAction":[{"@type":"SearchAction","target":{"@type":"EntryPoint","urlTemplate":"https:\/\/labarraca1912.es\/?s={search_term_string}"},"query-input":{"@type":"PropertyValueSpecification","valueRequired":true,"valueName":"search_term_string"}}],"inLanguage":"pt-PT"},{"@type":"Organization","@id":"https:\/\/labarraca1912.es\/#organization","name":"La Barraca 1912 Alimentacion","url":"https:\/\/labarraca1912.es\/","logo":{"@type":"ImageObject","inLanguage":"pt-PT","@id":"https:\/\/labarraca1912.es\/#\/schema\/logo\/image\/","url":"https:\/\/labarraca1912.es\/wp-content\/uploads\/2019\/06\/logo-labarraca.png","contentUrl":"https:\/\/labarraca1912.es\/wp-content\/uploads\/2019\/06\/logo-labarraca.png","width":2917,"height":1809,"caption":"La Barraca 1912 Alimentacion"},"image":{"@id":"https:\/\/labarraca1912.es\/#\/schema\/logo\/image\/"}}]}},"_links":{"self":[{"href":"https:\/\/labarraca1912.es\/pt\/wp-json\/wp\/v2\/product\/89","targetHints":{"allow":["GET"]}}],"collection":[{"href":"https:\/\/labarraca1912.es\/pt\/wp-json\/wp\/v2\/product"}],"about":[{"href":"https:\/\/labarraca1912.es\/pt\/wp-json\/wp\/v2\/types\/product"}],"replies":[{"embeddable":true,"href":"https:\/\/labarraca1912.es\/pt\/wp-json\/wp\/v2\/comments?post=89"}],"wp:featuredmedia":[{"embeddable":true,"href":"https:\/\/labarraca1912.es\/pt\/wp-json\/wp\/v2\/media\/90"}],"wp:attachment":[{"href":"https:\/\/labarraca1912.es\/pt\/wp-json\/wp\/v2\/media?parent=89"}],"wp:term":[{"taxonomy":"product_brand","embeddable":true,"href":"https:\/\/labarraca1912.es\/pt\/wp-json\/wp\/v2\/product_brand?post=89"},{"taxonomy":"product_cat","embeddable":true,"href":"https:\/\/labarraca1912.es\/pt\/wp-json\/wp\/v2\/product_cat?post=89"},{"taxonomy":"product_tag","embeddable":true,"href":"https:\/\/labarraca1912.es\/pt\/wp-json\/wp\/v2\/product_tag?post=89"}],"curies":[{"name":"wp","href":"https:\/\/api.w.org\/{rel}","templated":true}]}}