{"id":9283,"date":"2023-05-26T08:16:11","date_gmt":"2023-05-26T06:16:11","guid":{"rendered":"https:\/\/labarraca1912.es\/?post_type=product&#038;p=9283"},"modified":"2026-04-15T10:50:59","modified_gmt":"2026-04-15T08:50:59","slug":"salmorreta-de-mortero","status":"publish","type":"product","link":"https:\/\/labarraca1912.es\/pt\/tienda\/productos-complementarios\/salmorreta-de-mortero\/","title":{"rendered":"Salmorreta de Mortero"},"content":{"rendered":"<p>SALMORRETA DE MORTERO &#8211; ESTUCHE 2 SOBRES: La Salmorreta de Mortero es un preparado tradicional para arroces, fideu\u00e1 y caldos de pescado. El sabor de la aut\u00e9ntica cocina marinera mediterr\u00e1nea. Es una combinaci\u00f3n de diferentes tipos de especias y condimentos entre los que destaca la \u00f1ora, el ajo y el perejil. Aporta un color intenso, rojizo gracias a las \u00f1oras, as\u00ed como un aroma especial.<\/p>\n<p><strong>Salmorreta de Mortero:<\/strong> \u00c9 utilizado para dar cor e sabor aos caldos de arroz, fideu\u00e1 e peixe.<\/p>","protected":false},"excerpt":{"rendered":"<blockquote>\n<h2><strong>Salmorreta de Mortero<\/strong> Caixa 2 Saquetas<\/h2>\n<\/blockquote>\n<p>A Salmorreta de Mortero \u00e9 uma prepara\u00e7\u00e3o tradicional \u00e0 base de arroz, fideu\u00e1 e caldos de peixe. O sabor da aut\u00eantica cozinha mediterr\u00e2nica de marisco. \u00c9 uma combina\u00e7\u00e3o de diferentes tipos de especiarias e temperos, entre os quais se destacam a \u00f1ora, o alho e a salsa. Proporciona uma cor avermelhada intensa gra\u00e7as \u00e0s \u00f1oras, bem como um aroma especial.<\/p>\n<p><strong>INSTRU\u00c7\u00d5ES DE UTILIZA\u00c7\u00c3O: <\/strong>Arroz de peixe e fideu\u00e1: adicione 2g (1 colher de caf\u00e9) de Salmorreta por por\u00e7\u00e3o ao caldo de peixe, na paella. Caldos e caldos de peixe: adicionar a mesma quantidade do arroz, 2g por por\u00e7\u00e3o, nos caldos, caldos de peixe.<\/p>\n<p><em><strong>Ingredientes:<\/strong><\/em> Pimento seco (\u00f1ora), tomate, azeite virgem, pimenta, alho, salsa e sal.<\/p>\n<p><strong><em>Informa\u00e7\u00e3o nutricional. Valores m\u00e9dios por 100g de produto: <\/em><\/strong>Valor Energ\u00e9tico: 1327 kJ\/321 kcal. Gorduras: 16,26g. Das quais saturadas: 2,38g. Carboidratos: 49,33g. Dos quais a\u00e7\u00facares: 15,5g. Prote\u00ednas: 11,79g. Sal: 6,67.<\/p>","protected":false},"featured_media":9284,"comment_status":"open","ping_status":"closed","template":"","meta":{"_et_pb_use_builder":"","_et_pb_old_content":"","_et_gb_content_width":""},"product_brand":[],"product_cat":[22,15,122],"product_tag":[39,35,38,116,36,68,37,272],"class_list":{"0":"post-9283","1":"product","2":"type-product","3":"status-publish","4":"has-post-thumbnail","6":"product_cat-sazonadores","7":"product_cat-productos-complementarios","8":"product_cat-productos-paella","9":"product_tag-arroz","10":"product_tag-azafran","11":"product_tag-colorante","12":"product_tag-marisco","13":"product_tag-paella","14":"product_tag-pescado","15":"product_tag-saffron","16":"product_tag-salmorreta","18":"first","19":"instock","20":"taxable","21":"shipping-taxable","22":"purchasable","23":"product-type-simple"},"yoast_head":"<!-- This site is optimized with the Yoast SEO plugin v27.5 - https:\/\/yoast.com\/product\/yoast-seo-wordpress\/ -->\n<title>Comprar Salmorreta de Mortero | La Barraca<\/title>\n<meta name=\"description\" content=\"Salmorreta de Mortero La Barraca, ideal para fideu\u00e1, arroces y caldos de pescado. Con \u00f1ora, ajo y perejil para un sabor marinero tradicional.\" \/>\n<meta name=\"robots\" content=\"index, follow, max-snippet:-1, max-image-preview:large, max-video-preview:-1\" \/>\n<link rel=\"canonical\" href=\"https:\/\/labarraca1912.es\/pt\/tienda\/productos-complementarios\/salmorreta-de-mortero\/\" \/>\n<meta property=\"og:locale\" content=\"pt_PT\" \/>\n<meta property=\"og:type\" content=\"article\" \/>\n<meta property=\"og:title\" content=\"Comprar Salmorreta de Mortero | La Barraca\" \/>\n<meta property=\"og:description\" content=\"Salmorreta de Mortero La Barraca, ideal para fideu\u00e1, arroces y caldos de pescado. Con \u00f1ora, ajo y perejil para un sabor marinero tradicional.\" \/>\n<meta property=\"og:url\" content=\"https:\/\/labarraca1912.es\/pt\/tienda\/productos-complementarios\/salmorreta-de-mortero\/\" \/>\n<meta property=\"og:site_name\" content=\"La Barraca\" \/>\n<meta property=\"article:modified_time\" content=\"2026-04-15T08:50:59+00:00\" \/>\n<meta property=\"og:image\" content=\"https:\/\/labarraca1912.es\/wp-content\/uploads\/BARRACA-Salmorreta-de-Mortero-scaled.jpg\" \/>\n\t<meta property=\"og:image:width\" content=\"1920\" \/>\n\t<meta property=\"og:image:height\" content=\"1857\" \/>\n\t<meta property=\"og:image:type\" content=\"image\/jpeg\" \/>\n<meta name=\"twitter:card\" content=\"summary_large_image\" \/>\n<meta name=\"twitter:label1\" content=\"Tempo estimado de leitura\" \/>\n\t<meta name=\"twitter:data1\" content=\"1 minuto\" \/>\n<script type=\"application\/ld+json\" class=\"yoast-schema-graph\">{\"@context\":\"https:\\\/\\\/schema.org\",\"@graph\":[{\"@type\":\"WebPage\",\"@id\":\"https:\\\/\\\/labarraca1912.es\\\/tienda\\\/productos-complementarios\\\/salmorreta-de-mortero\\\/\",\"url\":\"https:\\\/\\\/labarraca1912.es\\\/tienda\\\/productos-complementarios\\\/salmorreta-de-mortero\\\/\",\"name\":\"Comprar Salmorreta de Mortero | La Barraca\",\"isPartOf\":{\"@id\":\"https:\\\/\\\/labarraca1912.es\\\/#website\"},\"primaryImageOfPage\":{\"@id\":\"https:\\\/\\\/labarraca1912.es\\\/tienda\\\/productos-complementarios\\\/salmorreta-de-mortero\\\/#primaryimage\"},\"image\":{\"@id\":\"https:\\\/\\\/labarraca1912.es\\\/tienda\\\/productos-complementarios\\\/salmorreta-de-mortero\\\/#primaryimage\"},\"thumbnailUrl\":\"https:\\\/\\\/labarraca1912.es\\\/wp-content\\\/uploads\\\/BARRACA-Salmorreta-de-Mortero-scaled.jpg\",\"datePublished\":\"2023-05-26T06:16:11+00:00\",\"dateModified\":\"2026-04-15T08:50:59+00:00\",\"description\":\"Salmorreta de Mortero La Barraca, ideal para fideu\u00e1, arroces y caldos de pescado. Con \u00f1ora, ajo y perejil para un sabor marinero tradicional.\",\"breadcrumb\":{\"@id\":\"https:\\\/\\\/labarraca1912.es\\\/tienda\\\/productos-complementarios\\\/salmorreta-de-mortero\\\/#breadcrumb\"},\"inLanguage\":\"pt-PT\",\"potentialAction\":[{\"@type\":\"ReadAction\",\"target\":[\"https:\\\/\\\/labarraca1912.es\\\/tienda\\\/productos-complementarios\\\/salmorreta-de-mortero\\\/\"]}]},{\"@type\":\"ImageObject\",\"inLanguage\":\"pt-PT\",\"@id\":\"https:\\\/\\\/labarraca1912.es\\\/tienda\\\/productos-complementarios\\\/salmorreta-de-mortero\\\/#primaryimage\",\"url\":\"https:\\\/\\\/labarraca1912.es\\\/wp-content\\\/uploads\\\/BARRACA-Salmorreta-de-Mortero-scaled.jpg\",\"contentUrl\":\"https:\\\/\\\/labarraca1912.es\\\/wp-content\\\/uploads\\\/BARRACA-Salmorreta-de-Mortero-scaled.jpg\",\"width\":1920,\"height\":1857},{\"@type\":\"BreadcrumbList\",\"@id\":\"https:\\\/\\\/labarraca1912.es\\\/tienda\\\/productos-complementarios\\\/salmorreta-de-mortero\\\/#breadcrumb\",\"itemListElement\":[{\"@type\":\"ListItem\",\"position\":1,\"name\":\"La Barraca\",\"item\":\"https:\\\/\\\/labarraca1912.es\\\/\"},{\"@type\":\"ListItem\",\"position\":2,\"name\":\"Tienda\",\"item\":\"https:\\\/\\\/labarraca1912.es\\\/tienda\\\/\"},{\"@type\":\"ListItem\",\"position\":3,\"name\":\"Salmorreta de Mortero\"}]},{\"@type\":\"WebSite\",\"@id\":\"https:\\\/\\\/labarraca1912.es\\\/#website\",\"url\":\"https:\\\/\\\/labarraca1912.es\\\/\",\"name\":\"La Barraca\",\"description\":\"La Casa del Sabor\",\"publisher\":{\"@id\":\"https:\\\/\\\/labarraca1912.es\\\/#organization\"},\"potentialAction\":[{\"@type\":\"SearchAction\",\"target\":{\"@type\":\"EntryPoint\",\"urlTemplate\":\"https:\\\/\\\/labarraca1912.es\\\/?s={search_term_string}\"},\"query-input\":{\"@type\":\"PropertyValueSpecification\",\"valueRequired\":true,\"valueName\":\"search_term_string\"}}],\"inLanguage\":\"pt-PT\"},{\"@type\":\"Organization\",\"@id\":\"https:\\\/\\\/labarraca1912.es\\\/#organization\",\"name\":\"La Barraca 1912 Alimentacion\",\"url\":\"https:\\\/\\\/labarraca1912.es\\\/\",\"logo\":{\"@type\":\"ImageObject\",\"inLanguage\":\"pt-PT\",\"@id\":\"https:\\\/\\\/labarraca1912.es\\\/#\\\/schema\\\/logo\\\/image\\\/\",\"url\":\"https:\\\/\\\/labarraca1912.es\\\/wp-content\\\/uploads\\\/2019\\\/06\\\/logo-labarraca.png\",\"contentUrl\":\"https:\\\/\\\/labarraca1912.es\\\/wp-content\\\/uploads\\\/2019\\\/06\\\/logo-labarraca.png\",\"width\":2917,\"height\":1809,\"caption\":\"La Barraca 1912 Alimentacion\"},\"image\":{\"@id\":\"https:\\\/\\\/labarraca1912.es\\\/#\\\/schema\\\/logo\\\/image\\\/\"}}]}<\/script>\n<!-- \/ Yoast SEO plugin. -->","yoast_head_json":{"title":"Comprar Salmorreta de Mortero | La Barraca","description":"Salmorreta de Mortero La Barraca, ideal para fideu\u00e1, arroces y caldos de pescado. Con \u00f1ora, ajo y perejil para un sabor marinero tradicional.","robots":{"index":"index","follow":"follow","max-snippet":"max-snippet:-1","max-image-preview":"max-image-preview:large","max-video-preview":"max-video-preview:-1"},"canonical":"https:\/\/labarraca1912.es\/pt\/tienda\/productos-complementarios\/salmorreta-de-mortero\/","og_locale":"pt_PT","og_type":"article","og_title":"Comprar Salmorreta de Mortero | La Barraca","og_description":"Salmorreta de Mortero La Barraca, ideal para fideu\u00e1, arroces y caldos de pescado. Con \u00f1ora, ajo y perejil para un sabor marinero tradicional.","og_url":"https:\/\/labarraca1912.es\/pt\/tienda\/productos-complementarios\/salmorreta-de-mortero\/","og_site_name":"La Barraca","article_modified_time":"2026-04-15T08:50:59+00:00","og_image":[{"width":1920,"height":1857,"url":"https:\/\/labarraca1912.es\/wp-content\/uploads\/BARRACA-Salmorreta-de-Mortero-scaled.jpg","type":"image\/jpeg"}],"twitter_card":"summary_large_image","twitter_misc":{"Tempo estimado de leitura":"1 minuto"},"schema":{"@context":"https:\/\/schema.org","@graph":[{"@type":"WebPage","@id":"https:\/\/labarraca1912.es\/tienda\/productos-complementarios\/salmorreta-de-mortero\/","url":"https:\/\/labarraca1912.es\/tienda\/productos-complementarios\/salmorreta-de-mortero\/","name":"Comprar Salmorreta de Mortero | La Barraca","isPartOf":{"@id":"https:\/\/labarraca1912.es\/#website"},"primaryImageOfPage":{"@id":"https:\/\/labarraca1912.es\/tienda\/productos-complementarios\/salmorreta-de-mortero\/#primaryimage"},"image":{"@id":"https:\/\/labarraca1912.es\/tienda\/productos-complementarios\/salmorreta-de-mortero\/#primaryimage"},"thumbnailUrl":"https:\/\/labarraca1912.es\/wp-content\/uploads\/BARRACA-Salmorreta-de-Mortero-scaled.jpg","datePublished":"2023-05-26T06:16:11+00:00","dateModified":"2026-04-15T08:50:59+00:00","description":"Salmorreta de Mortero La Barraca, ideal para fideu\u00e1, arroces y caldos de pescado. Con \u00f1ora, ajo y perejil para un sabor marinero tradicional.","breadcrumb":{"@id":"https:\/\/labarraca1912.es\/tienda\/productos-complementarios\/salmorreta-de-mortero\/#breadcrumb"},"inLanguage":"pt-PT","potentialAction":[{"@type":"ReadAction","target":["https:\/\/labarraca1912.es\/tienda\/productos-complementarios\/salmorreta-de-mortero\/"]}]},{"@type":"ImageObject","inLanguage":"pt-PT","@id":"https:\/\/labarraca1912.es\/tienda\/productos-complementarios\/salmorreta-de-mortero\/#primaryimage","url":"https:\/\/labarraca1912.es\/wp-content\/uploads\/BARRACA-Salmorreta-de-Mortero-scaled.jpg","contentUrl":"https:\/\/labarraca1912.es\/wp-content\/uploads\/BARRACA-Salmorreta-de-Mortero-scaled.jpg","width":1920,"height":1857},{"@type":"BreadcrumbList","@id":"https:\/\/labarraca1912.es\/tienda\/productos-complementarios\/salmorreta-de-mortero\/#breadcrumb","itemListElement":[{"@type":"ListItem","position":1,"name":"La Barraca","item":"https:\/\/labarraca1912.es\/"},{"@type":"ListItem","position":2,"name":"Tienda","item":"https:\/\/labarraca1912.es\/tienda\/"},{"@type":"ListItem","position":3,"name":"Salmorreta de Mortero"}]},{"@type":"WebSite","@id":"https:\/\/labarraca1912.es\/#website","url":"https:\/\/labarraca1912.es\/","name":"La Barraca","description":"La Casa del Sabor","publisher":{"@id":"https:\/\/labarraca1912.es\/#organization"},"potentialAction":[{"@type":"SearchAction","target":{"@type":"EntryPoint","urlTemplate":"https:\/\/labarraca1912.es\/?s={search_term_string}"},"query-input":{"@type":"PropertyValueSpecification","valueRequired":true,"valueName":"search_term_string"}}],"inLanguage":"pt-PT"},{"@type":"Organization","@id":"https:\/\/labarraca1912.es\/#organization","name":"La Barraca 1912 Alimentacion","url":"https:\/\/labarraca1912.es\/","logo":{"@type":"ImageObject","inLanguage":"pt-PT","@id":"https:\/\/labarraca1912.es\/#\/schema\/logo\/image\/","url":"https:\/\/labarraca1912.es\/wp-content\/uploads\/2019\/06\/logo-labarraca.png","contentUrl":"https:\/\/labarraca1912.es\/wp-content\/uploads\/2019\/06\/logo-labarraca.png","width":2917,"height":1809,"caption":"La Barraca 1912 Alimentacion"},"image":{"@id":"https:\/\/labarraca1912.es\/#\/schema\/logo\/image\/"}}]}},"_links":{"self":[{"href":"https:\/\/labarraca1912.es\/pt\/wp-json\/wp\/v2\/product\/9283","targetHints":{"allow":["GET"]}}],"collection":[{"href":"https:\/\/labarraca1912.es\/pt\/wp-json\/wp\/v2\/product"}],"about":[{"href":"https:\/\/labarraca1912.es\/pt\/wp-json\/wp\/v2\/types\/product"}],"replies":[{"embeddable":true,"href":"https:\/\/labarraca1912.es\/pt\/wp-json\/wp\/v2\/comments?post=9283"}],"wp:featuredmedia":[{"embeddable":true,"href":"https:\/\/labarraca1912.es\/pt\/wp-json\/wp\/v2\/media\/9284"}],"wp:attachment":[{"href":"https:\/\/labarraca1912.es\/pt\/wp-json\/wp\/v2\/media?parent=9283"}],"wp:term":[{"taxonomy":"product_brand","embeddable":true,"href":"https:\/\/labarraca1912.es\/pt\/wp-json\/wp\/v2\/product_brand?post=9283"},{"taxonomy":"product_cat","embeddable":true,"href":"https:\/\/labarraca1912.es\/pt\/wp-json\/wp\/v2\/product_cat?post=9283"},{"taxonomy":"product_tag","embeddable":true,"href":"https:\/\/labarraca1912.es\/pt\/wp-json\/wp\/v2\/product_tag?post=9283"}],"curies":[{"name":"wp","href":"https:\/\/api.w.org\/{rel}","templated":true}]}}