{"id":95,"date":"2019-06-27T12:43:16","date_gmt":"2019-06-27T10:43:16","guid":{"rendered":"https:\/\/labarraca1912.es\/?post_type=product&#038;p=95"},"modified":"2025-09-09T08:11:21","modified_gmt":"2025-09-09T06:11:21","slug":"botanical-collection-estuche-premium","status":"publish","type":"product","link":"https:\/\/labarraca1912.es\/pt\/tienda\/botanicos-cocteles\/botanical-collection-estuche-premium\/","title":{"rendered":"Botanical Collection Caixa Premium"},"content":{"rendered":"<p>BOTANICAL COLLECTION &#8211; ESTUCHE PREMIUM: La Barraca ha creado <strong>Botanical Collection<\/strong> para que possa desfrutar da sua bebida como nunca o fez antes. Uma sele\u00e7\u00e3o de bot\u00e2nicos criados para proporcionar sensa\u00e7\u00f5es \u00fanicas ao seu mix. Pode combinar os nossos vegetais como desejar e saborear cada gole do seu copo. Este magn\u00edfico estojo \u00e9 composto por 8 bot\u00e2nicos, uma colher e um dispensador, que o ajudar\u00e3o a preparar os seus cocktails de uma forma mais profissional.<\/p>\n<p><strong>Bagas de Zimbro:<\/strong> As bagas de zimbro conferem ao seu copo um sabor ligeiramente amargo com nuances doces e c\u00edtricas. Normalmente aconselhamos a utiliza\u00e7\u00e3o de 4 a 6 bagas por cada consumo, pressionando suavemente cada baga para libertar os \u00f3leos essenciais.<\/p>\n<p><strong>Cardamomo<\/strong>: O cardamomo \u00e9 uma semente verde de aroma pronunciado, ideal para o Gin-Tonic. Pode real\u00e7ar o sabor moendo a semente, mas esta perde o toque decorativo.<\/p>\n<p><strong>Flor de Hibisco<\/strong>: A Flor de Hibisco dar\u00e1 ao seu Gin-T\u00f3nico uma cor avermelhada, bem como o sabor a frutos vermelhos e o aroma floral.<\/p>\n<p><strong>Alca\u00e7uz<\/strong>: Um ramo de Alca\u00e7uz dar\u00e1 ao seu copo notas bals\u00e2micas, aromas terrosos e campestres, acrescente um peda\u00e7o ao seu Gin-Tonic e adoce-o.<\/p>\n<p><strong>P\u00e9talas de Rosa<\/strong>: Existem muitas formas de preparar um Gin-Tonic, mas certamente uma das mais originais e coloridas \u00e9 prepar\u00e1-lo com P\u00e9talas de Rosa.<\/p>\n<p><strong>Canela em Pau<\/strong>: A canela dar\u00e1 ao seu Gin-Tonic um incr\u00edvel sabor doce-c\u00edtrico, adicione um raminho e desfrute do seu copo.<\/p>\n<p><strong>Pimenta Rosa<\/strong>: A Pimenta Rosa proporciona uma mistura de sabores entre o ousado e o doce, com um toque ligeiramente picante. Tamb\u00e9m proporcionar\u00e1 uma cor rosa ao prensar os frutos da pimenta.<\/p>\n<p><strong>Lim\u00e3o Laminado<\/strong>: A Casca de Lim\u00e3o \u00e9 um cl\u00e1ssico dos Gin-T\u00f3nicos, gra\u00e7as ao seu sabor \u00e1cido-c\u00edtrico confere ao copo um sabor especial.<\/p>\n<p><strong>Colher:<\/strong> Utilize esta bonita colher para colocar os legumes no seu copo e tamb\u00e9m verta o gin sobre ele.<\/p>\n<p><strong>Dispensador:<\/strong> Com este pr\u00e1tico utens\u00edlio obter\u00e1 a medida exata de gin para o seu cocktail.<\/p>","protected":false},"excerpt":{"rendered":"<blockquote>\n<h2><strong>Botanical Collection<\/strong>\u00a0Caixa Premium<\/h2>\n<\/blockquote>\n<p>La Barraca Alimentaci\u00f3n criou a Botanical Collection, expressamente destinada a quem n\u00e3o est\u00e1 satisfeito e quer fazer da sua bebida um novo mundo de sabores gra\u00e7as aos bot\u00e2nicos. \u00c9 um presente perfeito ou uma aquisi\u00e7\u00e3o para consumo pr\u00f3prio que surpreender\u00e1 todos.<\/p>\n<p>Uma sele\u00e7\u00e3o meticulosa de bot\u00e2nicos, que proporcionar\u00e3o sensa\u00e7\u00f5es \u00fanicas nunca experimentadas no seu copo. Seja o seu pr\u00f3prio mixologista, utilizando os nossos bot\u00e2nicos, combinando-os como quiser e surpreenda os seus convidados com as suas cria\u00e7\u00f5es.<\/p>\n<p><em><strong>PACK COMPOSTO POR:<\/strong><\/em><\/p>\n<ul>\n<li><strong>Colher + Dispensador<\/strong><\/li>\n<li><strong>Bagas de Zimbro 24g<\/strong>\n<ul>\n<li><em><strong>Ingredientes:<\/strong><\/em> Bagas de zimbro.<a href=\"https:\/\/labarraca1912.es\/wp-content\/uploads\/FT-BAYAS-DE-ENEBRO.pdf\">\u00a0<\/a><\/li>\n<\/ul>\n<\/li>\n<li><strong>Cardamomo em Gr\u00e3o 24g<\/strong>\n<ul>\n<li><em><strong>Ingredientes:<\/strong><\/em> Cardamomo em gr\u00e3o.<\/li>\n<\/ul>\n<\/li>\n<li><strong>Flor de Hibisco 8g<\/strong>\n<ul>\n<li><strong><em>Ingredientes:<\/em><\/strong> Flor de hibisco. Pode conter vest\u00edgios de <strong>AMENDOINS<\/strong>.<\/li>\n<\/ul>\n<\/li>\n<li><strong>Alca\u00e7uz 20g<\/strong>\n<ul>\n<li><em><strong>Ingredientes:<\/strong><\/em> Alca\u00e7uz.<\/li>\n<\/ul>\n<\/li>\n<li><strong>P\u00e9talas de Rosa 4g<\/strong>\n<ul>\n<li><em><strong>Ingredientes:<\/strong> <\/em>P\u00e9talas de rosa.<\/li>\n<\/ul>\n<\/li>\n<li><strong>Canela em Pau 24g<\/strong>\n<ul>\n<li><em><strong>Ingredientes:<\/strong><\/em> Canela em pau.<\/li>\n<\/ul>\n<\/li>\n<li><strong>Pimenta Rosa 20g<\/strong>\n<ul>\n<li><em><strong>Ingredientes:<\/strong><\/em> Pimenta rosa.<\/li>\n<\/ul>\n<\/li>\n<li><strong>Lim\u00e3o Laminado 18g<\/strong>\n<ul>\n<li><em><strong>Ingredientes:<\/strong><\/em> Lim\u00e3o laminado.<\/li>\n<\/ul>\n<\/li>\n<\/ul>","protected":false},"featured_media":97,"comment_status":"open","ping_status":"closed","template":"","meta":{"_et_pb_use_builder":"","_et_pb_old_content":"","_et_gb_content_width":""},"product_brand":[],"product_cat":[24,215],"product_tag":[27,28,29,30,33,34],"class_list":{"0":"post-95","1":"product","2":"type-product","3":"status-publish","4":"has-post-thumbnail","6":"product_cat-botanicos-cocteles","7":"product_cat-packs-regalo","8":"product_tag-botanicos","9":"product_tag-cocteles","10":"product_tag-ginebra","11":"product_tag-gintonic","12":"product_tag-jamaica","13":"product_tag-vermouth","15":"first","16":"outofstock","17":"taxable","18":"shipping-taxable","19":"purchasable","20":"product-type-simple"},"yoast_head":"<!-- This site is optimized with the Yoast SEO plugin v27.4 - https:\/\/yoast.com\/product\/yoast-seo-wordpress\/ -->\n<title>Botanical Collection Estuche Premium - La Barraca<\/title>\n<meta name=\"robots\" content=\"index, follow, max-snippet:-1, max-image-preview:large, max-video-preview:-1\" \/>\n<link rel=\"canonical\" href=\"https:\/\/labarraca1912.es\/pt\/tienda\/botanicos-cocteles\/botanical-collection-estuche-premium\/\" \/>\n<meta property=\"og:locale\" content=\"pt_PT\" \/>\n<meta property=\"og:type\" content=\"article\" \/>\n<meta property=\"og:title\" content=\"Botanical Collection Estuche Premium - La Barraca\" \/>\n<meta property=\"og:description\" content=\"Botanical Collection\u00a0Estuche Premium  La Barraca Alimentaci\u00f3n ha creado Botanical Collection, destinada expresamente para aquellos que no se conforman y quieren hacer de su copa un nuevo mundo de sabores gracias a los bot\u00e1nicos. Se trata de un regalo perfecto o una adquisici\u00f3n para propio consumo que sorprender\u00e1 a todos.  Una selecci\u00f3n minuciosa de bot\u00e1nicos, que aportar\u00e1n unas sensaciones \u00fanicas jam\u00e1s experimentadas en tu copa. S\u00e9 tu propio coctelero, utilizando nuestros bot\u00e1nicos, combin\u00e1ndolos como quieras y sorprende a tus invitados con tus creaciones.  PACK COMPUESTO DE:   Cuchara + Dosificador  Bayas de Enebro 24g   Ingredientes: Bayas de enebro.\u00a0    Cardamomo Grano 24g   Ingredientes: Cardamomo grano.    Flor de Hibisco 8g   Ingredientes: Flor de hibisco. Puede contener trazas de CACAHUETES.    Regaliz 20g   Ingredientes: Regaliz.    P\u00e9talos de Rosa 4g   Ingredientes: P\u00e9talos de rosa.    Canela en Rama 24g   Ingredientes: Canela en rama.    Pimienta Rosa 20g   Ingredientes: Pimienta rosa.    Corteza de Lim\u00f3n 18g   Ingredientes: Corteza de lim\u00f3n.\" \/>\n<meta property=\"og:url\" content=\"https:\/\/labarraca1912.es\/pt\/tienda\/botanicos-cocteles\/botanical-collection-estuche-premium\/\" \/>\n<meta property=\"og:site_name\" content=\"La Barraca\" \/>\n<meta property=\"article:modified_time\" content=\"2025-09-09T06:11:21+00:00\" \/>\n<meta property=\"og:image\" content=\"https:\/\/labarraca1912.es\/wp-content\/uploads\/2019\/06\/CajaPremium1.jpg\" \/>\n\t<meta property=\"og:image:width\" content=\"800\" \/>\n\t<meta property=\"og:image:height\" content=\"800\" \/>\n\t<meta property=\"og:image:type\" content=\"image\/jpeg\" \/>\n<meta name=\"twitter:card\" content=\"summary_large_image\" \/>\n<meta name=\"twitter:label1\" content=\"Tempo estimado de leitura\" \/>\n\t<meta name=\"twitter:data1\" content=\"2 minutos\" \/>\n<script type=\"application\/ld+json\" class=\"yoast-schema-graph\">{\"@context\":\"https:\\\/\\\/schema.org\",\"@graph\":[{\"@type\":\"WebPage\",\"@id\":\"https:\\\/\\\/labarraca1912.es\\\/tienda\\\/botanicos-cocteles\\\/botanical-collection-estuche-premium\\\/\",\"url\":\"https:\\\/\\\/labarraca1912.es\\\/tienda\\\/botanicos-cocteles\\\/botanical-collection-estuche-premium\\\/\",\"name\":\"Botanical Collection Estuche Premium - La Barraca\",\"isPartOf\":{\"@id\":\"https:\\\/\\\/labarraca1912.es\\\/#website\"},\"primaryImageOfPage\":{\"@id\":\"https:\\\/\\\/labarraca1912.es\\\/tienda\\\/botanicos-cocteles\\\/botanical-collection-estuche-premium\\\/#primaryimage\"},\"image\":{\"@id\":\"https:\\\/\\\/labarraca1912.es\\\/tienda\\\/botanicos-cocteles\\\/botanical-collection-estuche-premium\\\/#primaryimage\"},\"thumbnailUrl\":\"https:\\\/\\\/labarraca1912.es\\\/wp-content\\\/uploads\\\/2019\\\/06\\\/CajaPremium1.jpg\",\"datePublished\":\"2019-06-27T10:43:16+00:00\",\"dateModified\":\"2025-09-09T06:11:21+00:00\",\"breadcrumb\":{\"@id\":\"https:\\\/\\\/labarraca1912.es\\\/tienda\\\/botanicos-cocteles\\\/botanical-collection-estuche-premium\\\/#breadcrumb\"},\"inLanguage\":\"pt-PT\",\"potentialAction\":[{\"@type\":\"ReadAction\",\"target\":[\"https:\\\/\\\/labarraca1912.es\\\/tienda\\\/botanicos-cocteles\\\/botanical-collection-estuche-premium\\\/\"]}]},{\"@type\":\"ImageObject\",\"inLanguage\":\"pt-PT\",\"@id\":\"https:\\\/\\\/labarraca1912.es\\\/tienda\\\/botanicos-cocteles\\\/botanical-collection-estuche-premium\\\/#primaryimage\",\"url\":\"https:\\\/\\\/labarraca1912.es\\\/wp-content\\\/uploads\\\/2019\\\/06\\\/CajaPremium1.jpg\",\"contentUrl\":\"https:\\\/\\\/labarraca1912.es\\\/wp-content\\\/uploads\\\/2019\\\/06\\\/CajaPremium1.jpg\",\"width\":800,\"height\":800},{\"@type\":\"BreadcrumbList\",\"@id\":\"https:\\\/\\\/labarraca1912.es\\\/tienda\\\/botanicos-cocteles\\\/botanical-collection-estuche-premium\\\/#breadcrumb\",\"itemListElement\":[{\"@type\":\"ListItem\",\"position\":1,\"name\":\"La Barraca\",\"item\":\"https:\\\/\\\/labarraca1912.es\\\/\"},{\"@type\":\"ListItem\",\"position\":2,\"name\":\"Tienda\",\"item\":\"https:\\\/\\\/labarraca1912.es\\\/tienda\\\/\"},{\"@type\":\"ListItem\",\"position\":3,\"name\":\"Botanical Collection Estuche Premium\"}]},{\"@type\":\"WebSite\",\"@id\":\"https:\\\/\\\/labarraca1912.es\\\/#website\",\"url\":\"https:\\\/\\\/labarraca1912.es\\\/\",\"name\":\"La Barraca\",\"description\":\"La Casa del Sabor\",\"publisher\":{\"@id\":\"https:\\\/\\\/labarraca1912.es\\\/#organization\"},\"potentialAction\":[{\"@type\":\"SearchAction\",\"target\":{\"@type\":\"EntryPoint\",\"urlTemplate\":\"https:\\\/\\\/labarraca1912.es\\\/?s={search_term_string}\"},\"query-input\":{\"@type\":\"PropertyValueSpecification\",\"valueRequired\":true,\"valueName\":\"search_term_string\"}}],\"inLanguage\":\"pt-PT\"},{\"@type\":\"Organization\",\"@id\":\"https:\\\/\\\/labarraca1912.es\\\/#organization\",\"name\":\"La Barraca 1912 Alimentacion\",\"url\":\"https:\\\/\\\/labarraca1912.es\\\/\",\"logo\":{\"@type\":\"ImageObject\",\"inLanguage\":\"pt-PT\",\"@id\":\"https:\\\/\\\/labarraca1912.es\\\/#\\\/schema\\\/logo\\\/image\\\/\",\"url\":\"https:\\\/\\\/labarraca1912.es\\\/wp-content\\\/uploads\\\/2019\\\/06\\\/logo-labarraca.png\",\"contentUrl\":\"https:\\\/\\\/labarraca1912.es\\\/wp-content\\\/uploads\\\/2019\\\/06\\\/logo-labarraca.png\",\"width\":2917,\"height\":1809,\"caption\":\"La Barraca 1912 Alimentacion\"},\"image\":{\"@id\":\"https:\\\/\\\/labarraca1912.es\\\/#\\\/schema\\\/logo\\\/image\\\/\"}}]}<\/script>\n<!-- \/ Yoast SEO plugin. -->","yoast_head_json":{"title":"Botanical Collection Estuche Premium - La Barraca","robots":{"index":"index","follow":"follow","max-snippet":"max-snippet:-1","max-image-preview":"max-image-preview:large","max-video-preview":"max-video-preview:-1"},"canonical":"https:\/\/labarraca1912.es\/pt\/tienda\/botanicos-cocteles\/botanical-collection-estuche-premium\/","og_locale":"pt_PT","og_type":"article","og_title":"Botanical Collection Estuche Premium - La Barraca","og_description":"Botanical Collection\u00a0Estuche Premium  La Barraca Alimentaci\u00f3n ha creado Botanical Collection, destinada expresamente para aquellos que no se conforman y quieren hacer de su copa un nuevo mundo de sabores gracias a los bot\u00e1nicos. Se trata de un regalo perfecto o una adquisici\u00f3n para propio consumo que sorprender\u00e1 a todos.  Una selecci\u00f3n minuciosa de bot\u00e1nicos, que aportar\u00e1n unas sensaciones \u00fanicas jam\u00e1s experimentadas en tu copa. S\u00e9 tu propio coctelero, utilizando nuestros bot\u00e1nicos, combin\u00e1ndolos como quieras y sorprende a tus invitados con tus creaciones.  PACK COMPUESTO DE:   Cuchara + Dosificador  Bayas de Enebro 24g   Ingredientes: Bayas de enebro.\u00a0    Cardamomo Grano 24g   Ingredientes: Cardamomo grano.    Flor de Hibisco 8g   Ingredientes: Flor de hibisco. Puede contener trazas de CACAHUETES.    Regaliz 20g   Ingredientes: Regaliz.    P\u00e9talos de Rosa 4g   Ingredientes: P\u00e9talos de rosa.    Canela en Rama 24g   Ingredientes: Canela en rama.    Pimienta Rosa 20g   Ingredientes: Pimienta rosa.    Corteza de Lim\u00f3n 18g   Ingredientes: Corteza de lim\u00f3n.","og_url":"https:\/\/labarraca1912.es\/pt\/tienda\/botanicos-cocteles\/botanical-collection-estuche-premium\/","og_site_name":"La Barraca","article_modified_time":"2025-09-09T06:11:21+00:00","og_image":[{"width":800,"height":800,"url":"https:\/\/labarraca1912.es\/wp-content\/uploads\/2019\/06\/CajaPremium1.jpg","type":"image\/jpeg"}],"twitter_card":"summary_large_image","twitter_misc":{"Tempo estimado de leitura":"2 minutos"},"schema":{"@context":"https:\/\/schema.org","@graph":[{"@type":"WebPage","@id":"https:\/\/labarraca1912.es\/tienda\/botanicos-cocteles\/botanical-collection-estuche-premium\/","url":"https:\/\/labarraca1912.es\/tienda\/botanicos-cocteles\/botanical-collection-estuche-premium\/","name":"Botanical Collection Estuche Premium - La Barraca","isPartOf":{"@id":"https:\/\/labarraca1912.es\/#website"},"primaryImageOfPage":{"@id":"https:\/\/labarraca1912.es\/tienda\/botanicos-cocteles\/botanical-collection-estuche-premium\/#primaryimage"},"image":{"@id":"https:\/\/labarraca1912.es\/tienda\/botanicos-cocteles\/botanical-collection-estuche-premium\/#primaryimage"},"thumbnailUrl":"https:\/\/labarraca1912.es\/wp-content\/uploads\/2019\/06\/CajaPremium1.jpg","datePublished":"2019-06-27T10:43:16+00:00","dateModified":"2025-09-09T06:11:21+00:00","breadcrumb":{"@id":"https:\/\/labarraca1912.es\/tienda\/botanicos-cocteles\/botanical-collection-estuche-premium\/#breadcrumb"},"inLanguage":"pt-PT","potentialAction":[{"@type":"ReadAction","target":["https:\/\/labarraca1912.es\/tienda\/botanicos-cocteles\/botanical-collection-estuche-premium\/"]}]},{"@type":"ImageObject","inLanguage":"pt-PT","@id":"https:\/\/labarraca1912.es\/tienda\/botanicos-cocteles\/botanical-collection-estuche-premium\/#primaryimage","url":"https:\/\/labarraca1912.es\/wp-content\/uploads\/2019\/06\/CajaPremium1.jpg","contentUrl":"https:\/\/labarraca1912.es\/wp-content\/uploads\/2019\/06\/CajaPremium1.jpg","width":800,"height":800},{"@type":"BreadcrumbList","@id":"https:\/\/labarraca1912.es\/tienda\/botanicos-cocteles\/botanical-collection-estuche-premium\/#breadcrumb","itemListElement":[{"@type":"ListItem","position":1,"name":"La Barraca","item":"https:\/\/labarraca1912.es\/"},{"@type":"ListItem","position":2,"name":"Tienda","item":"https:\/\/labarraca1912.es\/tienda\/"},{"@type":"ListItem","position":3,"name":"Botanical Collection Estuche Premium"}]},{"@type":"WebSite","@id":"https:\/\/labarraca1912.es\/#website","url":"https:\/\/labarraca1912.es\/","name":"La Barraca","description":"La Casa del Sabor","publisher":{"@id":"https:\/\/labarraca1912.es\/#organization"},"potentialAction":[{"@type":"SearchAction","target":{"@type":"EntryPoint","urlTemplate":"https:\/\/labarraca1912.es\/?s={search_term_string}"},"query-input":{"@type":"PropertyValueSpecification","valueRequired":true,"valueName":"search_term_string"}}],"inLanguage":"pt-PT"},{"@type":"Organization","@id":"https:\/\/labarraca1912.es\/#organization","name":"La Barraca 1912 Alimentacion","url":"https:\/\/labarraca1912.es\/","logo":{"@type":"ImageObject","inLanguage":"pt-PT","@id":"https:\/\/labarraca1912.es\/#\/schema\/logo\/image\/","url":"https:\/\/labarraca1912.es\/wp-content\/uploads\/2019\/06\/logo-labarraca.png","contentUrl":"https:\/\/labarraca1912.es\/wp-content\/uploads\/2019\/06\/logo-labarraca.png","width":2917,"height":1809,"caption":"La Barraca 1912 Alimentacion"},"image":{"@id":"https:\/\/labarraca1912.es\/#\/schema\/logo\/image\/"}}]}},"_links":{"self":[{"href":"https:\/\/labarraca1912.es\/pt\/wp-json\/wp\/v2\/product\/95","targetHints":{"allow":["GET"]}}],"collection":[{"href":"https:\/\/labarraca1912.es\/pt\/wp-json\/wp\/v2\/product"}],"about":[{"href":"https:\/\/labarraca1912.es\/pt\/wp-json\/wp\/v2\/types\/product"}],"replies":[{"embeddable":true,"href":"https:\/\/labarraca1912.es\/pt\/wp-json\/wp\/v2\/comments?post=95"}],"wp:featuredmedia":[{"embeddable":true,"href":"https:\/\/labarraca1912.es\/pt\/wp-json\/wp\/v2\/media\/97"}],"wp:attachment":[{"href":"https:\/\/labarraca1912.es\/pt\/wp-json\/wp\/v2\/media?parent=95"}],"wp:term":[{"taxonomy":"product_brand","embeddable":true,"href":"https:\/\/labarraca1912.es\/pt\/wp-json\/wp\/v2\/product_brand?post=95"},{"taxonomy":"product_cat","embeddable":true,"href":"https:\/\/labarraca1912.es\/pt\/wp-json\/wp\/v2\/product_cat?post=95"},{"taxonomy":"product_tag","embeddable":true,"href":"https:\/\/labarraca1912.es\/pt\/wp-json\/wp\/v2\/product_tag?post=95"}],"curies":[{"name":"wp","href":"https:\/\/api.w.org\/{rel}","templated":true}]}}